{"id":59396,"date":"2026-05-04T14:21:48","date_gmt":"2026-05-04T14:21:48","guid":{"rendered":"https:\/\/teka.com\/tr-tr\/stone-60-b-tg-1b-1d_115360000"},"modified":"2026-05-04T12:21:48","modified_gmt":"2026-05-04T01:21:48","slug":"stone-60-b-tg-1b-1d_115360000","status":"publish","type":"product","link":"https:\/\/www.teka.com\/tr-tr\/urun\/stone-60-b-tg-1b-1d_115360000\/","title":{"rendered":"Stone 60 B-TG 1\u00bdB 1D"},"content":{"rendered":"<ul>\n<li>Tegranite+ eviye<\/li>\n<li>1 b\u00fcy\u00fck hazne 1 k\u00fc\u00e7\u00fck hazne ve 1 damlal\u0131kl\u0131<\/li>\n<li>Darbeye, y\u00fcksek \u0131s\u0131 ve ani \u0131s\u0131 de\u011fi\u015fimlerine dayan\u0131kl\u0131 y\u00fczey<\/li>\n<li>Renk kayb\u0131na kar\u015f\u0131 \u00fcst\u00fcn UV \u00f6zellikli y\u00fczey<\/li>\n<li>Bakteri olu\u015fumunu engelleyen ve kolay temizlenebilir y\u00fczey<\/li>\n<li>Ankastre montaj se\u00e7ene\u011fi<\/li>\n<li>Y\u00f6n\u00fc de\u011fi\u015ftirilebilir damlal\u0131k<\/li>\n<li>80% do\u011fal kuvartz yap\u0131l\u0131<\/li>\n<li>3\u00bd&quot; manuel kumandal\u0131, ta\u015fmal\u0131 sifon<\/li>\n<li>199 mm ve 139 mm hazne derinlikli<\/li>\n<li>Kabin \u00f6l\u00e7\u00fcs\u00fc 60 cm<\/li>\n<\/ul>\n","protected":false},"featured_media":0,"parent":0,"template":"","product_cat":[3320],"product_cleaning_system":[],"product_3rd_basket":[],"product_drawers":[],"product_type_of_installation":[422645],"product_edition":[],"product_serie":[],"product_features":[],"finishes":[],"product_bundles":[],"product_energy_efficiency":[],"product_video_training":[],"class_list":["post-59396","product","type-product","status-publish","hentry","product_cat-eviyeler","usp-sinks-06","usp-tegranite-01","color-metalik-gri","product_type_of_appliance-granit","product_icons-200mm","product_icons-colour_intensity","product_icons-easy_clean","product_icons-food_safe","product_icons-scratch_proof","product_type_of_installation-ben-goemuelue"],"acf":[],"yoast_head":"<!-- This site is optimized with the Yoast SEO plugin v27.5 - https:\/\/yoast.com\/product\/yoast-seo-wordpress\/ -->\n<title>Stone 60 B-TG 1\u00bdB 1D | Teka Ankastre<\/title>\n<meta name=\"robots\" content=\"index, follow, max-snippet:-1, max-image-preview:large, max-video-preview:-1\" \/>\n<link rel=\"canonical\" href=\"https:\/\/www.teka.com\/tr-tr\/urun\/stone-60-b-tg-1b-1d_115360000\/\" \/>\n<meta property=\"og:locale\" content=\"tr_TR\" \/>\n<meta property=\"og:type\" content=\"article\" \/>\n<meta property=\"og:title\" content=\"Stone 60 B-TG 1\u00bdB 1D | Teka Ankastre\" \/>\n<meta property=\"og:description\" content=\"Tegranite+ eviye 1 b\u00fcy\u00fck hazne 1 k\u00fc\u00e7\u00fck hazne ve 1 damlal\u0131kl\u0131 Darbeye, y\u00fcksek \u0131s\u0131 ve ani \u0131s\u0131 de\u011fi\u015fimlerine dayan\u0131kl\u0131 y\u00fczey Renk kayb\u0131na kar\u015f\u0131 \u00fcst\u00fcn UV \u00f6zellikli y\u00fczey Bakteri olu\u015fumunu engelleyen ve kolay temizlenebilir y\u00fczey Ankastre montaj se\u00e7ene\u011fi Y\u00f6n\u00fc de\u011fi\u015ftirilebilir damlal\u0131k 80% do\u011fal kuvartz yap\u0131l\u0131 3\u00bd&quot; manuel kumandal\u0131, ta\u015fmal\u0131 sifon 199 mm ve 139 mm hazne [&hellip;]\" \/>\n<meta property=\"og:url\" content=\"https:\/\/www.teka.com\/tr-tr\/urun\/stone-60-b-tg-1b-1d_115360000\/\" \/>\n<meta property=\"og:site_name\" content=\"Teka Ankastre\" \/>\n<meta name=\"twitter:card\" content=\"summary_large_image\" \/>\n<script type=\"application\/ld+json\" class=\"yoast-schema-graph\">{\"@context\":\"https:\\\/\\\/schema.org\",\"@graph\":[{\"@type\":\"WebPage\",\"@id\":\"https:\\\/\\\/www.teka.com\\\/tr-tr\\\/urun\\\/stone-60-b-tg-1b-1d_115360000\\\/\",\"url\":\"https:\\\/\\\/www.teka.com\\\/tr-tr\\\/urun\\\/stone-60-b-tg-1b-1d_115360000\\\/\",\"name\":\"Stone 60 B-TG 1\u00bdB 1D | Teka Ankastre\",\"isPartOf\":{\"@id\":\"https:\\\/\\\/www.teka.com\\\/tr-tr\\\/#website\"},\"datePublished\":\"2026-05-04T14:21:48+00:00\",\"inLanguage\":\"tr\",\"potentialAction\":[{\"@type\":\"ReadAction\",\"target\":[\"https:\\\/\\\/www.teka.com\\\/tr-tr\\\/urun\\\/stone-60-b-tg-1b-1d_115360000\\\/\"]}]},{\"@type\":\"WebSite\",\"@id\":\"https:\\\/\\\/www.teka.com\\\/tr-tr\\\/#website\",\"url\":\"https:\\\/\\\/www.teka.com\\\/tr-tr\\\/\",\"name\":\"Teka Ankastre\",\"description\":\"\",\"publisher\":{\"@id\":\"https:\\\/\\\/www.teka.com\\\/tr-tr\\\/#organization\"},\"potentialAction\":[{\"@type\":\"SearchAction\",\"target\":{\"@type\":\"EntryPoint\",\"urlTemplate\":\"https:\\\/\\\/www.teka.com\\\/tr-tr\\\/?s={search_term_string}\"},\"query-input\":{\"@type\":\"PropertyValueSpecification\",\"valueRequired\":true,\"valueName\":\"search_term_string\"}}],\"inLanguage\":\"tr\"},{\"@type\":\"Organization\",\"@id\":\"https:\\\/\\\/www.teka.com\\\/tr-tr\\\/#organization\",\"name\":\"Teka Ankastre\",\"url\":\"https:\\\/\\\/www.teka.com\\\/tr-tr\\\/\",\"logo\":{\"@type\":\"ImageObject\",\"inLanguage\":\"tr\",\"@id\":\"https:\\\/\\\/www.teka.com\\\/tr-tr\\\/#\\\/schema\\\/logo\\\/image\\\/\",\"url\":\"https:\\\/\\\/www.teka.com\\\/tr-tr\\\/wp-content\\\/uploads\\\/sites\\\/16\\\/2019\\\/03\\\/favicon-2019.png\",\"contentUrl\":\"https:\\\/\\\/www.teka.com\\\/tr-tr\\\/wp-content\\\/uploads\\\/sites\\\/16\\\/2019\\\/03\\\/favicon-2019.png\",\"width\":512,\"height\":512,\"caption\":\"Teka Ankastre\"},\"image\":{\"@id\":\"https:\\\/\\\/www.teka.com\\\/tr-tr\\\/#\\\/schema\\\/logo\\\/image\\\/\"}}]}<\/script>\n<!-- \/ Yoast SEO plugin. -->","yoast_head_json":{"title":"Stone 60 B-TG 1\u00bdB 1D | Teka Ankastre","robots":{"index":"index","follow":"follow","max-snippet":"max-snippet:-1","max-image-preview":"max-image-preview:large","max-video-preview":"max-video-preview:-1"},"canonical":"https:\/\/www.teka.com\/tr-tr\/urun\/stone-60-b-tg-1b-1d_115360000\/","og_locale":"tr_TR","og_type":"article","og_title":"Stone 60 B-TG 1\u00bdB 1D | Teka Ankastre","og_description":"Tegranite+ eviye 1 b\u00fcy\u00fck hazne 1 k\u00fc\u00e7\u00fck hazne ve 1 damlal\u0131kl\u0131 Darbeye, y\u00fcksek \u0131s\u0131 ve ani \u0131s\u0131 de\u011fi\u015fimlerine dayan\u0131kl\u0131 y\u00fczey Renk kayb\u0131na kar\u015f\u0131 \u00fcst\u00fcn UV \u00f6zellikli y\u00fczey Bakteri olu\u015fumunu engelleyen ve kolay temizlenebilir y\u00fczey Ankastre montaj se\u00e7ene\u011fi Y\u00f6n\u00fc de\u011fi\u015ftirilebilir damlal\u0131k 80% do\u011fal kuvartz yap\u0131l\u0131 3\u00bd&quot; manuel kumandal\u0131, ta\u015fmal\u0131 sifon 199 mm ve 139 mm hazne [&hellip;]","og_url":"https:\/\/www.teka.com\/tr-tr\/urun\/stone-60-b-tg-1b-1d_115360000\/","og_site_name":"Teka Ankastre","twitter_card":"summary_large_image","schema":{"@context":"https:\/\/schema.org","@graph":[{"@type":"WebPage","@id":"https:\/\/www.teka.com\/tr-tr\/urun\/stone-60-b-tg-1b-1d_115360000\/","url":"https:\/\/www.teka.com\/tr-tr\/urun\/stone-60-b-tg-1b-1d_115360000\/","name":"Stone 60 B-TG 1\u00bdB 1D | Teka Ankastre","isPartOf":{"@id":"https:\/\/www.teka.com\/tr-tr\/#website"},"datePublished":"2026-05-04T14:21:48+00:00","inLanguage":"tr","potentialAction":[{"@type":"ReadAction","target":["https:\/\/www.teka.com\/tr-tr\/urun\/stone-60-b-tg-1b-1d_115360000\/"]}]},{"@type":"WebSite","@id":"https:\/\/www.teka.com\/tr-tr\/#website","url":"https:\/\/www.teka.com\/tr-tr\/","name":"Teka Ankastre","description":"","publisher":{"@id":"https:\/\/www.teka.com\/tr-tr\/#organization"},"potentialAction":[{"@type":"SearchAction","target":{"@type":"EntryPoint","urlTemplate":"https:\/\/www.teka.com\/tr-tr\/?s={search_term_string}"},"query-input":{"@type":"PropertyValueSpecification","valueRequired":true,"valueName":"search_term_string"}}],"inLanguage":"tr"},{"@type":"Organization","@id":"https:\/\/www.teka.com\/tr-tr\/#organization","name":"Teka Ankastre","url":"https:\/\/www.teka.com\/tr-tr\/","logo":{"@type":"ImageObject","inLanguage":"tr","@id":"https:\/\/www.teka.com\/tr-tr\/#\/schema\/logo\/image\/","url":"https:\/\/www.teka.com\/tr-tr\/wp-content\/uploads\/sites\/16\/2019\/03\/favicon-2019.png","contentUrl":"https:\/\/www.teka.com\/tr-tr\/wp-content\/uploads\/sites\/16\/2019\/03\/favicon-2019.png","width":512,"height":512,"caption":"Teka Ankastre"},"image":{"@id":"https:\/\/www.teka.com\/tr-tr\/#\/schema\/logo\/image\/"}}]}},"_links":{"self":[{"href":"https:\/\/www.teka.com\/tr-tr\/wp-json\/wp\/v2\/product\/59396","targetHints":{"allow":["GET"]}}],"collection":[{"href":"https:\/\/www.teka.com\/tr-tr\/wp-json\/wp\/v2\/product"}],"about":[{"href":"https:\/\/www.teka.com\/tr-tr\/wp-json\/wp\/v2\/types\/product"}],"wp:attachment":[{"href":"https:\/\/www.teka.com\/tr-tr\/wp-json\/wp\/v2\/media?parent=59396"}],"wp:term":[{"taxonomy":"product_cat","embeddable":true,"href":"https:\/\/www.teka.com\/tr-tr\/wp-json\/wp\/v2\/product_cat?post=59396"},{"taxonomy":"product_cleaning_system","embeddable":true,"href":"https:\/\/www.teka.com\/tr-tr\/wp-json\/wp\/v2\/product_cleaning_system?post=59396"},{"taxonomy":"product_3rd_basket","embeddable":true,"href":"https:\/\/www.teka.com\/tr-tr\/wp-json\/wp\/v2\/product_3rd_basket?post=59396"},{"taxonomy":"product_drawers","embeddable":true,"href":"https:\/\/www.teka.com\/tr-tr\/wp-json\/wp\/v2\/product_drawers?post=59396"},{"taxonomy":"product_type_of_installation","embeddable":true,"href":"https:\/\/www.teka.com\/tr-tr\/wp-json\/wp\/v2\/product_type_of_installation?post=59396"},{"taxonomy":"product_edition","embeddable":true,"href":"https:\/\/www.teka.com\/tr-tr\/wp-json\/wp\/v2\/product_edition?post=59396"},{"taxonomy":"product_serie","embeddable":true,"href":"https:\/\/www.teka.com\/tr-tr\/wp-json\/wp\/v2\/product_serie?post=59396"},{"taxonomy":"product_features","embeddable":true,"href":"https:\/\/www.teka.com\/tr-tr\/wp-json\/wp\/v2\/product_features?post=59396"},{"taxonomy":"finishes","embeddable":true,"href":"https:\/\/www.teka.com\/tr-tr\/wp-json\/wp\/v2\/finishes?post=59396"},{"taxonomy":"product_bundles","embeddable":true,"href":"https:\/\/www.teka.com\/tr-tr\/wp-json\/wp\/v2\/product_bundles?post=59396"},{"taxonomy":"product_energy_efficiency","embeddable":true,"href":"https:\/\/www.teka.com\/tr-tr\/wp-json\/wp\/v2\/product_energy_efficiency?post=59396"},{"taxonomy":"product_video_training","embeddable":true,"href":"https:\/\/www.teka.com\/tr-tr\/wp-json\/wp\/v2\/product_video_training?post=59396"}],"curies":[{"name":"wp","href":"https:\/\/api.w.org\/{rel}","templated":true}]}}