{"id":59801,"date":"2026-04-07T20:48:39","date_gmt":"2026-04-07T20:48:39","guid":{"rendered":"https:\/\/teka.com\/en-int\/clc-8350-mc_111630005"},"modified":"2026-04-04T12:11:21","modified_gmt":"2026-04-04T01:11:21","slug":"clc-8350-mc_111630005","status":"publish","type":"product","link":"https:\/\/www.teka.com\/tr-tr\/urun\/clc-8350-mc_111630005\/","title":{"rendered":"CLC 8350 MC"},"content":{"rendered":"<ul>\n<li>Ankastre Kahve Makinesi,<\/li>\n<li>Kahve kaps\u00fclleri ile uyumlu,<\/li>\n<li>19 bar bas\u0131n\u00e7,<\/li>\n<li>Dijital zamanlay\u0131c\u0131l\u0131,<\/li>\n<li>Mekanik d\u00fc\u011fmeli,<\/li>\n<li>Tek bardak kapasiteli,<\/li>\n<li>1 lt su kapasitesi,<\/li>\n<li>Otomatik temizleme fonksiyonu<\/li>\n<\/ul>\n","protected":false},"featured_media":0,"parent":0,"template":"","product_cat":[3309],"product_cleaning_system":[],"product_3rd_basket":[],"product_drawers":[],"product_type_of_installation":[],"product_edition":[],"product_serie":[],"product_features":[],"finishes":[],"product_bundles":[],"product_energy_efficiency":[],"product_video_training":[],"class_list":["post-59801","product","type-product","status-publish","hentry","product_cat-kahve-makinesi","usp-coffeemachine-02","usp-coffeemachine-04","usp-coffeemachine-05","usp-coffeemachine-06","usp-coffeemachine-07","usp-cookinglovers-10","color-siyah","product_icons-capsules","product_icons-ground-coffee"],"acf":[],"yoast_head":"<!-- This site is optimized with the Yoast SEO plugin v27.2 - https:\/\/yoast.com\/product\/yoast-seo-wordpress\/ -->\n<title>CLC 8350 MC | Teka Ankastre<\/title>\n<meta name=\"robots\" content=\"index, follow, max-snippet:-1, max-image-preview:large, max-video-preview:-1\" \/>\n<link rel=\"canonical\" href=\"https:\/\/www.teka.com\/tr-tr\/urun\/clc-8350-mc_111630005\/\" \/>\n<meta property=\"og:locale\" content=\"tr_TR\" \/>\n<meta property=\"og:type\" content=\"article\" \/>\n<meta property=\"og:title\" content=\"CLC 8350 MC | Teka Ankastre\" \/>\n<meta property=\"og:description\" content=\"Ankastre Kahve Makinesi, Kahve kaps\u00fclleri ile uyumlu, 19 bar bas\u0131n\u00e7, Dijital zamanlay\u0131c\u0131l\u0131, Mekanik d\u00fc\u011fmeli, Tek bardak kapasiteli, 1 lt su kapasitesi, Otomatik temizleme fonksiyonu\" \/>\n<meta property=\"og:url\" content=\"https:\/\/www.teka.com\/tr-tr\/urun\/clc-8350-mc_111630005\/\" \/>\n<meta property=\"og:site_name\" content=\"Teka Ankastre\" \/>\n<meta name=\"twitter:card\" content=\"summary_large_image\" \/>\n<script type=\"application\/ld+json\" class=\"yoast-schema-graph\">{\"@context\":\"https:\/\/schema.org\",\"@graph\":[{\"@type\":\"WebPage\",\"@id\":\"https:\/\/www.teka.com\/tr-tr\/urun\/clc-8350-mc_111630005\/\",\"url\":\"https:\/\/www.teka.com\/tr-tr\/urun\/clc-8350-mc_111630005\/\",\"name\":\"CLC 8350 MC | Teka Ankastre\",\"isPartOf\":{\"@id\":\"https:\/\/www.teka.com\/tr-tr\/#website\"},\"datePublished\":\"2026-04-07T20:48:39+00:00\",\"inLanguage\":\"tr\",\"potentialAction\":[{\"@type\":\"ReadAction\",\"target\":[\"https:\/\/www.teka.com\/tr-tr\/urun\/clc-8350-mc_111630005\/\"]}]},{\"@type\":\"WebSite\",\"@id\":\"https:\/\/www.teka.com\/tr-tr\/#website\",\"url\":\"https:\/\/www.teka.com\/tr-tr\/\",\"name\":\"Teka Ankastre\",\"description\":\"\",\"publisher\":{\"@id\":\"https:\/\/www.teka.com\/tr-tr\/#organization\"},\"potentialAction\":[{\"@type\":\"SearchAction\",\"target\":{\"@type\":\"EntryPoint\",\"urlTemplate\":\"https:\/\/www.teka.com\/tr-tr\/?s={search_term_string}\"},\"query-input\":{\"@type\":\"PropertyValueSpecification\",\"valueRequired\":true,\"valueName\":\"search_term_string\"}}],\"inLanguage\":\"tr\"},{\"@type\":\"Organization\",\"@id\":\"https:\/\/www.teka.com\/tr-tr\/#organization\",\"name\":\"Teka Ankastre\",\"url\":\"https:\/\/www.teka.com\/tr-tr\/\",\"logo\":{\"@type\":\"ImageObject\",\"inLanguage\":\"tr\",\"@id\":\"https:\/\/www.teka.com\/tr-tr\/#\/schema\/logo\/image\/\",\"url\":\"https:\/\/www.teka.com\/tr-tr\/wp-content\/uploads\/sites\/16\/2019\/03\/favicon-2019.png\",\"contentUrl\":\"https:\/\/www.teka.com\/tr-tr\/wp-content\/uploads\/sites\/16\/2019\/03\/favicon-2019.png\",\"width\":512,\"height\":512,\"caption\":\"Teka Ankastre\"},\"image\":{\"@id\":\"https:\/\/www.teka.com\/tr-tr\/#\/schema\/logo\/image\/\"}}]}<\/script>\n<!-- \/ Yoast SEO plugin. -->","yoast_head_json":{"title":"CLC 8350 MC | Teka Ankastre","robots":{"index":"index","follow":"follow","max-snippet":"max-snippet:-1","max-image-preview":"max-image-preview:large","max-video-preview":"max-video-preview:-1"},"canonical":"https:\/\/www.teka.com\/tr-tr\/urun\/clc-8350-mc_111630005\/","og_locale":"tr_TR","og_type":"article","og_title":"CLC 8350 MC | Teka Ankastre","og_description":"Ankastre Kahve Makinesi, Kahve kaps\u00fclleri ile uyumlu, 19 bar bas\u0131n\u00e7, Dijital zamanlay\u0131c\u0131l\u0131, Mekanik d\u00fc\u011fmeli, Tek bardak kapasiteli, 1 lt su kapasitesi, Otomatik temizleme fonksiyonu","og_url":"https:\/\/www.teka.com\/tr-tr\/urun\/clc-8350-mc_111630005\/","og_site_name":"Teka Ankastre","twitter_card":"summary_large_image","schema":{"@context":"https:\/\/schema.org","@graph":[{"@type":"WebPage","@id":"https:\/\/www.teka.com\/tr-tr\/urun\/clc-8350-mc_111630005\/","url":"https:\/\/www.teka.com\/tr-tr\/urun\/clc-8350-mc_111630005\/","name":"CLC 8350 MC | Teka Ankastre","isPartOf":{"@id":"https:\/\/www.teka.com\/tr-tr\/#website"},"datePublished":"2026-04-07T20:48:39+00:00","inLanguage":"tr","potentialAction":[{"@type":"ReadAction","target":["https:\/\/www.teka.com\/tr-tr\/urun\/clc-8350-mc_111630005\/"]}]},{"@type":"WebSite","@id":"https:\/\/www.teka.com\/tr-tr\/#website","url":"https:\/\/www.teka.com\/tr-tr\/","name":"Teka Ankastre","description":"","publisher":{"@id":"https:\/\/www.teka.com\/tr-tr\/#organization"},"potentialAction":[{"@type":"SearchAction","target":{"@type":"EntryPoint","urlTemplate":"https:\/\/www.teka.com\/tr-tr\/?s={search_term_string}"},"query-input":{"@type":"PropertyValueSpecification","valueRequired":true,"valueName":"search_term_string"}}],"inLanguage":"tr"},{"@type":"Organization","@id":"https:\/\/www.teka.com\/tr-tr\/#organization","name":"Teka Ankastre","url":"https:\/\/www.teka.com\/tr-tr\/","logo":{"@type":"ImageObject","inLanguage":"tr","@id":"https:\/\/www.teka.com\/tr-tr\/#\/schema\/logo\/image\/","url":"https:\/\/www.teka.com\/tr-tr\/wp-content\/uploads\/sites\/16\/2019\/03\/favicon-2019.png","contentUrl":"https:\/\/www.teka.com\/tr-tr\/wp-content\/uploads\/sites\/16\/2019\/03\/favicon-2019.png","width":512,"height":512,"caption":"Teka Ankastre"},"image":{"@id":"https:\/\/www.teka.com\/tr-tr\/#\/schema\/logo\/image\/"}}]}},"_links":{"self":[{"href":"https:\/\/www.teka.com\/tr-tr\/wp-json\/wp\/v2\/product\/59801","targetHints":{"allow":["GET"]}}],"collection":[{"href":"https:\/\/www.teka.com\/tr-tr\/wp-json\/wp\/v2\/product"}],"about":[{"href":"https:\/\/www.teka.com\/tr-tr\/wp-json\/wp\/v2\/types\/product"}],"wp:attachment":[{"href":"https:\/\/www.teka.com\/tr-tr\/wp-json\/wp\/v2\/media?parent=59801"}],"wp:term":[{"taxonomy":"product_cat","embeddable":true,"href":"https:\/\/www.teka.com\/tr-tr\/wp-json\/wp\/v2\/product_cat?post=59801"},{"taxonomy":"product_cleaning_system","embeddable":true,"href":"https:\/\/www.teka.com\/tr-tr\/wp-json\/wp\/v2\/product_cleaning_system?post=59801"},{"taxonomy":"product_3rd_basket","embeddable":true,"href":"https:\/\/www.teka.com\/tr-tr\/wp-json\/wp\/v2\/product_3rd_basket?post=59801"},{"taxonomy":"product_drawers","embeddable":true,"href":"https:\/\/www.teka.com\/tr-tr\/wp-json\/wp\/v2\/product_drawers?post=59801"},{"taxonomy":"product_type_of_installation","embeddable":true,"href":"https:\/\/www.teka.com\/tr-tr\/wp-json\/wp\/v2\/product_type_of_installation?post=59801"},{"taxonomy":"product_edition","embeddable":true,"href":"https:\/\/www.teka.com\/tr-tr\/wp-json\/wp\/v2\/product_edition?post=59801"},{"taxonomy":"product_serie","embeddable":true,"href":"https:\/\/www.teka.com\/tr-tr\/wp-json\/wp\/v2\/product_serie?post=59801"},{"taxonomy":"product_features","embeddable":true,"href":"https:\/\/www.teka.com\/tr-tr\/wp-json\/wp\/v2\/product_features?post=59801"},{"taxonomy":"finishes","embeddable":true,"href":"https:\/\/www.teka.com\/tr-tr\/wp-json\/wp\/v2\/finishes?post=59801"},{"taxonomy":"product_bundles","embeddable":true,"href":"https:\/\/www.teka.com\/tr-tr\/wp-json\/wp\/v2\/product_bundles?post=59801"},{"taxonomy":"product_energy_efficiency","embeddable":true,"href":"https:\/\/www.teka.com\/tr-tr\/wp-json\/wp\/v2\/product_energy_efficiency?post=59801"},{"taxonomy":"product_video_training","embeddable":true,"href":"https:\/\/www.teka.com\/tr-tr\/wp-json\/wp\/v2\/product_video_training?post=59801"}],"curies":[{"name":"wp","href":"https:\/\/api.w.org\/{rel}","templated":true}]}}