{"id":59802,"date":"2026-04-05T02:22:20","date_gmt":"2026-04-05T02:22:20","guid":{"rendered":"https:\/\/teka.com\/en-int\/izs-86630-mst-black_112500030"},"modified":"2026-03-17T11:31:06","modified_gmt":"2026-03-17T12:31:06","slug":"izs-86630-mst-black_112500030","status":"publish","type":"product","link":"https:\/\/www.teka.com\/tr-tr\/urun\/izs-86630-mst-black_112500030\/","title":{"rendered":"IZS 86630 MST Black"},"content":{"rendered":"<ul>\n<li>80 cm ind\u00fcksiyon ocak,<\/li>\n<li>Sens\u00f6rl\u00fc otomatik pi\u015firme,<\/li>\n<li>MultiSlider dokunmatik kontrol,<\/li>\n<li>4 pi\u015firme g\u00f6z\u00fc,<\/li>\n<li>Otomatik tencere alg\u0131lama,<\/li>\n<li>\u00d6n kenar bizoteli cam,<\/li>\n<li>Tezgah kesim: 750&#215;490 mm<\/li>\n<\/ul>\n","protected":false},"featured_media":0,"parent":0,"template":"","product_cat":[3313],"product_cleaning_system":[],"product_3rd_basket":[],"product_drawers":[],"product_type_of_installation":[],"product_edition":[],"product_serie":[],"product_features":[422625,422627,422628,422629,422648,422649,422650,422792,422794],"finishes":[],"product_bundles":[],"product_energy_efficiency":[],"product_video_training":[],"class_list":["post-59802","product","type-product","status-publish","hentry","product_cat-ocaklar","usp-cookinglovers-01","color-siyah-cam","product_type_of_appliance-induksiyon-ocaklar","product_ambient-urban-colors-01","product_ambient-urban-colors-02","product_ambient-urban-colors-03","product_icons-multislider","product_icons-power","product_icons-power-plus","product_icons-autolock","product_icons-easy-installation","product_features-pan-frying","product_features-keep-warm","product_features-simmering","product_features-melting","product_features-grilling","product_features-deep-fry","product_features-confit","product_features-poach","product_features-slidecooking"],"acf":[],"yoast_head":"<!-- This site is optimized with the Yoast SEO plugin v27.2 - https:\/\/yoast.com\/product\/yoast-seo-wordpress\/ -->\n<title>IZS 86630 MST Black | Teka Ankastre<\/title>\n<meta name=\"robots\" content=\"index, follow, max-snippet:-1, max-image-preview:large, max-video-preview:-1\" \/>\n<link rel=\"canonical\" href=\"https:\/\/www.teka.com\/tr-tr\/urun\/izs-86630-mst-black_112500030\/\" \/>\n<meta property=\"og:locale\" content=\"tr_TR\" \/>\n<meta property=\"og:type\" content=\"article\" \/>\n<meta property=\"og:title\" content=\"IZS 86630 MST Black | Teka Ankastre\" \/>\n<meta property=\"og:description\" content=\"80 cm ind\u00fcksiyon ocak, Sens\u00f6rl\u00fc otomatik pi\u015firme, MultiSlider dokunmatik kontrol, 4 pi\u015firme g\u00f6z\u00fc, Otomatik tencere alg\u0131lama, \u00d6n kenar bizoteli cam, Tezgah kesim: 750&#215;490 mm\" \/>\n<meta property=\"og:url\" content=\"https:\/\/www.teka.com\/tr-tr\/urun\/izs-86630-mst-black_112500030\/\" \/>\n<meta property=\"og:site_name\" content=\"Teka Ankastre\" \/>\n<meta name=\"twitter:card\" content=\"summary_large_image\" \/>\n<script type=\"application\/ld+json\" class=\"yoast-schema-graph\">{\"@context\":\"https:\/\/schema.org\",\"@graph\":[{\"@type\":\"WebPage\",\"@id\":\"https:\/\/www.teka.com\/tr-tr\/urun\/izs-86630-mst-black_112500030\/\",\"url\":\"https:\/\/www.teka.com\/tr-tr\/urun\/izs-86630-mst-black_112500030\/\",\"name\":\"IZS 86630 MST Black | Teka Ankastre\",\"isPartOf\":{\"@id\":\"https:\/\/www.teka.com\/tr-tr\/#website\"},\"datePublished\":\"2026-04-05T02:22:20+00:00\",\"inLanguage\":\"tr\",\"potentialAction\":[{\"@type\":\"ReadAction\",\"target\":[\"https:\/\/www.teka.com\/tr-tr\/urun\/izs-86630-mst-black_112500030\/\"]}]},{\"@type\":\"WebSite\",\"@id\":\"https:\/\/www.teka.com\/tr-tr\/#website\",\"url\":\"https:\/\/www.teka.com\/tr-tr\/\",\"name\":\"Teka Ankastre\",\"description\":\"\",\"publisher\":{\"@id\":\"https:\/\/www.teka.com\/tr-tr\/#organization\"},\"potentialAction\":[{\"@type\":\"SearchAction\",\"target\":{\"@type\":\"EntryPoint\",\"urlTemplate\":\"https:\/\/www.teka.com\/tr-tr\/?s={search_term_string}\"},\"query-input\":{\"@type\":\"PropertyValueSpecification\",\"valueRequired\":true,\"valueName\":\"search_term_string\"}}],\"inLanguage\":\"tr\"},{\"@type\":\"Organization\",\"@id\":\"https:\/\/www.teka.com\/tr-tr\/#organization\",\"name\":\"Teka Ankastre\",\"url\":\"https:\/\/www.teka.com\/tr-tr\/\",\"logo\":{\"@type\":\"ImageObject\",\"inLanguage\":\"tr\",\"@id\":\"https:\/\/www.teka.com\/tr-tr\/#\/schema\/logo\/image\/\",\"url\":\"https:\/\/www.teka.com\/tr-tr\/wp-content\/uploads\/sites\/16\/2019\/03\/favicon-2019.png\",\"contentUrl\":\"https:\/\/www.teka.com\/tr-tr\/wp-content\/uploads\/sites\/16\/2019\/03\/favicon-2019.png\",\"width\":512,\"height\":512,\"caption\":\"Teka Ankastre\"},\"image\":{\"@id\":\"https:\/\/www.teka.com\/tr-tr\/#\/schema\/logo\/image\/\"}}]}<\/script>\n<!-- \/ Yoast SEO plugin. -->","yoast_head_json":{"title":"IZS 86630 MST Black | Teka Ankastre","robots":{"index":"index","follow":"follow","max-snippet":"max-snippet:-1","max-image-preview":"max-image-preview:large","max-video-preview":"max-video-preview:-1"},"canonical":"https:\/\/www.teka.com\/tr-tr\/urun\/izs-86630-mst-black_112500030\/","og_locale":"tr_TR","og_type":"article","og_title":"IZS 86630 MST Black | Teka Ankastre","og_description":"80 cm ind\u00fcksiyon ocak, Sens\u00f6rl\u00fc otomatik pi\u015firme, MultiSlider dokunmatik kontrol, 4 pi\u015firme g\u00f6z\u00fc, Otomatik tencere alg\u0131lama, \u00d6n kenar bizoteli cam, Tezgah kesim: 750&#215;490 mm","og_url":"https:\/\/www.teka.com\/tr-tr\/urun\/izs-86630-mst-black_112500030\/","og_site_name":"Teka Ankastre","twitter_card":"summary_large_image","schema":{"@context":"https:\/\/schema.org","@graph":[{"@type":"WebPage","@id":"https:\/\/www.teka.com\/tr-tr\/urun\/izs-86630-mst-black_112500030\/","url":"https:\/\/www.teka.com\/tr-tr\/urun\/izs-86630-mst-black_112500030\/","name":"IZS 86630 MST Black | Teka Ankastre","isPartOf":{"@id":"https:\/\/www.teka.com\/tr-tr\/#website"},"datePublished":"2026-04-05T02:22:20+00:00","inLanguage":"tr","potentialAction":[{"@type":"ReadAction","target":["https:\/\/www.teka.com\/tr-tr\/urun\/izs-86630-mst-black_112500030\/"]}]},{"@type":"WebSite","@id":"https:\/\/www.teka.com\/tr-tr\/#website","url":"https:\/\/www.teka.com\/tr-tr\/","name":"Teka Ankastre","description":"","publisher":{"@id":"https:\/\/www.teka.com\/tr-tr\/#organization"},"potentialAction":[{"@type":"SearchAction","target":{"@type":"EntryPoint","urlTemplate":"https:\/\/www.teka.com\/tr-tr\/?s={search_term_string}"},"query-input":{"@type":"PropertyValueSpecification","valueRequired":true,"valueName":"search_term_string"}}],"inLanguage":"tr"},{"@type":"Organization","@id":"https:\/\/www.teka.com\/tr-tr\/#organization","name":"Teka Ankastre","url":"https:\/\/www.teka.com\/tr-tr\/","logo":{"@type":"ImageObject","inLanguage":"tr","@id":"https:\/\/www.teka.com\/tr-tr\/#\/schema\/logo\/image\/","url":"https:\/\/www.teka.com\/tr-tr\/wp-content\/uploads\/sites\/16\/2019\/03\/favicon-2019.png","contentUrl":"https:\/\/www.teka.com\/tr-tr\/wp-content\/uploads\/sites\/16\/2019\/03\/favicon-2019.png","width":512,"height":512,"caption":"Teka Ankastre"},"image":{"@id":"https:\/\/www.teka.com\/tr-tr\/#\/schema\/logo\/image\/"}}]}},"_links":{"self":[{"href":"https:\/\/www.teka.com\/tr-tr\/wp-json\/wp\/v2\/product\/59802","targetHints":{"allow":["GET"]}}],"collection":[{"href":"https:\/\/www.teka.com\/tr-tr\/wp-json\/wp\/v2\/product"}],"about":[{"href":"https:\/\/www.teka.com\/tr-tr\/wp-json\/wp\/v2\/types\/product"}],"wp:attachment":[{"href":"https:\/\/www.teka.com\/tr-tr\/wp-json\/wp\/v2\/media?parent=59802"}],"wp:term":[{"taxonomy":"product_cat","embeddable":true,"href":"https:\/\/www.teka.com\/tr-tr\/wp-json\/wp\/v2\/product_cat?post=59802"},{"taxonomy":"product_cleaning_system","embeddable":true,"href":"https:\/\/www.teka.com\/tr-tr\/wp-json\/wp\/v2\/product_cleaning_system?post=59802"},{"taxonomy":"product_3rd_basket","embeddable":true,"href":"https:\/\/www.teka.com\/tr-tr\/wp-json\/wp\/v2\/product_3rd_basket?post=59802"},{"taxonomy":"product_drawers","embeddable":true,"href":"https:\/\/www.teka.com\/tr-tr\/wp-json\/wp\/v2\/product_drawers?post=59802"},{"taxonomy":"product_type_of_installation","embeddable":true,"href":"https:\/\/www.teka.com\/tr-tr\/wp-json\/wp\/v2\/product_type_of_installation?post=59802"},{"taxonomy":"product_edition","embeddable":true,"href":"https:\/\/www.teka.com\/tr-tr\/wp-json\/wp\/v2\/product_edition?post=59802"},{"taxonomy":"product_serie","embeddable":true,"href":"https:\/\/www.teka.com\/tr-tr\/wp-json\/wp\/v2\/product_serie?post=59802"},{"taxonomy":"product_features","embeddable":true,"href":"https:\/\/www.teka.com\/tr-tr\/wp-json\/wp\/v2\/product_features?post=59802"},{"taxonomy":"finishes","embeddable":true,"href":"https:\/\/www.teka.com\/tr-tr\/wp-json\/wp\/v2\/finishes?post=59802"},{"taxonomy":"product_bundles","embeddable":true,"href":"https:\/\/www.teka.com\/tr-tr\/wp-json\/wp\/v2\/product_bundles?post=59802"},{"taxonomy":"product_energy_efficiency","embeddable":true,"href":"https:\/\/www.teka.com\/tr-tr\/wp-json\/wp\/v2\/product_energy_efficiency?post=59802"},{"taxonomy":"product_video_training","embeddable":true,"href":"https:\/\/www.teka.com\/tr-tr\/wp-json\/wp\/v2\/product_video_training?post=59802"}],"curies":[{"name":"wp","href":"https:\/\/api.w.org\/{rel}","templated":true}]}}