{"id":60001,"date":"2026-04-27T04:01:41","date_gmt":"2026-04-27T04:01:41","guid":{"rendered":"https:\/\/teka.com\/tr-tr\/clivo-60-b-tq-1b-1d-plus_115380004"},"modified":"2026-03-14T08:53:34","modified_gmt":"2026-03-14T09:53:34","slug":"clivo-60-b-tq-1b-1d-plus_115380004","status":"publish","type":"product","link":"https:\/\/www.teka.com\/tr-tr\/urun\/clivo-60-b-tq-1b-1d-plus_115380004\/","title":{"rendered":"Clivo 60 B-TQ 1\u00bdB 1D Plus"},"content":{"rendered":"<ul>\n<li>Tequartz eviye<\/li>\n<li>1 b\u00fcy\u00fck, 1 k\u00fc\u00e7\u00fck hazne ve 1 damlal\u0131k<\/li>\n<li>Darbe, termal \u015fok ve y\u00fcksek s\u0131cakl\u0131klara kar\u015f\u0131 dayan\u0131kl\u0131 y\u00fczey<\/li>\n<li>Renk solmas\u0131n\u0131 engelleyen y\u00fcksek UV dayan\u0131m\u0131<\/li>\n<li>Kolay temizlenebilir, g\u0131da temas\u0131na uygun hijyenik y\u00fczey<\/li>\n<\/ul>\n","protected":false},"featured_media":0,"parent":0,"template":"","product_cat":[3320],"product_cleaning_system":[],"product_3rd_basket":[],"product_drawers":[],"product_type_of_installation":[422645],"product_edition":[],"product_serie":[],"product_features":[],"finishes":[],"product_bundles":[],"product_energy_efficiency":[],"product_video_training":[],"class_list":["post-60001","product","type-product","status-publish","hentry","product_cat-eviyeler","color-marble-white","product_type_of_appliance-granit","product_icons-200mm","product_icons-colour_intensity","product_icons-easy_clean","product_icons-food_safe","product_icons-scratch_proof","product_type_of_installation-ben-goemuelue"],"acf":[],"yoast_head":"<!-- This site is optimized with the Yoast SEO plugin v27.5 - https:\/\/yoast.com\/product\/yoast-seo-wordpress\/ -->\n<title>Clivo 60 B-TQ 1\u00bdB 1D Plus | Teka Ankastre<\/title>\n<meta name=\"robots\" content=\"index, follow, max-snippet:-1, max-image-preview:large, max-video-preview:-1\" \/>\n<link rel=\"canonical\" href=\"https:\/\/www.teka.com\/tr-tr\/urun\/clivo-60-b-tq-1b-1d-plus_115380004\/\" \/>\n<meta property=\"og:locale\" content=\"tr_TR\" \/>\n<meta property=\"og:type\" content=\"article\" \/>\n<meta property=\"og:title\" content=\"Clivo 60 B-TQ 1\u00bdB 1D Plus | Teka Ankastre\" \/>\n<meta property=\"og:description\" content=\"Tequartz eviye 1 b\u00fcy\u00fck, 1 k\u00fc\u00e7\u00fck hazne ve 1 damlal\u0131k Darbe, termal \u015fok ve y\u00fcksek s\u0131cakl\u0131klara kar\u015f\u0131 dayan\u0131kl\u0131 y\u00fczey Renk solmas\u0131n\u0131 engelleyen y\u00fcksek UV dayan\u0131m\u0131 Kolay temizlenebilir, g\u0131da temas\u0131na uygun hijyenik y\u00fczey\" \/>\n<meta property=\"og:url\" content=\"https:\/\/www.teka.com\/tr-tr\/urun\/clivo-60-b-tq-1b-1d-plus_115380004\/\" \/>\n<meta property=\"og:site_name\" content=\"Teka Ankastre\" \/>\n<meta name=\"twitter:card\" content=\"summary_large_image\" \/>\n<script type=\"application\/ld+json\" class=\"yoast-schema-graph\">{\"@context\":\"https:\\\/\\\/schema.org\",\"@graph\":[{\"@type\":\"WebPage\",\"@id\":\"https:\\\/\\\/www.teka.com\\\/tr-tr\\\/urun\\\/clivo-60-b-tq-1b-1d-plus_115380004\\\/\",\"url\":\"https:\\\/\\\/www.teka.com\\\/tr-tr\\\/urun\\\/clivo-60-b-tq-1b-1d-plus_115380004\\\/\",\"name\":\"Clivo 60 B-TQ 1\u00bdB 1D Plus | Teka Ankastre\",\"isPartOf\":{\"@id\":\"https:\\\/\\\/www.teka.com\\\/tr-tr\\\/#website\"},\"datePublished\":\"2026-04-27T04:01:41+00:00\",\"inLanguage\":\"tr\",\"potentialAction\":[{\"@type\":\"ReadAction\",\"target\":[\"https:\\\/\\\/www.teka.com\\\/tr-tr\\\/urun\\\/clivo-60-b-tq-1b-1d-plus_115380004\\\/\"]}]},{\"@type\":\"WebSite\",\"@id\":\"https:\\\/\\\/www.teka.com\\\/tr-tr\\\/#website\",\"url\":\"https:\\\/\\\/www.teka.com\\\/tr-tr\\\/\",\"name\":\"Teka Ankastre\",\"description\":\"\",\"publisher\":{\"@id\":\"https:\\\/\\\/www.teka.com\\\/tr-tr\\\/#organization\"},\"potentialAction\":[{\"@type\":\"SearchAction\",\"target\":{\"@type\":\"EntryPoint\",\"urlTemplate\":\"https:\\\/\\\/www.teka.com\\\/tr-tr\\\/?s={search_term_string}\"},\"query-input\":{\"@type\":\"PropertyValueSpecification\",\"valueRequired\":true,\"valueName\":\"search_term_string\"}}],\"inLanguage\":\"tr\"},{\"@type\":\"Organization\",\"@id\":\"https:\\\/\\\/www.teka.com\\\/tr-tr\\\/#organization\",\"name\":\"Teka Ankastre\",\"url\":\"https:\\\/\\\/www.teka.com\\\/tr-tr\\\/\",\"logo\":{\"@type\":\"ImageObject\",\"inLanguage\":\"tr\",\"@id\":\"https:\\\/\\\/www.teka.com\\\/tr-tr\\\/#\\\/schema\\\/logo\\\/image\\\/\",\"url\":\"https:\\\/\\\/www.teka.com\\\/tr-tr\\\/wp-content\\\/uploads\\\/sites\\\/16\\\/2019\\\/03\\\/favicon-2019.png\",\"contentUrl\":\"https:\\\/\\\/www.teka.com\\\/tr-tr\\\/wp-content\\\/uploads\\\/sites\\\/16\\\/2019\\\/03\\\/favicon-2019.png\",\"width\":512,\"height\":512,\"caption\":\"Teka Ankastre\"},\"image\":{\"@id\":\"https:\\\/\\\/www.teka.com\\\/tr-tr\\\/#\\\/schema\\\/logo\\\/image\\\/\"}}]}<\/script>\n<!-- \/ Yoast SEO plugin. -->","yoast_head_json":{"title":"Clivo 60 B-TQ 1\u00bdB 1D Plus | Teka Ankastre","robots":{"index":"index","follow":"follow","max-snippet":"max-snippet:-1","max-image-preview":"max-image-preview:large","max-video-preview":"max-video-preview:-1"},"canonical":"https:\/\/www.teka.com\/tr-tr\/urun\/clivo-60-b-tq-1b-1d-plus_115380004\/","og_locale":"tr_TR","og_type":"article","og_title":"Clivo 60 B-TQ 1\u00bdB 1D Plus | Teka Ankastre","og_description":"Tequartz eviye 1 b\u00fcy\u00fck, 1 k\u00fc\u00e7\u00fck hazne ve 1 damlal\u0131k Darbe, termal \u015fok ve y\u00fcksek s\u0131cakl\u0131klara kar\u015f\u0131 dayan\u0131kl\u0131 y\u00fczey Renk solmas\u0131n\u0131 engelleyen y\u00fcksek UV dayan\u0131m\u0131 Kolay temizlenebilir, g\u0131da temas\u0131na uygun hijyenik y\u00fczey","og_url":"https:\/\/www.teka.com\/tr-tr\/urun\/clivo-60-b-tq-1b-1d-plus_115380004\/","og_site_name":"Teka Ankastre","twitter_card":"summary_large_image","schema":{"@context":"https:\/\/schema.org","@graph":[{"@type":"WebPage","@id":"https:\/\/www.teka.com\/tr-tr\/urun\/clivo-60-b-tq-1b-1d-plus_115380004\/","url":"https:\/\/www.teka.com\/tr-tr\/urun\/clivo-60-b-tq-1b-1d-plus_115380004\/","name":"Clivo 60 B-TQ 1\u00bdB 1D Plus | Teka Ankastre","isPartOf":{"@id":"https:\/\/www.teka.com\/tr-tr\/#website"},"datePublished":"2026-04-27T04:01:41+00:00","inLanguage":"tr","potentialAction":[{"@type":"ReadAction","target":["https:\/\/www.teka.com\/tr-tr\/urun\/clivo-60-b-tq-1b-1d-plus_115380004\/"]}]},{"@type":"WebSite","@id":"https:\/\/www.teka.com\/tr-tr\/#website","url":"https:\/\/www.teka.com\/tr-tr\/","name":"Teka Ankastre","description":"","publisher":{"@id":"https:\/\/www.teka.com\/tr-tr\/#organization"},"potentialAction":[{"@type":"SearchAction","target":{"@type":"EntryPoint","urlTemplate":"https:\/\/www.teka.com\/tr-tr\/?s={search_term_string}"},"query-input":{"@type":"PropertyValueSpecification","valueRequired":true,"valueName":"search_term_string"}}],"inLanguage":"tr"},{"@type":"Organization","@id":"https:\/\/www.teka.com\/tr-tr\/#organization","name":"Teka Ankastre","url":"https:\/\/www.teka.com\/tr-tr\/","logo":{"@type":"ImageObject","inLanguage":"tr","@id":"https:\/\/www.teka.com\/tr-tr\/#\/schema\/logo\/image\/","url":"https:\/\/www.teka.com\/tr-tr\/wp-content\/uploads\/sites\/16\/2019\/03\/favicon-2019.png","contentUrl":"https:\/\/www.teka.com\/tr-tr\/wp-content\/uploads\/sites\/16\/2019\/03\/favicon-2019.png","width":512,"height":512,"caption":"Teka Ankastre"},"image":{"@id":"https:\/\/www.teka.com\/tr-tr\/#\/schema\/logo\/image\/"}}]}},"_links":{"self":[{"href":"https:\/\/www.teka.com\/tr-tr\/wp-json\/wp\/v2\/product\/60001","targetHints":{"allow":["GET"]}}],"collection":[{"href":"https:\/\/www.teka.com\/tr-tr\/wp-json\/wp\/v2\/product"}],"about":[{"href":"https:\/\/www.teka.com\/tr-tr\/wp-json\/wp\/v2\/types\/product"}],"wp:attachment":[{"href":"https:\/\/www.teka.com\/tr-tr\/wp-json\/wp\/v2\/media?parent=60001"}],"wp:term":[{"taxonomy":"product_cat","embeddable":true,"href":"https:\/\/www.teka.com\/tr-tr\/wp-json\/wp\/v2\/product_cat?post=60001"},{"taxonomy":"product_cleaning_system","embeddable":true,"href":"https:\/\/www.teka.com\/tr-tr\/wp-json\/wp\/v2\/product_cleaning_system?post=60001"},{"taxonomy":"product_3rd_basket","embeddable":true,"href":"https:\/\/www.teka.com\/tr-tr\/wp-json\/wp\/v2\/product_3rd_basket?post=60001"},{"taxonomy":"product_drawers","embeddable":true,"href":"https:\/\/www.teka.com\/tr-tr\/wp-json\/wp\/v2\/product_drawers?post=60001"},{"taxonomy":"product_type_of_installation","embeddable":true,"href":"https:\/\/www.teka.com\/tr-tr\/wp-json\/wp\/v2\/product_type_of_installation?post=60001"},{"taxonomy":"product_edition","embeddable":true,"href":"https:\/\/www.teka.com\/tr-tr\/wp-json\/wp\/v2\/product_edition?post=60001"},{"taxonomy":"product_serie","embeddable":true,"href":"https:\/\/www.teka.com\/tr-tr\/wp-json\/wp\/v2\/product_serie?post=60001"},{"taxonomy":"product_features","embeddable":true,"href":"https:\/\/www.teka.com\/tr-tr\/wp-json\/wp\/v2\/product_features?post=60001"},{"taxonomy":"finishes","embeddable":true,"href":"https:\/\/www.teka.com\/tr-tr\/wp-json\/wp\/v2\/finishes?post=60001"},{"taxonomy":"product_bundles","embeddable":true,"href":"https:\/\/www.teka.com\/tr-tr\/wp-json\/wp\/v2\/product_bundles?post=60001"},{"taxonomy":"product_energy_efficiency","embeddable":true,"href":"https:\/\/www.teka.com\/tr-tr\/wp-json\/wp\/v2\/product_energy_efficiency?post=60001"},{"taxonomy":"product_video_training","embeddable":true,"href":"https:\/\/www.teka.com\/tr-tr\/wp-json\/wp\/v2\/product_video_training?post=60001"}],"curies":[{"name":"wp","href":"https:\/\/api.w.org\/{rel}","templated":true}]}}