{"id":21989,"date":"2018-09-11T07:58:22","date_gmt":"2018-09-11T07:58:22","guid":{"rendered":"http:\/\/teka.com\/?page_id=21989"},"modified":"2026-04-02T15:24:45","modified_gmt":"2026-04-02T08:24:45","slug":"ve-chung-toi","status":"publish","type":"page","link":"https:\/\/www.teka.com\/vi-vn\/ve-chung-toi\/","title":{"rendered":"V\u1ec1 ch\u00fang t\u00f4i"},"content":{"rendered":"<p>[et_pb_section fb_built=&#8221;1&#8243; _builder_version=&#8221;4.27.6&#8243; _module_preset=&#8221;592b5abf-1916-4488-bcd5-b7bc60c61cab&#8221; hover_enabled=&#8221;0&#8243; global_module=&#8221;23211&#8243; global_colors_info=&#8221;{}&#8221; title_text=&#8221;header-about-us-1&#8243; background_image=&#8221;https:\/\/www.teka.com\/vi-vn\/wp-content\/uploads\/sites\/29\/2026\/04\/header-about-us-1.jpg&#8221; sticky_enabled=&#8221;0&#8243;][et_pb_row column_structure=&#8221;1_2,1_2&#8243; _builder_version=&#8221;4.27.6&#8243; _module_preset=&#8221;default&#8221; global_colors_info=&#8221;{}&#8221;][et_pb_column type=&#8221;1_2&#8243; _builder_version=&#8221;4.27.6&#8243; _module_preset=&#8221;default&#8221; global_colors_info=&#8221;{}&#8221;][et_pb_text _builder_version=&#8221;4.27.6&#8243; _module_preset=&#8221;default&#8221; text_text_color=&#8221;#FFFFFF&#8221; header_text_color=&#8221;#FFFFFF&#8221; global_colors_info=&#8221;{}&#8221;]<\/p>\n<p>&nbsp;<\/p>\n<h1><strong>Teka Group<\/strong>,<br \/>Di s\u1ea3n \u0110\u1ee9c t\u1eeb n\u0103m 1924<\/h1>\n<p>&nbsp;<\/p>\n<p>&nbsp;<\/p>\n<p>&nbsp;<\/p>\n<p>[\/et_pb_text][\/et_pb_column][et_pb_column type=&#8221;1_2&#8243; _builder_version=&#8221;4.27.6&#8243; _module_preset=&#8221;default&#8221; global_colors_info=&#8221;{}&#8221;][\/et_pb_column][\/et_pb_row][\/et_pb_section][et_pb_section fb_built=&#8221;1&#8243; module_id=&#8221;teka-menu&#8221; _builder_version=&#8221;3.14&#8243; background_color=&#8221;#0e0e0e&#8221; global_module=&#8221;23212&#8243; global_colors_info=&#8221;{}&#8221;][et_pb_row _builder_version=&#8221;4.27.4&#8243; background_size=&#8221;initial&#8221; background_position=&#8221;top_left&#8221; background_repeat=&#8221;repeat&#8221; global_colors_info=&#8221;{}&#8221;][et_pb_column type=&#8221;4_4&#8243; _builder_version=&#8221;4.16&#8243; custom_padding=&#8221;|||&#8221; global_colors_info=&#8221;{}&#8221; custom_padding__hover=&#8221;|||&#8221;][et_pb_sidebar area=&#8221;et_pb_widget_area_7&#8243; disabled_on=&#8221;on|on|&#8221; _builder_version=&#8221;4.27.4&#8243; background_layout=&#8221;dark&#8221; global_colors_info=&#8221;{}&#8221;][\/et_pb_sidebar][et_pb_sidebar area=&#8221;et_pb_widget_area_9&#8243; disabled_on=&#8221;on||on&#8221; admin_label=&#8221;Sidebar Tablet&#8221; _builder_version=&#8221;4.16&#8243; background_layout=&#8221;dark&#8221; global_colors_info=&#8221;{}&#8221;][\/et_pb_sidebar][et_pb_sidebar area=&#8221;et_pb_widget_area_8&#8243; disabled_on=&#8221;|on|on&#8221; admin_label=&#8221;Sidebar Mobile&#8221; _builder_version=&#8221;4.16&#8243; background_layout=&#8221;dark&#8221; global_colors_info=&#8221;{}&#8221;][\/et_pb_sidebar][\/et_pb_column][\/et_pb_row][\/et_pb_section][et_pb_section fb_built=&#8221;1&#8243; module_id=&#8221;about-us&#8221; _builder_version=&#8221;4.16&#8243; global_colors_info=&#8221;{}&#8221;][et_pb_row _builder_version=&#8221;4.16&#8243; background_size=&#8221;initial&#8221; background_position=&#8221;top_left&#8221; background_repeat=&#8221;repeat&#8221; module_alignment=&#8221;center&#8221; custom_padding=&#8221;32px|0px|32px|0px|false|false&#8221; use_custom_width=&#8221;on&#8221; global_colors_info=&#8221;{}&#8221;][et_pb_column type=&#8221;4_4&#8243; _builder_version=&#8221;4.16&#8243; custom_padding=&#8221;|||&#8221; global_colors_info=&#8221;{}&#8221; custom_padding__hover=&#8221;|||&#8221;][et_pb_text _builder_version=&#8221;4.16&#8243; global_colors_info=&#8221;{}&#8221;]<\/p>\n<h1 style=\"text-align: center\">Ki\u1ebfn t\u1ea1o\u00a0<strong>nh\u1eefng th\u1eddi kh\u1eafc kh\u00f3 qu\u00ean<\/strong><\/h1>\n<p>[\/et_pb_text][\/et_pb_column][\/et_pb_row][et_pb_row _builder_version=&#8221;4.16&#8243; background_size=&#8221;initial&#8221; background_position=&#8221;top_left&#8221; background_repeat=&#8221;repeat&#8221; custom_padding=&#8221;24.9375px|0px|24px|0px|false|false&#8221; global_colors_info=&#8221;{}&#8221;][et_pb_column type=&#8221;4_4&#8243; _builder_version=&#8221;4.16&#8243; custom_padding=&#8221;|||&#8221; global_colors_info=&#8221;{}&#8221; custom_padding__hover=&#8221;|||&#8221;][et_pb_text _builder_version=&#8221;4.16&#8243; max_width=&#8221;80%&#8221; module_alignment=&#8221;center&#8221; global_colors_info=&#8221;{}&#8221;]<\/p>\n<h6 style=\"text-align: center\">Trong m\u1ecdi vi\u1ec7c m\u00ecnh l\u00e0m, ch\u00fang t\u00f4i \u0111\u1ec1u k\u1ebft h\u1ee3p <strong>ch\u1ea5t l\u01b0\u1ee3ng, t\u00ednh kh\u1ea3 d\u1ee5ng<\/strong> v\u00e0<strong> hi\u1ec7u qu\u1ea3<\/strong>, \u0111\u1ec3 \u0111\u01b0a ra gi\u1ea3i ph\u00e1p t\u1ed1t nh\u1ea5t cho t\u1ed5 \u1ea5m c\u1ee7a b\u1ea1n. M\u1ee5c ti\u00eau ch\u00ednh c\u1ee7a ch\u00fang t\u00f4i l\u00e0 t\u1ea1o n\u00ean nh\u1eefng<strong> tr\u1ea3i nghi\u1ec7m \u00fd ngh\u0129a<\/strong> \u0111\u1ec3 b\u1ea1n c\u00f3 th\u1ec3 chia s\u1ebb v\u1edbi nh\u1eefng ng\u01b0\u1eddi th\u00e2n y\u00eau.<\/h6>\n<p>[\/et_pb_text][\/et_pb_column][\/et_pb_row][et_pb_row _builder_version=&#8221;4.16&#8243; background_size=&#8221;initial&#8221; background_position=&#8221;top_left&#8221; background_repeat=&#8221;repeat&#8221; custom_padding=&#8221;24px|0px|24.9375px|0px|false|false&#8221; global_colors_info=&#8221;{}&#8221;][et_pb_column type=&#8221;4_4&#8243; _builder_version=&#8221;4.16&#8243; custom_padding=&#8221;|||&#8221; global_colors_info=&#8221;{}&#8221; custom_padding__hover=&#8221;|||&#8221;][et_pb_divider color=&#8221;#b7b7b7&#8243; _builder_version=&#8221;4.16&#8243; global_colors_info=&#8221;{}&#8221;]<br \/>\n[\/et_pb_divider][et_pb_text _builder_version=&#8221;4.16&#8243; global_colors_info=&#8221;{}&#8221;]<\/p>\n<h2 style=\"text-align: center\">N\u1ea5u \u0103n \u0111\u1ec3 \u0111\u1ecbnh h\u00ecnh <strong>cu\u1ed9c s\u1ed1ng<\/strong> c\u1ee7a b\u1ea1n<\/h2>\n<p>[\/et_pb_text][\/et_pb_column][\/et_pb_row][et_pb_row column_structure=&#8221;1_2,1_2&#8243; _builder_version=&#8221;4.16&#8243; background_size=&#8221;initial&#8221; background_position=&#8221;top_left&#8221; background_repeat=&#8221;repeat&#8221; global_colors_info=&#8221;{}&#8221;][et_pb_column type=&#8221;1_2&#8243; _builder_version=&#8221;4.16&#8243; custom_padding=&#8221;|||&#8221; global_colors_info=&#8221;{}&#8221; custom_padding__hover=&#8221;|||&#8221;][et_pb_text _builder_version=&#8221;4.16&#8243; global_colors_info=&#8221;{}&#8221;]<\/p>\n<p style=\"text-align: justify\">C\u0103n b\u1ebfp l\u00e0 tr\u00e1i tim c\u1ee7a ng\u00f4i nh\u00e0. T\u1ea1i Teka, ch\u00fang t\u00f4i thi\u1ebft k\u1ebf c\u00e1c thi\u1ebft b\u1ecb \u0111\u1ec3 th\u1ed5i h\u1ed3n v\u00e0o c\u0103n b\u1ebfp c\u1ee7a b\u1ea1n. B\u1edfi v\u00ec \u0111\u00f3 l\u00e0 n\u01a1i cu\u1ed9c s\u1ed1ng \u0111\u01b0\u1ee3c nh\u00f3m l\u00ean, n\u01a1i di\u1ec5n ra r\u1ea5t nhi\u1ec1u kho\u1ea3nh kh\u1eafc \u0111\u00e1ng nh\u1edb trong cu\u1ed9c \u0111\u1eddi ch\u00fang ta.<\/p>\n<p style=\"text-align: justify\">\u0110\u1ed1i v\u1edbi ch\u00fang t\u00f4i, c\u0103n b\u1ebfp c\u00f3 \u00fd ngh\u0129a l\u1edbn lao h\u01a1n l\u00e0 m\u1ed9t n\u01a1i ch\u1ec9 \u0111\u01a1n gi\u1ea3n \u0111\u1ec3 n\u1ea5u c\u00e1c b\u1eefa \u0103n. \u0110\u00f3 l\u00e0 n\u01a1i \u0111\u1ec3 c\u01b0\u1eddi, \u0111\u1ec3 m\u01a1 \u01b0\u1edbc, \u0111\u1ec3 c\u1ed1ng hi\u1ebfn, \u0111\u1ec3 chuy\u1ec7n tr\u00f2, \u0111\u1ec3 \u0111\u01b0a ra nh\u1eefng quy\u1ebft \u0111\u1ecbnh, \u0111\u1ec3 chia s\u1ebb nh\u1eefng tin t\u1ee9c, \u0111\u1ec3 thi\u1ebft l\u1eadp nh\u1eefng k\u1ebf ho\u1ea1ch cu\u1ed9c \u0111\u1eddi v\u00e0, sau t\u1ea5t c\u1ea3, l\u00e0 n\u01a1i \u0111\u1ec3 tr\u1ea3i qua nh\u1eefng th\u1eddi kh\u1eafc kh\u00f4ng th\u1ec3 b\u1ecb l\u00e3ng qu\u00ean.<\/p>\n<p style=\"text-align: justify\">Xu\u1ea5t ph\u00e1t t\u1eeb t\u1ea5t c\u1ea3 nh\u1eefng l\u00fd do tr\u00ean, ch\u00fang t\u00f4i thi\u1ebft k\u1ebf v\u00e0 t\u1ea1o ra nh\u1eefng thi\u1ebft b\u1ecb mang \u0111\u1ebfn c\u00e1c gi\u1ea3i ph\u00e1p c\u0169ng nh\u01b0 s\u1ef1 c\u1ea3i ti\u1ebfn th\u1ef1c s\u1ef1 cho c\u0103n b\u1ebfp c\u1ee7a b\u1ea1n, nh\u1eefng gi\u1ea3i ph\u00e1p ph\u00f9 h\u1ee3p v\u1edbi phong c\u00e1ch s\u1ed1ng c\u1ee7a b\u1ea1n v\u00e0 \u0111\u1ed3ng \u0111i\u1ec7u v\u1edbi ng\u00f4i nh\u00e0 c\u1ee7a b\u1ea1n.<\/p>\n<p style=\"text-align: justify\">Ch\u00fang t\u00f4i l\u00e0m vi\u1ec7c m\u1ed7i ng\u00e0y \u0111\u1ec3 hi\u1ec3u r\u00f5 h\u01a1n nh\u1eefng nhu c\u1ea7u c\u1ee7a b\u1ea1n v\u00e0 mang \u0111\u1ebfn nh\u1eefng gi\u1ea3i ph\u00e1p m\u1edbi \u0111\u1ec3 gi\u00fap b\u1ea1n b\u1eb1ng c\u00e1ch t\u00ecm ra nh\u1eefng kh\u1ea3 n\u0103ng m\u1edbi ngay trong c\u0103n b\u1ebfp c\u1ee7a m\u00ecnh.<\/p>\n<p>[\/et_pb_text][\/et_pb_column][et_pb_column type=&#8221;1_2&#8243; _builder_version=&#8221;4.16&#8243; custom_padding=&#8221;|||&#8221; global_colors_info=&#8221;{}&#8221; custom_padding__hover=&#8221;|||&#8221;][et_pb_text _builder_version=&#8221;4.16&#8243; global_colors_info=&#8221;{}&#8221;]<\/p>\n<p style=\"text-align: justify\">Th\u01b0\u01a1ng hi\u1ec7u c\u1ee7a ch\u00fang t\u00f4i, b\u1eaft ngu\u1ed3n t\u1eeb \u0110\u1ee9c, d\u1ef1a v\u00e0o ch\u1ea5t l\u01b0\u1ee3ng, c\u00f4ng ngh\u1ec7 v\u00e0 s\u1ef1 \u0111\u1ed5i m\u1edbi. C\u00e1c s\u1ea3n ph\u1ea9m c\u1ee7a Teka n\u1ed5i ti\u1ebfng tr\u00ean to\u00e0n th\u1ebf gi\u1edbi v\u1ec1 \u0111\u1ed9 tin c\u1eady, t\u00ednh hi\u1ec7u qu\u1ea3 v\u00e0 ch\u00ednh x\u00e1c. Ng\u00e0y nay, sau g\u1ea7n 100 n\u0103m l\u1ecbch s\u1eed ph\u00e1t tri\u1ec3n, Teka v\u1eabn ti\u1ebfp t\u1ee5c n\u1ed7 l\u1ef1c h\u1ebft m\u00ecnh \u0111\u1ec3 mang \u0111\u1ebfn nh\u1eefng s\u1ea3n ph\u1ea9m v\u1edbi t\u00ednh n\u0103ng v\u00e0 thi\u1ebft k\u1ebf t\u1ed1t nh\u1ea5t \u0111\u1ec3 \u0111\u1ea1t \u0111\u01b0\u1ee3c s\u1ef1 xu\u1ea5t s\u1eafc trong m\u1ed7i b\u01b0\u1edbc \u0111i.<\/p>\n<p style=\"text-align: justify\">Nh\u1eefng gi\u00e1 tr\u1ecb g\u1eafn li\u00ean v\u1edbi c\u00f4ng ty ch\u00fang t\u00f4i, r\u1ea5t r\u00f5 r\u00e0ng:<br \/>Trung th\u1ef1c, ph\u00f3ng kho\u00e1ng v\u00e0 nguy\u00ean b\u1ea3n. Ngh\u0129a l\u00e0 ch\u00fang t\u00f4i ph\u1ee5c v\u1ee5 b\u1ea1n v\u00e0 lu\u00f4n \u1edf b\u00ean c\u1ea1nh b\u1ea1n, gi\u00fap b\u1ea1n gi\u1ea3i quy\u1ebft nh\u1eefng v\u1ea5n \u0111\u1ec1 h\u00e0ng ng\u00e0y v\u1edbi nh\u1eefng gi\u1ea3i ph\u00e1p ch\u1ea5t l\u01b0\u1ee3ng qu\u1ed1c t\u1ebf.<br \/>S\u1ef1 h\u00e0i l\u00f2ng c\u1ee7a kh\u00e1ch h\u00e0ng l\u00e0 m\u1ed1i quan t\u00e2m ch\u00ednh c\u1ee7a ch\u00fang t\u00f4i.\n<\/p>\n<p style=\"text-align: justify\">Ch\u00fang t\u00f4i \u0111\u00e3 n\u1ed7 l\u1ef1c t\u1eeb nh\u1eefng ng\u00e0y \u0111\u1ea7u \u0111\u1ec3 t\u1ea1o ra nh\u1eefng s\u1ea3n ph\u1ea9m v\u1edbi ch\u1ea5t l\u01b0\u1ee3ng t\u1ed1t nh\u1ea5t, c\u00e1c thi\u1ebft k\u1ebf hi\u1ec7n \u0111\u1ea1i v\u00e0 nguy\u00ean b\u1ea3n nh\u1ea5t, v\u00e0 nh\u1eefng s\u1ef1 \u0111\u1ed5i m\u1edbi \u01b0u vi\u1ec7t nh\u1ea5t v\u1edbi m\u1ed9t m\u1ee9c gi\u00e1 ph\u1ea3i ch\u0103ng.<\/p>\n<p>[\/et_pb_text][\/et_pb_column][\/et_pb_row][\/et_pb_section][et_pb_section fb_built=&#8221;1&#8243; module_id=&#8221;about-teka-teka-bottom&#8221; _builder_version=&#8221;4.16&#8243; custom_margin=&#8221;0px|||&#8221; custom_padding=&#8221;0px|||&#8221; global_colors_info=&#8221;{}&#8221;][et_pb_row _builder_version=&#8221;4.16&#8243; background_size=&#8221;initial&#8221; background_position=&#8221;top_left&#8221; background_repeat=&#8221;repeat&#8221; global_colors_info=&#8221;{}&#8221;][et_pb_column type=&#8221;4_4&#8243; _builder_version=&#8221;4.16&#8243; custom_padding=&#8221;|||&#8221; global_colors_info=&#8221;{}&#8221; custom_padding__hover=&#8221;|||&#8221;][et_pb_text _builder_version=&#8221;4.16&#8243; global_colors_info=&#8221;{}&#8221;]<\/p>\n<h2 style=\"text-align: center\">\u0110\u00e2y ch\u00ednh l\u00e0 nh\u1eefng nh\u00e2n t\u1ed1 ch\u1ee7 ch\u1ed1t t\u1ea1o n\u00ean c\u00e1c s\u1ea3n ph\u1ea9m c\u1ee7a ch\u00fang t\u00f4i: <\/h2>\n<p>[\/et_pb_text][\/et_pb_column][\/et_pb_row][et_pb_row column_structure=&#8221;1_3,1_3,1_3&#8243; _builder_version=&#8221;4.16&#8243; background_size=&#8221;initial&#8221; background_position=&#8221;top_left&#8221; background_repeat=&#8221;repeat&#8221; global_colors_info=&#8221;{}&#8221;][et_pb_column type=&#8221;1_3&#8243; _builder_version=&#8221;4.16&#8243; custom_padding=&#8221;|||&#8221; global_colors_info=&#8221;{}&#8221; custom_padding__hover=&#8221;|||&#8221;][et_pb_text admin_label=&#8221;Imagen + titulo&#8221; module_class=&#8221;our-values-img&#8221; _builder_version=&#8221;4.16&#8243; background_image=&#8221;https:\/\/www.teka.com\/vi-vn\/wp-content\/uploads\/sites\/29\/2018\/12\/teka-honesty-270&#215;270.jpg&#8221; text_orientation=&#8221;center&#8221; background_layout=&#8221;dark&#8221; global_colors_info=&#8221;{}&#8221;]<\/p>\n<h3>Trung th\u1ef1c<\/h3>\n<p>[\/et_pb_text][et_pb_image src=&#8221;https:\/\/www.teka.com\/vi-vn\/wp-content\/uploads\/sites\/29\/2018\/11\/teka-honesty.jpg&#8221; align=&#8221;center&#8221; align_tablet=&#8221;center&#8221; align_phone=&#8221;&#8221; align_last_edited=&#8221;on|desktop&#8221; disabled_on=&#8221;on|on|on&#8221; _builder_version=&#8221;4.16&#8243; disabled=&#8221;on&#8221; global_colors_info=&#8221;{}&#8221;]<br \/>\n[\/et_pb_image][et_pb_text admin_label=&#8221;Honesty &#8211; Text&#8221; module_class=&#8221;sobre-teka-ingredientes&#8221; _builder_version=&#8221;4.16&#8243; global_colors_info=&#8221;{}&#8221;]<\/p>\n<p style=\"text-align: center\"><strong>Ch\u00fang t\u00f4i lu\u00f4n b\u00ean b\u1ea1n.<\/strong><\/p>\n<p style=\"text-align: center\">Ch\u00fang t\u00f4i k\u1ebft n\u1ed1i v\u1edbi kh\u00e1ch h\u00e0ng c\u1ee7a m\u00ecnh, v\u1edbi nh\u1eefng ph\u00e1t ng\u00f4n c\u00f3 tr\u00e1ch nhi\u1ec7m, r\u00f5 r\u00e0ng v\u00e0 minh b\u1ea1ch. Teka lu\u00f4n g\u1ea7n b\u00ean b\u1ea1n, th\u1ea5u hi\u1ec3u nh\u1eefng nhu c\u1ea7u c\u1ee7a b\u1ea1n v\u00e0 gi\u00fap b\u1ea1n kh\u00e1m ph\u00e1 nh\u1eefng kh\u1ea3 n\u0103ng m\u1edbi khi \u1edf trong c\u0103n b\u1ebfp c\u1ee7a m\u00ecnh.<\/p>\n<p>[\/et_pb_text][\/et_pb_column][et_pb_column type=&#8221;1_3&#8243; _builder_version=&#8221;4.16&#8243; custom_padding=&#8221;|||&#8221; global_colors_info=&#8221;{}&#8221; custom_padding__hover=&#8221;|||&#8221;][et_pb_text admin_label=&#8221;Imagen + titulo&#8221; module_class=&#8221;our-values-img&#8221; _builder_version=&#8221;4.16&#8243; background_image=&#8221;https:\/\/www.teka.com\/vi-vn\/wp-content\/uploads\/sites\/29\/2018\/12\/teka-generosity-270&#215;270.jpg&#8221; text_orientation=&#8221;center&#8221; background_layout=&#8221;dark&#8221; global_colors_info=&#8221;{}&#8221;]<\/p>\n<h3>Nguy\u00ean b\u1ea3n<\/h3>\n<p>[\/et_pb_text][et_pb_image src=&#8221;https:\/\/www.teka.com\/vi-vn\/wp-content\/uploads\/sites\/29\/2018\/11\/teka-generosity.jpg&#8221; align=&#8221;center&#8221; align_tablet=&#8221;center&#8221; align_phone=&#8221;&#8221; align_last_edited=&#8221;on|desktop&#8221; disabled_on=&#8221;on|on|on&#8221; _builder_version=&#8221;4.16&#8243; disabled=&#8221;on&#8221; global_colors_info=&#8221;{}&#8221;]<br \/>\n[\/et_pb_image][et_pb_text admin_label=&#8221;Generosity &#8211; Text&#8221; module_class=&#8221;sobre-teka-ingredientes&#8221; _builder_version=&#8221;4.16&#8243; global_colors_info=&#8221;{}&#8221;]<\/p>\n<p style=\"text-align: center\"><strong>Ch\u00fang t\u00f4i lu\u00f4n c\u1ed1 g\u1eafng nhi\u1ec1u h\u01a1n n\u1eefa<\/strong><\/p>\n<p style=\"text-align: center\">Ch\u00fang t\u00f4i t\u1eadp trung v\u00e0o t\u00ednh ch\u00e2n th\u1ef1c v\u00e0 s\u1ef1 thi\u1ebft y\u1ebfu: m\u1ee5c ti\u00eau c\u1ee7a ch\u00fang t\u00f4i l\u00e0 mang \u0111\u1ebfn s\u1ee9c s\u1ed1ng cho nh\u1eefng t\u00ednh n\u0103ng. \u0110\u00f3 l\u00e0 l\u00fd do v\u00ec sao ch\u00fang t\u00f4i lu\u00f4n quan t\u00e2m \u0111\u1ebfn vi\u1ec7c cung c\u1ea5p nh\u1eefng c\u00f4ng ngh\u1ec7, c\u1ea3i ti\u1ebfn xu\u1ea5t s\u1eafc c\u00f9ng v\u1edbi thi\u1ebft k\u1ebf nguy\u00ean b\u1ea3n v\u00e0 m\u1ee9c gi\u00e1 ph\u1ea3i ch\u0103ng.<\/p>\n<p style=\"text-align: center\">\u0110\u1ec3 k\u1ebft h\u1ee3p nh\u1eefng c\u00e2u chuy\u1ec7n gia \u0111\u00ecnh c\u00f9ng v\u1edbi di s\u1ea3n c\u1ee7a ch\u00fang t\u00f4i l\u00e0 nh\u1eefng gi\u1ea3i ph\u00e1p \u01b0u vi\u1ec7t gi\u00fap th\u1ed5i h\u1ed3n cho c\u0103n b\u1ebfp c\u1ee7a b\u1ea1n. M\u1eb7t kh\u00e1c, ch\u00fang t\u00f4i t\u1ea1o ra m\u1ed9t kh\u00f4ng gian ho\u00e0n h\u1ea3o \u0111\u1ec3 tr\u1ea3i nghi\u1ec7m nh\u1eefng th\u1eddi kh\u1eafc \u00fd ngh\u0129a, l\u00e0m cu\u1ed9c s\u1ed1ng ng\u00e0y c\u00e0ng \u0111\u00e1ng s\u1ed1ng h\u01a1n.<\/p>\n<p>[\/et_pb_text][\/et_pb_column][et_pb_column type=&#8221;1_3&#8243; _builder_version=&#8221;4.16&#8243; custom_padding=&#8221;|||&#8221; global_colors_info=&#8221;{}&#8221; custom_padding__hover=&#8221;|||&#8221;][et_pb_text admin_label=&#8221;Imagen + titulo&#8221; module_class=&#8221;our-values-img&#8221; _builder_version=&#8221;4.16&#8243; background_image=&#8221;https:\/\/www.teka.com\/vi-vn\/wp-content\/uploads\/sites\/29\/2018\/12\/teka-originality-270&#215;270.jpg&#8221; text_orientation=&#8221;center&#8221; background_layout=&#8221;dark&#8221; global_colors_info=&#8221;{}&#8221;]<\/p>\n<h3>Ph\u00f3ng kho\u00e1ng<\/h3>\n<p>[\/et_pb_text][et_pb_image src=&#8221;https:\/\/www.teka.com\/vi-vn\/wp-content\/uploads\/sites\/29\/2018\/11\/teka-originality.jpg&#8221; align=&#8221;center&#8221; align_tablet=&#8221;center&#8221; align_phone=&#8221;&#8221; align_last_edited=&#8221;on|desktop&#8221; disabled_on=&#8221;on|on|on&#8221; _builder_version=&#8221;4.16&#8243; disabled=&#8221;on&#8221; global_colors_info=&#8221;{}&#8221;]<br \/>\n[\/et_pb_image][et_pb_text admin_label=&#8221;Originality &#8211; Text&#8221; module_class=&#8221;sobre-teka-ingredientes&#8221; _builder_version=&#8221;4.16&#8243; global_colors_info=&#8221;{}&#8221;]<\/p>\n<p style=\"text-align: center\"><strong>M\u1ed9t s\u1ef1 thay th\u1ebf ph\u00f9 h\u1ee3p<\/strong><\/p>\n<p style=\"text-align: center\">Ch\u00fang t\u00f4i \u0111\u00e1nh th\u1ee9c nh\u1eefng c\u1ea3m x\u00fac v\u00e0 s\u1edf th\u00edch, nh\u1edd v\u00e0o s\u1ef1 th\u1ef1c hi\u1ec7n m\u1ecdi th\u1ee9 m\u1ed9t c\u00e1ch nh\u1ea5t qu\u00e1n. M\u1ee5c ti\u00eau c\u1ee7a ch\u00fang t\u00f4i l\u00e0 k\u1ebft n\u1ed1i v\u1edbi m\u1ecdi ng\u01b0\u1eddi b\u1eb1ng c\u00e1ch t\u1ea1o n\u00ean nh\u1eefng tr\u1ea3i nghi\u1ec7m v\u01b0\u1ee3t xa nh\u1eefng t\u00ednh n\u0103ng v\u00e0 s\u1ef1 c\u1ea3i ti\u1ebfn s\u1ea3n ph\u1ea9m. V\u1edbi ch\u00fang t\u00f4i, c\u1ea3m h\u1ee9ng ch\u00ednh l\u00e0 con \u0111\u01b0\u1eddng \u0111\u1ec3 tr\u1edf th\u00e0nh th\u01b0\u01a1ng hi\u1ec7u \u0111\u01b0\u1ee3c kh\u00e1ch h\u00e0ng y\u00eau th\u00edch, m\u1ed9t s\u1ef1 thay th\u1ebf th\u1ef1c s\u1ef1 d\u00e0nh cho h\u1ecd.<\/p>\n<p>[\/et_pb_text][\/et_pb_column][\/et_pb_row][\/et_pb_section]<\/p>\n","protected":false},"excerpt":{"rendered":"<p>&nbsp; Teka Group,Di s\u1ea3n \u0110\u1ee9c t\u1eeb n\u0103m 1924 &nbsp; &nbsp; &nbsp;Ki\u1ebfn t\u1ea1o\u00a0nh\u1eefng th\u1eddi kh\u1eafc kh\u00f3 qu\u00ean Trong m\u1ecdi vi\u1ec7c m\u00ecnh l\u00e0m, ch\u00fang t\u00f4i \u0111\u1ec1u k\u1ebft h\u1ee3p ch\u1ea5t l\u01b0\u1ee3ng, t\u00ednh kh\u1ea3 d\u1ee5ng v\u00e0 hi\u1ec7u qu\u1ea3, \u0111\u1ec3 \u0111\u01b0a ra gi\u1ea3i ph\u00e1p t\u1ed1t nh\u1ea5t cho t\u1ed5 \u1ea5m c\u1ee7a b\u1ea1n. M\u1ee5c ti\u00eau ch\u00ednh c\u1ee7a ch\u00fang t\u00f4i l\u00e0 t\u1ea1o n\u00ean [&hellip;]<\/p>\n","protected":false},"author":9,"featured_media":0,"parent":0,"menu_order":0,"comment_status":"closed","ping_status":"closed","template":"","meta":{"_acf_changed":false,"_et_pb_use_builder":"on","_et_pb_old_content":"","_et_gb_content_width":"","footnotes":""},"class_list":["post-21989","page","type-page","status-publish","hentry"],"acf":[],"yoast_head":"<!-- This site is optimized with the Yoast SEO plugin v27.5 - https:\/\/yoast.com\/product\/yoast-seo-wordpress\/ -->\n<title>Teka: Cook your way to life | About the company and their values<\/title>\n<meta name=\"description\" content=\"Our trademark, born in Germany, relies on quality, technology and innovation. Teka products are known worldwide for their reliability, efficiency and...\" \/>\n<meta name=\"robots\" content=\"index, follow, max-snippet:-1, max-image-preview:large, max-video-preview:-1\" \/>\n<link rel=\"canonical\" href=\"https:\/\/www.teka.com\/vi-vn\/ve-chung-toi\/\" \/>\n<meta property=\"og:locale\" content=\"vi_VN\" \/>\n<meta property=\"og:type\" content=\"article\" \/>\n<meta property=\"og:title\" content=\"Teka: Cook your way to life | About the company and their values\" \/>\n<meta property=\"og:description\" content=\"Our trademark, born in Germany, relies on quality, technology and innovation. Teka products are known worldwide for their reliability, efficiency and...\" \/>\n<meta property=\"og:url\" content=\"https:\/\/www.teka.com\/vi-vn\/ve-chung-toi\/\" \/>\n<meta property=\"og:site_name\" content=\"Teka Vietnam\" \/>\n<meta property=\"article:modified_time\" content=\"2026-04-02T08:24:45+00:00\" \/>\n<meta name=\"twitter:card\" content=\"summary_large_image\" \/>\n<meta name=\"twitter:label1\" content=\"\u01af\u1edbc t\u00ednh th\u1eddi gian \u0111\u1ecdc\" \/>\n\t<meta name=\"twitter:data1\" content=\"5 ph\u00fat\" \/>\n<script type=\"application\/ld+json\" class=\"yoast-schema-graph\">{\"@context\":\"https:\\\/\\\/schema.org\",\"@graph\":[{\"@type\":\"WebPage\",\"@id\":\"https:\\\/\\\/www.teka.com\\\/vi-vn\\\/ve-chung-toi\\\/\",\"url\":\"https:\\\/\\\/www.teka.com\\\/vi-vn\\\/ve-chung-toi\\\/\",\"name\":\"Teka: Cook your way to life | About the company and their values\",\"isPartOf\":{\"@id\":\"https:\\\/\\\/www.teka.com\\\/vi-vn\\\/#website\"},\"datePublished\":\"2018-09-11T07:58:22+00:00\",\"dateModified\":\"2026-04-02T08:24:45+00:00\",\"description\":\"Our trademark, born in Germany, relies on quality, technology and innovation. Teka products are known worldwide for their reliability, efficiency and...\",\"inLanguage\":\"vi\",\"potentialAction\":[{\"@type\":\"ReadAction\",\"target\":[\"https:\\\/\\\/www.teka.com\\\/vi-vn\\\/ve-chung-toi\\\/\"]}]},{\"@type\":\"WebSite\",\"@id\":\"https:\\\/\\\/www.teka.com\\\/vi-vn\\\/#website\",\"url\":\"https:\\\/\\\/www.teka.com\\\/vi-vn\\\/\",\"name\":\"Teka Vietnam\",\"description\":\"\",\"potentialAction\":[{\"@type\":\"SearchAction\",\"target\":{\"@type\":\"EntryPoint\",\"urlTemplate\":\"https:\\\/\\\/www.teka.com\\\/vi-vn\\\/?s={search_term_string}\"},\"query-input\":{\"@type\":\"PropertyValueSpecification\",\"valueRequired\":true,\"valueName\":\"search_term_string\"}}],\"inLanguage\":\"vi\"}]}<\/script>\n<!-- \/ Yoast SEO plugin. -->","yoast_head_json":{"title":"Teka: Cook your way to life | About the company and their values","description":"Our trademark, born in Germany, relies on quality, technology and innovation. Teka products are known worldwide for their reliability, efficiency and...","robots":{"index":"index","follow":"follow","max-snippet":"max-snippet:-1","max-image-preview":"max-image-preview:large","max-video-preview":"max-video-preview:-1"},"canonical":"https:\/\/www.teka.com\/vi-vn\/ve-chung-toi\/","og_locale":"vi_VN","og_type":"article","og_title":"Teka: Cook your way to life | About the company and their values","og_description":"Our trademark, born in Germany, relies on quality, technology and innovation. Teka products are known worldwide for their reliability, efficiency and...","og_url":"https:\/\/www.teka.com\/vi-vn\/ve-chung-toi\/","og_site_name":"Teka Vietnam","article_modified_time":"2026-04-02T08:24:45+00:00","twitter_card":"summary_large_image","twitter_misc":{"\u01af\u1edbc t\u00ednh th\u1eddi gian \u0111\u1ecdc":"5 ph\u00fat"},"schema":{"@context":"https:\/\/schema.org","@graph":[{"@type":"WebPage","@id":"https:\/\/www.teka.com\/vi-vn\/ve-chung-toi\/","url":"https:\/\/www.teka.com\/vi-vn\/ve-chung-toi\/","name":"Teka: Cook your way to life | About the company and their values","isPartOf":{"@id":"https:\/\/www.teka.com\/vi-vn\/#website"},"datePublished":"2018-09-11T07:58:22+00:00","dateModified":"2026-04-02T08:24:45+00:00","description":"Our trademark, born in Germany, relies on quality, technology and innovation. Teka products are known worldwide for their reliability, efficiency and...","inLanguage":"vi","potentialAction":[{"@type":"ReadAction","target":["https:\/\/www.teka.com\/vi-vn\/ve-chung-toi\/"]}]},{"@type":"WebSite","@id":"https:\/\/www.teka.com\/vi-vn\/#website","url":"https:\/\/www.teka.com\/vi-vn\/","name":"Teka Vietnam","description":"","potentialAction":[{"@type":"SearchAction","target":{"@type":"EntryPoint","urlTemplate":"https:\/\/www.teka.com\/vi-vn\/?s={search_term_string}"},"query-input":{"@type":"PropertyValueSpecification","valueRequired":true,"valueName":"search_term_string"}}],"inLanguage":"vi"}]}},"_links":{"self":[{"href":"https:\/\/www.teka.com\/vi-vn\/wp-json\/wp\/v2\/pages\/21989","targetHints":{"allow":["GET"]}}],"collection":[{"href":"https:\/\/www.teka.com\/vi-vn\/wp-json\/wp\/v2\/pages"}],"about":[{"href":"https:\/\/www.teka.com\/vi-vn\/wp-json\/wp\/v2\/types\/page"}],"author":[{"embeddable":true,"href":"https:\/\/www.teka.com\/vi-vn\/wp-json\/wp\/v2\/users\/9"}],"replies":[{"embeddable":true,"href":"https:\/\/www.teka.com\/vi-vn\/wp-json\/wp\/v2\/comments?post=21989"}],"version-history":[{"count":51,"href":"https:\/\/www.teka.com\/vi-vn\/wp-json\/wp\/v2\/pages\/21989\/revisions"}],"predecessor-version":[{"id":139672,"href":"https:\/\/www.teka.com\/vi-vn\/wp-json\/wp\/v2\/pages\/21989\/revisions\/139672"}],"wp:attachment":[{"href":"https:\/\/www.teka.com\/vi-vn\/wp-json\/wp\/v2\/media?parent=21989"}],"curies":[{"name":"wp","href":"https:\/\/api.w.org\/{rel}","templated":true}]}}