{"id":21991,"date":"2018-09-11T08:07:27","date_gmt":"2018-09-11T08:07:27","guid":{"rendered":"http:\/\/teka.com\/?page_id=21991"},"modified":"2025-04-04T15:08:16","modified_gmt":"2025-04-04T08:08:16","slug":"khap-the-gioi","status":"publish","type":"page","link":"https:\/\/www.teka.com\/vi-vn\/ve-chung-toi\/khap-the-gioi\/","title":{"rendered":"KH\u1eaeP TH\u1ebe GI\u1edaI"},"content":{"rendered":"<p>[et_pb_section fb_built=&#8221;1&#8243; module_id=&#8221;teka-top&#8221; _builder_version=&#8221;4.9.2&#8243; background_image=&#8221;https:\/\/www.teka.com\/wp-content\/uploads\/sites\/2\/2020\/12\/header-about-us-1.jpg&#8221; global_module=&#8221;23211&#8243; global_colors_info=&#8221;{}&#8221;][et_pb_row column_structure=&#8221;1_2,1_2&#8243; _builder_version=&#8221;4.16&#8243; background_blend=&#8221;exclusion&#8221; global_colors_info=&#8221;{}&#8221;][et_pb_column type=&#8221;1_2&#8243; _builder_version=&#8221;4.16&#8243; custom_padding=&#8221;|||&#8221; global_colors_info=&#8221;{}&#8221; custom_padding__hover=&#8221;|||&#8221;][et_pb_text admin_label=&#8221;Header Title&#8221; _builder_version=&#8221;4.16&#8243; background_layout=&#8221;dark&#8221; global_colors_info=&#8221;{}&#8221;]&nbsp;<\/p>\n<h1><strong>Teka Group<\/strong>,<br \/>\nXu\u1ea5t x\u1ee9 \u0110\u1ee9c<\/h1>\n<p>&nbsp;<\/p>\n<p>&nbsp;<\/p>\n<p>&nbsp;[\/et_pb_text][\/et_pb_column][et_pb_column type=&#8221;1_2&#8243; _builder_version=&#8221;4.16&#8243; custom_padding=&#8221;|||&#8221; global_colors_info=&#8221;{}&#8221; custom_padding__hover=&#8221;|||&#8221;][\/et_pb_column][\/et_pb_row][\/et_pb_section][et_pb_section fb_built=&#8221;1&#8243; module_id=&#8221;teka-menu&#8221; _builder_version=&#8221;3.14&#8243; background_color=&#8221;#0e0e0e&#8221; global_module=&#8221;23212&#8243; global_colors_info=&#8221;{}&#8221;][et_pb_row _builder_version=&#8221;4.16&#8243; background_size=&#8221;initial&#8221; background_position=&#8221;top_left&#8221; background_repeat=&#8221;repeat&#8221; global_colors_info=&#8221;{}&#8221;][et_pb_column type=&#8221;4_4&#8243; _builder_version=&#8221;4.16&#8243; custom_padding=&#8221;|||&#8221; global_colors_info=&#8221;{}&#8221; custom_padding__hover=&#8221;|||&#8221;][et_pb_sidebar area=&#8221;et_pb_widget_area_7&#8243; disabled_on=&#8221;on|on|&#8221; _builder_version=&#8221;4.16&#8243; background_layout=&#8221;dark&#8221; global_colors_info=&#8221;{}&#8221;][\/et_pb_sidebar][et_pb_sidebar area=&#8221;et_pb_widget_area_9&#8243; disabled_on=&#8221;on||on&#8221; admin_label=&#8221;Sidebar Tablet&#8221; _builder_version=&#8221;4.16&#8243; background_layout=&#8221;dark&#8221; global_colors_info=&#8221;{}&#8221;][\/et_pb_sidebar][et_pb_sidebar area=&#8221;et_pb_widget_area_8&#8243; disabled_on=&#8221;|on|on&#8221; admin_label=&#8221;Sidebar Mobile&#8221; _builder_version=&#8221;4.16&#8243; background_layout=&#8221;dark&#8221; global_colors_info=&#8221;{}&#8221;][\/et_pb_sidebar][\/et_pb_column][\/et_pb_row][\/et_pb_section][et_pb_section fb_built=&#8221;1&#8243; module_id=&#8221;presencia-internacional&#8221; _builder_version=&#8221;4.16&#8243; background_color=&#8221;#222222&#8243; global_colors_info=&#8221;{}&#8221;][et_pb_row module_id=&#8221;worldwide-top&#8221; _builder_version=&#8221;4.16&#8243; custom_width_percent=&#8221;90%&#8221; global_colors_info=&#8221;{}&#8221; column_structure=&#8221;1_3,2_3&#8243;][et_pb_column type=&#8221;1_3&#8243; _builder_version=&#8221;4.16&#8243; custom_padding=&#8221;|||&#8221; global_colors_info=&#8221;{}&#8221; custom_padding__hover=&#8221;|||&#8221;][et_pb_text _builder_version=&#8221;4.27.4&#8243; background_layout=&#8221;dark&#8221; hover_enabled=&#8221;0&#8243; global_colors_info=&#8221;{}&#8221; sticky_enabled=&#8221;0&#8243;]<\/p>\n<h1> M\u1ea1ng l\u01b0\u1edbi to\u00e0n c\u1ea7u<br \/><strong>kh\u1eafp th\u1ebf gi\u1edbi<\/strong><\/h1>\n<p>[\/et_pb_text][\/et_pb_column][et_pb_column type=&#8221;2_3&#8243; _builder_version=&#8221;4.16&#8243; custom_padding=&#8221;|||&#8221; global_colors_info=&#8221;{}&#8221; custom_padding__hover=&#8221;|||&#8221;][et_pb_text _builder_version=&#8221;4.27.4&#8243; background_layout=&#8221;dark&#8221; hover_enabled=&#8221;0&#8243; global_colors_info=&#8221;{}&#8221; sticky_enabled=&#8221;0&#8243;]<\/p>\n<p>Teka hi\u1ec7n \u0111\u00e3 c\u00f3 m\u1eb7t tr\u00ean n\u0103m l\u1ee5c \u0111\u1ecba v\u00e0 nh\u1eefng s\u1ea3n ph\u1ea9m c\u1ee7a ch\u00fang t\u00f4i \u0111\u01b0\u1ee3c b\u00e0y b\u00e1n t\u1ea1i h\u01a1n 120 qu\u1ed1c gia.<\/p>\n<p>Ch\u00fang t\u00f4i c\u00f3 15 nh\u00e0 m\u00e1y tr\u00ean kh\u1eafp Ch\u00e2u  \u00c2u, Ch\u00e2u \u00c1 v\u00e0 Ch\u00e2u M\u1ef9, s\u1ea3n xu\u1ea5t h\u01a1n 15 tri\u1ec7u thi\u1ebft b\u1ecb m\u1ed7i n\u0103m.<\/p>\n<p>[\/et_pb_text][\/et_pb_column][\/et_pb_row][et_pb_row disabled_on=&#8221;off|off|off&#8221; module_id=&#8221;worldwide-map&#8221; _builder_version=&#8221;4.16&#8243; global_colors_info=&#8221;{}&#8221;][et_pb_column type=&#8221;4_4&#8243; _builder_version=&#8221;4.16&#8243; custom_padding=&#8221;|||&#8221; global_colors_info=&#8221;{}&#8221; custom_padding__hover=&#8221;|||&#8221;][et_pb_code disabled_on=&#8221;on|on|on&#8221; _builder_version=&#8221;4.16&#8243; disabled=&#8221;on&#8221; global_colors_info=&#8221;{}&#8221;]<script type=\"text\/javascript\"><!-- [et_pb_line_break_holder] -->var worldwidePoints = {<!-- [et_pb_line_break_holder] --><!-- [et_pb_line_break_holder] --> 'Teka Spain': {<!-- [et_pb_line_break_holder] --> 'address': 'Calle Cajo 17<!\u2013- [et_pb_br_holder] -\u2013>Santander, Espa\u00f1a',<!-- [et_pb_line_break_holder] --> 'mail': 'mail@teka.com',<!-- [et_pb_line_break_holder] --> 'top': 267,<!-- [et_pb_line_break_holder] --> 'left': 461<!-- [et_pb_line_break_holder] --> },<!-- [et_pb_line_break_holder] --><!-- [et_pb_line_break_holder] --> 'Teka Portugal': {<!-- [et_pb_line_break_holder] --> 'address': 'Calle Cajo 17<!\u2013- [et_pb_br_holder] -\u2013>Santander, Espa\u00f1a',<!-- [et_pb_line_break_holder] --> 'mail': 'mail@teka.com',<!-- [et_pb_line_break_holder] --> 'top': 281,<!-- [et_pb_line_break_holder] --> 'left': 451<!-- [et_pb_line_break_holder] --> },<!-- [et_pb_line_break_holder] --><!-- [et_pb_line_break_holder] --> 'Teka Italia': {<!-- [et_pb_line_break_holder] --> 'address': 'Calle Cajo 17<!\u2013- [et_pb_br_holder] -\u2013>Santander, Italy',<!-- [et_pb_line_break_holder] --> 'top': 267,<!-- [et_pb_line_break_holder] --> 'left': 512<!-- [et_pb_line_break_holder] --> },<!-- [et_pb_line_break_holder] --><!-- [et_pb_line_break_holder] -->'Teka Canada':{<!-- [et_pb_line_break_holder] -->'address': 'Lorem ipsum <!\u2013- [et_pb_br_holder] -\u2013> Canada',<!-- [et_pb_line_break_holder] -->'mail': 'example@teka.com',<!-- [et_pb_line_break_holder] -->'top': 220,<!-- [et_pb_line_break_holder] -->'left': 170<!-- [et_pb_line_break_holder] -->},<!-- [et_pb_line_break_holder] --><!-- [et_pb_line_break_holder] -->'Teka Chile':{<!-- [et_pb_line_break_holder] -->'address': 'Lorem ipsum <!\u2013- [et_pb_br_holder] -\u2013> Chile',<!-- [et_pb_line_break_holder] -->'mail': 'example@teka.com',<!-- [et_pb_line_break_holder] -->'top': 520,<!-- [et_pb_line_break_holder] -->'left': 265<!-- [et_pb_line_break_holder] -->},<!-- [et_pb_line_break_holder] --><!-- [et_pb_line_break_holder] -->'Teka Colombia':{<!-- [et_pb_line_break_holder] -->'address': 'Lorem ipsum <!\u2013- [et_pb_br_holder] -\u2013> Colombia',<!-- [et_pb_line_break_holder] -->'mail': 'example@teka.com',<!-- [et_pb_line_break_holder] -->'top': 390,<!-- [et_pb_line_break_holder] -->'left': 260<!-- [et_pb_line_break_holder] -->},<!-- [et_pb_line_break_holder] -->};<!-- [et_pb_line_break_holder] --><\/script>[\/et_pb_code][\/et_pb_column][\/et_pb_row][\/et_pb_section]<\/p>\n","protected":false},"excerpt":{"rendered":"<p>&nbsp; Teka Group, Xu\u1ea5t x\u1ee9 \u0110\u1ee9c &nbsp; &nbsp; &nbsp; M\u1ea1ng l\u01b0\u1edbi to\u00e0n c\u1ea7ukh\u1eafp th\u1ebf gi\u1edbi Teka hi\u1ec7n \u0111\u00e3 c\u00f3 m\u1eb7t tr\u00ean n\u0103m l\u1ee5c \u0111\u1ecba v\u00e0 nh\u1eefng s\u1ea3n ph\u1ea9m c\u1ee7a ch\u00fang t\u00f4i \u0111\u01b0\u1ee3c b\u00e0y b\u00e1n t\u1ea1i h\u01a1n 120 qu\u1ed1c gia. Ch\u00fang t\u00f4i c\u00f3 15 nh\u00e0 m\u00e1y tr\u00ean kh\u1eafp Ch\u00e2u \u00c2u, Ch\u00e2u \u00c1 v\u00e0 Ch\u00e2u M\u1ef9, s\u1ea3n [&hellip;]<\/p>\n","protected":false},"author":9,"featured_media":0,"parent":21989,"menu_order":3,"comment_status":"closed","ping_status":"closed","template":"","meta":{"_acf_changed":false,"_et_pb_use_builder":"on","_et_pb_old_content":"","_et_gb_content_width":"","footnotes":""},"class_list":["post-21991","page","type-page","status-publish","hentry"],"acf":[],"yoast_head":"<!-- This site is optimized with the Yoast SEO plugin v27.2 - https:\/\/yoast.com\/product\/yoast-seo-wordpress\/ -->\n<title>KH\u1eaeP TH\u1ebe GI\u1edaI presence | About Teka Vietnam<\/title>\n<meta name=\"robots\" content=\"index, follow, max-snippet:-1, max-image-preview:large, max-video-preview:-1\" \/>\n<link rel=\"canonical\" href=\"https:\/\/www.teka.com\/vi-vn\/ve-chung-toi\/khap-the-gioi\/\" \/>\n<meta property=\"og:locale\" content=\"vi_VN\" \/>\n<meta property=\"og:type\" content=\"article\" \/>\n<meta property=\"og:title\" content=\"KH\u1eaeP TH\u1ebe GI\u1edaI presence | About Teka Vietnam\" \/>\n<meta property=\"og:description\" content=\"&nbsp; Teka Group, Xu\u1ea5t x\u1ee9 \u0110\u1ee9c &nbsp; &nbsp; &nbsp; M\u1ea1ng l\u01b0\u1edbi to\u00e0n c\u1ea7ukh\u1eafp th\u1ebf gi\u1edbi Teka hi\u1ec7n \u0111\u00e3 c\u00f3 m\u1eb7t tr\u00ean n\u0103m l\u1ee5c \u0111\u1ecba v\u00e0 nh\u1eefng s\u1ea3n ph\u1ea9m c\u1ee7a ch\u00fang t\u00f4i \u0111\u01b0\u1ee3c b\u00e0y b\u00e1n t\u1ea1i h\u01a1n 120 qu\u1ed1c gia. Ch\u00fang t\u00f4i c\u00f3 15 nh\u00e0 m\u00e1y tr\u00ean kh\u1eafp Ch\u00e2u \u00c2u, Ch\u00e2u \u00c1 v\u00e0 Ch\u00e2u M\u1ef9, s\u1ea3n [&hellip;]\" \/>\n<meta property=\"og:url\" content=\"https:\/\/www.teka.com\/vi-vn\/ve-chung-toi\/khap-the-gioi\/\" \/>\n<meta property=\"og:site_name\" content=\"Teka Vietnam\" \/>\n<meta property=\"article:modified_time\" content=\"2025-04-04T08:08:16+00:00\" \/>\n<meta name=\"twitter:card\" content=\"summary_large_image\" \/>\n<meta name=\"twitter:label1\" content=\"\u01af\u1edbc t\u00ednh th\u1eddi gian \u0111\u1ecdc\" \/>\n\t<meta name=\"twitter:data1\" content=\"1 ph\u00fat\" \/>\n<script type=\"application\/ld+json\" class=\"yoast-schema-graph\">{\"@context\":\"https:\/\/schema.org\",\"@graph\":[{\"@type\":\"WebPage\",\"@id\":\"https:\/\/www.teka.com\/vi-vn\/ve-chung-toi\/khap-the-gioi\/\",\"url\":\"https:\/\/www.teka.com\/vi-vn\/ve-chung-toi\/khap-the-gioi\/\",\"name\":\"KH\u1eaeP TH\u1ebe GI\u1edaI presence | About Teka Vietnam\",\"isPartOf\":{\"@id\":\"https:\/\/www.teka.com\/vi-vn\/#website\"},\"datePublished\":\"2018-09-11T08:07:27+00:00\",\"dateModified\":\"2025-04-04T08:08:16+00:00\",\"breadcrumb\":{\"@id\":\"https:\/\/www.teka.com\/vi-vn\/ve-chung-toi\/khap-the-gioi\/#breadcrumb\"},\"inLanguage\":\"vi\",\"potentialAction\":[{\"@type\":\"ReadAction\",\"target\":[\"https:\/\/www.teka.com\/vi-vn\/ve-chung-toi\/khap-the-gioi\/\"]}]},{\"@type\":\"BreadcrumbList\",\"@id\":\"https:\/\/www.teka.com\/vi-vn\/ve-chung-toi\/khap-the-gioi\/#breadcrumb\",\"itemListElement\":[{\"@type\":\"ListItem\",\"position\":1,\"name\":\"V\u1ec1 ch\u00fang t\u00f4i\",\"item\":\"https:\/\/www.teka.com\/vi-vn\/ve-chung-toi\/\"},{\"@type\":\"ListItem\",\"position\":2,\"name\":\"KH\u1eaeP TH\u1ebe GI\u1edaI\"}]},{\"@type\":\"WebSite\",\"@id\":\"https:\/\/www.teka.com\/vi-vn\/#website\",\"url\":\"https:\/\/www.teka.com\/vi-vn\/\",\"name\":\"Teka Vietnam\",\"description\":\"\",\"potentialAction\":[{\"@type\":\"SearchAction\",\"target\":{\"@type\":\"EntryPoint\",\"urlTemplate\":\"https:\/\/www.teka.com\/vi-vn\/?s={search_term_string}\"},\"query-input\":{\"@type\":\"PropertyValueSpecification\",\"valueRequired\":true,\"valueName\":\"search_term_string\"}}],\"inLanguage\":\"vi\"}]}<\/script>\n<!-- \/ Yoast SEO plugin. -->","yoast_head_json":{"title":"KH\u1eaeP TH\u1ebe GI\u1edaI presence | About Teka Vietnam","robots":{"index":"index","follow":"follow","max-snippet":"max-snippet:-1","max-image-preview":"max-image-preview:large","max-video-preview":"max-video-preview:-1"},"canonical":"https:\/\/www.teka.com\/vi-vn\/ve-chung-toi\/khap-the-gioi\/","og_locale":"vi_VN","og_type":"article","og_title":"KH\u1eaeP TH\u1ebe GI\u1edaI presence | About Teka Vietnam","og_description":"&nbsp; Teka Group, Xu\u1ea5t x\u1ee9 \u0110\u1ee9c &nbsp; &nbsp; &nbsp; M\u1ea1ng l\u01b0\u1edbi to\u00e0n c\u1ea7ukh\u1eafp th\u1ebf gi\u1edbi Teka hi\u1ec7n \u0111\u00e3 c\u00f3 m\u1eb7t tr\u00ean n\u0103m l\u1ee5c \u0111\u1ecba v\u00e0 nh\u1eefng s\u1ea3n ph\u1ea9m c\u1ee7a ch\u00fang t\u00f4i \u0111\u01b0\u1ee3c b\u00e0y b\u00e1n t\u1ea1i h\u01a1n 120 qu\u1ed1c gia. Ch\u00fang t\u00f4i c\u00f3 15 nh\u00e0 m\u00e1y tr\u00ean kh\u1eafp Ch\u00e2u \u00c2u, Ch\u00e2u \u00c1 v\u00e0 Ch\u00e2u M\u1ef9, s\u1ea3n [&hellip;]","og_url":"https:\/\/www.teka.com\/vi-vn\/ve-chung-toi\/khap-the-gioi\/","og_site_name":"Teka Vietnam","article_modified_time":"2025-04-04T08:08:16+00:00","twitter_card":"summary_large_image","twitter_misc":{"\u01af\u1edbc t\u00ednh th\u1eddi gian \u0111\u1ecdc":"1 ph\u00fat"},"schema":{"@context":"https:\/\/schema.org","@graph":[{"@type":"WebPage","@id":"https:\/\/www.teka.com\/vi-vn\/ve-chung-toi\/khap-the-gioi\/","url":"https:\/\/www.teka.com\/vi-vn\/ve-chung-toi\/khap-the-gioi\/","name":"KH\u1eaeP TH\u1ebe GI\u1edaI presence | About Teka Vietnam","isPartOf":{"@id":"https:\/\/www.teka.com\/vi-vn\/#website"},"datePublished":"2018-09-11T08:07:27+00:00","dateModified":"2025-04-04T08:08:16+00:00","breadcrumb":{"@id":"https:\/\/www.teka.com\/vi-vn\/ve-chung-toi\/khap-the-gioi\/#breadcrumb"},"inLanguage":"vi","potentialAction":[{"@type":"ReadAction","target":["https:\/\/www.teka.com\/vi-vn\/ve-chung-toi\/khap-the-gioi\/"]}]},{"@type":"BreadcrumbList","@id":"https:\/\/www.teka.com\/vi-vn\/ve-chung-toi\/khap-the-gioi\/#breadcrumb","itemListElement":[{"@type":"ListItem","position":1,"name":"V\u1ec1 ch\u00fang t\u00f4i","item":"https:\/\/www.teka.com\/vi-vn\/ve-chung-toi\/"},{"@type":"ListItem","position":2,"name":"KH\u1eaeP TH\u1ebe GI\u1edaI"}]},{"@type":"WebSite","@id":"https:\/\/www.teka.com\/vi-vn\/#website","url":"https:\/\/www.teka.com\/vi-vn\/","name":"Teka Vietnam","description":"","potentialAction":[{"@type":"SearchAction","target":{"@type":"EntryPoint","urlTemplate":"https:\/\/www.teka.com\/vi-vn\/?s={search_term_string}"},"query-input":{"@type":"PropertyValueSpecification","valueRequired":true,"valueName":"search_term_string"}}],"inLanguage":"vi"}]}},"_links":{"self":[{"href":"https:\/\/www.teka.com\/vi-vn\/wp-json\/wp\/v2\/pages\/21991","targetHints":{"allow":["GET"]}}],"collection":[{"href":"https:\/\/www.teka.com\/vi-vn\/wp-json\/wp\/v2\/pages"}],"about":[{"href":"https:\/\/www.teka.com\/vi-vn\/wp-json\/wp\/v2\/types\/page"}],"author":[{"embeddable":true,"href":"https:\/\/www.teka.com\/vi-vn\/wp-json\/wp\/v2\/users\/9"}],"replies":[{"embeddable":true,"href":"https:\/\/www.teka.com\/vi-vn\/wp-json\/wp\/v2\/comments?post=21991"}],"version-history":[{"count":36,"href":"https:\/\/www.teka.com\/vi-vn\/wp-json\/wp\/v2\/pages\/21991\/revisions"}],"predecessor-version":[{"id":64317,"href":"https:\/\/www.teka.com\/vi-vn\/wp-json\/wp\/v2\/pages\/21991\/revisions\/64317"}],"up":[{"embeddable":true,"href":"https:\/\/www.teka.com\/vi-vn\/wp-json\/wp\/v2\/pages\/21989"}],"wp:attachment":[{"href":"https:\/\/www.teka.com\/vi-vn\/wp-json\/wp\/v2\/media?parent=21991"}],"curies":[{"name":"wp","href":"https:\/\/api.w.org\/{rel}","templated":true}]}}