{"id":21992,"date":"2018-09-11T08:07:26","date_gmt":"2018-09-11T08:07:26","guid":{"rendered":"http:\/\/teka.com\/?page_id=21992"},"modified":"2025-04-04T14:58:23","modified_gmt":"2025-04-04T07:58:23","slug":"lich-su","status":"publish","type":"page","link":"https:\/\/www.teka.com\/vi-vn\/ve-chung-toi\/lich-su\/","title":{"rendered":"L\u1ecaCH S\u1eec"},"content":{"rendered":"<p>[et_pb_section fb_built=&#8221;1&#8243; module_id=&#8221;teka-top&#8221; _builder_version=&#8221;4.9.2&#8243; background_image=&#8221;https:\/\/www.teka.com\/wp-content\/uploads\/sites\/2\/2020\/12\/header-about-us-1.jpg&#8221; global_module=&#8221;23211&#8243; global_colors_info=&#8221;{}&#8221;][et_pb_row column_structure=&#8221;1_2,1_2&#8243; _builder_version=&#8221;4.16&#8243; background_blend=&#8221;exclusion&#8221; global_colors_info=&#8221;{}&#8221;][et_pb_column type=&#8221;1_2&#8243; _builder_version=&#8221;4.16&#8243; custom_padding=&#8221;|||&#8221; global_colors_info=&#8221;{}&#8221; custom_padding__hover=&#8221;|||&#8221;][et_pb_text admin_label=&#8221;Header Title&#8221; _builder_version=&#8221;4.16&#8243; background_layout=&#8221;dark&#8221; global_colors_info=&#8221;{}&#8221;]&nbsp;<\/p>\n<h1><strong>Teka Group<\/strong>,<br \/>\nXu\u1ea5t x\u1ee9 \u0110\u1ee9c<\/h1>\n<p>&nbsp;<\/p>\n<p>&nbsp;<\/p>\n<p>&nbsp;[\/et_pb_text][\/et_pb_column][et_pb_column type=&#8221;1_2&#8243; _builder_version=&#8221;4.16&#8243; custom_padding=&#8221;|||&#8221; global_colors_info=&#8221;{}&#8221; custom_padding__hover=&#8221;|||&#8221;][\/et_pb_column][\/et_pb_row][\/et_pb_section][et_pb_section fb_built=&#8221;1&#8243; module_id=&#8221;teka-menu&#8221; _builder_version=&#8221;3.14&#8243; background_color=&#8221;#0e0e0e&#8221; global_module=&#8221;23212&#8243; global_colors_info=&#8221;{}&#8221;][et_pb_row _builder_version=&#8221;4.16&#8243; background_size=&#8221;initial&#8221; background_position=&#8221;top_left&#8221; background_repeat=&#8221;repeat&#8221; global_colors_info=&#8221;{}&#8221;][et_pb_column type=&#8221;4_4&#8243; _builder_version=&#8221;4.16&#8243; custom_padding=&#8221;|||&#8221; global_colors_info=&#8221;{}&#8221; custom_padding__hover=&#8221;|||&#8221;][et_pb_sidebar area=&#8221;et_pb_widget_area_7&#8243; disabled_on=&#8221;on|on|&#8221; _builder_version=&#8221;4.16&#8243; background_layout=&#8221;dark&#8221; global_colors_info=&#8221;{}&#8221;][\/et_pb_sidebar][et_pb_sidebar area=&#8221;et_pb_widget_area_9&#8243; disabled_on=&#8221;on||on&#8221; admin_label=&#8221;Sidebar Tablet&#8221; _builder_version=&#8221;4.16&#8243; background_layout=&#8221;dark&#8221; global_colors_info=&#8221;{}&#8221;][\/et_pb_sidebar][et_pb_sidebar area=&#8221;et_pb_widget_area_8&#8243; disabled_on=&#8221;|on|on&#8221; admin_label=&#8221;Sidebar Mobile&#8221; _builder_version=&#8221;4.16&#8243; background_layout=&#8221;dark&#8221; global_colors_info=&#8221;{}&#8221;][\/et_pb_sidebar][\/et_pb_column][\/et_pb_row][\/et_pb_section][et_pb_section fb_built=&#8221;1&#8243; module_id=&#8221;about-us&#8221; _builder_version=&#8221;4.16&#8243; global_colors_info=&#8221;{}&#8221;][et_pb_row _builder_version=&#8221;4.16&#8243; background_size=&#8221;initial&#8221; background_position=&#8221;top_left&#8221; background_repeat=&#8221;repeat&#8221; global_colors_info=&#8221;{}&#8221;][et_pb_column type=&#8221;4_4&#8243; _builder_version=&#8221;4.16&#8243; custom_padding=&#8221;|||&#8221; global_colors_info=&#8221;{}&#8221; custom_padding__hover=&#8221;|||&#8221;][et_pb_text _builder_version=&#8221;4.22.1&#8243; max_width=&#8221;80%&#8221; module_alignment=&#8221;center&#8221; global_colors_info=&#8221;{}&#8221;]<\/p>\n<h1 style=\"text-align: center;\"><strong>L\u1ecbch s\u1eed<\/strong> c\u1ee7a ch\u00fang t\u00f4i<\/h1>\n<h6 style=\"text-align: center;\">Teka c\u00f3 l\u1ecbch s\u1eed 100 n\u0103m ph\u00e1t tri\u1ec3n, t\u1eeb xu\u1ea5t ph\u00e1t \u0111i\u1ec3m ch\u1ebf t\u1ea1o m\u00e1y m\u00f3c n\u00f4ng nghi\u1ec7p, cho \u0111\u1ebfn nay, tr\u1edf th\u00e0nh m\u1ed9t trong nh\u1eefng th\u01b0\u01a1ng hi\u1ec7u thi\u1ebft b\u1ecb gia d\u1ee5ng l\u1edbn nh\u1ea5t th\u1ebf gi\u1edbi<\/h6>\n<p>[\/et_pb_text][\/et_pb_column][\/et_pb_row][et_pb_row column_structure=&#8221;1_2,1_2&#8243; module_class=&#8221;custom_row&#8221; _builder_version=&#8221;4.16&#8243; background_size=&#8221;initial&#8221; background_position=&#8221;top_left&#8221; background_repeat=&#8221;repeat&#8221; global_colors_info=&#8221;{}&#8221;][et_pb_column type=&#8221;1_2&#8243; module_class=&#8221;second-on-mobile&#8221; _builder_version=&#8221;4.16&#8243; custom_padding=&#8221;|||&#8221; global_colors_info=&#8221;{}&#8221; custom_padding__hover=&#8221;|||&#8221;][et_pb_image src=&#8221;https:\/\/www.teka.com\/vi-vn\/wp-content\/uploads\/sites\/29\/2018\/11\/black-and-white-buildings-city-1024&#215;768.jpg&#8221; align_tablet=&#8221;center&#8221; align_phone=&#8221;center&#8221; align_last_edited=&#8221;on|desktop&#8221; _builder_version=&#8221;4.16&#8243; global_colors_info=&#8221;{}&#8221;][\/et_pb_image][\/et_pb_column][et_pb_column type=&#8221;1_2&#8243; module_class=&#8221;first-on-mobile&#8221; _builder_version=&#8221;4.16&#8243; custom_padding=&#8221;|||&#8221; global_colors_info=&#8221;{}&#8221; custom_padding__hover=&#8221;|||&#8221;][et_pb_text _builder_version=&#8221;4.16&#8243; global_colors_info=&#8221;{}&#8221;]<\/p>\n<h2 style=\"text-align: center\"><strong>1924-1957<\/strong><\/h2>\n<p>L\u1ecbch s\u1eed c\u1ee7a Teka b\u1eaft \u0111\u1ea7u t\u1eeb n\u0103m 1924, khi Karl Thielman l\u1eadp ra m\u1ed9t c\u00f4ng ty m\u00e1y n\u00f4ng nghi\u1ec7p t\u1ea1i \u0110\u1ee9c, v\u00e0 theo \u0111u\u1ed5i l\u0129nh v\u1ef1c n\u00e0y trong su\u1ed1t nh\u1eefng n\u0103m \u0111\u1ea7u. <\/p>\n<p>Kh\u00f4ng l\u00e2u sau \u0111\u00f3, \u00f4ng b\u1eaft \u0111\u1ea7u m\u1edf r\u1ed9ng ho\u1ea1t \u0111\u1ed9ng sang ng\u00e0nh th\u00e9p kh\u00f4ng g\u1ec9, \u0111\u00e1nh d\u1ea5u m\u1ed9t b\u01b0\u1edbc ti\u1ebfn quan tr\u1ecdng trong l\u1ecbch s\u1eed c\u1ee7a t\u1eadp \u0111o\u00e0n.<\/p>\n<p>N\u0103m 1957, Helmut Klein gia nh\u1eadp c\u00f4ng ty v\u1edbi t\u01b0 c\u00e1ch l\u00e0 m\u1ed9t \u0111\u1ed1i t\u00e1c. Sau \u0111\u00f3, th\u01b0\u01a1ng hi\u1ec7u Teka \u0111\u01b0\u1ee3c t\u1ea1o th\u00e0nh t\u1eeb c\u00e1c ch\u1eef c\u00e1i \u0111\u1ea7u c\u1ee7a t\u00ean hai nh\u00e0 s\u00e1ng l\u1eadp, Thielmann v\u00e0 Klein.<\/p>\n<p>[\/et_pb_text][\/et_pb_column][\/et_pb_row][et_pb_row column_structure=&#8221;1_2,1_2&#8243; _builder_version=&#8221;4.16&#8243; background_size=&#8221;initial&#8221; background_position=&#8221;top_left&#8221; background_repeat=&#8221;repeat&#8221; global_colors_info=&#8221;{}&#8221;][et_pb_column type=&#8221;1_2&#8243; _builder_version=&#8221;4.16&#8243; custom_padding=&#8221;|||&#8221; global_colors_info=&#8221;{}&#8221; custom_padding__hover=&#8221;|||&#8221;][et_pb_text _builder_version=&#8221;4.27.4&#8243; global_colors_info=&#8221;{}&#8221;]<\/p>\n<h2 style=\"text-align: center;\"><strong>1958-1969<\/strong><\/h2>\n<p>T\u1eeb \u0111\u00f3 tr\u1edf \u0111i, c\u00e1c s\u1ea3n ph\u1ea9m v\u1edbi th\u01b0\u01a1ng hi\u1ec7u Teka b\u1eaft \u0111\u1ea7u \u0111\u01b0\u1ee3c b\u00e0y b\u00e1n. Trong th\u1eddi gian \u0111\u1ea7u, Teka ch\u1ec9 s\u1ea3n xu\u1ea5t b\u1ed3n r\u1eeda. Nh\u1eefng n\u0103m ti\u1ebfp theo, th\u00e0nh c\u00f4ng c\u1ee7a c\u00e1c s\u1ea3n ph\u1ea9m mang \u0111\u1ebfn cho Teka c\u01a1 h\u1ed9i m\u1edf r\u1ed9ng danh m\u1ee5c s\u1ea3n ph\u1ea9m v\u00e0 b\u1eaft \u0111\u1ea7u s\u1ea3n xu\u1ea5t b\u1ebfp, l\u00f2 n\u01b0\u1edbng v\u00e0 m\u00e1y h\u00fat m\u00f9i.<\/p>\n<p>N\u0103m 1964, Teka m\u1edf chi nh\u00e1nh t\u1ea1i T\u00e2y Ban Nha, b\u1eaft \u0111\u1ea7u th\u1eddi k\u1ef3 b\u00f9ng n\u1ed5 ra th\u1ecb tr\u01b0\u1eddng qu\u1ed1c t\u1ebf v\u00e0o nh\u1eefng n\u0103m ti\u1ebfp theo, \u0111\u1ea7u ti\u00ean l\u00e0 \u1edf Ch\u00e2u \u00c2u, sau \u0111\u00f3 l\u00e0 c\u00e1c l\u1ee5c \u0111\u1ecba c\u00f2n l\u1ea1i. Trong su\u1ed1t giai \u0111o\u1ea1n n\u00e0y, danh m\u1ee5c c\u00e1c s\u1ea3n ph\u1ea9m ng\u00e0y c\u00e0ng \u0111\u01b0\u1ee3c m\u1edf r\u1ed9ng v\u00e0 \u0111\u01b0\u1ee3c bi\u1ebft t\u1edbi tr\u00ean to\u00e0n c\u1ea7u, nh\u1edd v\u00e0o thi\u1ebft k\u1ebf c\u0169ng nh\u01b0 c\u00e1c s\u1ea3n ph\u1ea9m ch\u1ea5t l\u01b0\u1ee3ng cao d\u00e0nh cho nh\u00e0 b\u1ebfp v\u00e0 nh\u00e0 t\u1eafm.<\/p>\n<p>[\/et_pb_text][\/et_pb_column][et_pb_column type=&#8221;1_2&#8243; _builder_version=&#8221;4.16&#8243; custom_padding=&#8221;|||&#8221; global_colors_info=&#8221;{}&#8221; custom_padding__hover=&#8221;|||&#8221;][et_pb_image src=&#8221;https:\/\/www.teka.com\/wp-content\/uploads\/sites\/3\/2018\/10\/shutterstock_1164436954_low_nwm.jpg&#8221; align_tablet=&#8221;center&#8221; align_phone=&#8221;center&#8221; align_last_edited=&#8221;on|desktop&#8221; _builder_version=&#8221;4.16&#8243; global_colors_info=&#8221;{}&#8221;][\/et_pb_image][\/et_pb_column][\/et_pb_row][et_pb_row column_structure=&#8221;1_2,1_2&#8243; module_class=&#8221;custom_row&#8221; _builder_version=&#8221;4.16&#8243; background_size=&#8221;initial&#8221; background_position=&#8221;top_left&#8221; background_repeat=&#8221;repeat&#8221; global_colors_info=&#8221;{}&#8221;][et_pb_column type=&#8221;1_2&#8243; module_class=&#8221;second-on-mobile&#8221; _builder_version=&#8221;4.16&#8243; custom_padding=&#8221;|||&#8221; global_colors_info=&#8221;{}&#8221; custom_padding__hover=&#8221;|||&#8221;][et_pb_image src=&#8221;https:\/\/www.teka.com\/vi-vn\/wp-content\/uploads\/sites\/29\/2018\/11\/teka-china-1024&#215;768.jpg&#8221; align_tablet=&#8221;center&#8221; align_phone=&#8221;center&#8221; align_last_edited=&#8221;on|desktop&#8221; _builder_version=&#8221;4.16&#8243; global_colors_info=&#8221;{}&#8221;][\/et_pb_image][\/et_pb_column][et_pb_column type=&#8221;1_2&#8243; module_class=&#8221;first-on-mobile&#8221; _builder_version=&#8221;4.16&#8243; custom_padding=&#8221;|||&#8221; global_colors_info=&#8221;{}&#8221; custom_padding__hover=&#8221;|||&#8221;][et_pb_text _builder_version=&#8221;4.27.4&#8243; hover_enabled=&#8221;0&#8243; global_colors_info=&#8221;{}&#8221; sticky_enabled=&#8221;0&#8243;]<\/p>\n<h2 style=\"text-align: center;\"><strong>1970-2015<\/strong><\/h2>\n<p>T\u1eeb nh\u1eefng n\u0103m 70, th\u00e0nh c\u00f4ng to l\u1edbn c\u1ee7a th\u01b0\u01a1ng hi\u1ec7u tr\u00ean kh\u1eafp c\u00e1c th\u1ecb tr\u01b0\u1eddng t\u1ea1i Ch\u00e2u \u00c2u \u0111\u00e3 cho ph\u00e9p Teka b\u1eaft \u0111\u1ea7u m\u1edf r\u1ed9ng ho\u1ea1t \u0111\u1ed9ng kinh doanh tr\u00ean quy m\u00f4 to\u00e0n c\u1ea7u. B\u1eaft \u0111\u1ea7u t\u1eeb ph\u1ea7n c\u00f2n l\u1ea1i c\u1ee7a th\u1ecb tr\u01b0\u1eddng c\u00e1c n\u01b0\u1edbc Ch\u00e2u \u00c2u, sau \u0111\u00f3 l\u00e0 Ch\u00e2u M\u1ef9, Ch\u00e2u \u00c1, Ch\u00e2u Phi v\u00e0 Trung \u0110\u00f4ng.<\/p>\n<p>Trong su\u1ed1t giai \u0111o\u1ea1n n\u00e0y, Teka chuy\u1ec3n m\u00ecnh th\u00e0nh m\u1ed9t trong nh\u1eefng nh\u00e0 t\u00e0i tr\u1ee3 th\u1ec3 thao l\u1edbn nh\u1ea5t th\u1ebf gi\u1edbi, t\u00e0i tr\u1ee3 cho CLB b\u00f3ng \u0111\u00e1 v\u00e0 b\u00f3ng r\u1ed5 Real Madrid, s\u1edf h\u1eefu m\u1ed9t CLB b\u00f3ng n\u00e9m, m\u1ed9t \u0111\u1ed9i \u0111ua xe \u0111\u1ea1p, l\u00e0 m\u1ed9t ph\u1ea7n c\u1ee7a cu\u1ed9c \u0111ua Paris-Dakar v\u00e0 th\u1eadm ch\u00ed c\u00f2n g\u00f3p m\u1eb7t trong Th\u1ebf V\u1eadn H\u1ed9i M\u00f9a \u0110\u00f4ng.<\/p>\n<p>[\/et_pb_text][\/et_pb_column][\/et_pb_row][et_pb_row column_structure=&#8221;1_2,1_2&#8243; _builder_version=&#8221;4.16&#8243; background_size=&#8221;initial&#8221; background_position=&#8221;top_left&#8221; background_repeat=&#8221;repeat&#8221; global_colors_info=&#8221;{}&#8221;][et_pb_column type=&#8221;1_2&#8243; _builder_version=&#8221;4.16&#8243; custom_padding=&#8221;|||&#8221; global_colors_info=&#8221;{}&#8221; custom_padding__hover=&#8221;|||&#8221;][et_pb_text _builder_version=&#8221;4.16&#8243; global_colors_info=&#8221;{}&#8221;]<\/p>\n<h2 style=\"text-align: center;\"><strong>Ng\u00e0y nay<\/strong><\/h2>\n<p>N\u0103m 2016, Teka cho ra m\u1eaft d\u00f2ng s\u1ea3n ph\u1ea9m Wish trong t\u1ea5t c\u1ea3 c\u00e1c thi\u1ebft b\u1ecb gia d\u1ee5ng c\u1ee7a m\u00ecnh, s\u1ef1 \u0111\u1ea7u t\u01b0 l\u1edbn nh\u1ea5t trong l\u1ecbch s\u1eed c\u00f4ng ty, \u0111\u1ed5i m\u1edbi ho\u00e0n to\u00e0n h\u1ec7 th\u1ed1ng nh\u00e0 x\u01b0\u1edfng v\u00e0 thi\u1ebft k\u1ebf.<\/p>\n<p>N\u0103m 2018, Teka gi\u1edbi thi\u1ec7u v\u1ecb th\u1ebf v\u00e0 kh\u1ea9u hi\u1ec7u m\u1edbi c\u1ee7a m\u00ecnh, \u201cN\u1ea5u \u0103n \u0111\u1ecbnh h\u00ecnh cu\u1ed9c s\u1ed1ng\u201d. C\u00f4ng ty ch\u00fang t\u00f4i \u0111\u00e3 th\u1ef1c hi\u1ec7n chi\u1ebfn d\u1ecbch qu\u1ea3ng c\u00e1o l\u1edbn nh\u1ea5t trong l\u1ecbch s\u1eed Teka, v\u1edbi m\u1ed9t \u0111o\u1ea1n phim ng\u1eafn \u0111\u01b0\u1ee3c \u0111\u1ea1o di\u1ec5n b\u1edfi \u0111\u1ea1o di\u1ec5n \u0111\u01b0\u1ee3c \u0111\u1ec1 c\u1eed gi\u1ea3i th\u01b0\u1edfng Goya &#8211; Marina Seresesky, v\u00e0 \u00e2m nh\u1ea1c th\u1ef1c hi\u1ec7n b\u1edfi Glenn James Hansard &#8211; ng\u01b0\u1eddi t\u1eebng \u0111o\u1ea1t Gi\u1ea3i th\u01b0\u1edfng H\u00e0n l\u00e2m cho b\u00e0i h\u00e1t trong phim hay nh\u1ea5t. Teka h\u1ee3p t\u00e1c v\u1edbi Fundaci\u00f3n Alzheimer Espa\u00f1a (Qu\u1ef9 Alzheimer T\u00e2y Ban Nha) cho chi\u1ebfn d\u1ecbch n\u00e0y. Video \u0111\u1ea1t 13 tri\u1ec7u l\u01b0\u1ee3t xem trong v\u00f2ng m\u1ed9t th\u00e1ng, l\u1eadp k\u1ef7 l\u1ee5c trong c\u1ea3 ng\u00e0nh c\u00f4ng nghi\u1ec7p.<\/p>\n<p>Ng\u00e0y nay, th\u00e0nh c\u00f4ng c\u1ee7a c\u00e1c s\u1ea3n ph\u1ea9m Teka \u0111\u00e3 n\u1ed5i ti\u1ebfng tr\u00ean to\u00e0n th\u1ebf gi\u1edbi, \u0111\u1ea1t \u0111\u01b0\u1ee3c h\u00e0ng lo\u1ea1t gi\u1ea3i th\u01b0\u1edfng v\u00e0 th\u00e0nh t\u00edch, nh\u01b0 t\u1ea1i th\u1ecb tr\u01b0\u1eddng T\u00e2y Ban Nha, n\u01a1i m\u1ed9t n\u1eeda c\u00e1c h\u1ed9 gia \u0111\u00ecnh \u0111\u1ec1u s\u1edf h\u1eefu \u00edt nh\u1ea5t m\u1ed9t s\u1ea3n ph\u1ea9m Teka.<\/p>\n<p>[\/et_pb_text][\/et_pb_column][et_pb_column type=&#8221;1_2&#8243; _builder_version=&#8221;4.16&#8243; custom_padding=&#8221;|||&#8221; global_colors_info=&#8221;{}&#8221; custom_padding__hover=&#8221;|||&#8221;][et_pb_image src=&#8221;https:\/\/www.teka.com\/vi-vn\/wp-content\/uploads\/sites\/29\/2018\/11\/teka-hobs-iknob-IT-6450-1024&#215;768.jpg&#8221; align=&#8221;center&#8221; align_tablet=&#8221;center&#8221; align_phone=&#8221;center&#8221; align_last_edited=&#8221;on|desktop&#8221; _builder_version=&#8221;4.16&#8243; global_colors_info=&#8221;{}&#8221;][\/et_pb_image][\/et_pb_column][\/et_pb_row][\/et_pb_section]<\/p>\n","protected":false},"excerpt":{"rendered":"<p>&nbsp; Teka Group, Xu\u1ea5t x\u1ee9 \u0110\u1ee9c &nbsp; &nbsp; &nbsp;L\u1ecbch s\u1eed c\u1ee7a ch\u00fang t\u00f4i Teka c\u00f3 l\u1ecbch s\u1eed 100 n\u0103m ph\u00e1t tri\u1ec3n, t\u1eeb xu\u1ea5t ph\u00e1t \u0111i\u1ec3m ch\u1ebf t\u1ea1o m\u00e1y m\u00f3c n\u00f4ng nghi\u1ec7p, cho \u0111\u1ebfn nay, tr\u1edf th\u00e0nh m\u1ed9t trong nh\u1eefng th\u01b0\u01a1ng hi\u1ec7u thi\u1ebft b\u1ecb gia d\u1ee5ng l\u1edbn nh\u1ea5t th\u1ebf gi\u1edbi1924-1957 L\u1ecbch s\u1eed c\u1ee7a Teka b\u1eaft \u0111\u1ea7u [&hellip;]<\/p>\n","protected":false},"author":9,"featured_media":0,"parent":21989,"menu_order":2,"comment_status":"closed","ping_status":"closed","template":"","meta":{"_acf_changed":false,"_et_pb_use_builder":"on","_et_pb_old_content":"","_et_gb_content_width":"","footnotes":""},"class_list":["post-21992","page","type-page","status-publish","hentry"],"acf":[],"yoast_head":"<!-- This site is optimized with the Yoast SEO plugin v27.2 - https:\/\/yoast.com\/product\/yoast-seo-wordpress\/ -->\n<title>The history behind Teka brand | About the company<\/title>\n<meta name=\"description\" content=\"Teka has a history of more than 90 years, since the beginning of its activity manufacturing agricultura machinery, until now, becoming one of the most important appliances brand around the world.\" \/>\n<meta name=\"robots\" content=\"index, follow, max-snippet:-1, max-image-preview:large, max-video-preview:-1\" \/>\n<link rel=\"canonical\" href=\"https:\/\/www.teka.com\/vi-vn\/ve-chung-toi\/lich-su\/\" \/>\n<meta property=\"og:locale\" content=\"vi_VN\" \/>\n<meta property=\"og:type\" content=\"article\" \/>\n<meta property=\"og:title\" content=\"The history behind Teka brand | About the company\" \/>\n<meta property=\"og:description\" content=\"Teka has a history of more than 90 years, since the beginning of its activity manufacturing agricultura machinery, until now, becoming one of the most important appliances brand around the world.\" \/>\n<meta property=\"og:url\" content=\"https:\/\/www.teka.com\/vi-vn\/ve-chung-toi\/lich-su\/\" \/>\n<meta property=\"og:site_name\" content=\"Teka Vietnam\" \/>\n<meta property=\"article:modified_time\" content=\"2025-04-04T07:58:23+00:00\" \/>\n<meta name=\"twitter:card\" content=\"summary_large_image\" \/>\n<meta name=\"twitter:label1\" content=\"\u01af\u1edbc t\u00ednh th\u1eddi gian \u0111\u1ecdc\" \/>\n\t<meta name=\"twitter:data1\" content=\"4 ph\u00fat\" \/>\n<script type=\"application\/ld+json\" class=\"yoast-schema-graph\">{\"@context\":\"https:\/\/schema.org\",\"@graph\":[{\"@type\":\"WebPage\",\"@id\":\"https:\/\/www.teka.com\/vi-vn\/ve-chung-toi\/lich-su\/\",\"url\":\"https:\/\/www.teka.com\/vi-vn\/ve-chung-toi\/lich-su\/\",\"name\":\"The history behind Teka brand | About the company\",\"isPartOf\":{\"@id\":\"https:\/\/www.teka.com\/vi-vn\/#website\"},\"datePublished\":\"2018-09-11T08:07:26+00:00\",\"dateModified\":\"2025-04-04T07:58:23+00:00\",\"description\":\"Teka has a history of more than 90 years, since the beginning of its activity manufacturing agricultura machinery, until now, becoming one of the most important appliances brand around the world.\",\"breadcrumb\":{\"@id\":\"https:\/\/www.teka.com\/vi-vn\/ve-chung-toi\/lich-su\/#breadcrumb\"},\"inLanguage\":\"vi\",\"potentialAction\":[{\"@type\":\"ReadAction\",\"target\":[\"https:\/\/www.teka.com\/vi-vn\/ve-chung-toi\/lich-su\/\"]}]},{\"@type\":\"BreadcrumbList\",\"@id\":\"https:\/\/www.teka.com\/vi-vn\/ve-chung-toi\/lich-su\/#breadcrumb\",\"itemListElement\":[{\"@type\":\"ListItem\",\"position\":1,\"name\":\"V\u1ec1 ch\u00fang t\u00f4i\",\"item\":\"https:\/\/www.teka.com\/vi-vn\/ve-chung-toi\/\"},{\"@type\":\"ListItem\",\"position\":2,\"name\":\"L\u1ecaCH S\u1eec\"}]},{\"@type\":\"WebSite\",\"@id\":\"https:\/\/www.teka.com\/vi-vn\/#website\",\"url\":\"https:\/\/www.teka.com\/vi-vn\/\",\"name\":\"Teka Vietnam\",\"description\":\"\",\"potentialAction\":[{\"@type\":\"SearchAction\",\"target\":{\"@type\":\"EntryPoint\",\"urlTemplate\":\"https:\/\/www.teka.com\/vi-vn\/?s={search_term_string}\"},\"query-input\":{\"@type\":\"PropertyValueSpecification\",\"valueRequired\":true,\"valueName\":\"search_term_string\"}}],\"inLanguage\":\"vi\"}]}<\/script>\n<!-- \/ Yoast SEO plugin. -->","yoast_head_json":{"title":"The history behind Teka brand | About the company","description":"Teka has a history of more than 90 years, since the beginning of its activity manufacturing agricultura machinery, until now, becoming one of the most important appliances brand around the world.","robots":{"index":"index","follow":"follow","max-snippet":"max-snippet:-1","max-image-preview":"max-image-preview:large","max-video-preview":"max-video-preview:-1"},"canonical":"https:\/\/www.teka.com\/vi-vn\/ve-chung-toi\/lich-su\/","og_locale":"vi_VN","og_type":"article","og_title":"The history behind Teka brand | About the company","og_description":"Teka has a history of more than 90 years, since the beginning of its activity manufacturing agricultura machinery, until now, becoming one of the most important appliances brand around the world.","og_url":"https:\/\/www.teka.com\/vi-vn\/ve-chung-toi\/lich-su\/","og_site_name":"Teka Vietnam","article_modified_time":"2025-04-04T07:58:23+00:00","twitter_card":"summary_large_image","twitter_misc":{"\u01af\u1edbc t\u00ednh th\u1eddi gian \u0111\u1ecdc":"4 ph\u00fat"},"schema":{"@context":"https:\/\/schema.org","@graph":[{"@type":"WebPage","@id":"https:\/\/www.teka.com\/vi-vn\/ve-chung-toi\/lich-su\/","url":"https:\/\/www.teka.com\/vi-vn\/ve-chung-toi\/lich-su\/","name":"The history behind Teka brand | About the company","isPartOf":{"@id":"https:\/\/www.teka.com\/vi-vn\/#website"},"datePublished":"2018-09-11T08:07:26+00:00","dateModified":"2025-04-04T07:58:23+00:00","description":"Teka has a history of more than 90 years, since the beginning of its activity manufacturing agricultura machinery, until now, becoming one of the most important appliances brand around the world.","breadcrumb":{"@id":"https:\/\/www.teka.com\/vi-vn\/ve-chung-toi\/lich-su\/#breadcrumb"},"inLanguage":"vi","potentialAction":[{"@type":"ReadAction","target":["https:\/\/www.teka.com\/vi-vn\/ve-chung-toi\/lich-su\/"]}]},{"@type":"BreadcrumbList","@id":"https:\/\/www.teka.com\/vi-vn\/ve-chung-toi\/lich-su\/#breadcrumb","itemListElement":[{"@type":"ListItem","position":1,"name":"V\u1ec1 ch\u00fang t\u00f4i","item":"https:\/\/www.teka.com\/vi-vn\/ve-chung-toi\/"},{"@type":"ListItem","position":2,"name":"L\u1ecaCH S\u1eec"}]},{"@type":"WebSite","@id":"https:\/\/www.teka.com\/vi-vn\/#website","url":"https:\/\/www.teka.com\/vi-vn\/","name":"Teka Vietnam","description":"","potentialAction":[{"@type":"SearchAction","target":{"@type":"EntryPoint","urlTemplate":"https:\/\/www.teka.com\/vi-vn\/?s={search_term_string}"},"query-input":{"@type":"PropertyValueSpecification","valueRequired":true,"valueName":"search_term_string"}}],"inLanguage":"vi"}]}},"_links":{"self":[{"href":"https:\/\/www.teka.com\/vi-vn\/wp-json\/wp\/v2\/pages\/21992","targetHints":{"allow":["GET"]}}],"collection":[{"href":"https:\/\/www.teka.com\/vi-vn\/wp-json\/wp\/v2\/pages"}],"about":[{"href":"https:\/\/www.teka.com\/vi-vn\/wp-json\/wp\/v2\/types\/page"}],"author":[{"embeddable":true,"href":"https:\/\/www.teka.com\/vi-vn\/wp-json\/wp\/v2\/users\/9"}],"replies":[{"embeddable":true,"href":"https:\/\/www.teka.com\/vi-vn\/wp-json\/wp\/v2\/comments?post=21992"}],"version-history":[{"count":46,"href":"https:\/\/www.teka.com\/vi-vn\/wp-json\/wp\/v2\/pages\/21992\/revisions"}],"predecessor-version":[{"id":64310,"href":"https:\/\/www.teka.com\/vi-vn\/wp-json\/wp\/v2\/pages\/21992\/revisions\/64310"}],"up":[{"embeddable":true,"href":"https:\/\/www.teka.com\/vi-vn\/wp-json\/wp\/v2\/pages\/21989"}],"wp:attachment":[{"href":"https:\/\/www.teka.com\/vi-vn\/wp-json\/wp\/v2\/media?parent=21992"}],"curies":[{"name":"wp","href":"https:\/\/api.w.org\/{rel}","templated":true}]}}