{"id":23564,"date":"2018-09-24T15:55:57","date_gmt":"2018-09-24T15:55:57","guid":{"rendered":"http:\/\/teka.com\/?page_id=23564"},"modified":"2020-08-17T10:26:04","modified_gmt":"2020-08-17T10:26:04","slug":"dieu-kien-bao-hanh","status":"publish","type":"page","link":"https:\/\/www.teka.com\/vi-vn\/ho-tro\/dieu-kien-bao-hanh\/","title":{"rendered":"\u0110i\u1ec1u ki\u1ec7n b\u1ea3o h\u00e0nh"},"content":{"rendered":"<p>[et_pb_section fb_built=&#8221;1&#8243; module_id=&#8221;legal-container&#8221; _builder_version=&#8221;3.22&#8243;][et_pb_row _builder_version=&#8221;3.25&#8243;][et_pb_column type=&#8221;4_4&#8243; _builder_version=&#8221;3.25&#8243; custom_padding=&#8221;|||&#8221; custom_padding__hover=&#8221;|||&#8221;][et_pb_text _builder_version=&#8221;3.27.4&#8243;]<\/p>\n<h1>\u0110i\u1ec1u ki\u1ec7n b\u1ea3o h\u00e0nh<\/h1>\n<p>[\/et_pb_text][et_pb_text _builder_version=&#8221;3.27.4&#8243;]<strong>A. B\u1ea3o h\u00e0nh:<\/strong><br \/>\n\u2022 B\u1ea3o h\u00e0nh 75 n\u0103m k\u1ec3 t\u1eeb ng\u00e0y mua \u0111\u1ed1i v\u1edbi s\u1ea3n ph\u1ea9m ch\u1eadu r\u1eeda (kh\u00f4ng bao g\u1ed3m c\u00e1c ph\u1ee5 ki\u1ec7n k\u00e8m theo)<br \/>\n\u2022 B\u1ea3o h\u00e0nh 3 n\u0103m k\u1ec3 t\u1eeb ng\u00e0y mua \u0111\u1ed1i v\u1edbi s\u1ea3n ph\u1ea9m b\u1ebfp \u0111i\u1ec7n t\u1eeb.<br \/>\n\u2022 B\u1ea3o h\u00e0nh 2 n\u0103m k\u1ec3 t\u1eeb ng\u00e0y mua \u0111\u1ed1i v\u1edbi c\u00e1c s\u1ea3n ph\u1ea9m: l\u00f2 n\u01b0\u1edbng, l\u00f2 vi s\u00f3ng, l\u00f2 h\u1ea5p, m\u00e1y h\u00fat kh\u00f3i, b\u1ebfp \u0111i\u1ec7n, b\u1ebfp ga, t\u1ee7 l\u1ea1nh, t\u1ee7 \u1ee7 r\u01b0\u1ee3u, m\u00e1y pha<br \/>\ncaf\u00e9, m\u00e1y r\u1eeda ch\u00e9n, m\u00e1y gi\u1eb7t, m\u00e1y s\u1ea5y, ma\u0301y hu\u0309y ra\u0301c, v\u00f2i ch\u1eadu r\u1eeda, v\u00f2i sen t\u1eafm.<br \/>\n\u2022 Trong th\u1eddi gian b\u1ea3o h\u00e0nh, Teka s\u1ebd ch\u1ecbu tr\u00e1ch nhi\u1ec7m b\u1ea3o h\u00e0nh mi\u1ec5n ph\u00ed m\u1ecdi h\u01b0 h\u1ecfng do l\u1ed7i c\u1ee7a nh\u00e0 s\u1ea3n xu\u1ea5t trong \u0111i\u1ec1u ki\u1ec7n s\u1eed d\u1ee5ng b\u00ecnh th\u01b0\u1eddng.<br \/>\n\u2022 N\u1ebfu s\u1eed d\u1ee5ng s\u1ea3n ph\u1ea9m cho c\u00f4ng ty, c\u00f4ng x\u01b0\u1edfng, x\u00ed nghi\u1ec7p, c\u01a1 s\u1edf s\u1ea3n xu\u1ea5t, c\u01a1 quan, v\u0103n ph\u00f2ng, tr\u01b0\u1eddng h\u1ecdc, b\u1ec7nh vi\u1ec7n, kinh doanh kh\u00e1ch s\u1ea1n<br \/>\nnh\u00e0 h\u00e0ng, gi\u1eb7t \u1ee7i,\u2026., ngo\u00e0i m\u1ee5c \u0111\u00edch ph\u1ee5c v\u1ee5 h\u1ed9 gia \u0111\u00ecnh, s\u1ea3n ph\u1ea9m ch\u1ec9 \u0111\u01b0\u1ee3c b\u1ea3o h\u00e0nh 6 th\u00e1ng k\u1ec3 t\u1eeb ng\u00e0y mua.<br \/>\n\u2022 Teka kh\u00f4ng ch\u1ecbu tr\u00e1ch nhi\u1ec7m b\u1ea3o h\u00e0nh mi\u1ec5n ph\u00ed trong c\u00e1c tr\u01b0\u1eddng h\u1ee3p sau:<br \/>\n\u2013 Tr\u01b0\u1eddng h\u1ee3p h\u01b0 h\u1ecfng do l\u1eafp \u0111\u1eb7t, s\u1eed d\u1ee5ng, b\u1ea3o qu\u1ea3n kh\u00f4ng \u0111\u00fang c\u00e1ch, s\u1eed d\u1ee5ng kh\u00f4ng \u0111\u00fang m\u1ee5c \u0111\u00edch, kh\u00f4ng tu\u00e2n theo h\u01b0\u1edbng d\u1eabn s\u1eed d\u1ee5ng<br \/>\nk\u00e8m theo s\u1ea3n ph\u1ea9m.<br \/>\n\u2013 Tr\u01b0\u1eddng h\u1ee3p h\u01b0 h\u1ecfng do c\u00e1c nguy\u00ean nh\u00e2n: r\u1ee7i ro v\u1ec1 h\u1ecfa ho\u1ea1n, thi\u00ean tai, d\u1ecbch h\u1ecda, hao m\u00f2n t\u1ef1 nhi\u00ean, m\u00f4i tr\u01b0\u1eddng s\u1eed d\u1ee5ng kh\u00f4ng \u0111\u1ea3m b\u1ea3o, s\u1ea3n<br \/>\nph\u1ea9m b\u1ecb r\u01a1i \u0111\u1ed5, b\u1ecb c\u00f4n tr\u00f9ng x\u00e2m nh\u1eadp (gi\u00e1n, ki\u1ebfn, m\u1ed1i, chu\u1ed9t , v.v.)<br \/>\n\u2013 Tr\u01b0\u1eddng h\u1ee3p h\u01b0 h\u1ecfng do ngu\u1ed3n \u0111i\u1ec7n kh\u00f4ng \u1ed5n \u0111\u1ecbnh ho\u1eb7c dao \u0111\u1ed9ng qu\u00e1 kh\u1ea3 n\u0103ng cho ph\u00e9p: 220V &#8211; 240V\/50Hz<br \/>\n\u2013 Tr\u01b0\u1eddng h\u1ee3p m\u1ea5t ho\u1eb7c b\u1ec3 v\u1ee1, h\u01b0 h\u1ecfng c\u00e1c ph\u1ee5 ki\u1ec7n b\u1eb1ng ki\u1ebfng, nh\u1ef1a, kim lo\u1ea1i, cao su, than, v.v. (v\u00ed d\u1ee5: m\u1eb7t ki\u1ebfng, khay, gi\u00e1 t\u1ee7 l\u1ea1nh, than ho\u1ea1t<br \/>\nt\u00ednh, b\u1ed9 ph\u1eadn l\u1ecdc c\u00e1c lo\u1ea1i, v.v\u2026) ho\u1eb7c c\u00e1c lo\u1ea1i h\u00ecnh th\u1ee9c b\u00ean ngo\u00e0i nh\u01b0 m\u00f3p m\u00e9o, tr\u1ea7y x\u01b0\u1edbc, \u1ed1 b\u1ea9n, \u1ed1 v\u00e0ng, g\u1ec9 s\u00e9t \u2026<br \/>\n\u2013 Tr\u01b0\u1eddng h\u1ee3p h\u01b0 h\u1ecfng do t\u1ef1 \u00fd s\u1eeda ch\u1eefa, thay \u0111\u1ed5i c\u1ea5u tr\u00fac s\u1ea3n ph\u1ea9m.<br \/>\n\u2013 Tr\u01b0\u1eddng h\u1ee3p h\u01b0 h\u1ecfng do kh\u00f4ng ch\u0103m s\u00f3c, v\u00ea\u0323 sinh th\u01b0\u01a1\u0300ng xuy\u00ean.<br \/>\n<strong>B. D\u1ecbch v\u1ee5 b\u1ea3o d\u01b0\u1ee1ng v\u00e0 b\u1ea3o tr\u00ec:<\/strong><br \/>\nSau th\u1eddi gian b\u1ea3o h\u00e0nh mi\u1ec5n ph\u00ed, Teka ti\u1ebfp t\u1ee5c cung c\u1ea5p c\u00e1c d\u1ecbch v\u1ee5 b\u1ea3o tr\u00ec, s\u1eeda ch\u1eefa cho t\u1ea5t c\u1ea3 c\u00e1c s\u1ea3n ph\u1ea9m Teka tr\u00ean to\u00e0n qu\u1ed1c v\u00e0 kh\u00e1ch h\u00e0ng<br \/>\nph\u1ea3i tr\u1ea3 ph\u00ed cho nh\u1eefng d\u1ecbch v\u1ee5 do Teka cung c\u1ea5p.<br \/>\nB\u1ea3o h\u00e0nh 6 th\u00e1ng k\u1ec3 t\u1eeb ng\u00e0y thay (t\u00ednh ph\u00ed) \u0111\u1ed1i v\u1edbi bo m\u1ea1ch, motor, block t\u1ee7 l\u1ea1nh.<br \/>\n<strong>C. L\u01b0u \u00fd:<\/strong><br \/>\n\u2022 Phi\u1ebfu b\u1ea3o h\u00e0nh h\u1ee3p l\u1ec7 l\u00e0 phi\u1ebfu b\u1ea3o h\u00e0nh ph\u1ea3i c\u00f3 \u0111\u00f3ng d\u1ea5u m\u1ed9c tr\u00f2n c\u1ee7a C\u00f4ng ty TNHH Teka Vi\u1ec7t Nam.<br \/>\n\u2022 Kh\u00f4ng ch\u1ea5p nh\u1eadn nh\u1eefng phi\u1ebfu b\u1ea3o h\u00e0nh b\u1ecb t\u1ea9y x\u00f3a, r\u00e1ch r\u1eddi, ch\u1eafp v\u00e1.<br \/>\n\u2022 Ch\u1ec9 \u00e1p d\u1ee5ng ch\u1ebf \u0111\u1ed9 b\u1ea3o h\u00e0nh n\u00eau tr\u00ean \u0111\u1ed1i v\u1edbi nh\u1eefng s\u1ea3n ph\u1ea9m c\u00f3 phi\u1ebfu b\u1ea3o h\u00e0nh c\u1ee7a C\u00f4ng ty TNHH Teka Vi\u1ec7t Nam.<br \/>\n[\/et_pb_text][\/et_pb_column][\/et_pb_row][\/et_pb_section]<\/p>\n","protected":false},"excerpt":{"rendered":"<p>\u0110i\u1ec1u ki\u1ec7n b\u1ea3o h\u00e0nh A. B\u1ea3o h\u00e0nh: \u2022 B\u1ea3o h\u00e0nh 75 n\u0103m k\u1ec3 t\u1eeb ng\u00e0y mua \u0111\u1ed1i v\u1edbi s\u1ea3n ph\u1ea9m ch\u1eadu r\u1eeda (kh\u00f4ng bao g\u1ed3m c\u00e1c ph\u1ee5 ki\u1ec7n k\u00e8m theo) \u2022 B\u1ea3o h\u00e0nh 3 n\u0103m k\u1ec3 t\u1eeb ng\u00e0y mua \u0111\u1ed1i v\u1edbi s\u1ea3n ph\u1ea9m b\u1ebfp \u0111i\u1ec7n t\u1eeb. \u2022 B\u1ea3o h\u00e0nh 2 n\u0103m k\u1ec3 t\u1eeb ng\u00e0y mua [&hellip;]<\/p>\n","protected":false},"author":9,"featured_media":0,"parent":5193,"menu_order":0,"comment_status":"closed","ping_status":"closed","template":"","meta":{"_acf_changed":false,"_et_pb_use_builder":"on","_et_pb_old_content":"","_et_gb_content_width":"","footnotes":""},"class_list":["post-23564","page","type-page","status-publish","hentry"],"acf":[],"yoast_head":"<!-- This site is optimized with the Yoast SEO plugin v27.2 - https:\/\/yoast.com\/product\/yoast-seo-wordpress\/ -->\n<title>\u0110i\u1ec1u ki\u1ec7n b\u1ea3o h\u00e0nh | H\u1ed7 tr\u1ee3 | Teka Vietnam<\/title>\n<meta name=\"robots\" content=\"index, follow, max-snippet:-1, max-image-preview:large, max-video-preview:-1\" \/>\n<link rel=\"canonical\" href=\"https:\/\/www.teka.com\/vi-vn\/ho-tro\/dieu-kien-bao-hanh\/\" \/>\n<meta property=\"og:locale\" content=\"vi_VN\" \/>\n<meta property=\"og:type\" content=\"article\" \/>\n<meta property=\"og:title\" content=\"\u0110i\u1ec1u ki\u1ec7n b\u1ea3o h\u00e0nh | H\u1ed7 tr\u1ee3 | Teka Vietnam\" \/>\n<meta property=\"og:description\" content=\"\u0110i\u1ec1u ki\u1ec7n b\u1ea3o h\u00e0nh A. B\u1ea3o h\u00e0nh: \u2022 B\u1ea3o h\u00e0nh 75 n\u0103m k\u1ec3 t\u1eeb ng\u00e0y mua \u0111\u1ed1i v\u1edbi s\u1ea3n ph\u1ea9m ch\u1eadu r\u1eeda (kh\u00f4ng bao g\u1ed3m c\u00e1c ph\u1ee5 ki\u1ec7n k\u00e8m theo) \u2022 B\u1ea3o h\u00e0nh 3 n\u0103m k\u1ec3 t\u1eeb ng\u00e0y mua \u0111\u1ed1i v\u1edbi s\u1ea3n ph\u1ea9m b\u1ebfp \u0111i\u1ec7n t\u1eeb. \u2022 B\u1ea3o h\u00e0nh 2 n\u0103m k\u1ec3 t\u1eeb ng\u00e0y mua [&hellip;]\" \/>\n<meta property=\"og:url\" content=\"https:\/\/www.teka.com\/vi-vn\/ho-tro\/dieu-kien-bao-hanh\/\" \/>\n<meta property=\"og:site_name\" content=\"Teka Vietnam\" \/>\n<meta property=\"article:modified_time\" content=\"2020-08-17T10:26:04+00:00\" \/>\n<meta name=\"twitter:card\" content=\"summary_large_image\" \/>\n<meta name=\"twitter:label1\" content=\"\u01af\u1edbc t\u00ednh th\u1eddi gian \u0111\u1ecdc\" \/>\n\t<meta name=\"twitter:data1\" content=\"4 ph\u00fat\" \/>\n<script type=\"application\/ld+json\" class=\"yoast-schema-graph\">{\"@context\":\"https:\/\/schema.org\",\"@graph\":[{\"@type\":\"WebPage\",\"@id\":\"https:\/\/www.teka.com\/vi-vn\/ho-tro\/dieu-kien-bao-hanh\/\",\"url\":\"https:\/\/www.teka.com\/vi-vn\/ho-tro\/dieu-kien-bao-hanh\/\",\"name\":\"\u0110i\u1ec1u ki\u1ec7n b\u1ea3o h\u00e0nh | H\u1ed7 tr\u1ee3 | Teka Vietnam\",\"isPartOf\":{\"@id\":\"https:\/\/www.teka.com\/vi-vn\/#website\"},\"datePublished\":\"2018-09-24T15:55:57+00:00\",\"dateModified\":\"2020-08-17T10:26:04+00:00\",\"breadcrumb\":{\"@id\":\"https:\/\/www.teka.com\/vi-vn\/ho-tro\/dieu-kien-bao-hanh\/#breadcrumb\"},\"inLanguage\":\"vi\",\"potentialAction\":[{\"@type\":\"ReadAction\",\"target\":[\"https:\/\/www.teka.com\/vi-vn\/ho-tro\/dieu-kien-bao-hanh\/\"]}]},{\"@type\":\"BreadcrumbList\",\"@id\":\"https:\/\/www.teka.com\/vi-vn\/ho-tro\/dieu-kien-bao-hanh\/#breadcrumb\",\"itemListElement\":[{\"@type\":\"ListItem\",\"position\":1,\"name\":\"H\u1ed7 tr\u1ee3\",\"item\":\"https:\/\/www.teka.com\/vi-vn\/ho-tro\/\"},{\"@type\":\"ListItem\",\"position\":2,\"name\":\"\u0110i\u1ec1u ki\u1ec7n b\u1ea3o h\u00e0nh\"}]},{\"@type\":\"WebSite\",\"@id\":\"https:\/\/www.teka.com\/vi-vn\/#website\",\"url\":\"https:\/\/www.teka.com\/vi-vn\/\",\"name\":\"Teka Vietnam\",\"description\":\"\",\"potentialAction\":[{\"@type\":\"SearchAction\",\"target\":{\"@type\":\"EntryPoint\",\"urlTemplate\":\"https:\/\/www.teka.com\/vi-vn\/?s={search_term_string}\"},\"query-input\":{\"@type\":\"PropertyValueSpecification\",\"valueRequired\":true,\"valueName\":\"search_term_string\"}}],\"inLanguage\":\"vi\"}]}<\/script>\n<!-- \/ Yoast SEO plugin. -->","yoast_head_json":{"title":"\u0110i\u1ec1u ki\u1ec7n b\u1ea3o h\u00e0nh | H\u1ed7 tr\u1ee3 | Teka Vietnam","robots":{"index":"index","follow":"follow","max-snippet":"max-snippet:-1","max-image-preview":"max-image-preview:large","max-video-preview":"max-video-preview:-1"},"canonical":"https:\/\/www.teka.com\/vi-vn\/ho-tro\/dieu-kien-bao-hanh\/","og_locale":"vi_VN","og_type":"article","og_title":"\u0110i\u1ec1u ki\u1ec7n b\u1ea3o h\u00e0nh | H\u1ed7 tr\u1ee3 | Teka Vietnam","og_description":"\u0110i\u1ec1u ki\u1ec7n b\u1ea3o h\u00e0nh A. B\u1ea3o h\u00e0nh: \u2022 B\u1ea3o h\u00e0nh 75 n\u0103m k\u1ec3 t\u1eeb ng\u00e0y mua \u0111\u1ed1i v\u1edbi s\u1ea3n ph\u1ea9m ch\u1eadu r\u1eeda (kh\u00f4ng bao g\u1ed3m c\u00e1c ph\u1ee5 ki\u1ec7n k\u00e8m theo) \u2022 B\u1ea3o h\u00e0nh 3 n\u0103m k\u1ec3 t\u1eeb ng\u00e0y mua \u0111\u1ed1i v\u1edbi s\u1ea3n ph\u1ea9m b\u1ebfp \u0111i\u1ec7n t\u1eeb. \u2022 B\u1ea3o h\u00e0nh 2 n\u0103m k\u1ec3 t\u1eeb ng\u00e0y mua [&hellip;]","og_url":"https:\/\/www.teka.com\/vi-vn\/ho-tro\/dieu-kien-bao-hanh\/","og_site_name":"Teka Vietnam","article_modified_time":"2020-08-17T10:26:04+00:00","twitter_card":"summary_large_image","twitter_misc":{"\u01af\u1edbc t\u00ednh th\u1eddi gian \u0111\u1ecdc":"4 ph\u00fat"},"schema":{"@context":"https:\/\/schema.org","@graph":[{"@type":"WebPage","@id":"https:\/\/www.teka.com\/vi-vn\/ho-tro\/dieu-kien-bao-hanh\/","url":"https:\/\/www.teka.com\/vi-vn\/ho-tro\/dieu-kien-bao-hanh\/","name":"\u0110i\u1ec1u ki\u1ec7n b\u1ea3o h\u00e0nh | H\u1ed7 tr\u1ee3 | Teka Vietnam","isPartOf":{"@id":"https:\/\/www.teka.com\/vi-vn\/#website"},"datePublished":"2018-09-24T15:55:57+00:00","dateModified":"2020-08-17T10:26:04+00:00","breadcrumb":{"@id":"https:\/\/www.teka.com\/vi-vn\/ho-tro\/dieu-kien-bao-hanh\/#breadcrumb"},"inLanguage":"vi","potentialAction":[{"@type":"ReadAction","target":["https:\/\/www.teka.com\/vi-vn\/ho-tro\/dieu-kien-bao-hanh\/"]}]},{"@type":"BreadcrumbList","@id":"https:\/\/www.teka.com\/vi-vn\/ho-tro\/dieu-kien-bao-hanh\/#breadcrumb","itemListElement":[{"@type":"ListItem","position":1,"name":"H\u1ed7 tr\u1ee3","item":"https:\/\/www.teka.com\/vi-vn\/ho-tro\/"},{"@type":"ListItem","position":2,"name":"\u0110i\u1ec1u ki\u1ec7n b\u1ea3o h\u00e0nh"}]},{"@type":"WebSite","@id":"https:\/\/www.teka.com\/vi-vn\/#website","url":"https:\/\/www.teka.com\/vi-vn\/","name":"Teka Vietnam","description":"","potentialAction":[{"@type":"SearchAction","target":{"@type":"EntryPoint","urlTemplate":"https:\/\/www.teka.com\/vi-vn\/?s={search_term_string}"},"query-input":{"@type":"PropertyValueSpecification","valueRequired":true,"valueName":"search_term_string"}}],"inLanguage":"vi"}]}},"_links":{"self":[{"href":"https:\/\/www.teka.com\/vi-vn\/wp-json\/wp\/v2\/pages\/23564","targetHints":{"allow":["GET"]}}],"collection":[{"href":"https:\/\/www.teka.com\/vi-vn\/wp-json\/wp\/v2\/pages"}],"about":[{"href":"https:\/\/www.teka.com\/vi-vn\/wp-json\/wp\/v2\/types\/page"}],"author":[{"embeddable":true,"href":"https:\/\/www.teka.com\/vi-vn\/wp-json\/wp\/v2\/users\/9"}],"replies":[{"embeddable":true,"href":"https:\/\/www.teka.com\/vi-vn\/wp-json\/wp\/v2\/comments?post=23564"}],"version-history":[{"count":9,"href":"https:\/\/www.teka.com\/vi-vn\/wp-json\/wp\/v2\/pages\/23564\/revisions"}],"predecessor-version":[{"id":59040,"href":"https:\/\/www.teka.com\/vi-vn\/wp-json\/wp\/v2\/pages\/23564\/revisions\/59040"}],"up":[{"embeddable":true,"href":"https:\/\/www.teka.com\/vi-vn\/wp-json\/wp\/v2\/pages\/5193"}],"wp:attachment":[{"href":"https:\/\/www.teka.com\/vi-vn\/wp-json\/wp\/v2\/media?parent=23564"}],"curies":[{"name":"wp","href":"https:\/\/api.w.org\/{rel}","templated":true}]}}