{"id":5193,"date":"2018-08-09T09:59:03","date_gmt":"2018-08-09T09:59:03","guid":{"rendered":"http:\/\/teka.com\/?page_id=5193"},"modified":"2025-02-27T14:55:57","modified_gmt":"2025-02-27T07:55:57","slug":"ho-tro","status":"publish","type":"page","link":"https:\/\/www.teka.com\/vi-vn\/ho-tro\/","title":{"rendered":"H\u1ed7 tr\u1ee3"},"content":{"rendered":"<p>[et_pb_section fb_built=&#8221;1&#8243; module_id=&#8221;support-faq&#8221; _builder_version=&#8221;4.27.4&#8243; background_image=&#8221;https:\/\/www.teka.com\/vi-vn\/wp-content\/uploads\/sites\/29\/2018\/11\/teka-web-support-1920&#215;833.jpg&#8221; background_position=&#8221;center_left&#8221; hover_enabled=&#8221;0&#8243; global_module=&#8221;5258&#8243; global_colors_info=&#8221;{}&#8221; sticky_enabled=&#8221;0&#8243;][et_pb_row column_structure=&#8221;1_2,1_2&#8243; _builder_version=&#8221;4.27.4&#8243; background_size=&#8221;initial&#8221; background_position=&#8221;top_left&#8221; background_repeat=&#8221;repeat&#8221; hover_enabled=&#8221;0&#8243; global_colors_info=&#8221;{}&#8221; sticky_enabled=&#8221;0&#8243;][et_pb_column type=&#8221;1_2&#8243; _builder_version=&#8221;4.16&#8243; custom_padding=&#8221;|||&#8221; global_colors_info=&#8221;{}&#8221; custom_padding__hover=&#8221;|||&#8221;][\/et_pb_column][et_pb_column type=&#8221;1_2&#8243; _builder_version=&#8221;4.16&#8243; custom_padding=&#8221;|||&#8221; global_colors_info=&#8221;{}&#8221; custom_padding__hover=&#8221;|||&#8221;][et_pb_text _builder_version=&#8221;4.27.4&#8243; hover_enabled=&#8221;0&#8243; global_colors_info=&#8221;{}&#8221; sticky_enabled=&#8221;0&#8243;]<\/p>\n<h2><span style=\"color: #ffffff;\">C\u1ea7n h\u1ed7 tr\u1ee3?<\/span><\/h2>\n<h4><span style=\"color: #ffffff;\">Ch\u1ecdn m\u1ed9t ch\u1ee7 \u0111\u1ec1<\/span><\/h4>\n<p><select id=\"select-faq\" name=\"select\"><\/select><\/p>\n<p>[\/et_pb_text][\/et_pb_column][\/et_pb_row][\/et_pb_section][et_pb_section fb_built=&#8221;1&#8243; module_id=&#8221;support-warranty&#8221; _builder_version=&#8221;4.27.4&#8243; custom_padding=&#8221;||0px|&#8221; hover_enabled=&#8221;0&#8243; global_colors_info=&#8221;{}&#8221; sticky_enabled=&#8221;0&#8243;][et_pb_row column_structure=&#8221;1_2,1_2&#8243; _builder_version=&#8221;4.27.4&#8243; custom_margin=&#8221;||0px|&#8221; custom_padding=&#8221;||0px|&#8221; hover_enabled=&#8221;0&#8243; global_colors_info=&#8221;{}&#8221; sticky_enabled=&#8221;0&#8243;][et_pb_column type=&#8221;1_2&#8243; _builder_version=&#8221;4.27.4&#8243; custom_padding=&#8221;|||&#8221; hover_enabled=&#8221;0&#8243; global_colors_info=&#8221;{}&#8221; custom_padding__hover=&#8221;|||&#8221; sticky_enabled=&#8221;0&#8243;][et_pb_text _builder_version=&#8221;4.27.4&#8243; hover_enabled=&#8221;0&#8243; global_colors_info=&#8221;{}&#8221; sticky_enabled=&#8221;0&#8243;]<\/p>\n<h2>\u0110\u0103ng k\u00fd <strong>b\u1ea3o h\u00e0nh<\/strong><\/h2>\n<p>[\/et_pb_text][\/et_pb_column][et_pb_column type=&#8221;1_2&#8243; _builder_version=&#8221;4.27.4&#8243; custom_padding=&#8221;|||&#8221; hover_enabled=&#8221;0&#8243; global_colors_info=&#8221;{}&#8221; custom_padding__hover=&#8221;|||&#8221; sticky_enabled=&#8221;0&#8243;][\/et_pb_column][\/et_pb_row][et_pb_row column_structure=&#8221;1_2,1_2&#8243; _builder_version=&#8221;4.16&#8243; custom_margin=&#8221;0px|||&#8221; custom_padding=&#8221;0px||5%|&#8221; border_width_bottom=&#8221;2px&#8221; border_color_bottom=&#8221;#dddddd&#8221; global_colors_info=&#8221;{}&#8221;][et_pb_column type=&#8221;1_2&#8243; _builder_version=&#8221;4.16&#8243; custom_padding=&#8221;|||&#8221; global_colors_info=&#8221;{}&#8221; custom_padding__hover=&#8221;|||&#8221;][et_pb_text module_id=&#8221;support-warranty-left&#8221; _builder_version=&#8221;4.27.4&#8243; hover_enabled=&#8221;0&#8243; global_colors_info=&#8221;{}&#8221; sticky_enabled=&#8221;0&#8243;]<\/p>\n<p>\u0110\u0103ng k\u00fd b\u1ea3o h\u00e0nh s\u1ea3n ph\u1ea9m v\u00e0 nh\u1eadn nh\u1eefng \u01b0u \u0111\u00e3i d\u00e0nh ri\u00eang cho kh\u00e1ch h\u00e0ng c\u1ee7a Teka. B\u1eb1ng c\u00e1ch \u0111\u0103ng k\u00fd c\u00e1c s\u1ea3n ph\u1ea9m c\u1ee7a m\u00ecnh, b\u1ea1n c\u0169ng s\u1ebd c\u00f3 th\u1ec3 d\u1ec5 d\u00e0ng qu\u1ea3n l\u00fd m\u1ecdi s\u1ef1 c\u1ed1 trong t\u01b0\u01a1ng lai.<\/p>\n<p><a href=\"https:\/\/www.teka.com\/vi-vn\/ho-tro\/dieu-kien-bao-hanh\/\">+ Th\u00f4ng tin b\u1ea3o h\u00e0nh<\/a><\/p>\n<p>[\/et_pb_text][\/et_pb_column][et_pb_column type=&#8221;1_2&#8243; _builder_version=&#8221;4.16&#8243; custom_padding=&#8221;|||&#8221; global_colors_info=&#8221;{}&#8221; custom_padding__hover=&#8221;|||&#8221;][et_pb_text module_id=&#8221;support-warranty-right&#8221; _builder_version=&#8221;4.27.4&#8243; hover_enabled=&#8221;0&#8243; global_colors_info=&#8221;{}&#8221; sticky_enabled=&#8221;0&#8243;]<\/p>\n<p><strong>T\u00ecm ki\u1ebfm s\u1ea3n ph\u1ea9m c\u1ee7a b\u1ea1n<\/strong><\/p>\n<form action=\"https:\/\/www.teka.com\/vi-vn\/ho-tro\/dac-ky-bao-hanh\/\">\r\n    <p><select id=\"select-garantia\" name=\"garantia\"><\/select><\/p>\r\n    <\/form>\n<p>[\/et_pb_text][\/et_pb_column][\/et_pb_row][\/et_pb_section][et_pb_section fb_built=&#8221;1&#8243; module_id=&#8221;support-sat&#8221; _builder_version=&#8221;4.16&#8243; global_colors_info=&#8221;{}&#8221;][et_pb_row column_structure=&#8221;1_2,1_2&#8243; _builder_version=&#8221;4.16&#8243; background_size=&#8221;initial&#8221; background_position=&#8221;top_left&#8221; background_repeat=&#8221;repeat&#8221; global_colors_info=&#8221;{}&#8221;][et_pb_column type=&#8221;1_2&#8243; _builder_version=&#8221;4.16&#8243; custom_padding=&#8221;|||&#8221; global_colors_info=&#8221;{}&#8221; custom_padding__hover=&#8221;|||&#8221;][et_pb_text _builder_version=&#8221;4.27.4&#8243; hover_enabled=&#8221;0&#8243; global_colors_info=&#8221;{}&#8221; sticky_enabled=&#8221;0&#8243;]<\/p>\n<h2>T\u00ecm ki\u1ebfm <strong>H\u1ed7 tr\u1ee3 k\u1ef9 thu\u1eadt<\/strong><\/h2>\n<p>Ch\u00fang t\u00f4i khuy\u00ean b\u1ea1n h\u00e3y th\u01b0\u1eddng xuy\u00ean gh\u00e9 qua \u0110\u1ea1i l\u00fd H\u1ed7 tr\u1ee3 K\u1ef9 thu\u1eadt Teka v\u1edbi m\u1ecdi lo\u1ea1i y\u00eau c\u1ea7u s\u1eeda ch\u1eefa ho\u1eb7c s\u1ef1 c\u1ed1. B\u1ea1n c\u00f3 th\u1ec3 t\u00ecm \u0111i\u1ec3m h\u1ed7 tr\u1ee3 k\u1ef9 thu\u1eadt g\u1ea7n nh\u1ea5t tr\u00ean b\u1ea3n \u0111\u1ed3.<\/p>\n<p><a href=\"https:\/\/www.teka.com\/vi-vn\/ban-do-cua-hang\/\">+ Xem b\u1ea3n \u0111\u1ed3<\/a><\/p>\n<p>[\/et_pb_text][\/et_pb_column][et_pb_column type=&#8221;1_2&#8243; _builder_version=&#8221;4.16&#8243; custom_padding=&#8221;|||&#8221; global_colors_info=&#8221;{}&#8221; custom_padding__hover=&#8221;|||&#8221;][et_pb_image src=&#8221;https:\/\/www.teka.com\/wp-content\/uploads\/sites\/3\/2018\/10\/Soporte-teka.com_638x363.jpg&#8221; align=&#8221;right&#8221; force_fullwidth=&#8221;on&#8221; align_tablet=&#8221;center&#8221; align_phone=&#8221;&#8221; align_last_edited=&#8221;on|desktop&#8221; _builder_version=&#8221;4.27.4&#8243; hover_enabled=&#8221;0&#8243; global_colors_info=&#8221;{}&#8221; sticky_enabled=&#8221;0&#8243;][\/et_pb_image][\/et_pb_column][\/et_pb_row][\/et_pb_section][et_pb_section fb_built=&#8221;1&#8243; module_id=&#8221;support-contact-manuals&#8221; _builder_version=&#8221;4.16&#8243; global_colors_info=&#8221;{}&#8221;][et_pb_row column_structure=&#8221;1_2,1_2&#8243; _builder_version=&#8221;4.16&#8243; background_size=&#8221;initial&#8221; background_position=&#8221;top_left&#8221; background_repeat=&#8221;repeat&#8221; global_colors_info=&#8221;{}&#8221;][et_pb_column type=&#8221;1_2&#8243; _builder_version=&#8221;4.16&#8243; custom_padding=&#8221;|||&#8221; global_colors_info=&#8221;{}&#8221; custom_padding__hover=&#8221;|||&#8221;][et_pb_text admin_label=&#8221;Customer Service&#8221; module_id=&#8221;support-contact&#8221; _builder_version=&#8221;4.27.4&#8243; hover_enabled=&#8221;0&#8243; global_module=&#8221;28072&#8243; saved_tabs=&#8221;all&#8221; global_colors_info=&#8221;{}&#8221; sticky_enabled=&#8221;0&#8243;]<\/p>\n<h2>D\u1ecbch v\u1ee5 <strong>Kh\u00e1ch h\u00e0ng <\/strong><\/h2>\n<h4><strong>18008227 ho\u1eb7c 18007227<\/strong><\/h4>\n<h6 class=\"horario\">Th\u1ee9 2 \u0111\u1ebfn th\u1ee9 7: t\u1eeb 8h30 \u0111\u1ebfn 17h30<\/h6>\n<p><a class=\"itk-atencion-mail\" href=\"mailto:teka.care@tekavietnam.com\">teka.care@tekavietnam.com<\/a><a class=\"itk-atencion-formulario\" href=\"https:\/\/www.teka.com\/vi-vn\/ho-tro\/yeu-cau-sua-chua\/\">Y\u00eau c\u1ea7u s\u1eeda ch\u1eefa<\/a><\/p>\n<p>[\/et_pb_text][\/et_pb_column][et_pb_column type=&#8221;1_2&#8243; _builder_version=&#8221;4.16&#8243; custom_padding=&#8221;|||&#8221; global_colors_info=&#8221;{}&#8221; custom_padding__hover=&#8221;|||&#8221;][et_pb_text admin_label=&#8221;Manuals&#8221; module_id=&#8221;support-manuals&#8221; _builder_version=&#8221;4.27.4&#8243; hover_enabled=&#8221;0&#8243; global_module=&#8221;28073&#8243; saved_tabs=&#8221;all&#8221; global_colors_info=&#8221;{}&#8221; sticky_enabled=&#8221;0&#8243;]<\/p>\n<h3><strong>H\u01b0\u1edbng d\u1eabn<\/strong><\/h3>\n<p>H\u01b0\u1edbng d\u1eabn s\u1eed d\u1ee5ng \u0111i k\u00e8m v\u1edbi s\u1ea3n ph\u1ea9m khi ti\u1ebfp nh\u1eadn. N\u1ebfu b\u1ea1n c\u1ea7n m\u1ed9t b\u1ea3n sao kh\u00e1c, b\u1ea1n c\u00f3 th\u1ec3 t\u1ea3i xu\u1ed1ng t\u1ea1i \u0111\u00e2y.<\/p>\n<form action=\"https:\/\/www.teka.com\/vi-vn\/?page_id=5225\" id=\"form-manual-container\"><input id=\"input-manual-submit\" name=\"manual-submit\" type=\"submit\" value=\"\ue812\"><select id=\"select-manual\" name=\"se\" style=\"width:420px;float: left\"><\/select><\/form>\n<p><a style=\"display: none;\" href=\"#\">T\u00f4i c\u00f3 th\u1ec3 t\u00ecm th\u1ea5y s\u1ed1 s\u00ea-ri \u1edf \u0111\u00e2u?<\/a><\/p>\n<p>[\/et_pb_text][et_pb_text admin_label=&#8221;Safety warnings&#8221; module_id=&#8221;support-manuals&#8221; _builder_version=&#8221;4.27.4&#8243; hover_enabled=&#8221;0&#8243; global_colors_info=&#8221;{}&#8221; sticky_enabled=&#8221;0&#8243;]<\/p>\n<h3>H\u1ec7 th\u1ed1ng<strong>an to\u00e0n<\/strong><\/h3>\n<p>T\u1ea1i \u0111\u00e2y b\u1ea1n c\u00f3 th\u1ec3 t\u00ecm th\u1ea5y c\u00e1c \u0111\u1ec1 xu\u1ea5t v\u00e0 h\u01b0\u1edbng d\u1eabn an to\u00e0n, c\u0169ng nh\u01b0 c\u00e1c chi\u1ebfn d\u1ecbch \u0111i\u1ec1u ch\u1ec9nh s\u1ea3n ph\u1ea9m c\u1ee7a b\u1ea1n.<\/p>\n<p><a href=\"https:\/\/www.teka.com\/vi-vn\/ho-tro\/safety-warnings\/\">+ Xem c\u1ea3nh b\u00e1o<\/a><\/p>\n<p>[\/et_pb_text][\/et_pb_column][\/et_pb_row][\/et_pb_section]<\/p>\n","protected":false},"excerpt":{"rendered":"<p>C\u1ea7n h\u1ed7 tr\u1ee3? Ch\u1ecdn m\u1ed9t ch\u1ee7 \u0111\u1ec1 \u0110\u0103ng k\u00fd b\u1ea3o h\u00e0nh\u0110\u0103ng k\u00fd b\u1ea3o h\u00e0nh s\u1ea3n ph\u1ea9m v\u00e0 nh\u1eadn nh\u1eefng \u01b0u \u0111\u00e3i d\u00e0nh ri\u00eang cho kh\u00e1ch h\u00e0ng c\u1ee7a Teka. B\u1eb1ng c\u00e1ch \u0111\u0103ng k\u00fd c\u00e1c s\u1ea3n ph\u1ea9m c\u1ee7a m\u00ecnh, b\u1ea1n c\u0169ng s\u1ebd c\u00f3 th\u1ec3 d\u1ec5 d\u00e0ng qu\u1ea3n l\u00fd m\u1ecdi s\u1ef1 c\u1ed1 trong t\u01b0\u01a1ng lai. + Th\u00f4ng tin [&hellip;]<\/p>\n","protected":false},"author":9,"featured_media":0,"parent":0,"menu_order":0,"comment_status":"closed","ping_status":"closed","template":"","meta":{"_acf_changed":false,"_et_pb_use_builder":"on","_et_pb_old_content":"","_et_gb_content_width":"","footnotes":""},"class_list":["post-5193","page","type-page","status-publish","hentry"],"acf":[],"yoast_head":"<!-- This site is optimized with the Yoast SEO plugin v27.5 - https:\/\/yoast.com\/product\/yoast-seo-wordpress\/ -->\n<title>H\u1ed7 tr\u1ee3 | Teka Vietnam<\/title>\n<meta name=\"robots\" content=\"index, follow, max-snippet:-1, max-image-preview:large, max-video-preview:-1\" \/>\n<link rel=\"canonical\" href=\"https:\/\/www.teka.com\/vi-vn\/ho-tro\/\" \/>\n<meta property=\"og:locale\" content=\"vi_VN\" \/>\n<meta property=\"og:type\" content=\"article\" \/>\n<meta property=\"og:title\" content=\"H\u1ed7 tr\u1ee3 | Teka Vietnam\" \/>\n<meta property=\"og:description\" content=\"C\u1ea7n h\u1ed7 tr\u1ee3? Ch\u1ecdn m\u1ed9t ch\u1ee7 \u0111\u1ec1 \u0110\u0103ng k\u00fd b\u1ea3o h\u00e0nh\u0110\u0103ng k\u00fd b\u1ea3o h\u00e0nh s\u1ea3n ph\u1ea9m v\u00e0 nh\u1eadn nh\u1eefng \u01b0u \u0111\u00e3i d\u00e0nh ri\u00eang cho kh\u00e1ch h\u00e0ng c\u1ee7a Teka. B\u1eb1ng c\u00e1ch \u0111\u0103ng k\u00fd c\u00e1c s\u1ea3n ph\u1ea9m c\u1ee7a m\u00ecnh, b\u1ea1n c\u0169ng s\u1ebd c\u00f3 th\u1ec3 d\u1ec5 d\u00e0ng qu\u1ea3n l\u00fd m\u1ecdi s\u1ef1 c\u1ed1 trong t\u01b0\u01a1ng lai. + Th\u00f4ng tin [&hellip;]\" \/>\n<meta property=\"og:url\" content=\"https:\/\/www.teka.com\/vi-vn\/ho-tro\/\" \/>\n<meta property=\"og:site_name\" content=\"Teka Vietnam\" \/>\n<meta property=\"article:modified_time\" content=\"2025-02-27T07:55:57+00:00\" \/>\n<meta name=\"twitter:card\" content=\"summary_large_image\" \/>\n<meta name=\"twitter:label1\" content=\"\u01af\u1edbc t\u00ednh th\u1eddi gian \u0111\u1ecdc\" \/>\n\t<meta name=\"twitter:data1\" content=\"2 ph\u00fat\" \/>\n<script type=\"application\/ld+json\" class=\"yoast-schema-graph\">{\"@context\":\"https:\\\/\\\/schema.org\",\"@graph\":[{\"@type\":\"WebPage\",\"@id\":\"https:\\\/\\\/www.teka.com\\\/vi-vn\\\/ho-tro\\\/\",\"url\":\"https:\\\/\\\/www.teka.com\\\/vi-vn\\\/ho-tro\\\/\",\"name\":\"H\u1ed7 tr\u1ee3 | Teka Vietnam\",\"isPartOf\":{\"@id\":\"https:\\\/\\\/www.teka.com\\\/vi-vn\\\/#website\"},\"datePublished\":\"2018-08-09T09:59:03+00:00\",\"dateModified\":\"2025-02-27T07:55:57+00:00\",\"inLanguage\":\"vi\",\"potentialAction\":[{\"@type\":\"ReadAction\",\"target\":[\"https:\\\/\\\/www.teka.com\\\/vi-vn\\\/ho-tro\\\/\"]}]},{\"@type\":\"WebSite\",\"@id\":\"https:\\\/\\\/www.teka.com\\\/vi-vn\\\/#website\",\"url\":\"https:\\\/\\\/www.teka.com\\\/vi-vn\\\/\",\"name\":\"Teka Vietnam\",\"description\":\"\",\"potentialAction\":[{\"@type\":\"SearchAction\",\"target\":{\"@type\":\"EntryPoint\",\"urlTemplate\":\"https:\\\/\\\/www.teka.com\\\/vi-vn\\\/?s={search_term_string}\"},\"query-input\":{\"@type\":\"PropertyValueSpecification\",\"valueRequired\":true,\"valueName\":\"search_term_string\"}}],\"inLanguage\":\"vi\"}]}<\/script>\n<!-- \/ Yoast SEO plugin. -->","yoast_head_json":{"title":"H\u1ed7 tr\u1ee3 | Teka Vietnam","robots":{"index":"index","follow":"follow","max-snippet":"max-snippet:-1","max-image-preview":"max-image-preview:large","max-video-preview":"max-video-preview:-1"},"canonical":"https:\/\/www.teka.com\/vi-vn\/ho-tro\/","og_locale":"vi_VN","og_type":"article","og_title":"H\u1ed7 tr\u1ee3 | Teka Vietnam","og_description":"C\u1ea7n h\u1ed7 tr\u1ee3? Ch\u1ecdn m\u1ed9t ch\u1ee7 \u0111\u1ec1 \u0110\u0103ng k\u00fd b\u1ea3o h\u00e0nh\u0110\u0103ng k\u00fd b\u1ea3o h\u00e0nh s\u1ea3n ph\u1ea9m v\u00e0 nh\u1eadn nh\u1eefng \u01b0u \u0111\u00e3i d\u00e0nh ri\u00eang cho kh\u00e1ch h\u00e0ng c\u1ee7a Teka. B\u1eb1ng c\u00e1ch \u0111\u0103ng k\u00fd c\u00e1c s\u1ea3n ph\u1ea9m c\u1ee7a m\u00ecnh, b\u1ea1n c\u0169ng s\u1ebd c\u00f3 th\u1ec3 d\u1ec5 d\u00e0ng qu\u1ea3n l\u00fd m\u1ecdi s\u1ef1 c\u1ed1 trong t\u01b0\u01a1ng lai. + Th\u00f4ng tin [&hellip;]","og_url":"https:\/\/www.teka.com\/vi-vn\/ho-tro\/","og_site_name":"Teka Vietnam","article_modified_time":"2025-02-27T07:55:57+00:00","twitter_card":"summary_large_image","twitter_misc":{"\u01af\u1edbc t\u00ednh th\u1eddi gian \u0111\u1ecdc":"2 ph\u00fat"},"schema":{"@context":"https:\/\/schema.org","@graph":[{"@type":"WebPage","@id":"https:\/\/www.teka.com\/vi-vn\/ho-tro\/","url":"https:\/\/www.teka.com\/vi-vn\/ho-tro\/","name":"H\u1ed7 tr\u1ee3 | Teka Vietnam","isPartOf":{"@id":"https:\/\/www.teka.com\/vi-vn\/#website"},"datePublished":"2018-08-09T09:59:03+00:00","dateModified":"2025-02-27T07:55:57+00:00","inLanguage":"vi","potentialAction":[{"@type":"ReadAction","target":["https:\/\/www.teka.com\/vi-vn\/ho-tro\/"]}]},{"@type":"WebSite","@id":"https:\/\/www.teka.com\/vi-vn\/#website","url":"https:\/\/www.teka.com\/vi-vn\/","name":"Teka Vietnam","description":"","potentialAction":[{"@type":"SearchAction","target":{"@type":"EntryPoint","urlTemplate":"https:\/\/www.teka.com\/vi-vn\/?s={search_term_string}"},"query-input":{"@type":"PropertyValueSpecification","valueRequired":true,"valueName":"search_term_string"}}],"inLanguage":"vi"}]}},"_links":{"self":[{"href":"https:\/\/www.teka.com\/vi-vn\/wp-json\/wp\/v2\/pages\/5193","targetHints":{"allow":["GET"]}}],"collection":[{"href":"https:\/\/www.teka.com\/vi-vn\/wp-json\/wp\/v2\/pages"}],"about":[{"href":"https:\/\/www.teka.com\/vi-vn\/wp-json\/wp\/v2\/types\/page"}],"author":[{"embeddable":true,"href":"https:\/\/www.teka.com\/vi-vn\/wp-json\/wp\/v2\/users\/9"}],"replies":[{"embeddable":true,"href":"https:\/\/www.teka.com\/vi-vn\/wp-json\/wp\/v2\/comments?post=5193"}],"version-history":[{"count":83,"href":"https:\/\/www.teka.com\/vi-vn\/wp-json\/wp\/v2\/pages\/5193\/revisions"}],"predecessor-version":[{"id":64145,"href":"https:\/\/www.teka.com\/vi-vn\/wp-json\/wp\/v2\/pages\/5193\/revisions\/64145"}],"wp:attachment":[{"href":"https:\/\/www.teka.com\/vi-vn\/wp-json\/wp\/v2\/media?parent=5193"}],"curies":[{"name":"wp","href":"https:\/\/api.w.org\/{rel}","templated":true}]}}