{"id":5217,"date":"2018-08-10T10:26:19","date_gmt":"2018-08-10T10:26:19","guid":{"rendered":"http:\/\/teka.com\/?page_id=5217"},"modified":"2025-03-21T10:10:59","modified_gmt":"2025-03-21T03:10:59","slug":"faq","status":"publish","type":"page","link":"https:\/\/www.teka.com\/vi-vn\/ho-tro\/faq\/","title":{"rendered":"FAQ"},"content":{"rendered":"<p>[et_pb_section fb_built=&#8221;1&#8243; module_id=&#8221;support-faq&#8221; _builder_version=&#8221;4.27.4&#8243; background_image=&#8221;https:\/\/www.teka.com\/vi-vn\/wp-content\/uploads\/sites\/29\/2018\/11\/teka-web-support-1920&#215;833.jpg&#8221; background_position=&#8221;center_left&#8221; global_module=&#8221;5258&#8243; global_colors_info=&#8221;{}&#8221;][et_pb_row column_structure=&#8221;1_2,1_2&#8243; _builder_version=&#8221;4.27.4&#8243; background_size=&#8221;initial&#8221; background_position=&#8221;top_left&#8221; background_repeat=&#8221;repeat&#8221; global_colors_info=&#8221;{}&#8221;][et_pb_column type=&#8221;1_2&#8243; _builder_version=&#8221;4.16&#8243; custom_padding=&#8221;|||&#8221; global_colors_info=&#8221;{}&#8221; custom_padding__hover=&#8221;|||&#8221;][\/et_pb_column][et_pb_column type=&#8221;1_2&#8243; _builder_version=&#8221;4.16&#8243; custom_padding=&#8221;|||&#8221; global_colors_info=&#8221;{}&#8221; custom_padding__hover=&#8221;|||&#8221;][et_pb_text _builder_version=&#8221;4.27.4&#8243; global_colors_info=&#8221;{}&#8221;]<\/p>\n<h2><span style=\"color: #ffffff;\">C\u1ea7n h\u1ed7 tr\u1ee3?<\/span><\/h2>\n<h4><span style=\"color: #ffffff;\">Ch\u1ecdn m\u1ed9t ch\u1ee7 \u0111\u1ec1<\/span><\/h4>\n<p><select id=\"select-faq\" name=\"select\"><\/select><\/p>\n<p>[\/et_pb_text][\/et_pb_column][\/et_pb_row][\/et_pb_section][et_pb_section fb_built=&#8221;1&#8243; module_id=&#8221;support-contact-manuals&#8221; _builder_version=&#8221;4.16&#8243; global_colors_info=&#8221;{}&#8221;][et_pb_row column_structure=&#8221;1_2,1_2&#8243; _builder_version=&#8221;4.16&#8243; background_size=&#8221;initial&#8221; background_position=&#8221;top_left&#8221; background_repeat=&#8221;repeat&#8221; global_colors_info=&#8221;{}&#8221;][et_pb_column type=&#8221;1_2&#8243; _builder_version=&#8221;4.16&#8243; custom_padding=&#8221;|||&#8221; global_colors_info=&#8221;{}&#8221; custom_padding__hover=&#8221;|||&#8221;][et_pb_text admin_label=&#8221;Customer Service&#8221; module_id=&#8221;support-contact&#8221; _builder_version=&#8221;4.27.4&#8243; hover_enabled=&#8221;0&#8243; global_module=&#8221;28072&#8243; saved_tabs=&#8221;all&#8221; global_colors_info=&#8221;{}&#8221; sticky_enabled=&#8221;0&#8243;]<\/p>\n<h2>D\u1ecbch v\u1ee5 <strong>Kh\u00e1ch h\u00e0ng <\/strong><\/h2>\n<h4><strong>18008227<\/strong><\/h4>\n<h6 class=\"horario\">Th\u1ee9 2 \u0111\u1ebfn th\u1ee9 7: t\u1eeb 8h30 \u0111\u1ebfn 17h30<\/h6>\n<p><a class=\"itk-atencion-mail\" href=\"mailto:teka.care@tekavietnam.com\">teka.care@tekavietnam.com<\/a><a class=\"itk-atencion-formulario\" href=\"https:\/\/www.teka.com\/vi-vn\/ho-tro\/yeu-cau-sua-chua\/\">Y\u00eau c\u1ea7u s\u1eeda ch\u1eefa<\/a><\/p>\n<p>[\/et_pb_text][\/et_pb_column][et_pb_column type=&#8221;1_2&#8243; _builder_version=&#8221;4.16&#8243; custom_padding=&#8221;|||&#8221; global_colors_info=&#8221;{}&#8221; custom_padding__hover=&#8221;|||&#8221;][et_pb_text admin_label=&#8221;Manuals&#8221; module_id=&#8221;support-manuals&#8221; _builder_version=&#8221;4.27.4&#8243; global_module=&#8221;28073&#8243; saved_tabs=&#8221;all&#8221; global_colors_info=&#8221;{}&#8221;]<\/p>\n<h3><strong>H\u01b0\u1edbng d\u1eabn<\/strong><\/h3>\n<p>H\u01b0\u1edbng d\u1eabn s\u1eed d\u1ee5ng \u0111i k\u00e8m v\u1edbi s\u1ea3n ph\u1ea9m khi ti\u1ebfp nh\u1eadn. N\u1ebfu b\u1ea1n c\u1ea7n m\u1ed9t b\u1ea3n sao kh\u00e1c, b\u1ea1n c\u00f3 th\u1ec3 t\u1ea3i xu\u1ed1ng t\u1ea1i \u0111\u00e2y.<\/p>\n<form action=\"https:\/\/www.teka.com\/vi-vn\/?page_id=5225\" id=\"form-manual-container\"><input id=\"input-manual-submit\" name=\"manual-submit\" type=\"submit\" value=\"\ue812\"><select id=\"select-manual\" name=\"se\" style=\"width:420px;float: left\"><\/select><\/form>\n<p><a style=\"display: none;\" href=\"#\">T\u00f4i c\u00f3 th\u1ec3 t\u00ecm th\u1ea5y s\u1ed1 s\u00ea-ri \u1edf \u0111\u00e2u?<\/a><\/p>\n<p>[\/et_pb_text][et_pb_text admin_label=&#8221;Find your Technical Service&#8221; module_id=&#8221;support-manuals&#8221; _builder_version=&#8221;4.27.4&#8243; global_module=&#8221;52657&#8243; saved_tabs=&#8221;all&#8221; global_colors_info=&#8221;{}&#8221;]<\/p>\n<h3>T\u00ecm ki\u1ebfm <strong>H\u1ed7 tr\u1ee3 k\u1ef9 thu\u1eadt<\/strong><\/h3>\n<p>D\u1ecbch v\u1ee5 h\u1ed7 tr\u1ee3 k\u1ef9 thu\u1eadt c\u1ee7a ch\u00fang t\u00f4i lu\u00f4n s\u1eb5n s\u00e0ng b\u1ea5t c\u1ee9 khi n\u00e0o b\u1ea1n c\u1ea7n h\u1ed7 tr\u1ee3. Lu\u00f4n c\u00f3 m\u1ed9t \u0111\u1ed9i h\u1ed7 tr\u1ee3 \u1edf g\u1ea7n b\u1ea1n.<\/p>\n<p><a href=\"https:\/\/www.teka.com\/vi-vn\/ban-do-cua-hang\/\">+ Xem b\u1ea3n \u0111\u1ed3<\/a><\/p>\n<p>[\/et_pb_text][\/et_pb_column][\/et_pb_row][\/et_pb_section]<\/p>\n","protected":false},"excerpt":{"rendered":"<p>C\u1ea7n h\u1ed7 tr\u1ee3? Ch\u1ecdn m\u1ed9t ch\u1ee7 \u0111\u1ec1 D\u1ecbch v\u1ee5 Kh\u00e1ch h\u00e0ng 18008227 Th\u1ee9 2 \u0111\u1ebfn th\u1ee9 7: t\u1eeb 8h30 \u0111\u1ebfn 17h30 teka.care@tekavietnam.comY\u00eau c\u1ea7u s\u1eeda ch\u1eefa H\u01b0\u1edbng d\u1eabn H\u01b0\u1edbng d\u1eabn s\u1eed d\u1ee5ng \u0111i k\u00e8m v\u1edbi s\u1ea3n ph\u1ea9m khi ti\u1ebfp nh\u1eadn. N\u1ebfu b\u1ea1n c\u1ea7n m\u1ed9t b\u1ea3n sao kh\u00e1c, b\u1ea1n c\u00f3 th\u1ec3 t\u1ea3i xu\u1ed1ng t\u1ea1i \u0111\u00e2y. <form action=\"https:\/\/www.teka.com\/vi-vn\/?page_id=5225\" id=\"form-manual-container\"><input id=\"input-manual-submit\" name=\"manual-submit\" type=\"submit\" value=\"\ue812\"><select id=\"select-manual\" name=\"se\" style=\"width:420px;float: left\"><\/select><\/form> [&hellip;]<\/p>\n","protected":false},"author":9,"featured_media":0,"parent":5193,"menu_order":0,"comment_status":"closed","ping_status":"closed","template":"","meta":{"_acf_changed":false,"_et_pb_use_builder":"on","_et_pb_old_content":"","_et_gb_content_width":"","footnotes":""},"class_list":["post-5217","page","type-page","status-publish","hentry"],"acf":[],"yoast_head":"<!-- This site is optimized with the Yoast SEO plugin v27.5 - https:\/\/yoast.com\/product\/yoast-seo-wordpress\/ -->\n<title>FAQ | H\u1ed7 tr\u1ee3 | Teka Vietnam<\/title>\n<meta name=\"robots\" content=\"index, follow, max-snippet:-1, max-image-preview:large, max-video-preview:-1\" \/>\n<link rel=\"canonical\" href=\"https:\/\/www.teka.com\/vi-vn\/ho-tro\/faq\/\" \/>\n<meta property=\"og:locale\" content=\"vi_VN\" \/>\n<meta property=\"og:type\" content=\"article\" \/>\n<meta property=\"og:title\" content=\"FAQ | H\u1ed7 tr\u1ee3 | Teka Vietnam\" \/>\n<meta property=\"og:description\" content=\"C\u1ea7n h\u1ed7 tr\u1ee3? Ch\u1ecdn m\u1ed9t ch\u1ee7 \u0111\u1ec1 D\u1ecbch v\u1ee5 Kh\u00e1ch h\u00e0ng 18008227 Th\u1ee9 2 \u0111\u1ebfn th\u1ee9 7: t\u1eeb 8h30 \u0111\u1ebfn 17h30 Y\u00eau c\u1ea7u s\u1eeda ch\u1eefa H\u01b0\u1edbng d\u1eabn H\u01b0\u1edbng d\u1eabn s\u1eed d\u1ee5ng \u0111i k\u00e8m v\u1edbi s\u1ea3n ph\u1ea9m khi ti\u1ebfp nh\u1eadn. N\u1ebfu b\u1ea1n c\u1ea7n m\u1ed9t b\u1ea3n sao kh\u00e1c, b\u1ea1n c\u00f3 th\u1ec3 t\u1ea3i xu\u1ed1ng t\u1ea1i \u0111\u00e2y. [&hellip;]\" \/>\n<meta property=\"og:url\" content=\"https:\/\/www.teka.com\/vi-vn\/ho-tro\/faq\/\" \/>\n<meta property=\"og:site_name\" content=\"Teka Vietnam\" \/>\n<meta property=\"article:modified_time\" content=\"2025-03-21T03:10:59+00:00\" \/>\n<meta name=\"twitter:card\" content=\"summary_large_image\" \/>\n<meta name=\"twitter:label1\" content=\"\u01af\u1edbc t\u00ednh th\u1eddi gian \u0111\u1ecdc\" \/>\n\t<meta name=\"twitter:data1\" content=\"1 ph\u00fat\" \/>\n<script type=\"application\/ld+json\" class=\"yoast-schema-graph\">{\"@context\":\"https:\\\/\\\/schema.org\",\"@graph\":[{\"@type\":\"WebPage\",\"@id\":\"https:\\\/\\\/www.teka.com\\\/vi-vn\\\/ho-tro\\\/faq\\\/\",\"url\":\"https:\\\/\\\/www.teka.com\\\/vi-vn\\\/ho-tro\\\/faq\\\/\",\"name\":\"FAQ | H\u1ed7 tr\u1ee3 | Teka Vietnam\",\"isPartOf\":{\"@id\":\"https:\\\/\\\/www.teka.com\\\/vi-vn\\\/#website\"},\"datePublished\":\"2018-08-10T10:26:19+00:00\",\"dateModified\":\"2025-03-21T03:10:59+00:00\",\"breadcrumb\":{\"@id\":\"https:\\\/\\\/www.teka.com\\\/vi-vn\\\/ho-tro\\\/faq\\\/#breadcrumb\"},\"inLanguage\":\"vi\",\"potentialAction\":[{\"@type\":\"ReadAction\",\"target\":[\"https:\\\/\\\/www.teka.com\\\/vi-vn\\\/ho-tro\\\/faq\\\/\"]}]},{\"@type\":\"BreadcrumbList\",\"@id\":\"https:\\\/\\\/www.teka.com\\\/vi-vn\\\/ho-tro\\\/faq\\\/#breadcrumb\",\"itemListElement\":[{\"@type\":\"ListItem\",\"position\":1,\"name\":\"H\u1ed7 tr\u1ee3\",\"item\":\"https:\\\/\\\/www.teka.com\\\/vi-vn\\\/ho-tro\\\/\"},{\"@type\":\"ListItem\",\"position\":2,\"name\":\"FAQ\"}]},{\"@type\":\"WebSite\",\"@id\":\"https:\\\/\\\/www.teka.com\\\/vi-vn\\\/#website\",\"url\":\"https:\\\/\\\/www.teka.com\\\/vi-vn\\\/\",\"name\":\"Teka Vietnam\",\"description\":\"\",\"potentialAction\":[{\"@type\":\"SearchAction\",\"target\":{\"@type\":\"EntryPoint\",\"urlTemplate\":\"https:\\\/\\\/www.teka.com\\\/vi-vn\\\/?s={search_term_string}\"},\"query-input\":{\"@type\":\"PropertyValueSpecification\",\"valueRequired\":true,\"valueName\":\"search_term_string\"}}],\"inLanguage\":\"vi\"}]}<\/script>\n<!-- \/ Yoast SEO plugin. -->","yoast_head_json":{"title":"FAQ | H\u1ed7 tr\u1ee3 | Teka Vietnam","robots":{"index":"index","follow":"follow","max-snippet":"max-snippet:-1","max-image-preview":"max-image-preview:large","max-video-preview":"max-video-preview:-1"},"canonical":"https:\/\/www.teka.com\/vi-vn\/ho-tro\/faq\/","og_locale":"vi_VN","og_type":"article","og_title":"FAQ | H\u1ed7 tr\u1ee3 | Teka Vietnam","og_description":"C\u1ea7n h\u1ed7 tr\u1ee3? Ch\u1ecdn m\u1ed9t ch\u1ee7 \u0111\u1ec1 D\u1ecbch v\u1ee5 Kh\u00e1ch h\u00e0ng 18008227 Th\u1ee9 2 \u0111\u1ebfn th\u1ee9 7: t\u1eeb 8h30 \u0111\u1ebfn 17h30 Y\u00eau c\u1ea7u s\u1eeda ch\u1eefa H\u01b0\u1edbng d\u1eabn H\u01b0\u1edbng d\u1eabn s\u1eed d\u1ee5ng \u0111i k\u00e8m v\u1edbi s\u1ea3n ph\u1ea9m khi ti\u1ebfp nh\u1eadn. N\u1ebfu b\u1ea1n c\u1ea7n m\u1ed9t b\u1ea3n sao kh\u00e1c, b\u1ea1n c\u00f3 th\u1ec3 t\u1ea3i xu\u1ed1ng t\u1ea1i \u0111\u00e2y. [&hellip;]","og_url":"https:\/\/www.teka.com\/vi-vn\/ho-tro\/faq\/","og_site_name":"Teka Vietnam","article_modified_time":"2025-03-21T03:10:59+00:00","twitter_card":"summary_large_image","twitter_misc":{"\u01af\u1edbc t\u00ednh th\u1eddi gian \u0111\u1ecdc":"1 ph\u00fat"},"schema":{"@context":"https:\/\/schema.org","@graph":[{"@type":"WebPage","@id":"https:\/\/www.teka.com\/vi-vn\/ho-tro\/faq\/","url":"https:\/\/www.teka.com\/vi-vn\/ho-tro\/faq\/","name":"FAQ | H\u1ed7 tr\u1ee3 | Teka Vietnam","isPartOf":{"@id":"https:\/\/www.teka.com\/vi-vn\/#website"},"datePublished":"2018-08-10T10:26:19+00:00","dateModified":"2025-03-21T03:10:59+00:00","breadcrumb":{"@id":"https:\/\/www.teka.com\/vi-vn\/ho-tro\/faq\/#breadcrumb"},"inLanguage":"vi","potentialAction":[{"@type":"ReadAction","target":["https:\/\/www.teka.com\/vi-vn\/ho-tro\/faq\/"]}]},{"@type":"BreadcrumbList","@id":"https:\/\/www.teka.com\/vi-vn\/ho-tro\/faq\/#breadcrumb","itemListElement":[{"@type":"ListItem","position":1,"name":"H\u1ed7 tr\u1ee3","item":"https:\/\/www.teka.com\/vi-vn\/ho-tro\/"},{"@type":"ListItem","position":2,"name":"FAQ"}]},{"@type":"WebSite","@id":"https:\/\/www.teka.com\/vi-vn\/#website","url":"https:\/\/www.teka.com\/vi-vn\/","name":"Teka Vietnam","description":"","potentialAction":[{"@type":"SearchAction","target":{"@type":"EntryPoint","urlTemplate":"https:\/\/www.teka.com\/vi-vn\/?s={search_term_string}"},"query-input":{"@type":"PropertyValueSpecification","valueRequired":true,"valueName":"search_term_string"}}],"inLanguage":"vi"}]}},"_links":{"self":[{"href":"https:\/\/www.teka.com\/vi-vn\/wp-json\/wp\/v2\/pages\/5217","targetHints":{"allow":["GET"]}}],"collection":[{"href":"https:\/\/www.teka.com\/vi-vn\/wp-json\/wp\/v2\/pages"}],"about":[{"href":"https:\/\/www.teka.com\/vi-vn\/wp-json\/wp\/v2\/types\/page"}],"author":[{"embeddable":true,"href":"https:\/\/www.teka.com\/vi-vn\/wp-json\/wp\/v2\/users\/9"}],"replies":[{"embeddable":true,"href":"https:\/\/www.teka.com\/vi-vn\/wp-json\/wp\/v2\/comments?post=5217"}],"version-history":[{"count":34,"href":"https:\/\/www.teka.com\/vi-vn\/wp-json\/wp\/v2\/pages\/5217\/revisions"}],"predecessor-version":[{"id":64298,"href":"https:\/\/www.teka.com\/vi-vn\/wp-json\/wp\/v2\/pages\/5217\/revisions\/64298"}],"up":[{"embeddable":true,"href":"https:\/\/www.teka.com\/vi-vn\/wp-json\/wp\/v2\/pages\/5193"}],"wp:attachment":[{"href":"https:\/\/www.teka.com\/vi-vn\/wp-json\/wp\/v2\/media?parent=5217"}],"curies":[{"name":"wp","href":"https:\/\/api.w.org\/{rel}","templated":true}]}}