{"id":5223,"date":"2018-08-10T10:27:29","date_gmt":"2018-08-10T10:27:29","guid":{"rendered":"http:\/\/teka.com\/?page_id=5223"},"modified":"2025-03-14T16:53:29","modified_gmt":"2025-03-14T09:53:29","slug":"ban-do-cua-hang","status":"publish","type":"page","link":"https:\/\/www.teka.com\/vi-vn\/ban-do-cua-hang\/","title":{"rendered":"D\u1ecbch v\u1ee5 k\u1ef9 thu\u1eadt"},"content":{"rendered":"<p>[et_pb_section fb_built=&#8221;1&#8243; _builder_version=&#8221;4.16&#8243; global_colors_info=&#8221;{}&#8221;][et_pb_row _builder_version=&#8221;4.16&#8243; background_size=&#8221;initial&#8221; background_position=&#8221;top_left&#8221; background_repeat=&#8221;repeat&#8221; global_colors_info=&#8221;{}&#8221;][et_pb_column type=&#8221;4_4&#8243; _builder_version=&#8221;4.16&#8243; custom_padding=&#8221;|||&#8221; global_colors_info=&#8221;{}&#8221; custom_padding__hover=&#8221;|||&#8221;][et_pb_text admin_label=&#8221;Text&#8221; _builder_version=&#8221;4.27.4&#8243; hover_enabled=&#8221;0&#8243; global_colors_info=&#8221;{}&#8221; sticky_enabled=&#8221;0&#8243;]<\/p>\n<h1><strong>T\u00ecm \u0111i\u1ec3m<\/strong> b\u00e1n h\u00e0ng g\u1ea7n nh\u1ea5t c\u1ee7a b\u1ea1n<\/h1>\n<p>[\/et_pb_text][et_pb_text _builder_version=&#8221;4.16&#8243; global_colors_info=&#8221;{}&#8221;]L\u1ef1a ch\u1ecdn lo\u1ea1i c\u1eeda h\u00e0ng b\u1ea1n quan t\u00e2m. Ti\u1ebfp theo, ch\u1ecdn t\u00ean \u0111\u01b0\u1eddng, th\u1ecb tr\u1ea5n, m\u00e3 b\u01b0u ch\u00ednh, v\u00e0 ch\u00fang t\u00f4i s\u1ebd \u0111\u01b0a ra cho b\u1ea1n nh\u1eefng v\u1ecb tr\u00ed g\u1ea7n nh\u1ea5t.<br \/>\n[\/et_pb_text][\/et_pb_column][\/et_pb_row][\/et_pb_section]<\/p>\n","protected":false},"excerpt":{"rendered":"<p>T\u00ecm \u0111i\u1ec3m b\u00e1n h\u00e0ng g\u1ea7n nh\u1ea5t c\u1ee7a b\u1ea1n L\u1ef1a ch\u1ecdn lo\u1ea1i c\u1eeda h\u00e0ng b\u1ea1n quan t\u00e2m. Ti\u1ebfp theo, ch\u1ecdn t\u00ean \u0111\u01b0\u1eddng, th\u1ecb tr\u1ea5n, m\u00e3 b\u01b0u ch\u00ednh, v\u00e0 ch\u00fang t\u00f4i s\u1ebd \u0111\u01b0a ra cho b\u1ea1n nh\u1eefng v\u1ecb tr\u00ed g\u1ea7n nh\u1ea5t.<\/p>\n","protected":false},"author":9,"featured_media":0,"parent":0,"menu_order":0,"comment_status":"closed","ping_status":"closed","template":"tp-map.php","meta":{"_acf_changed":false,"_et_pb_use_builder":"on","_et_pb_old_content":"","_et_gb_content_width":"","footnotes":""},"class_list":["post-5223","page","type-page","status-publish","hentry"],"acf":[],"yoast_head":"<!-- This site is optimized with the Yoast SEO plugin v27.5 - https:\/\/yoast.com\/product\/yoast-seo-wordpress\/ -->\n<title>D\u1ecbch v\u1ee5 k\u1ef9 thu\u1eadt | H\u1ed7 tr\u1ee3 | Teka Vietnam<\/title>\n<meta name=\"robots\" content=\"index, follow, max-snippet:-1, max-image-preview:large, max-video-preview:-1\" \/>\n<link rel=\"canonical\" href=\"https:\/\/www.teka.com\/vi-vn\/ban-do-cua-hang\/\" \/>\n<meta property=\"og:locale\" content=\"vi_VN\" \/>\n<meta property=\"og:type\" content=\"article\" \/>\n<meta property=\"og:title\" content=\"D\u1ecbch v\u1ee5 k\u1ef9 thu\u1eadt | H\u1ed7 tr\u1ee3 | Teka Vietnam\" \/>\n<meta property=\"og:description\" content=\"T\u00ecm \u0111i\u1ec3m b\u00e1n h\u00e0ng g\u1ea7n nh\u1ea5t c\u1ee7a b\u1ea1n L\u1ef1a ch\u1ecdn lo\u1ea1i c\u1eeda h\u00e0ng b\u1ea1n quan t\u00e2m. Ti\u1ebfp theo, ch\u1ecdn t\u00ean \u0111\u01b0\u1eddng, th\u1ecb tr\u1ea5n, m\u00e3 b\u01b0u ch\u00ednh, v\u00e0 ch\u00fang t\u00f4i s\u1ebd \u0111\u01b0a ra cho b\u1ea1n nh\u1eefng v\u1ecb tr\u00ed g\u1ea7n nh\u1ea5t.\" \/>\n<meta property=\"og:url\" content=\"https:\/\/www.teka.com\/vi-vn\/ban-do-cua-hang\/\" \/>\n<meta property=\"og:site_name\" content=\"Teka Vietnam\" \/>\n<meta property=\"article:modified_time\" content=\"2025-03-14T09:53:29+00:00\" \/>\n<meta name=\"twitter:card\" content=\"summary_large_image\" \/>\n<meta name=\"twitter:label1\" content=\"\u01af\u1edbc t\u00ednh th\u1eddi gian \u0111\u1ecdc\" \/>\n\t<meta name=\"twitter:data1\" content=\"1 ph\u00fat\" \/>\n<script type=\"application\/ld+json\" class=\"yoast-schema-graph\">{\"@context\":\"https:\\\/\\\/schema.org\",\"@graph\":[{\"@type\":\"WebPage\",\"@id\":\"https:\\\/\\\/www.teka.com\\\/vi-vn\\\/ban-do-cua-hang\\\/\",\"url\":\"https:\\\/\\\/www.teka.com\\\/vi-vn\\\/ban-do-cua-hang\\\/\",\"name\":\"D\u1ecbch v\u1ee5 k\u1ef9 thu\u1eadt | H\u1ed7 tr\u1ee3 | Teka Vietnam\",\"isPartOf\":{\"@id\":\"https:\\\/\\\/www.teka.com\\\/vi-vn\\\/#website\"},\"datePublished\":\"2018-08-10T10:27:29+00:00\",\"dateModified\":\"2025-03-14T09:53:29+00:00\",\"inLanguage\":\"vi\",\"potentialAction\":[{\"@type\":\"ReadAction\",\"target\":[\"https:\\\/\\\/www.teka.com\\\/vi-vn\\\/ban-do-cua-hang\\\/\"]}]},{\"@type\":\"WebSite\",\"@id\":\"https:\\\/\\\/www.teka.com\\\/vi-vn\\\/#website\",\"url\":\"https:\\\/\\\/www.teka.com\\\/vi-vn\\\/\",\"name\":\"Teka Vietnam\",\"description\":\"\",\"potentialAction\":[{\"@type\":\"SearchAction\",\"target\":{\"@type\":\"EntryPoint\",\"urlTemplate\":\"https:\\\/\\\/www.teka.com\\\/vi-vn\\\/?s={search_term_string}\"},\"query-input\":{\"@type\":\"PropertyValueSpecification\",\"valueRequired\":true,\"valueName\":\"search_term_string\"}}],\"inLanguage\":\"vi\"}]}<\/script>\n<!-- \/ Yoast SEO plugin. -->","yoast_head_json":{"title":"D\u1ecbch v\u1ee5 k\u1ef9 thu\u1eadt | H\u1ed7 tr\u1ee3 | Teka Vietnam","robots":{"index":"index","follow":"follow","max-snippet":"max-snippet:-1","max-image-preview":"max-image-preview:large","max-video-preview":"max-video-preview:-1"},"canonical":"https:\/\/www.teka.com\/vi-vn\/ban-do-cua-hang\/","og_locale":"vi_VN","og_type":"article","og_title":"D\u1ecbch v\u1ee5 k\u1ef9 thu\u1eadt | H\u1ed7 tr\u1ee3 | Teka Vietnam","og_description":"T\u00ecm \u0111i\u1ec3m b\u00e1n h\u00e0ng g\u1ea7n nh\u1ea5t c\u1ee7a b\u1ea1n L\u1ef1a ch\u1ecdn lo\u1ea1i c\u1eeda h\u00e0ng b\u1ea1n quan t\u00e2m. Ti\u1ebfp theo, ch\u1ecdn t\u00ean \u0111\u01b0\u1eddng, th\u1ecb tr\u1ea5n, m\u00e3 b\u01b0u ch\u00ednh, v\u00e0 ch\u00fang t\u00f4i s\u1ebd \u0111\u01b0a ra cho b\u1ea1n nh\u1eefng v\u1ecb tr\u00ed g\u1ea7n nh\u1ea5t.","og_url":"https:\/\/www.teka.com\/vi-vn\/ban-do-cua-hang\/","og_site_name":"Teka Vietnam","article_modified_time":"2025-03-14T09:53:29+00:00","twitter_card":"summary_large_image","twitter_misc":{"\u01af\u1edbc t\u00ednh th\u1eddi gian \u0111\u1ecdc":"1 ph\u00fat"},"schema":{"@context":"https:\/\/schema.org","@graph":[{"@type":"WebPage","@id":"https:\/\/www.teka.com\/vi-vn\/ban-do-cua-hang\/","url":"https:\/\/www.teka.com\/vi-vn\/ban-do-cua-hang\/","name":"D\u1ecbch v\u1ee5 k\u1ef9 thu\u1eadt | H\u1ed7 tr\u1ee3 | Teka Vietnam","isPartOf":{"@id":"https:\/\/www.teka.com\/vi-vn\/#website"},"datePublished":"2018-08-10T10:27:29+00:00","dateModified":"2025-03-14T09:53:29+00:00","inLanguage":"vi","potentialAction":[{"@type":"ReadAction","target":["https:\/\/www.teka.com\/vi-vn\/ban-do-cua-hang\/"]}]},{"@type":"WebSite","@id":"https:\/\/www.teka.com\/vi-vn\/#website","url":"https:\/\/www.teka.com\/vi-vn\/","name":"Teka Vietnam","description":"","potentialAction":[{"@type":"SearchAction","target":{"@type":"EntryPoint","urlTemplate":"https:\/\/www.teka.com\/vi-vn\/?s={search_term_string}"},"query-input":{"@type":"PropertyValueSpecification","valueRequired":true,"valueName":"search_term_string"}}],"inLanguage":"vi"}]}},"_links":{"self":[{"href":"https:\/\/www.teka.com\/vi-vn\/wp-json\/wp\/v2\/pages\/5223","targetHints":{"allow":["GET"]}}],"collection":[{"href":"https:\/\/www.teka.com\/vi-vn\/wp-json\/wp\/v2\/pages"}],"about":[{"href":"https:\/\/www.teka.com\/vi-vn\/wp-json\/wp\/v2\/types\/page"}],"author":[{"embeddable":true,"href":"https:\/\/www.teka.com\/vi-vn\/wp-json\/wp\/v2\/users\/9"}],"replies":[{"embeddable":true,"href":"https:\/\/www.teka.com\/vi-vn\/wp-json\/wp\/v2\/comments?post=5223"}],"version-history":[{"count":21,"href":"https:\/\/www.teka.com\/vi-vn\/wp-json\/wp\/v2\/pages\/5223\/revisions"}],"predecessor-version":[{"id":64263,"href":"https:\/\/www.teka.com\/vi-vn\/wp-json\/wp\/v2\/pages\/5223\/revisions\/64263"}],"wp:attachment":[{"href":"https:\/\/www.teka.com\/vi-vn\/wp-json\/wp\/v2\/media?parent=5223"}],"curies":[{"name":"wp","href":"https:\/\/api.w.org\/{rel}","templated":true}]}}