{"id":56304,"date":"2019-11-10T12:18:52","date_gmt":"2019-11-10T12:18:52","guid":{"rendered":"https:\/\/www.teka.com\/vi-vn\/?page_id=56304"},"modified":"2024-09-25T17:26:36","modified_gmt":"2024-09-25T10:26:36","slug":"catalogue","status":"publish","type":"page","link":"https:\/\/www.teka.com\/vi-vn\/catalogue\/","title":{"rendered":"Catalogue"},"content":{"rendered":"<p>[et_pb_section fb_built=&#8221;1&#8243; module_id=&#8221;descarga-catalogos-top&#8221; _builder_version=&#8221;3.22&#8243; background_image=&#8221;https:\/\/www.teka.com\/vi-vn\/wp-content\/uploads\/sites\/29\/2020\/01\/Download-pdf-catalogues-background.jpg&#8221; background_position=&#8221;center_right&#8221;][et_pb_row column_structure=&#8221;1_2,1_2&#8243; _builder_version=&#8221;3.25&#8243;][et_pb_column type=&#8221;1_2&#8243; module_id=&#8221;descarga-catalogos-top-text&#8221; _builder_version=&#8221;3.25&#8243; custom_padding=&#8221;|||&#8221; custom_padding__hover=&#8221;|||&#8221;][et_pb_text _builder_version=&#8221;4.9.2&#8243; background_layout=&#8221;dark&#8221; hover_enabled=&#8221;0&#8243; sticky_enabled=&#8221;0&#8243;]<\/p>\n<h1>Teka&#8217;s Catalogue<\/h1>\n<p>T\u1ea3i b\u1ed9 catalogue ho\u00e0n ch\u1ec9nh. Kh\u00e1ch h\u00e0ng c\u00f3 th\u1ec3 t\u00ecm th\u1ea5y nh\u1eefng d\u00f2ng v\u00e0 m\u1eabu s\u1ea3n ph\u1ea9m m\u1edbi nh\u1ea5t, c\u0169ng nh\u01b0 nh\u1eefng t\u00ednh n\u0103ng v\u00e0 th\u00f4ng tin chi ti\u1ebft v\u1ec1 c\u00e1c s\u1ea3n ph\u1ea9m hi\u1ec7n t\u1ea1i.<\/p>\n<p>&nbsp;<\/p>\n<p>[\/et_pb_text][\/et_pb_column][et_pb_column type=&#8221;1_2&#8243; module_id=&#8221;descarga-catalogos-top-img&#8221; _builder_version=&#8221;3.25&#8243; custom_padding=&#8221;|||&#8221; custom_padding__hover=&#8221;|||&#8221;][et_pb_image src=&#8221;https:\/\/www.teka.com\/vi-vn\/wp-content\/uploads\/sites\/29\/2019\/11\/Teka-Kitchen-Appliances-2019-covers.png&#8221; align_tablet=&#8221;center&#8221; align_phone=&#8221;&#8221; align_last_edited=&#8221;on|desktop&#8221; _builder_version=&#8221;3.23&#8243;][\/et_pb_image][\/et_pb_column][\/et_pb_row][\/et_pb_section][et_pb_section fb_built=&#8221;1&#8243; _builder_version=&#8221;3.22&#8243;][et_pb_row _builder_version=&#8221;3.25&#8243; background_size=&#8221;initial&#8221; background_position=&#8221;top_left&#8221; background_repeat=&#8221;repeat&#8221;][et_pb_column type=&#8221;4_4&#8243; _builder_version=&#8221;3.25&#8243; custom_padding=&#8221;|||&#8221; custom_padding__hover=&#8221;|||&#8221;][et_pb_catalogs fullwidth=&#8221;off&#8221; posts_number=&#8221;-1&#8243; show_categories=&#8221;off&#8221; show_pagination=&#8221;off&#8221; _builder_version=&#8221;3.19&#8243; title_font_size_tablet=&#8221;51&#8243; title_line_height_tablet=&#8221;2&#8243; caption_font_size_tablet=&#8221;51&#8243; caption_line_height_tablet=&#8221;2&#8243; pagination_font_size_tablet=&#8221;51&#8243; pagination_line_height_tablet=&#8221;2&#8243;][\/et_pb_catalogs][\/et_pb_column][\/et_pb_row][\/et_pb_section]<\/p>\n","protected":false},"excerpt":{"rendered":"<p>Teka&#8217;s Catalogue T\u1ea3i b\u1ed9 catalogue ho\u00e0n ch\u1ec9nh. Kh\u00e1ch h\u00e0ng c\u00f3 th\u1ec3 t\u00ecm th\u1ea5y nh\u1eefng d\u00f2ng v\u00e0 m\u1eabu s\u1ea3n ph\u1ea9m m\u1edbi nh\u1ea5t, c\u0169ng nh\u01b0 nh\u1eefng t\u00ednh n\u0103ng v\u00e0 th\u00f4ng tin chi ti\u1ebft v\u1ec1 c\u00e1c s\u1ea3n ph\u1ea9m hi\u1ec7n t\u1ea1i. &nbsp;[et_pb_catalogs fullwidth=&#8221;off&#8221; posts_number=&#8221;-1&#8243; show_categories=&#8221;off&#8221; show_pagination=&#8221;off&#8221; _builder_version=&#8221;3.19&#8243; title_font_size_tablet=&#8221;51&#8243; title_line_height_tablet=&#8221;2&#8243; caption_font_size_tablet=&#8221;51&#8243; caption_line_height_tablet=&#8221;2&#8243; pagination_font_size_tablet=&#8221;51&#8243; pagination_line_height_tablet=&#8221;2&#8243;][\/et_pb_catalogs]<\/p>\n","protected":false},"author":60,"featured_media":0,"parent":0,"menu_order":0,"comment_status":"closed","ping_status":"closed","template":"","meta":{"_acf_changed":false,"_et_pb_use_builder":"on","_et_pb_old_content":"","_et_gb_content_width":"","footnotes":""},"class_list":["post-56304","page","type-page","status-publish","hentry"],"acf":[],"yoast_head":"<!-- This site is optimized with the Yoast SEO plugin v27.2 - https:\/\/yoast.com\/product\/yoast-seo-wordpress\/ -->\n<title>T\u1ea3i b\u1ed9 catalogue ho\u00e0n ch\u1ec9nh 2024-2025 - PDF | Teka Vietnam<\/title>\n<meta name=\"description\" content=\"Kh\u00e1ch h\u00e0ng c\u00f3 th\u1ec3 t\u00ecm th\u1ea5y nh\u1eefng d\u00f2ng v\u00e0 m\u1eabu s\u1ea3n ph\u1ea9m m\u1edbi nh\u1ea5t, c\u0169ng nh\u01b0 nh\u1eefng t\u00ednh n\u0103ng v\u00e0 th\u00f4ng tin chi ti\u1ebft v\u1ec1 c\u00e1c s\u1ea3n ph\u1ea9m hi\u1ec7n t\u1ea1i.\" \/>\n<meta name=\"robots\" content=\"index, follow, max-snippet:-1, max-image-preview:large, max-video-preview:-1\" \/>\n<link rel=\"canonical\" href=\"https:\/\/www.teka.com\/vi-vn\/catalogue\/\" \/>\n<meta property=\"og:locale\" content=\"vi_VN\" \/>\n<meta property=\"og:type\" content=\"article\" \/>\n<meta property=\"og:title\" content=\"T\u1ea3i b\u1ed9 catalogue ho\u00e0n ch\u1ec9nh 2024-2025 - PDF | Teka Vietnam\" \/>\n<meta property=\"og:description\" content=\"Kh\u00e1ch h\u00e0ng c\u00f3 th\u1ec3 t\u00ecm th\u1ea5y nh\u1eefng d\u00f2ng v\u00e0 m\u1eabu s\u1ea3n ph\u1ea9m m\u1edbi nh\u1ea5t, c\u0169ng nh\u01b0 nh\u1eefng t\u00ednh n\u0103ng v\u00e0 th\u00f4ng tin chi ti\u1ebft v\u1ec1 c\u00e1c s\u1ea3n ph\u1ea9m hi\u1ec7n t\u1ea1i.\" \/>\n<meta property=\"og:url\" content=\"https:\/\/www.teka.com\/vi-vn\/catalogue\/\" \/>\n<meta property=\"og:site_name\" content=\"Teka Vietnam\" \/>\n<meta property=\"article:modified_time\" content=\"2024-09-25T10:26:36+00:00\" \/>\n<meta name=\"twitter:card\" content=\"summary_large_image\" \/>\n<meta name=\"twitter:label1\" content=\"\u01af\u1edbc t\u00ednh th\u1eddi gian \u0111\u1ecdc\" \/>\n\t<meta name=\"twitter:data1\" content=\"3 ph\u00fat\" \/>\n<script type=\"application\/ld+json\" class=\"yoast-schema-graph\">{\"@context\":\"https:\/\/schema.org\",\"@graph\":[{\"@type\":\"WebPage\",\"@id\":\"https:\/\/www.teka.com\/vi-vn\/catalogue\/\",\"url\":\"https:\/\/www.teka.com\/vi-vn\/catalogue\/\",\"name\":\"T\u1ea3i b\u1ed9 catalogue ho\u00e0n ch\u1ec9nh 2024-2025 - PDF | Teka Vietnam\",\"isPartOf\":{\"@id\":\"https:\/\/www.teka.com\/vi-vn\/#website\"},\"datePublished\":\"2019-11-10T12:18:52+00:00\",\"dateModified\":\"2024-09-25T10:26:36+00:00\",\"description\":\"Kh\u00e1ch h\u00e0ng c\u00f3 th\u1ec3 t\u00ecm th\u1ea5y nh\u1eefng d\u00f2ng v\u00e0 m\u1eabu s\u1ea3n ph\u1ea9m m\u1edbi nh\u1ea5t, c\u0169ng nh\u01b0 nh\u1eefng t\u00ednh n\u0103ng v\u00e0 th\u00f4ng tin chi ti\u1ebft v\u1ec1 c\u00e1c s\u1ea3n ph\u1ea9m hi\u1ec7n t\u1ea1i.\",\"inLanguage\":\"vi\",\"potentialAction\":[{\"@type\":\"ReadAction\",\"target\":[\"https:\/\/www.teka.com\/vi-vn\/catalogue\/\"]}]},{\"@type\":\"WebSite\",\"@id\":\"https:\/\/www.teka.com\/vi-vn\/#website\",\"url\":\"https:\/\/www.teka.com\/vi-vn\/\",\"name\":\"Teka Vietnam\",\"description\":\"\",\"potentialAction\":[{\"@type\":\"SearchAction\",\"target\":{\"@type\":\"EntryPoint\",\"urlTemplate\":\"https:\/\/www.teka.com\/vi-vn\/?s={search_term_string}\"},\"query-input\":{\"@type\":\"PropertyValueSpecification\",\"valueRequired\":true,\"valueName\":\"search_term_string\"}}],\"inLanguage\":\"vi\"}]}<\/script>\n<!-- \/ Yoast SEO plugin. -->","yoast_head_json":{"title":"T\u1ea3i b\u1ed9 catalogue ho\u00e0n ch\u1ec9nh 2024-2025 - PDF | Teka Vietnam","description":"Kh\u00e1ch h\u00e0ng c\u00f3 th\u1ec3 t\u00ecm th\u1ea5y nh\u1eefng d\u00f2ng v\u00e0 m\u1eabu s\u1ea3n ph\u1ea9m m\u1edbi nh\u1ea5t, c\u0169ng nh\u01b0 nh\u1eefng t\u00ednh n\u0103ng v\u00e0 th\u00f4ng tin chi ti\u1ebft v\u1ec1 c\u00e1c s\u1ea3n ph\u1ea9m hi\u1ec7n t\u1ea1i.","robots":{"index":"index","follow":"follow","max-snippet":"max-snippet:-1","max-image-preview":"max-image-preview:large","max-video-preview":"max-video-preview:-1"},"canonical":"https:\/\/www.teka.com\/vi-vn\/catalogue\/","og_locale":"vi_VN","og_type":"article","og_title":"T\u1ea3i b\u1ed9 catalogue ho\u00e0n ch\u1ec9nh 2024-2025 - PDF | Teka Vietnam","og_description":"Kh\u00e1ch h\u00e0ng c\u00f3 th\u1ec3 t\u00ecm th\u1ea5y nh\u1eefng d\u00f2ng v\u00e0 m\u1eabu s\u1ea3n ph\u1ea9m m\u1edbi nh\u1ea5t, c\u0169ng nh\u01b0 nh\u1eefng t\u00ednh n\u0103ng v\u00e0 th\u00f4ng tin chi ti\u1ebft v\u1ec1 c\u00e1c s\u1ea3n ph\u1ea9m hi\u1ec7n t\u1ea1i.","og_url":"https:\/\/www.teka.com\/vi-vn\/catalogue\/","og_site_name":"Teka Vietnam","article_modified_time":"2024-09-25T10:26:36+00:00","twitter_card":"summary_large_image","twitter_misc":{"\u01af\u1edbc t\u00ednh th\u1eddi gian \u0111\u1ecdc":"3 ph\u00fat"},"schema":{"@context":"https:\/\/schema.org","@graph":[{"@type":"WebPage","@id":"https:\/\/www.teka.com\/vi-vn\/catalogue\/","url":"https:\/\/www.teka.com\/vi-vn\/catalogue\/","name":"T\u1ea3i b\u1ed9 catalogue ho\u00e0n ch\u1ec9nh 2024-2025 - PDF | Teka Vietnam","isPartOf":{"@id":"https:\/\/www.teka.com\/vi-vn\/#website"},"datePublished":"2019-11-10T12:18:52+00:00","dateModified":"2024-09-25T10:26:36+00:00","description":"Kh\u00e1ch h\u00e0ng c\u00f3 th\u1ec3 t\u00ecm th\u1ea5y nh\u1eefng d\u00f2ng v\u00e0 m\u1eabu s\u1ea3n ph\u1ea9m m\u1edbi nh\u1ea5t, c\u0169ng nh\u01b0 nh\u1eefng t\u00ednh n\u0103ng v\u00e0 th\u00f4ng tin chi ti\u1ebft v\u1ec1 c\u00e1c s\u1ea3n ph\u1ea9m hi\u1ec7n t\u1ea1i.","inLanguage":"vi","potentialAction":[{"@type":"ReadAction","target":["https:\/\/www.teka.com\/vi-vn\/catalogue\/"]}]},{"@type":"WebSite","@id":"https:\/\/www.teka.com\/vi-vn\/#website","url":"https:\/\/www.teka.com\/vi-vn\/","name":"Teka Vietnam","description":"","potentialAction":[{"@type":"SearchAction","target":{"@type":"EntryPoint","urlTemplate":"https:\/\/www.teka.com\/vi-vn\/?s={search_term_string}"},"query-input":{"@type":"PropertyValueSpecification","valueRequired":true,"valueName":"search_term_string"}}],"inLanguage":"vi"}]}},"_links":{"self":[{"href":"https:\/\/www.teka.com\/vi-vn\/wp-json\/wp\/v2\/pages\/56304","targetHints":{"allow":["GET"]}}],"collection":[{"href":"https:\/\/www.teka.com\/vi-vn\/wp-json\/wp\/v2\/pages"}],"about":[{"href":"https:\/\/www.teka.com\/vi-vn\/wp-json\/wp\/v2\/types\/page"}],"author":[{"embeddable":true,"href":"https:\/\/www.teka.com\/vi-vn\/wp-json\/wp\/v2\/users\/60"}],"replies":[{"embeddable":true,"href":"https:\/\/www.teka.com\/vi-vn\/wp-json\/wp\/v2\/comments?post=56304"}],"version-history":[{"count":19,"href":"https:\/\/www.teka.com\/vi-vn\/wp-json\/wp\/v2\/pages\/56304\/revisions"}],"predecessor-version":[{"id":63744,"href":"https:\/\/www.teka.com\/vi-vn\/wp-json\/wp\/v2\/pages\/56304\/revisions\/63744"}],"wp:attachment":[{"href":"https:\/\/www.teka.com\/vi-vn\/wp-json\/wp\/v2\/media?parent=56304"}],"curies":[{"name":"wp","href":"https:\/\/api.w.org\/{rel}","templated":true}]}}