{"id":59641,"date":"2026-04-08T23:40:08","date_gmt":"2026-04-08T23:40:08","guid":{"rendered":"https:\/\/teka.com\/en-int\/steakmaster_111000026"},"modified":"2026-04-08T08:23:28","modified_gmt":"2026-04-08T09:23:28","slug":"steakmaster_111000026","status":"publish","type":"product","link":"https:\/\/www.teka.com\/vi-vn\/san-pham\/steakmaster_111000026\/","title":{"rendered":"SteakMaster"},"content":{"rendered":"<ul>\n<li>Dung t\u00edch (t\u1ed5ng\/th\u1ef1c): 71\/63 l\u00edt<\/li>\n<li>\u0110i\u1ec1u khi\u1ec3n c\u1ea3m \u1ee9ng v\u00e0 n\u00fat v\u1eb7n<\/li>\n<li>13 ch\u1ee9c n\u0103ng n\u01b0\u1edbng<\/li>\n<li>20 c\u00f4ng th\u1ee9c n\u1ea5u \u0103n t\u1ef1 \u0111\u1ed9ng<\/li>\n<li>Nhi\u1ec7t \u0111\u1ed9 n\u01b0\u1edbng cao nh\u1ea5t 700\u00b0C ph\u00f9 h\u1ee3p cho n\u01b0\u1edbng Steak<\/li>\n<li>C\u00f4ng su\u1ea5t danh \u0111\u1ecbnh t\u1ed1i \u0111a 3518W<\/li>\n<li>Gi\u00e1 ni\u00eam y\u1ebft (+VAT): 60.090.000 VND<\/li>\n<\/ul>\n","protected":false},"featured_media":0,"parent":0,"template":"","product_cat":[12999],"product_cleaning_system":[3092,9259],"product_3rd_basket":[],"product_drawers":[],"product_type_of_installation":[43759],"product_edition":[],"product_serie":[],"product_features":[],"finishes":[],"product_bundles":[],"product_energy_efficiency":[44289],"product_video_training":[44360,44364,44370,44372,44377,44378,44379,44380,44382],"class_list":["post-59641","product","type-product","status-publish","hentry","product_cat-lo-nuong","usp-steakmaster-02","usp-steakmaster-03","usp-steakmaster-05","usp-steakmaster-06","usp-steakmaster-01","usp-steakmaster-08","usp-steakmaster-04","usp-compacts-08","color-kinh-den","product_type_of_appliance-da-chuc-nang","product_ambient-ambient-10","product_icons-hydroclean","product_icons-plus-extension-telescopic-guide","product_icons-pyrolysis","product_icons-softclose","product_icons-surroundtemp","product_cleaning_system-hydroclean","product_cleaning_system-ve-sinh-nhiet-phan","product_type_of_installation-lap-am","product_energy_efficiency-a-icon","product_video_training-trainingovens-01","product_video_training-trainingovens-02","product_video_training-trainingovens-05","product_video_training-trainingovens-06","product_video_training-trainingovens-07","product_video_training-trainingovens-08","product_video_training-trainingovens-09","product_video_training-trainingovens-10","product_video_training-trainingovens-12"],"acf":[],"yoast_head":"<!-- This site is optimized with the Yoast SEO plugin v27.2 - https:\/\/yoast.com\/product\/yoast-seo-wordpress\/ -->\n<title>L\u00f2 n\u01b0\u1edbng \u0111a n\u0103ng SteakMaster | Teka Vietnam<\/title>\n<meta name=\"robots\" content=\"index, follow, max-snippet:-1, max-image-preview:large, max-video-preview:-1\" \/>\n<link rel=\"canonical\" href=\"https:\/\/www.teka.com\/vi-vn\/san-pham\/steakmaster_111000026\/\" \/>\n<meta property=\"og:locale\" content=\"vi_VN\" \/>\n<meta property=\"og:type\" content=\"article\" \/>\n<meta property=\"og:title\" content=\"L\u00f2 n\u01b0\u1edbng \u0111a n\u0103ng SteakMaster | Teka Vietnam\" \/>\n<meta property=\"og:description\" content=\"Dung t\u00edch (t\u1ed5ng\/th\u1ef1c): 71\/63 l\u00edt \u0110i\u1ec1u khi\u1ec3n c\u1ea3m \u1ee9ng v\u00e0 n\u00fat v\u1eb7n 13 ch\u1ee9c n\u0103ng n\u01b0\u1edbng 20 c\u00f4ng th\u1ee9c n\u1ea5u \u0103n t\u1ef1 \u0111\u1ed9ng Nhi\u1ec7t \u0111\u1ed9 n\u01b0\u1edbng cao nh\u1ea5t 700\u00b0C ph\u00f9 h\u1ee3p cho n\u01b0\u1edbng Steak C\u00f4ng su\u1ea5t danh \u0111\u1ecbnh t\u1ed1i \u0111a 3518W Gi\u00e1 ni\u00eam y\u1ebft (+VAT): 60.090.000 VND\" \/>\n<meta property=\"og:url\" content=\"https:\/\/www.teka.com\/vi-vn\/san-pham\/steakmaster_111000026\/\" \/>\n<meta property=\"og:site_name\" content=\"Teka Vietnam\" \/>\n<meta name=\"twitter:card\" content=\"summary_large_image\" \/>\n<script type=\"application\/ld+json\" class=\"yoast-schema-graph\">{\"@context\":\"https:\/\/schema.org\",\"@graph\":[{\"@type\":\"WebPage\",\"@id\":\"https:\/\/www.teka.com\/vi-vn\/san-pham\/steakmaster_111000026\/\",\"url\":\"https:\/\/www.teka.com\/vi-vn\/san-pham\/steakmaster_111000026\/\",\"name\":\"L\u00f2 n\u01b0\u1edbng \u0111a n\u0103ng SteakMaster | Teka Vietnam\",\"isPartOf\":{\"@id\":\"https:\/\/www.teka.com\/vi-vn\/#website\"},\"datePublished\":\"2026-04-08T23:40:08+00:00\",\"inLanguage\":\"vi\",\"potentialAction\":[{\"@type\":\"ReadAction\",\"target\":[\"https:\/\/www.teka.com\/vi-vn\/san-pham\/steakmaster_111000026\/\"]}]},{\"@type\":\"WebSite\",\"@id\":\"https:\/\/www.teka.com\/vi-vn\/#website\",\"url\":\"https:\/\/www.teka.com\/vi-vn\/\",\"name\":\"Teka Vietnam\",\"description\":\"\",\"potentialAction\":[{\"@type\":\"SearchAction\",\"target\":{\"@type\":\"EntryPoint\",\"urlTemplate\":\"https:\/\/www.teka.com\/vi-vn\/?s={search_term_string}\"},\"query-input\":{\"@type\":\"PropertyValueSpecification\",\"valueRequired\":true,\"valueName\":\"search_term_string\"}}],\"inLanguage\":\"vi\"}]}<\/script>\n<!-- \/ Yoast SEO plugin. -->","yoast_head_json":{"title":"L\u00f2 n\u01b0\u1edbng \u0111a n\u0103ng SteakMaster | Teka Vietnam","robots":{"index":"index","follow":"follow","max-snippet":"max-snippet:-1","max-image-preview":"max-image-preview:large","max-video-preview":"max-video-preview:-1"},"canonical":"https:\/\/www.teka.com\/vi-vn\/san-pham\/steakmaster_111000026\/","og_locale":"vi_VN","og_type":"article","og_title":"L\u00f2 n\u01b0\u1edbng \u0111a n\u0103ng SteakMaster | Teka Vietnam","og_description":"Dung t\u00edch (t\u1ed5ng\/th\u1ef1c): 71\/63 l\u00edt \u0110i\u1ec1u khi\u1ec3n c\u1ea3m \u1ee9ng v\u00e0 n\u00fat v\u1eb7n 13 ch\u1ee9c n\u0103ng n\u01b0\u1edbng 20 c\u00f4ng th\u1ee9c n\u1ea5u \u0103n t\u1ef1 \u0111\u1ed9ng Nhi\u1ec7t \u0111\u1ed9 n\u01b0\u1edbng cao nh\u1ea5t 700\u00b0C ph\u00f9 h\u1ee3p cho n\u01b0\u1edbng Steak C\u00f4ng su\u1ea5t danh \u0111\u1ecbnh t\u1ed1i \u0111a 3518W Gi\u00e1 ni\u00eam y\u1ebft (+VAT): 60.090.000 VND","og_url":"https:\/\/www.teka.com\/vi-vn\/san-pham\/steakmaster_111000026\/","og_site_name":"Teka Vietnam","twitter_card":"summary_large_image","schema":{"@context":"https:\/\/schema.org","@graph":[{"@type":"WebPage","@id":"https:\/\/www.teka.com\/vi-vn\/san-pham\/steakmaster_111000026\/","url":"https:\/\/www.teka.com\/vi-vn\/san-pham\/steakmaster_111000026\/","name":"L\u00f2 n\u01b0\u1edbng \u0111a n\u0103ng SteakMaster | Teka Vietnam","isPartOf":{"@id":"https:\/\/www.teka.com\/vi-vn\/#website"},"datePublished":"2026-04-08T23:40:08+00:00","inLanguage":"vi","potentialAction":[{"@type":"ReadAction","target":["https:\/\/www.teka.com\/vi-vn\/san-pham\/steakmaster_111000026\/"]}]},{"@type":"WebSite","@id":"https:\/\/www.teka.com\/vi-vn\/#website","url":"https:\/\/www.teka.com\/vi-vn\/","name":"Teka Vietnam","description":"","potentialAction":[{"@type":"SearchAction","target":{"@type":"EntryPoint","urlTemplate":"https:\/\/www.teka.com\/vi-vn\/?s={search_term_string}"},"query-input":{"@type":"PropertyValueSpecification","valueRequired":true,"valueName":"search_term_string"}}],"inLanguage":"vi"}]}},"_links":{"self":[{"href":"https:\/\/www.teka.com\/vi-vn\/wp-json\/wp\/v2\/product\/59641","targetHints":{"allow":["GET"]}}],"collection":[{"href":"https:\/\/www.teka.com\/vi-vn\/wp-json\/wp\/v2\/product"}],"about":[{"href":"https:\/\/www.teka.com\/vi-vn\/wp-json\/wp\/v2\/types\/product"}],"wp:attachment":[{"href":"https:\/\/www.teka.com\/vi-vn\/wp-json\/wp\/v2\/media?parent=59641"}],"wp:term":[{"taxonomy":"product_cat","embeddable":true,"href":"https:\/\/www.teka.com\/vi-vn\/wp-json\/wp\/v2\/product_cat?post=59641"},{"taxonomy":"product_cleaning_system","embeddable":true,"href":"https:\/\/www.teka.com\/vi-vn\/wp-json\/wp\/v2\/product_cleaning_system?post=59641"},{"taxonomy":"product_3rd_basket","embeddable":true,"href":"https:\/\/www.teka.com\/vi-vn\/wp-json\/wp\/v2\/product_3rd_basket?post=59641"},{"taxonomy":"product_drawers","embeddable":true,"href":"https:\/\/www.teka.com\/vi-vn\/wp-json\/wp\/v2\/product_drawers?post=59641"},{"taxonomy":"product_type_of_installation","embeddable":true,"href":"https:\/\/www.teka.com\/vi-vn\/wp-json\/wp\/v2\/product_type_of_installation?post=59641"},{"taxonomy":"product_edition","embeddable":true,"href":"https:\/\/www.teka.com\/vi-vn\/wp-json\/wp\/v2\/product_edition?post=59641"},{"taxonomy":"product_serie","embeddable":true,"href":"https:\/\/www.teka.com\/vi-vn\/wp-json\/wp\/v2\/product_serie?post=59641"},{"taxonomy":"product_features","embeddable":true,"href":"https:\/\/www.teka.com\/vi-vn\/wp-json\/wp\/v2\/product_features?post=59641"},{"taxonomy":"finishes","embeddable":true,"href":"https:\/\/www.teka.com\/vi-vn\/wp-json\/wp\/v2\/finishes?post=59641"},{"taxonomy":"product_bundles","embeddable":true,"href":"https:\/\/www.teka.com\/vi-vn\/wp-json\/wp\/v2\/product_bundles?post=59641"},{"taxonomy":"product_energy_efficiency","embeddable":true,"href":"https:\/\/www.teka.com\/vi-vn\/wp-json\/wp\/v2\/product_energy_efficiency?post=59641"},{"taxonomy":"product_video_training","embeddable":true,"href":"https:\/\/www.teka.com\/vi-vn\/wp-json\/wp\/v2\/product_video_training?post=59641"}],"curies":[{"name":"wp","href":"https:\/\/api.w.org\/{rel}","templated":true}]}}