{"id":59642,"date":"2026-04-27T06:24:48","date_gmt":"2026-04-27T06:24:48","guid":{"rendered":"https:\/\/teka.com\/en-int\/tzc-32320-ttc_112540002"},"modified":"2026-04-24T02:36:38","modified_gmt":"2026-04-24T03:36:38","slug":"tzc-32320-ttc_112540002","status":"publish","type":"product","link":"https:\/\/www.teka.com\/vi-vn\/san-pham\/tzc-32320-ttc_112540002\/","title":{"rendered":"TZC 32320"},"content":{"rendered":"<ul>\n<li>\u0110i\u1ec1u khi\u1ec3n b\u1eb1ng c\u1ea3m \u1ee9ng<\/li>\n<li>M\u1eb7t k\u00ednh Quartzium ch\u1ecbu nhi\u1ec7t v\u1edbi khung vi\u1ec1n b\u1eb1ng th\u00e9p kh\u00f4ng g\u1ec9<\/li>\n<li>2 v\u00f9ng n\u1ea5u<\/li>\n<li>9 m\u1ee9c c\u00f4ng su\u1ea5t<\/li>\n<li>C\u00f4ng su\u1ea5t t\u1ed1i \u0111a 2900W<\/li>\n<li>Gi\u00e1 ni\u00eam y\u1ebft (+VAT): 11.590.000 VND<\/li>\n<\/ul>\n","protected":false},"featured_media":0,"parent":0,"template":"","product_cat":[12992],"product_cleaning_system":[],"product_3rd_basket":[],"product_drawers":[],"product_type_of_installation":[],"product_edition":[],"product_serie":[],"product_features":[],"finishes":[],"product_bundles":[],"product_energy_efficiency":[],"product_video_training":[],"class_list":["post-59642","product","type-product","status-publish","hentry","product_cat-bep","usp-variopro-01","color-kinh-den","product_type_of_appliance-bep-dien","product_ambient-variopro-01","product_ambient-ambient-13","product_icons-autolock","product_icons-easy-installation"],"acf":[],"yoast_head":"<!-- This site is optimized with the Yoast SEO plugin v27.5 - https:\/\/yoast.com\/product\/yoast-seo-wordpress\/ -->\n<title>B\u1ebfp \u0111i\u1ec7n TZC 32320 TTC | Teka Vietnam<\/title>\n<meta name=\"robots\" content=\"index, follow, max-snippet:-1, max-image-preview:large, max-video-preview:-1\" \/>\n<link rel=\"canonical\" href=\"https:\/\/www.teka.com\/vi-vn\/san-pham\/tzc-32320-ttc_112540002\/\" \/>\n<meta property=\"og:locale\" content=\"vi_VN\" \/>\n<meta property=\"og:type\" content=\"article\" \/>\n<meta property=\"og:title\" content=\"B\u1ebfp \u0111i\u1ec7n TZC 32320 TTC | Teka Vietnam\" \/>\n<meta property=\"og:description\" content=\"\u0110i\u1ec1u khi\u1ec3n b\u1eb1ng c\u1ea3m \u1ee9ng M\u1eb7t k\u00ednh Quartzium ch\u1ecbu nhi\u1ec7t v\u1edbi khung vi\u1ec1n b\u1eb1ng th\u00e9p kh\u00f4ng g\u1ec9 2 v\u00f9ng n\u1ea5u 9 m\u1ee9c c\u00f4ng su\u1ea5t C\u00f4ng su\u1ea5t t\u1ed1i \u0111a 2900W Gi\u00e1 ni\u00eam y\u1ebft (+VAT): 11.590.000 VND\" \/>\n<meta property=\"og:url\" content=\"https:\/\/www.teka.com\/vi-vn\/san-pham\/tzc-32320-ttc_112540002\/\" \/>\n<meta property=\"og:site_name\" content=\"Teka Vietnam\" \/>\n<meta name=\"twitter:card\" content=\"summary_large_image\" \/>\n<script type=\"application\/ld+json\" class=\"yoast-schema-graph\">{\"@context\":\"https:\\\/\\\/schema.org\",\"@graph\":[{\"@type\":\"WebPage\",\"@id\":\"https:\\\/\\\/www.teka.com\\\/vi-vn\\\/san-pham\\\/tzc-32320-ttc_112540002\\\/\",\"url\":\"https:\\\/\\\/www.teka.com\\\/vi-vn\\\/san-pham\\\/tzc-32320-ttc_112540002\\\/\",\"name\":\"B\u1ebfp \u0111i\u1ec7n TZC 32320 TTC | Teka Vietnam\",\"isPartOf\":{\"@id\":\"https:\\\/\\\/www.teka.com\\\/vi-vn\\\/#website\"},\"datePublished\":\"2026-04-27T06:24:48+00:00\",\"inLanguage\":\"vi\",\"potentialAction\":[{\"@type\":\"ReadAction\",\"target\":[\"https:\\\/\\\/www.teka.com\\\/vi-vn\\\/san-pham\\\/tzc-32320-ttc_112540002\\\/\"]}]},{\"@type\":\"WebSite\",\"@id\":\"https:\\\/\\\/www.teka.com\\\/vi-vn\\\/#website\",\"url\":\"https:\\\/\\\/www.teka.com\\\/vi-vn\\\/\",\"name\":\"Teka Vietnam\",\"description\":\"\",\"potentialAction\":[{\"@type\":\"SearchAction\",\"target\":{\"@type\":\"EntryPoint\",\"urlTemplate\":\"https:\\\/\\\/www.teka.com\\\/vi-vn\\\/?s={search_term_string}\"},\"query-input\":{\"@type\":\"PropertyValueSpecification\",\"valueRequired\":true,\"valueName\":\"search_term_string\"}}],\"inLanguage\":\"vi\"}]}<\/script>\n<!-- \/ Yoast SEO plugin. -->","yoast_head_json":{"title":"B\u1ebfp \u0111i\u1ec7n TZC 32320 TTC | Teka Vietnam","robots":{"index":"index","follow":"follow","max-snippet":"max-snippet:-1","max-image-preview":"max-image-preview:large","max-video-preview":"max-video-preview:-1"},"canonical":"https:\/\/www.teka.com\/vi-vn\/san-pham\/tzc-32320-ttc_112540002\/","og_locale":"vi_VN","og_type":"article","og_title":"B\u1ebfp \u0111i\u1ec7n TZC 32320 TTC | Teka Vietnam","og_description":"\u0110i\u1ec1u khi\u1ec3n b\u1eb1ng c\u1ea3m \u1ee9ng M\u1eb7t k\u00ednh Quartzium ch\u1ecbu nhi\u1ec7t v\u1edbi khung vi\u1ec1n b\u1eb1ng th\u00e9p kh\u00f4ng g\u1ec9 2 v\u00f9ng n\u1ea5u 9 m\u1ee9c c\u00f4ng su\u1ea5t C\u00f4ng su\u1ea5t t\u1ed1i \u0111a 2900W Gi\u00e1 ni\u00eam y\u1ebft (+VAT): 11.590.000 VND","og_url":"https:\/\/www.teka.com\/vi-vn\/san-pham\/tzc-32320-ttc_112540002\/","og_site_name":"Teka Vietnam","twitter_card":"summary_large_image","schema":{"@context":"https:\/\/schema.org","@graph":[{"@type":"WebPage","@id":"https:\/\/www.teka.com\/vi-vn\/san-pham\/tzc-32320-ttc_112540002\/","url":"https:\/\/www.teka.com\/vi-vn\/san-pham\/tzc-32320-ttc_112540002\/","name":"B\u1ebfp \u0111i\u1ec7n TZC 32320 TTC | Teka Vietnam","isPartOf":{"@id":"https:\/\/www.teka.com\/vi-vn\/#website"},"datePublished":"2026-04-27T06:24:48+00:00","inLanguage":"vi","potentialAction":[{"@type":"ReadAction","target":["https:\/\/www.teka.com\/vi-vn\/san-pham\/tzc-32320-ttc_112540002\/"]}]},{"@type":"WebSite","@id":"https:\/\/www.teka.com\/vi-vn\/#website","url":"https:\/\/www.teka.com\/vi-vn\/","name":"Teka Vietnam","description":"","potentialAction":[{"@type":"SearchAction","target":{"@type":"EntryPoint","urlTemplate":"https:\/\/www.teka.com\/vi-vn\/?s={search_term_string}"},"query-input":{"@type":"PropertyValueSpecification","valueRequired":true,"valueName":"search_term_string"}}],"inLanguage":"vi"}]}},"_links":{"self":[{"href":"https:\/\/www.teka.com\/vi-vn\/wp-json\/wp\/v2\/product\/59642","targetHints":{"allow":["GET"]}}],"collection":[{"href":"https:\/\/www.teka.com\/vi-vn\/wp-json\/wp\/v2\/product"}],"about":[{"href":"https:\/\/www.teka.com\/vi-vn\/wp-json\/wp\/v2\/types\/product"}],"wp:attachment":[{"href":"https:\/\/www.teka.com\/vi-vn\/wp-json\/wp\/v2\/media?parent=59642"}],"wp:term":[{"taxonomy":"product_cat","embeddable":true,"href":"https:\/\/www.teka.com\/vi-vn\/wp-json\/wp\/v2\/product_cat?post=59642"},{"taxonomy":"product_cleaning_system","embeddable":true,"href":"https:\/\/www.teka.com\/vi-vn\/wp-json\/wp\/v2\/product_cleaning_system?post=59642"},{"taxonomy":"product_3rd_basket","embeddable":true,"href":"https:\/\/www.teka.com\/vi-vn\/wp-json\/wp\/v2\/product_3rd_basket?post=59642"},{"taxonomy":"product_drawers","embeddable":true,"href":"https:\/\/www.teka.com\/vi-vn\/wp-json\/wp\/v2\/product_drawers?post=59642"},{"taxonomy":"product_type_of_installation","embeddable":true,"href":"https:\/\/www.teka.com\/vi-vn\/wp-json\/wp\/v2\/product_type_of_installation?post=59642"},{"taxonomy":"product_edition","embeddable":true,"href":"https:\/\/www.teka.com\/vi-vn\/wp-json\/wp\/v2\/product_edition?post=59642"},{"taxonomy":"product_serie","embeddable":true,"href":"https:\/\/www.teka.com\/vi-vn\/wp-json\/wp\/v2\/product_serie?post=59642"},{"taxonomy":"product_features","embeddable":true,"href":"https:\/\/www.teka.com\/vi-vn\/wp-json\/wp\/v2\/product_features?post=59642"},{"taxonomy":"finishes","embeddable":true,"href":"https:\/\/www.teka.com\/vi-vn\/wp-json\/wp\/v2\/finishes?post=59642"},{"taxonomy":"product_bundles","embeddable":true,"href":"https:\/\/www.teka.com\/vi-vn\/wp-json\/wp\/v2\/product_bundles?post=59642"},{"taxonomy":"product_energy_efficiency","embeddable":true,"href":"https:\/\/www.teka.com\/vi-vn\/wp-json\/wp\/v2\/product_energy_efficiency?post=59642"},{"taxonomy":"product_video_training","embeddable":true,"href":"https:\/\/www.teka.com\/vi-vn\/wp-json\/wp\/v2\/product_video_training?post=59642"}],"curies":[{"name":"wp","href":"https:\/\/api.w.org\/{rel}","templated":true}]}}