{"id":60125,"date":"2026-04-07T20:44:02","date_gmt":"2026-04-07T20:44:02","guid":{"rendered":"https:\/\/teka.com\/vi-vn\/maestropizza-hlb-8510-p_111000049"},"modified":"2026-04-07T12:13:55","modified_gmt":"2026-04-07T01:13:55","slug":"maestropizza-hlb-8510-p_111000049","status":"publish","type":"product","link":"https:\/\/www.teka.com\/vi-vn\/san-pham\/maestropizza-hlb-8510-p_111000049\/","title":{"rendered":"MaestroPizza HLB 8510 P"},"content":{"rendered":"<ul>\n<li>Dung t\u00edch (t\u1ed5ng\/th\u1ef1c): 71\/70 l\u00edt<\/li>\n<li>\u0110i\u1ec1u khi\u1ec3n b\u1eb1ng c\u1ea3m \u1ee9ng v\u00e0 n\u00fat v\u1eb7n<\/li>\n<li>8 ch\u1ee9c n\u0103ng n\u01b0\u1edbng<\/li>\n<li>C\u00f4ng su\u1ea5t n\u01b0\u1edbng cao nh\u1ea5t 340\u00b0C ph\u00f9 h\u1ee3p cho ch\u1ee9c n\u0103ng n\u01b0\u1edbng pizza<\/li>\n<li>C\u00f4ng su\u1ea5t danh \u0111\u1ecbnh t\u1ed1i \u0111a 3552W<\/li>\n<li>Gi\u00e1 ni\u00eam y\u1ebft (+VAT): 36.390.000 VND<\/li>\n<\/ul>\n","protected":false},"featured_media":0,"parent":0,"template":"","product_cat":[12999],"product_cleaning_system":[3092,9259],"product_3rd_basket":[],"product_drawers":[],"product_type_of_installation":[43759],"product_edition":[],"product_serie":[],"product_features":[],"finishes":[],"product_bundles":[],"product_energy_efficiency":[44293],"product_video_training":[44360,44370,44382],"class_list":["post-60125","product","type-product","status-publish","hentry","product_cat-lo-nuong","usp-ovens-05","usp-ovens-13","usp-maestropizza-06","usp-maestropizza-02","usp-maestropizza-04","usp-maestropizza-05","usp-compacts-05","usp-pizzastone-03","usp-maestropizza-07","color-kinh-den","product_type_of_appliance-da-chuc-nang","product_ambient-ambient-06","product_icons-hydroclean","product_cleaning_system-hydroclean","product_cleaning_system-ve-sinh-nhiet-phan","product_type_of_installation-lap-am","product_energy_efficiency-a-plus-icon","product_video_training-trainingovens-01","product_video_training-trainingovens-05","product_video_training-trainingovens-12"],"acf":[],"yoast_head":"<!-- This site is optimized with the Yoast SEO plugin v27.2 - https:\/\/yoast.com\/product\/yoast-seo-wordpress\/ -->\n<title>L\u00f2 n\u01b0\u1edbng \u0111i\u1ec7n TEKA Maestro Pizza HLB 8510 P | Teka Vi\u1ec7t Nam<\/title>\n<meta name=\"description\" content=\"L\u00f2 n\u01b0\u1edbng pizza chuy\u00ean nghi\u1ec7p v\u1edbi c\u00f4ng su\u1ea5t n\u01b0\u1edbng l\u00ean \u0111\u1ebfn 340\u00baC, k\u00e8m theo khay n\u01b0\u1edbng \u0111\u1eb7c bi\u1ec7t d\u00e0nh ri\u00eang cho b\u00e1nh pizza, c\u00f3 th\u1ec3 n\u01b0\u1edbng 10 chi\u1ebfc b\u00e1nh pizza ch\u1ec9 trong 30 ph\u00fat\" \/>\n<meta name=\"robots\" content=\"index, follow, max-snippet:-1, max-image-preview:large, max-video-preview:-1\" \/>\n<link rel=\"canonical\" href=\"https:\/\/www.teka.com\/vi-vn\/san-pham\/maestropizza-hlb-8510-p_111000049\/\" \/>\n<meta property=\"og:locale\" content=\"vi_VN\" \/>\n<meta property=\"og:type\" content=\"article\" \/>\n<meta property=\"og:title\" content=\"L\u00f2 n\u01b0\u1edbng \u0111i\u1ec7n TEKA Maestro Pizza HLB 8510 P | Teka Vi\u1ec7t Nam\" \/>\n<meta property=\"og:description\" content=\"L\u00f2 n\u01b0\u1edbng pizza chuy\u00ean nghi\u1ec7p v\u1edbi c\u00f4ng su\u1ea5t n\u01b0\u1edbng l\u00ean \u0111\u1ebfn 340\u00baC, k\u00e8m theo khay n\u01b0\u1edbng \u0111\u1eb7c bi\u1ec7t d\u00e0nh ri\u00eang cho b\u00e1nh pizza, c\u00f3 th\u1ec3 n\u01b0\u1edbng 10 chi\u1ebfc b\u00e1nh pizza ch\u1ec9 trong 30 ph\u00fat\" \/>\n<meta property=\"og:url\" content=\"https:\/\/www.teka.com\/vi-vn\/san-pham\/maestropizza-hlb-8510-p_111000049\/\" \/>\n<meta property=\"og:site_name\" content=\"Teka Vietnam\" \/>\n<meta name=\"twitter:card\" content=\"summary_large_image\" \/>\n<script type=\"application\/ld+json\" class=\"yoast-schema-graph\">{\"@context\":\"https:\/\/schema.org\",\"@graph\":[{\"@type\":\"WebPage\",\"@id\":\"https:\/\/www.teka.com\/vi-vn\/san-pham\/maestropizza-hlb-8510-p_111000049\/\",\"url\":\"https:\/\/www.teka.com\/vi-vn\/san-pham\/maestropizza-hlb-8510-p_111000049\/\",\"name\":\"L\u00f2 n\u01b0\u1edbng \u0111i\u1ec7n TEKA Maestro Pizza HLB 8510 P | Teka Vi\u1ec7t Nam\",\"isPartOf\":{\"@id\":\"https:\/\/www.teka.com\/vi-vn\/#website\"},\"datePublished\":\"2026-04-07T20:44:02+00:00\",\"description\":\"L\u00f2 n\u01b0\u1edbng pizza chuy\u00ean nghi\u1ec7p v\u1edbi c\u00f4ng su\u1ea5t n\u01b0\u1edbng l\u00ean \u0111\u1ebfn 340\u00baC, k\u00e8m theo khay n\u01b0\u1edbng \u0111\u1eb7c bi\u1ec7t d\u00e0nh ri\u00eang cho b\u00e1nh pizza, c\u00f3 th\u1ec3 n\u01b0\u1edbng 10 chi\u1ebfc b\u00e1nh pizza ch\u1ec9 trong 30 ph\u00fat\",\"inLanguage\":\"vi\",\"potentialAction\":[{\"@type\":\"ReadAction\",\"target\":[\"https:\/\/www.teka.com\/vi-vn\/san-pham\/maestropizza-hlb-8510-p_111000049\/\"]}]},{\"@type\":\"WebSite\",\"@id\":\"https:\/\/www.teka.com\/vi-vn\/#website\",\"url\":\"https:\/\/www.teka.com\/vi-vn\/\",\"name\":\"Teka Vietnam\",\"description\":\"\",\"potentialAction\":[{\"@type\":\"SearchAction\",\"target\":{\"@type\":\"EntryPoint\",\"urlTemplate\":\"https:\/\/www.teka.com\/vi-vn\/?s={search_term_string}\"},\"query-input\":{\"@type\":\"PropertyValueSpecification\",\"valueRequired\":true,\"valueName\":\"search_term_string\"}}],\"inLanguage\":\"vi\"}]}<\/script>\n<!-- \/ Yoast SEO plugin. -->","yoast_head_json":{"title":"L\u00f2 n\u01b0\u1edbng \u0111i\u1ec7n TEKA Maestro Pizza HLB 8510 P | Teka Vi\u1ec7t Nam","description":"L\u00f2 n\u01b0\u1edbng pizza chuy\u00ean nghi\u1ec7p v\u1edbi c\u00f4ng su\u1ea5t n\u01b0\u1edbng l\u00ean \u0111\u1ebfn 340\u00baC, k\u00e8m theo khay n\u01b0\u1edbng \u0111\u1eb7c bi\u1ec7t d\u00e0nh ri\u00eang cho b\u00e1nh pizza, c\u00f3 th\u1ec3 n\u01b0\u1edbng 10 chi\u1ebfc b\u00e1nh pizza ch\u1ec9 trong 30 ph\u00fat","robots":{"index":"index","follow":"follow","max-snippet":"max-snippet:-1","max-image-preview":"max-image-preview:large","max-video-preview":"max-video-preview:-1"},"canonical":"https:\/\/www.teka.com\/vi-vn\/san-pham\/maestropizza-hlb-8510-p_111000049\/","og_locale":"vi_VN","og_type":"article","og_title":"L\u00f2 n\u01b0\u1edbng \u0111i\u1ec7n TEKA Maestro Pizza HLB 8510 P | Teka Vi\u1ec7t Nam","og_description":"L\u00f2 n\u01b0\u1edbng pizza chuy\u00ean nghi\u1ec7p v\u1edbi c\u00f4ng su\u1ea5t n\u01b0\u1edbng l\u00ean \u0111\u1ebfn 340\u00baC, k\u00e8m theo khay n\u01b0\u1edbng \u0111\u1eb7c bi\u1ec7t d\u00e0nh ri\u00eang cho b\u00e1nh pizza, c\u00f3 th\u1ec3 n\u01b0\u1edbng 10 chi\u1ebfc b\u00e1nh pizza ch\u1ec9 trong 30 ph\u00fat","og_url":"https:\/\/www.teka.com\/vi-vn\/san-pham\/maestropizza-hlb-8510-p_111000049\/","og_site_name":"Teka Vietnam","twitter_card":"summary_large_image","schema":{"@context":"https:\/\/schema.org","@graph":[{"@type":"WebPage","@id":"https:\/\/www.teka.com\/vi-vn\/san-pham\/maestropizza-hlb-8510-p_111000049\/","url":"https:\/\/www.teka.com\/vi-vn\/san-pham\/maestropizza-hlb-8510-p_111000049\/","name":"L\u00f2 n\u01b0\u1edbng \u0111i\u1ec7n TEKA Maestro Pizza HLB 8510 P | Teka Vi\u1ec7t Nam","isPartOf":{"@id":"https:\/\/www.teka.com\/vi-vn\/#website"},"datePublished":"2026-04-07T20:44:02+00:00","description":"L\u00f2 n\u01b0\u1edbng pizza chuy\u00ean nghi\u1ec7p v\u1edbi c\u00f4ng su\u1ea5t n\u01b0\u1edbng l\u00ean \u0111\u1ebfn 340\u00baC, k\u00e8m theo khay n\u01b0\u1edbng \u0111\u1eb7c bi\u1ec7t d\u00e0nh ri\u00eang cho b\u00e1nh pizza, c\u00f3 th\u1ec3 n\u01b0\u1edbng 10 chi\u1ebfc b\u00e1nh pizza ch\u1ec9 trong 30 ph\u00fat","inLanguage":"vi","potentialAction":[{"@type":"ReadAction","target":["https:\/\/www.teka.com\/vi-vn\/san-pham\/maestropizza-hlb-8510-p_111000049\/"]}]},{"@type":"WebSite","@id":"https:\/\/www.teka.com\/vi-vn\/#website","url":"https:\/\/www.teka.com\/vi-vn\/","name":"Teka Vietnam","description":"","potentialAction":[{"@type":"SearchAction","target":{"@type":"EntryPoint","urlTemplate":"https:\/\/www.teka.com\/vi-vn\/?s={search_term_string}"},"query-input":{"@type":"PropertyValueSpecification","valueRequired":true,"valueName":"search_term_string"}}],"inLanguage":"vi"}]}},"_links":{"self":[{"href":"https:\/\/www.teka.com\/vi-vn\/wp-json\/wp\/v2\/product\/60125","targetHints":{"allow":["GET"]}}],"collection":[{"href":"https:\/\/www.teka.com\/vi-vn\/wp-json\/wp\/v2\/product"}],"about":[{"href":"https:\/\/www.teka.com\/vi-vn\/wp-json\/wp\/v2\/types\/product"}],"wp:attachment":[{"href":"https:\/\/www.teka.com\/vi-vn\/wp-json\/wp\/v2\/media?parent=60125"}],"wp:term":[{"taxonomy":"product_cat","embeddable":true,"href":"https:\/\/www.teka.com\/vi-vn\/wp-json\/wp\/v2\/product_cat?post=60125"},{"taxonomy":"product_cleaning_system","embeddable":true,"href":"https:\/\/www.teka.com\/vi-vn\/wp-json\/wp\/v2\/product_cleaning_system?post=60125"},{"taxonomy":"product_3rd_basket","embeddable":true,"href":"https:\/\/www.teka.com\/vi-vn\/wp-json\/wp\/v2\/product_3rd_basket?post=60125"},{"taxonomy":"product_drawers","embeddable":true,"href":"https:\/\/www.teka.com\/vi-vn\/wp-json\/wp\/v2\/product_drawers?post=60125"},{"taxonomy":"product_type_of_installation","embeddable":true,"href":"https:\/\/www.teka.com\/vi-vn\/wp-json\/wp\/v2\/product_type_of_installation?post=60125"},{"taxonomy":"product_edition","embeddable":true,"href":"https:\/\/www.teka.com\/vi-vn\/wp-json\/wp\/v2\/product_edition?post=60125"},{"taxonomy":"product_serie","embeddable":true,"href":"https:\/\/www.teka.com\/vi-vn\/wp-json\/wp\/v2\/product_serie?post=60125"},{"taxonomy":"product_features","embeddable":true,"href":"https:\/\/www.teka.com\/vi-vn\/wp-json\/wp\/v2\/product_features?post=60125"},{"taxonomy":"finishes","embeddable":true,"href":"https:\/\/www.teka.com\/vi-vn\/wp-json\/wp\/v2\/finishes?post=60125"},{"taxonomy":"product_bundles","embeddable":true,"href":"https:\/\/www.teka.com\/vi-vn\/wp-json\/wp\/v2\/product_bundles?post=60125"},{"taxonomy":"product_energy_efficiency","embeddable":true,"href":"https:\/\/www.teka.com\/vi-vn\/wp-json\/wp\/v2\/product_energy_efficiency?post=60125"},{"taxonomy":"product_video_training","embeddable":true,"href":"https:\/\/www.teka.com\/vi-vn\/wp-json\/wp\/v2\/product_video_training?post=60125"}],"curies":[{"name":"wp","href":"https:\/\/api.w.org\/{rel}","templated":true}]}}