{"id":60661,"date":"2026-04-07T20:30:27","date_gmt":"2026-04-07T20:30:27","guid":{"rendered":"https:\/\/teka.com\/en-int\/dfs-26610-220-50-ss_114280003"},"modified":"2026-03-14T07:28:08","modified_gmt":"2026-03-14T08:28:08","slug":"dfs-26610-220-50-ss_114280003","status":"publish","type":"product","link":"https:\/\/www.teka.com\/vi-vn\/san-pham\/dfs-26610-220-50-ss_114280003\/","title":{"rendered":"DFS 26610 220 50 SS"},"content":{"rendered":"<ul>\n<li>B\u1ea3ng \u0111i\u1ec1u khi\u1ec3n \u0111i\u1ec7n t\u1eed v\u1edbi n\u00fat nh\u1ea5n<\/li>\n<li>Dung t\u00edch 12 b\u1ed9 ch\u00e9n d\u0129a<\/li>\n<li>6 ch\u01b0\u01a1ng tr\u00ecnh r\u1eeda<\/li>\n<li>Gi\u00e1 ni\u00eam y\u1ebft (+VAT): 14.190.000 VND<\/li>\n<li>B\u1ea2O H\u00c0NH 3 N\u0102M, 1 \u0110\u1ed4I 1 TRONG 365 NG\u00c0Y<\/li>\n<\/ul>\n","protected":false},"featured_media":0,"parent":0,"template":"","product_cat":[13004],"product_cleaning_system":[],"product_3rd_basket":[44353],"product_drawers":[],"product_type_of_installation":[43752],"product_edition":[],"product_serie":[],"product_features":[],"finishes":[],"product_bundles":[],"product_energy_efficiency":[43815],"product_video_training":[],"class_list":["post-60661","product","type-product","status-publish","hentry","product_cat-may-rua-chen","usp-dishwashers-11","usp-dishwashers-15","usp-dishwashers-16","usp-dishwashers-21","color-thep-khong-gi","product_type_of_appliance-doc-lap","product_icons-eco-function","product_icons-extra-dry-function","product_3rd_basket-gio-dung-dao-keo","product_type_of_installation-doc-lap","product_energy_efficiency-f-ue-icon-new"],"acf":[],"yoast_head":"<!-- This site is optimized with the Yoast SEO plugin v27.2 - https:\/\/yoast.com\/product\/yoast-seo-wordpress\/ -->\n<title>DFS 26610 220 50 SS | Teka Vietnam<\/title>\n<meta name=\"robots\" content=\"index, follow, max-snippet:-1, max-image-preview:large, max-video-preview:-1\" \/>\n<link rel=\"canonical\" href=\"https:\/\/www.teka.com\/vi-vn\/san-pham\/dfs-26610-220-50-ss_114280003\/\" \/>\n<meta property=\"og:locale\" content=\"vi_VN\" \/>\n<meta property=\"og:type\" content=\"article\" \/>\n<meta property=\"og:title\" content=\"DFS 26610 220 50 SS | Teka Vietnam\" \/>\n<meta property=\"og:description\" content=\"B\u1ea3ng \u0111i\u1ec1u khi\u1ec3n \u0111i\u1ec7n t\u1eed v\u1edbi n\u00fat nh\u1ea5n Dung t\u00edch 12 b\u1ed9 ch\u00e9n d\u0129a 6 ch\u01b0\u01a1ng tr\u00ecnh r\u1eeda Gi\u00e1 ni\u00eam y\u1ebft (+VAT): 14.190.000 VND B\u1ea2O H\u00c0NH 3 N\u0102M, 1 \u0110\u1ed4I 1 TRONG 365 NG\u00c0Y\" \/>\n<meta property=\"og:url\" content=\"https:\/\/www.teka.com\/vi-vn\/san-pham\/dfs-26610-220-50-ss_114280003\/\" \/>\n<meta property=\"og:site_name\" content=\"Teka Vietnam\" \/>\n<meta name=\"twitter:card\" content=\"summary_large_image\" \/>\n<script type=\"application\/ld+json\" class=\"yoast-schema-graph\">{\"@context\":\"https:\/\/schema.org\",\"@graph\":[{\"@type\":\"WebPage\",\"@id\":\"https:\/\/www.teka.com\/vi-vn\/san-pham\/dfs-26610-220-50-ss_114280003\/\",\"url\":\"https:\/\/www.teka.com\/vi-vn\/san-pham\/dfs-26610-220-50-ss_114280003\/\",\"name\":\"DFS 26610 220 50 SS | Teka Vietnam\",\"isPartOf\":{\"@id\":\"https:\/\/www.teka.com\/vi-vn\/#website\"},\"datePublished\":\"2026-04-07T20:30:27+00:00\",\"inLanguage\":\"vi\",\"potentialAction\":[{\"@type\":\"ReadAction\",\"target\":[\"https:\/\/www.teka.com\/vi-vn\/san-pham\/dfs-26610-220-50-ss_114280003\/\"]}]},{\"@type\":\"WebSite\",\"@id\":\"https:\/\/www.teka.com\/vi-vn\/#website\",\"url\":\"https:\/\/www.teka.com\/vi-vn\/\",\"name\":\"Teka Vietnam\",\"description\":\"\",\"potentialAction\":[{\"@type\":\"SearchAction\",\"target\":{\"@type\":\"EntryPoint\",\"urlTemplate\":\"https:\/\/www.teka.com\/vi-vn\/?s={search_term_string}\"},\"query-input\":{\"@type\":\"PropertyValueSpecification\",\"valueRequired\":true,\"valueName\":\"search_term_string\"}}],\"inLanguage\":\"vi\"}]}<\/script>\n<!-- \/ Yoast SEO plugin. -->","yoast_head_json":{"title":"DFS 26610 220 50 SS | Teka Vietnam","robots":{"index":"index","follow":"follow","max-snippet":"max-snippet:-1","max-image-preview":"max-image-preview:large","max-video-preview":"max-video-preview:-1"},"canonical":"https:\/\/www.teka.com\/vi-vn\/san-pham\/dfs-26610-220-50-ss_114280003\/","og_locale":"vi_VN","og_type":"article","og_title":"DFS 26610 220 50 SS | Teka Vietnam","og_description":"B\u1ea3ng \u0111i\u1ec1u khi\u1ec3n \u0111i\u1ec7n t\u1eed v\u1edbi n\u00fat nh\u1ea5n Dung t\u00edch 12 b\u1ed9 ch\u00e9n d\u0129a 6 ch\u01b0\u01a1ng tr\u00ecnh r\u1eeda Gi\u00e1 ni\u00eam y\u1ebft (+VAT): 14.190.000 VND B\u1ea2O H\u00c0NH 3 N\u0102M, 1 \u0110\u1ed4I 1 TRONG 365 NG\u00c0Y","og_url":"https:\/\/www.teka.com\/vi-vn\/san-pham\/dfs-26610-220-50-ss_114280003\/","og_site_name":"Teka Vietnam","twitter_card":"summary_large_image","schema":{"@context":"https:\/\/schema.org","@graph":[{"@type":"WebPage","@id":"https:\/\/www.teka.com\/vi-vn\/san-pham\/dfs-26610-220-50-ss_114280003\/","url":"https:\/\/www.teka.com\/vi-vn\/san-pham\/dfs-26610-220-50-ss_114280003\/","name":"DFS 26610 220 50 SS | Teka Vietnam","isPartOf":{"@id":"https:\/\/www.teka.com\/vi-vn\/#website"},"datePublished":"2026-04-07T20:30:27+00:00","inLanguage":"vi","potentialAction":[{"@type":"ReadAction","target":["https:\/\/www.teka.com\/vi-vn\/san-pham\/dfs-26610-220-50-ss_114280003\/"]}]},{"@type":"WebSite","@id":"https:\/\/www.teka.com\/vi-vn\/#website","url":"https:\/\/www.teka.com\/vi-vn\/","name":"Teka Vietnam","description":"","potentialAction":[{"@type":"SearchAction","target":{"@type":"EntryPoint","urlTemplate":"https:\/\/www.teka.com\/vi-vn\/?s={search_term_string}"},"query-input":{"@type":"PropertyValueSpecification","valueRequired":true,"valueName":"search_term_string"}}],"inLanguage":"vi"}]}},"_links":{"self":[{"href":"https:\/\/www.teka.com\/vi-vn\/wp-json\/wp\/v2\/product\/60661","targetHints":{"allow":["GET"]}}],"collection":[{"href":"https:\/\/www.teka.com\/vi-vn\/wp-json\/wp\/v2\/product"}],"about":[{"href":"https:\/\/www.teka.com\/vi-vn\/wp-json\/wp\/v2\/types\/product"}],"wp:attachment":[{"href":"https:\/\/www.teka.com\/vi-vn\/wp-json\/wp\/v2\/media?parent=60661"}],"wp:term":[{"taxonomy":"product_cat","embeddable":true,"href":"https:\/\/www.teka.com\/vi-vn\/wp-json\/wp\/v2\/product_cat?post=60661"},{"taxonomy":"product_cleaning_system","embeddable":true,"href":"https:\/\/www.teka.com\/vi-vn\/wp-json\/wp\/v2\/product_cleaning_system?post=60661"},{"taxonomy":"product_3rd_basket","embeddable":true,"href":"https:\/\/www.teka.com\/vi-vn\/wp-json\/wp\/v2\/product_3rd_basket?post=60661"},{"taxonomy":"product_drawers","embeddable":true,"href":"https:\/\/www.teka.com\/vi-vn\/wp-json\/wp\/v2\/product_drawers?post=60661"},{"taxonomy":"product_type_of_installation","embeddable":true,"href":"https:\/\/www.teka.com\/vi-vn\/wp-json\/wp\/v2\/product_type_of_installation?post=60661"},{"taxonomy":"product_edition","embeddable":true,"href":"https:\/\/www.teka.com\/vi-vn\/wp-json\/wp\/v2\/product_edition?post=60661"},{"taxonomy":"product_serie","embeddable":true,"href":"https:\/\/www.teka.com\/vi-vn\/wp-json\/wp\/v2\/product_serie?post=60661"},{"taxonomy":"product_features","embeddable":true,"href":"https:\/\/www.teka.com\/vi-vn\/wp-json\/wp\/v2\/product_features?post=60661"},{"taxonomy":"finishes","embeddable":true,"href":"https:\/\/www.teka.com\/vi-vn\/wp-json\/wp\/v2\/finishes?post=60661"},{"taxonomy":"product_bundles","embeddable":true,"href":"https:\/\/www.teka.com\/vi-vn\/wp-json\/wp\/v2\/product_bundles?post=60661"},{"taxonomy":"product_energy_efficiency","embeddable":true,"href":"https:\/\/www.teka.com\/vi-vn\/wp-json\/wp\/v2\/product_energy_efficiency?post=60661"},{"taxonomy":"product_video_training","embeddable":true,"href":"https:\/\/www.teka.com\/vi-vn\/wp-json\/wp\/v2\/product_video_training?post=60661"}],"curies":[{"name":"wp","href":"https:\/\/api.w.org\/{rel}","templated":true}]}}