{"id":62541,"date":"2026-04-08T12:55:09","date_gmt":"2026-04-08T12:55:09","guid":{"rendered":"https:\/\/teka.com\/en-int\/dbb-90_40460440"},"modified":"2026-04-08T10:23:38","modified_gmt":"2026-04-08T11:23:38","slug":"dbb-90_40460440","status":"publish","type":"product","link":"https:\/\/www.teka.com\/vi-vn\/san-pham\/dbb-90_40460440\/","title":{"rendered":"DBB 90"},"content":{"rendered":"<ul>\n<li>\u0110i\u1ec1u khi\u1ec3n b\u1eb1ng n\u00fat nh\u1ea5n<\/li>\n<li>3 m\u1ee9c t\u1ed1c \u0111\u1ed9<\/li>\n<li>C\u00f4ng su\u1ea5t h\u00fat t\u1ed1i \u0111a 440 m\u00b3\/h<\/li>\n<li>\u0110\u1ed9 \u1ed3n 44\/60dB<\/li>\n<li>Gi\u00e1 ni\u00eam y\u1ebft (+VAT): 9.190.000 VND<\/li>\n<li>B\u1ea2O H\u00c0NH 3 N\u0102M, 1 \u0110\u1ed4I 1 TRONG 365 NG\u00c0Y<\/li>\n<\/ul>\n","protected":false},"featured_media":0,"parent":0,"template":"","product_cat":[12997],"product_cleaning_system":[],"product_3rd_basket":[],"product_drawers":[],"product_type_of_installation":[],"product_edition":[],"product_serie":[],"product_features":[],"finishes":[],"product_bundles":[],"product_energy_efficiency":[44295],"product_video_training":[],"class_list":["post-62541","product","type-product","status-publish","hentry","product_cat-hut-mui","usp-hoods-02","usp-hoods-05","usp-hoods-06","color-thep-khong-gi","product_type_of_appliance-hut-mui-trang-tri","product_icons-led","product_energy_efficiency-d-icon"],"acf":[],"yoast_head":"<!-- This site is optimized with the Yoast SEO plugin v27.2 - https:\/\/yoast.com\/product\/yoast-seo-wordpress\/ -->\n<title>M\u00e1y h\u00fat m\u00f9i \u00e1p t\u01b0\u1eddng DBB 90 | Teka Vietnam<\/title>\n<meta name=\"robots\" content=\"index, follow, max-snippet:-1, max-image-preview:large, max-video-preview:-1\" \/>\n<link rel=\"canonical\" href=\"https:\/\/www.teka.com\/vi-vn\/san-pham\/dbb-90_40460440\/\" \/>\n<meta property=\"og:locale\" content=\"vi_VN\" \/>\n<meta property=\"og:type\" content=\"article\" \/>\n<meta property=\"og:title\" content=\"M\u00e1y h\u00fat m\u00f9i \u00e1p t\u01b0\u1eddng DBB 90 | Teka Vietnam\" \/>\n<meta property=\"og:description\" content=\"\u0110i\u1ec1u khi\u1ec3n b\u1eb1ng n\u00fat nh\u1ea5n 3 m\u1ee9c t\u1ed1c \u0111\u1ed9 C\u00f4ng su\u1ea5t h\u00fat t\u1ed1i \u0111a 440 m\u00b3\/h \u0110\u1ed9 \u1ed3n 44\/60dB Gi\u00e1 ni\u00eam y\u1ebft (+VAT): 9.190.000 VND B\u1ea2O H\u00c0NH 3 N\u0102M, 1 \u0110\u1ed4I 1 TRONG 365 NG\u00c0Y\" \/>\n<meta property=\"og:url\" content=\"https:\/\/www.teka.com\/vi-vn\/san-pham\/dbb-90_40460440\/\" \/>\n<meta property=\"og:site_name\" content=\"Teka Vietnam\" \/>\n<meta name=\"twitter:card\" content=\"summary_large_image\" \/>\n<script type=\"application\/ld+json\" class=\"yoast-schema-graph\">{\"@context\":\"https:\/\/schema.org\",\"@graph\":[{\"@type\":\"WebPage\",\"@id\":\"https:\/\/www.teka.com\/vi-vn\/san-pham\/dbb-90_40460440\/\",\"url\":\"https:\/\/www.teka.com\/vi-vn\/san-pham\/dbb-90_40460440\/\",\"name\":\"M\u00e1y h\u00fat m\u00f9i \u00e1p t\u01b0\u1eddng DBB 90 | Teka Vietnam\",\"isPartOf\":{\"@id\":\"https:\/\/www.teka.com\/vi-vn\/#website\"},\"datePublished\":\"2026-04-08T12:55:09+00:00\",\"inLanguage\":\"vi\",\"potentialAction\":[{\"@type\":\"ReadAction\",\"target\":[\"https:\/\/www.teka.com\/vi-vn\/san-pham\/dbb-90_40460440\/\"]}]},{\"@type\":\"WebSite\",\"@id\":\"https:\/\/www.teka.com\/vi-vn\/#website\",\"url\":\"https:\/\/www.teka.com\/vi-vn\/\",\"name\":\"Teka Vietnam\",\"description\":\"\",\"potentialAction\":[{\"@type\":\"SearchAction\",\"target\":{\"@type\":\"EntryPoint\",\"urlTemplate\":\"https:\/\/www.teka.com\/vi-vn\/?s={search_term_string}\"},\"query-input\":{\"@type\":\"PropertyValueSpecification\",\"valueRequired\":true,\"valueName\":\"search_term_string\"}}],\"inLanguage\":\"vi\"}]}<\/script>\n<!-- \/ Yoast SEO plugin. -->","yoast_head_json":{"title":"M\u00e1y h\u00fat m\u00f9i \u00e1p t\u01b0\u1eddng DBB 90 | Teka Vietnam","robots":{"index":"index","follow":"follow","max-snippet":"max-snippet:-1","max-image-preview":"max-image-preview:large","max-video-preview":"max-video-preview:-1"},"canonical":"https:\/\/www.teka.com\/vi-vn\/san-pham\/dbb-90_40460440\/","og_locale":"vi_VN","og_type":"article","og_title":"M\u00e1y h\u00fat m\u00f9i \u00e1p t\u01b0\u1eddng DBB 90 | Teka Vietnam","og_description":"\u0110i\u1ec1u khi\u1ec3n b\u1eb1ng n\u00fat nh\u1ea5n 3 m\u1ee9c t\u1ed1c \u0111\u1ed9 C\u00f4ng su\u1ea5t h\u00fat t\u1ed1i \u0111a 440 m\u00b3\/h \u0110\u1ed9 \u1ed3n 44\/60dB Gi\u00e1 ni\u00eam y\u1ebft (+VAT): 9.190.000 VND B\u1ea2O H\u00c0NH 3 N\u0102M, 1 \u0110\u1ed4I 1 TRONG 365 NG\u00c0Y","og_url":"https:\/\/www.teka.com\/vi-vn\/san-pham\/dbb-90_40460440\/","og_site_name":"Teka Vietnam","twitter_card":"summary_large_image","schema":{"@context":"https:\/\/schema.org","@graph":[{"@type":"WebPage","@id":"https:\/\/www.teka.com\/vi-vn\/san-pham\/dbb-90_40460440\/","url":"https:\/\/www.teka.com\/vi-vn\/san-pham\/dbb-90_40460440\/","name":"M\u00e1y h\u00fat m\u00f9i \u00e1p t\u01b0\u1eddng DBB 90 | Teka Vietnam","isPartOf":{"@id":"https:\/\/www.teka.com\/vi-vn\/#website"},"datePublished":"2026-04-08T12:55:09+00:00","inLanguage":"vi","potentialAction":[{"@type":"ReadAction","target":["https:\/\/www.teka.com\/vi-vn\/san-pham\/dbb-90_40460440\/"]}]},{"@type":"WebSite","@id":"https:\/\/www.teka.com\/vi-vn\/#website","url":"https:\/\/www.teka.com\/vi-vn\/","name":"Teka Vietnam","description":"","potentialAction":[{"@type":"SearchAction","target":{"@type":"EntryPoint","urlTemplate":"https:\/\/www.teka.com\/vi-vn\/?s={search_term_string}"},"query-input":{"@type":"PropertyValueSpecification","valueRequired":true,"valueName":"search_term_string"}}],"inLanguage":"vi"}]}},"_links":{"self":[{"href":"https:\/\/www.teka.com\/vi-vn\/wp-json\/wp\/v2\/product\/62541","targetHints":{"allow":["GET"]}}],"collection":[{"href":"https:\/\/www.teka.com\/vi-vn\/wp-json\/wp\/v2\/product"}],"about":[{"href":"https:\/\/www.teka.com\/vi-vn\/wp-json\/wp\/v2\/types\/product"}],"wp:attachment":[{"href":"https:\/\/www.teka.com\/vi-vn\/wp-json\/wp\/v2\/media?parent=62541"}],"wp:term":[{"taxonomy":"product_cat","embeddable":true,"href":"https:\/\/www.teka.com\/vi-vn\/wp-json\/wp\/v2\/product_cat?post=62541"},{"taxonomy":"product_cleaning_system","embeddable":true,"href":"https:\/\/www.teka.com\/vi-vn\/wp-json\/wp\/v2\/product_cleaning_system?post=62541"},{"taxonomy":"product_3rd_basket","embeddable":true,"href":"https:\/\/www.teka.com\/vi-vn\/wp-json\/wp\/v2\/product_3rd_basket?post=62541"},{"taxonomy":"product_drawers","embeddable":true,"href":"https:\/\/www.teka.com\/vi-vn\/wp-json\/wp\/v2\/product_drawers?post=62541"},{"taxonomy":"product_type_of_installation","embeddable":true,"href":"https:\/\/www.teka.com\/vi-vn\/wp-json\/wp\/v2\/product_type_of_installation?post=62541"},{"taxonomy":"product_edition","embeddable":true,"href":"https:\/\/www.teka.com\/vi-vn\/wp-json\/wp\/v2\/product_edition?post=62541"},{"taxonomy":"product_serie","embeddable":true,"href":"https:\/\/www.teka.com\/vi-vn\/wp-json\/wp\/v2\/product_serie?post=62541"},{"taxonomy":"product_features","embeddable":true,"href":"https:\/\/www.teka.com\/vi-vn\/wp-json\/wp\/v2\/product_features?post=62541"},{"taxonomy":"finishes","embeddable":true,"href":"https:\/\/www.teka.com\/vi-vn\/wp-json\/wp\/v2\/finishes?post=62541"},{"taxonomy":"product_bundles","embeddable":true,"href":"https:\/\/www.teka.com\/vi-vn\/wp-json\/wp\/v2\/product_bundles?post=62541"},{"taxonomy":"product_energy_efficiency","embeddable":true,"href":"https:\/\/www.teka.com\/vi-vn\/wp-json\/wp\/v2\/product_energy_efficiency?post=62541"},{"taxonomy":"product_video_training","embeddable":true,"href":"https:\/\/www.teka.com\/vi-vn\/wp-json\/wp\/v2\/product_video_training?post=62541"}],"curies":[{"name":"wp","href":"https:\/\/api.w.org\/{rel}","templated":true}]}}