{"id":62557,"date":"2026-04-07T18:25:06","date_gmt":"2026-04-07T18:25:06","guid":{"rendered":"https:\/\/teka.com\/en-int\/hlc-840_41531020"},"modified":"2026-03-14T03:51:05","modified_gmt":"2026-03-14T04:51:05","slug":"hlc-840_41531020","status":"publish","type":"product","link":"https:\/\/www.teka.com\/vi-vn\/san-pham\/hlc-840_41531020\/","title":{"rendered":"HLC 840"},"content":{"rendered":"<ul>\n<li>Dung t\u00edch (t\u1ed5ng\/th\u1ef1c): 45\/44 l\u00edt<\/li>\n<li>M\u00e0n h\u00ecnh \u0111i\u1ec1u khi\u1ec3n c\u1ea3m \u1ee9ng v\u1edbi n\u00fat v\u1eb7n<\/li>\n<li>9 ch\u1ee9c n\u0103ng n\u01b0\u1edbng<\/li>\n<li>C\u00f4ng su\u1ea5t danh \u0111\u1ecbnh t\u1ed1i \u0111a 3015W<\/li>\n<li>Gi\u00e1 ni\u00eam y\u1ebft (+VAT): 26.690.000 VND<\/li>\n<\/ul>\n","protected":false},"featured_media":0,"parent":0,"template":"","product_cat":[12999],"product_cleaning_system":[3092],"product_3rd_basket":[],"product_drawers":[],"product_type_of_installation":[43759],"product_edition":[],"product_serie":[],"product_features":[],"finishes":[],"product_bundles":[],"product_energy_efficiency":[44293],"product_video_training":[],"class_list":["post-62557","product","type-product","status-publish","hentry","product_cat-lo-nuong","usp-compacts-04","usp-compacts-08","usp-compacts-03","usp-compacts-05","usp-cookinglovers-01","color-kinh-den","product_type_of_appliance-da-chuc-nang","product_type_of_appliance-lo-tich-hop","product_icons-hydroclean","product_icons-44l","product_icons-plus-extension-telescopic-guide","product_icons-surroundtemp","product_cleaning_system-hydroclean","product_type_of_installation-lap-am","product_energy_efficiency-a-plus-icon"],"acf":[],"yoast_head":"<!-- This site is optimized with the Yoast SEO plugin v27.2 - https:\/\/yoast.com\/product\/yoast-seo-wordpress\/ -->\n<title>L\u00f2 n\u01b0\u1edbng \u0111a n\u0103ng HLC 840, 45cm | Teka Vietnam<\/title>\n<meta name=\"robots\" content=\"index, follow, max-snippet:-1, max-image-preview:large, max-video-preview:-1\" \/>\n<link rel=\"canonical\" href=\"https:\/\/www.teka.com\/vi-vn\/san-pham\/hlc-840_41531020\/\" \/>\n<meta property=\"og:locale\" content=\"vi_VN\" \/>\n<meta property=\"og:type\" content=\"article\" \/>\n<meta property=\"og:title\" content=\"L\u00f2 n\u01b0\u1edbng \u0111a n\u0103ng HLC 840, 45cm | Teka Vietnam\" \/>\n<meta property=\"og:description\" content=\"Dung t\u00edch (t\u1ed5ng\/th\u1ef1c): 45\/44 l\u00edt M\u00e0n h\u00ecnh \u0111i\u1ec1u khi\u1ec3n c\u1ea3m \u1ee9ng v\u1edbi n\u00fat v\u1eb7n 9 ch\u1ee9c n\u0103ng n\u01b0\u1edbng C\u00f4ng su\u1ea5t danh \u0111\u1ecbnh t\u1ed1i \u0111a 3015W Gi\u00e1 ni\u00eam y\u1ebft (+VAT): 26.690.000 VND\" \/>\n<meta property=\"og:url\" content=\"https:\/\/www.teka.com\/vi-vn\/san-pham\/hlc-840_41531020\/\" \/>\n<meta property=\"og:site_name\" content=\"Teka Vietnam\" \/>\n<meta name=\"twitter:card\" content=\"summary_large_image\" \/>\n<script type=\"application\/ld+json\" class=\"yoast-schema-graph\">{\"@context\":\"https:\/\/schema.org\",\"@graph\":[{\"@type\":\"WebPage\",\"@id\":\"https:\/\/www.teka.com\/vi-vn\/san-pham\/hlc-840_41531020\/\",\"url\":\"https:\/\/www.teka.com\/vi-vn\/san-pham\/hlc-840_41531020\/\",\"name\":\"L\u00f2 n\u01b0\u1edbng \u0111a n\u0103ng HLC 840, 45cm | Teka Vietnam\",\"isPartOf\":{\"@id\":\"https:\/\/www.teka.com\/vi-vn\/#website\"},\"datePublished\":\"2026-04-07T18:25:06+00:00\",\"inLanguage\":\"vi\",\"potentialAction\":[{\"@type\":\"ReadAction\",\"target\":[\"https:\/\/www.teka.com\/vi-vn\/san-pham\/hlc-840_41531020\/\"]}]},{\"@type\":\"WebSite\",\"@id\":\"https:\/\/www.teka.com\/vi-vn\/#website\",\"url\":\"https:\/\/www.teka.com\/vi-vn\/\",\"name\":\"Teka Vietnam\",\"description\":\"\",\"potentialAction\":[{\"@type\":\"SearchAction\",\"target\":{\"@type\":\"EntryPoint\",\"urlTemplate\":\"https:\/\/www.teka.com\/vi-vn\/?s={search_term_string}\"},\"query-input\":{\"@type\":\"PropertyValueSpecification\",\"valueRequired\":true,\"valueName\":\"search_term_string\"}}],\"inLanguage\":\"vi\"}]}<\/script>\n<!-- \/ Yoast SEO plugin. -->","yoast_head_json":{"title":"L\u00f2 n\u01b0\u1edbng \u0111a n\u0103ng HLC 840, 45cm | Teka Vietnam","robots":{"index":"index","follow":"follow","max-snippet":"max-snippet:-1","max-image-preview":"max-image-preview:large","max-video-preview":"max-video-preview:-1"},"canonical":"https:\/\/www.teka.com\/vi-vn\/san-pham\/hlc-840_41531020\/","og_locale":"vi_VN","og_type":"article","og_title":"L\u00f2 n\u01b0\u1edbng \u0111a n\u0103ng HLC 840, 45cm | Teka Vietnam","og_description":"Dung t\u00edch (t\u1ed5ng\/th\u1ef1c): 45\/44 l\u00edt M\u00e0n h\u00ecnh \u0111i\u1ec1u khi\u1ec3n c\u1ea3m \u1ee9ng v\u1edbi n\u00fat v\u1eb7n 9 ch\u1ee9c n\u0103ng n\u01b0\u1edbng C\u00f4ng su\u1ea5t danh \u0111\u1ecbnh t\u1ed1i \u0111a 3015W Gi\u00e1 ni\u00eam y\u1ebft (+VAT): 26.690.000 VND","og_url":"https:\/\/www.teka.com\/vi-vn\/san-pham\/hlc-840_41531020\/","og_site_name":"Teka Vietnam","twitter_card":"summary_large_image","schema":{"@context":"https:\/\/schema.org","@graph":[{"@type":"WebPage","@id":"https:\/\/www.teka.com\/vi-vn\/san-pham\/hlc-840_41531020\/","url":"https:\/\/www.teka.com\/vi-vn\/san-pham\/hlc-840_41531020\/","name":"L\u00f2 n\u01b0\u1edbng \u0111a n\u0103ng HLC 840, 45cm | Teka Vietnam","isPartOf":{"@id":"https:\/\/www.teka.com\/vi-vn\/#website"},"datePublished":"2026-04-07T18:25:06+00:00","inLanguage":"vi","potentialAction":[{"@type":"ReadAction","target":["https:\/\/www.teka.com\/vi-vn\/san-pham\/hlc-840_41531020\/"]}]},{"@type":"WebSite","@id":"https:\/\/www.teka.com\/vi-vn\/#website","url":"https:\/\/www.teka.com\/vi-vn\/","name":"Teka Vietnam","description":"","potentialAction":[{"@type":"SearchAction","target":{"@type":"EntryPoint","urlTemplate":"https:\/\/www.teka.com\/vi-vn\/?s={search_term_string}"},"query-input":{"@type":"PropertyValueSpecification","valueRequired":true,"valueName":"search_term_string"}}],"inLanguage":"vi"}]}},"_links":{"self":[{"href":"https:\/\/www.teka.com\/vi-vn\/wp-json\/wp\/v2\/product\/62557","targetHints":{"allow":["GET"]}}],"collection":[{"href":"https:\/\/www.teka.com\/vi-vn\/wp-json\/wp\/v2\/product"}],"about":[{"href":"https:\/\/www.teka.com\/vi-vn\/wp-json\/wp\/v2\/types\/product"}],"wp:attachment":[{"href":"https:\/\/www.teka.com\/vi-vn\/wp-json\/wp\/v2\/media?parent=62557"}],"wp:term":[{"taxonomy":"product_cat","embeddable":true,"href":"https:\/\/www.teka.com\/vi-vn\/wp-json\/wp\/v2\/product_cat?post=62557"},{"taxonomy":"product_cleaning_system","embeddable":true,"href":"https:\/\/www.teka.com\/vi-vn\/wp-json\/wp\/v2\/product_cleaning_system?post=62557"},{"taxonomy":"product_3rd_basket","embeddable":true,"href":"https:\/\/www.teka.com\/vi-vn\/wp-json\/wp\/v2\/product_3rd_basket?post=62557"},{"taxonomy":"product_drawers","embeddable":true,"href":"https:\/\/www.teka.com\/vi-vn\/wp-json\/wp\/v2\/product_drawers?post=62557"},{"taxonomy":"product_type_of_installation","embeddable":true,"href":"https:\/\/www.teka.com\/vi-vn\/wp-json\/wp\/v2\/product_type_of_installation?post=62557"},{"taxonomy":"product_edition","embeddable":true,"href":"https:\/\/www.teka.com\/vi-vn\/wp-json\/wp\/v2\/product_edition?post=62557"},{"taxonomy":"product_serie","embeddable":true,"href":"https:\/\/www.teka.com\/vi-vn\/wp-json\/wp\/v2\/product_serie?post=62557"},{"taxonomy":"product_features","embeddable":true,"href":"https:\/\/www.teka.com\/vi-vn\/wp-json\/wp\/v2\/product_features?post=62557"},{"taxonomy":"finishes","embeddable":true,"href":"https:\/\/www.teka.com\/vi-vn\/wp-json\/wp\/v2\/finishes?post=62557"},{"taxonomy":"product_bundles","embeddable":true,"href":"https:\/\/www.teka.com\/vi-vn\/wp-json\/wp\/v2\/product_bundles?post=62557"},{"taxonomy":"product_energy_efficiency","embeddable":true,"href":"https:\/\/www.teka.com\/vi-vn\/wp-json\/wp\/v2\/product_energy_efficiency?post=62557"},{"taxonomy":"product_video_training","embeddable":true,"href":"https:\/\/www.teka.com\/vi-vn\/wp-json\/wp\/v2\/product_video_training?post=62557"}],"curies":[{"name":"wp","href":"https:\/\/api.w.org\/{rel}","templated":true}]}}