{"id":62558,"date":"2026-05-03T23:20:50","date_gmt":"2026-05-03T23:20:50","guid":{"rendered":"https:\/\/teka.com\/en-int\/ioven_41560160"},"modified":"2026-05-03T08:13:48","modified_gmt":"2026-05-03T09:13:48","slug":"ioven_41560160","status":"publish","type":"product","link":"https:\/\/www.teka.com\/vi-vn\/san-pham\/ioven_41560160\/","title":{"rendered":"iOven"},"content":{"rendered":"<ul>\n<li>Dung t\u00edch (t\u1ed5ng\/th\u1ef1c): 71\/70 l\u00edt<\/li>\n<li>\u0110i\u1ec1u khi\u1ec3n c\u1ea3m \u1ee9ng v\u1edbi m\u00e0n h\u00ecnh TFT 5 inch s\u1eafc n\u00e9t<\/li>\n<li>50 c\u00f4ng th\u1ee9c n\u1ea5u \u0103n t\u1ef1 \u0111\u1ed9ng<\/li>\n<li>18 ch\u1ee9c n\u0103ng n\u01b0\u1edbng<\/li>\n<li>C\u00f4ng su\u1ea5t danh \u0111\u1ecbnh t\u1ed1i \u0111a 3198W<\/li>\n<li>Gi\u00e1 ni\u00eam y\u1ebft (+VAT): 61.490.000 VND<\/li>\n<\/ul>\n","protected":false},"featured_media":0,"parent":0,"template":"","product_cat":[12999],"product_cleaning_system":[3092],"product_3rd_basket":[],"product_drawers":[],"product_type_of_installation":[43759],"product_edition":[],"product_serie":[],"product_features":[43756],"finishes":[],"product_bundles":[],"product_energy_efficiency":[44293],"product_video_training":[44360,44364,44367,44370,44381,44382],"class_list":["post-62558","product","type-product","status-publish","hentry","product_cat-lo-nuong","usp-ovens-02","usp-ovens-03","usp-ovens-04","usp-ovens-06","usp-ovens-07","usp-ovens-10","usp-ovens-12","usp-ovens-13","usp-ioven-01","color-kinh-den","product_type_of_appliance-da-chuc-nang","product_ambient-ambient-03","product_ambient-ambient-08","product_ambient-ambient-09","product_icons-hydroclean","product_icons-meatprobe","product_icons-70l","product_icons-full-extension-telescopic-guide","product_icons-softclose","product_icons-surroundtemp","product_icons-the-steambox-included","product_cleaning_system-hydroclean","product_type_of_installation-lap-am","product_features-nang-giu-am","product_energy_efficiency-a-plus-icon","product_video_training-trainingovens-01","product_video_training-trainingovens-02","product_video_training-trainingovens-04","product_video_training-trainingovens-05","product_video_training-trainingovens-11","product_video_training-trainingovens-12"],"acf":[],"yoast_head":"<!-- This site is optimized with the Yoast SEO plugin v27.5 - https:\/\/yoast.com\/product\/yoast-seo-wordpress\/ -->\n<title>L\u00f2 n\u01b0\u1edbng \u0111a n\u0103ng iOven | Teka Vietnam<\/title>\n<meta name=\"robots\" content=\"index, follow, max-snippet:-1, max-image-preview:large, max-video-preview:-1\" \/>\n<link rel=\"canonical\" href=\"https:\/\/www.teka.com\/vi-vn\/san-pham\/ioven_41560160\/\" \/>\n<meta property=\"og:locale\" content=\"vi_VN\" \/>\n<meta property=\"og:type\" content=\"article\" \/>\n<meta property=\"og:title\" content=\"L\u00f2 n\u01b0\u1edbng \u0111a n\u0103ng iOven | Teka Vietnam\" \/>\n<meta property=\"og:description\" content=\"Dung t\u00edch (t\u1ed5ng\/th\u1ef1c): 71\/70 l\u00edt \u0110i\u1ec1u khi\u1ec3n c\u1ea3m \u1ee9ng v\u1edbi m\u00e0n h\u00ecnh TFT 5 inch s\u1eafc n\u00e9t 50 c\u00f4ng th\u1ee9c n\u1ea5u \u0103n t\u1ef1 \u0111\u1ed9ng 18 ch\u1ee9c n\u0103ng n\u01b0\u1edbng C\u00f4ng su\u1ea5t danh \u0111\u1ecbnh t\u1ed1i \u0111a 3198W Gi\u00e1 ni\u00eam y\u1ebft (+VAT): 61.490.000 VND\" \/>\n<meta property=\"og:url\" content=\"https:\/\/www.teka.com\/vi-vn\/san-pham\/ioven_41560160\/\" \/>\n<meta property=\"og:site_name\" content=\"Teka Vietnam\" \/>\n<meta name=\"twitter:card\" content=\"summary_large_image\" \/>\n<script type=\"application\/ld+json\" class=\"yoast-schema-graph\">{\"@context\":\"https:\\\/\\\/schema.org\",\"@graph\":[{\"@type\":\"WebPage\",\"@id\":\"https:\\\/\\\/www.teka.com\\\/vi-vn\\\/san-pham\\\/ioven_41560160\\\/\",\"url\":\"https:\\\/\\\/www.teka.com\\\/vi-vn\\\/san-pham\\\/ioven_41560160\\\/\",\"name\":\"L\u00f2 n\u01b0\u1edbng \u0111a n\u0103ng iOven | Teka Vietnam\",\"isPartOf\":{\"@id\":\"https:\\\/\\\/www.teka.com\\\/vi-vn\\\/#website\"},\"datePublished\":\"2026-05-03T23:20:50+00:00\",\"inLanguage\":\"vi\",\"potentialAction\":[{\"@type\":\"ReadAction\",\"target\":[\"https:\\\/\\\/www.teka.com\\\/vi-vn\\\/san-pham\\\/ioven_41560160\\\/\"]}]},{\"@type\":\"WebSite\",\"@id\":\"https:\\\/\\\/www.teka.com\\\/vi-vn\\\/#website\",\"url\":\"https:\\\/\\\/www.teka.com\\\/vi-vn\\\/\",\"name\":\"Teka Vietnam\",\"description\":\"\",\"potentialAction\":[{\"@type\":\"SearchAction\",\"target\":{\"@type\":\"EntryPoint\",\"urlTemplate\":\"https:\\\/\\\/www.teka.com\\\/vi-vn\\\/?s={search_term_string}\"},\"query-input\":{\"@type\":\"PropertyValueSpecification\",\"valueRequired\":true,\"valueName\":\"search_term_string\"}}],\"inLanguage\":\"vi\"}]}<\/script>\n<!-- \/ Yoast SEO plugin. -->","yoast_head_json":{"title":"L\u00f2 n\u01b0\u1edbng \u0111a n\u0103ng iOven | Teka Vietnam","robots":{"index":"index","follow":"follow","max-snippet":"max-snippet:-1","max-image-preview":"max-image-preview:large","max-video-preview":"max-video-preview:-1"},"canonical":"https:\/\/www.teka.com\/vi-vn\/san-pham\/ioven_41560160\/","og_locale":"vi_VN","og_type":"article","og_title":"L\u00f2 n\u01b0\u1edbng \u0111a n\u0103ng iOven | Teka Vietnam","og_description":"Dung t\u00edch (t\u1ed5ng\/th\u1ef1c): 71\/70 l\u00edt \u0110i\u1ec1u khi\u1ec3n c\u1ea3m \u1ee9ng v\u1edbi m\u00e0n h\u00ecnh TFT 5 inch s\u1eafc n\u00e9t 50 c\u00f4ng th\u1ee9c n\u1ea5u \u0103n t\u1ef1 \u0111\u1ed9ng 18 ch\u1ee9c n\u0103ng n\u01b0\u1edbng C\u00f4ng su\u1ea5t danh \u0111\u1ecbnh t\u1ed1i \u0111a 3198W Gi\u00e1 ni\u00eam y\u1ebft (+VAT): 61.490.000 VND","og_url":"https:\/\/www.teka.com\/vi-vn\/san-pham\/ioven_41560160\/","og_site_name":"Teka Vietnam","twitter_card":"summary_large_image","schema":{"@context":"https:\/\/schema.org","@graph":[{"@type":"WebPage","@id":"https:\/\/www.teka.com\/vi-vn\/san-pham\/ioven_41560160\/","url":"https:\/\/www.teka.com\/vi-vn\/san-pham\/ioven_41560160\/","name":"L\u00f2 n\u01b0\u1edbng \u0111a n\u0103ng iOven | Teka Vietnam","isPartOf":{"@id":"https:\/\/www.teka.com\/vi-vn\/#website"},"datePublished":"2026-05-03T23:20:50+00:00","inLanguage":"vi","potentialAction":[{"@type":"ReadAction","target":["https:\/\/www.teka.com\/vi-vn\/san-pham\/ioven_41560160\/"]}]},{"@type":"WebSite","@id":"https:\/\/www.teka.com\/vi-vn\/#website","url":"https:\/\/www.teka.com\/vi-vn\/","name":"Teka Vietnam","description":"","potentialAction":[{"@type":"SearchAction","target":{"@type":"EntryPoint","urlTemplate":"https:\/\/www.teka.com\/vi-vn\/?s={search_term_string}"},"query-input":{"@type":"PropertyValueSpecification","valueRequired":true,"valueName":"search_term_string"}}],"inLanguage":"vi"}]}},"_links":{"self":[{"href":"https:\/\/www.teka.com\/vi-vn\/wp-json\/wp\/v2\/product\/62558","targetHints":{"allow":["GET"]}}],"collection":[{"href":"https:\/\/www.teka.com\/vi-vn\/wp-json\/wp\/v2\/product"}],"about":[{"href":"https:\/\/www.teka.com\/vi-vn\/wp-json\/wp\/v2\/types\/product"}],"wp:attachment":[{"href":"https:\/\/www.teka.com\/vi-vn\/wp-json\/wp\/v2\/media?parent=62558"}],"wp:term":[{"taxonomy":"product_cat","embeddable":true,"href":"https:\/\/www.teka.com\/vi-vn\/wp-json\/wp\/v2\/product_cat?post=62558"},{"taxonomy":"product_cleaning_system","embeddable":true,"href":"https:\/\/www.teka.com\/vi-vn\/wp-json\/wp\/v2\/product_cleaning_system?post=62558"},{"taxonomy":"product_3rd_basket","embeddable":true,"href":"https:\/\/www.teka.com\/vi-vn\/wp-json\/wp\/v2\/product_3rd_basket?post=62558"},{"taxonomy":"product_drawers","embeddable":true,"href":"https:\/\/www.teka.com\/vi-vn\/wp-json\/wp\/v2\/product_drawers?post=62558"},{"taxonomy":"product_type_of_installation","embeddable":true,"href":"https:\/\/www.teka.com\/vi-vn\/wp-json\/wp\/v2\/product_type_of_installation?post=62558"},{"taxonomy":"product_edition","embeddable":true,"href":"https:\/\/www.teka.com\/vi-vn\/wp-json\/wp\/v2\/product_edition?post=62558"},{"taxonomy":"product_serie","embeddable":true,"href":"https:\/\/www.teka.com\/vi-vn\/wp-json\/wp\/v2\/product_serie?post=62558"},{"taxonomy":"product_features","embeddable":true,"href":"https:\/\/www.teka.com\/vi-vn\/wp-json\/wp\/v2\/product_features?post=62558"},{"taxonomy":"finishes","embeddable":true,"href":"https:\/\/www.teka.com\/vi-vn\/wp-json\/wp\/v2\/finishes?post=62558"},{"taxonomy":"product_bundles","embeddable":true,"href":"https:\/\/www.teka.com\/vi-vn\/wp-json\/wp\/v2\/product_bundles?post=62558"},{"taxonomy":"product_energy_efficiency","embeddable":true,"href":"https:\/\/www.teka.com\/vi-vn\/wp-json\/wp\/v2\/product_energy_efficiency?post=62558"},{"taxonomy":"product_video_training","embeddable":true,"href":"https:\/\/www.teka.com\/vi-vn\/wp-json\/wp\/v2\/product_video_training?post=62558"}],"curies":[{"name":"wp","href":"https:\/\/api.w.org\/{rel}","templated":true}]}}