{"id":62563,"date":"2026-04-23T03:56:52","date_gmt":"2026-04-23T03:56:52","guid":{"rendered":"https:\/\/teka.com\/th-th\/dg3-980-isla_40485140"},"modified":"2026-04-21T02:30:10","modified_gmt":"2026-04-21T03:30:10","slug":"dg3-980-isla_40485140","status":"publish","type":"product","link":"https:\/\/www.teka.com\/vi-vn\/san-pham\/dg3-980-isla_40485140\/","title":{"rendered":"DG3 980 Isla"},"content":{"rendered":"<ul>\n<li>B\u1ea3ng \u0111i\u1ec1u khi\u1ec3n \u0111i\u1ec7n t\u1eed c\u00f3 \u0111\u00e8n n\u1ec1n m\u00e0u tr\u1eafng<\/li>\n<li>3 m\u1ee9c t\u1ed1c \u0111\u1ed9 + 1 m\u1ee9c t\u0103ng c\u01b0\u1eddng<\/li>\n<li>C\u00f4ng su\u1ea5t h\u00fat cao nh\u1ea5t 650 m\u00b3\/h<\/li>\n<li>\u0110\u1ed9 \u1ed3n 47.9\/66.2dB<\/li>\n<li>Gi\u00e1 ni\u00eam y\u1ebft (+VAT): 20,290,000 VND<\/li>\n<\/ul>\n","protected":false},"featured_media":0,"parent":0,"template":"","product_cat":[12997],"product_cleaning_system":[],"product_3rd_basket":[],"product_drawers":[],"product_type_of_installation":[],"product_edition":[],"product_serie":[],"product_features":[],"finishes":[],"product_bundles":[],"product_energy_efficiency":[44295],"product_video_training":[],"class_list":["post-62563","product","type-product","status-publish","hentry","product_cat-hut-mui","color-thep-khong-gi","product_type_of_appliance-hut-mui-trang-tri","product_icons-stop-delay-timer","product_icons-led","product_energy_efficiency-d-icon"],"acf":[],"yoast_head":"<!-- This site is optimized with the Yoast SEO plugin v27.2 - https:\/\/yoast.com\/product\/yoast-seo-wordpress\/ -->\n<title>H\u00fat m\u00f9i \u0111\u1ea3o DG3 ISLA 980 | Teka Vietnam<\/title>\n<meta name=\"robots\" content=\"index, follow, max-snippet:-1, max-image-preview:large, max-video-preview:-1\" \/>\n<link rel=\"canonical\" href=\"https:\/\/www.teka.com\/vi-vn\/san-pham\/dg3-980-isla_40485140\/\" \/>\n<meta property=\"og:locale\" content=\"vi_VN\" \/>\n<meta property=\"og:type\" content=\"article\" \/>\n<meta property=\"og:title\" content=\"H\u00fat m\u00f9i \u0111\u1ea3o DG3 ISLA 980 | Teka Vietnam\" \/>\n<meta property=\"og:description\" content=\"B\u1ea3ng \u0111i\u1ec1u khi\u1ec3n \u0111i\u1ec7n t\u1eed c\u00f3 \u0111\u00e8n n\u1ec1n m\u00e0u tr\u1eafng 3 m\u1ee9c t\u1ed1c \u0111\u1ed9 + 1 m\u1ee9c t\u0103ng c\u01b0\u1eddng C\u00f4ng su\u1ea5t h\u00fat cao nh\u1ea5t 650 m\u00b3\/h \u0110\u1ed9 \u1ed3n 47.9\/66.2dB Gi\u00e1 ni\u00eam y\u1ebft (+VAT): 20,290,000 VND\" \/>\n<meta property=\"og:url\" content=\"https:\/\/www.teka.com\/vi-vn\/san-pham\/dg3-980-isla_40485140\/\" \/>\n<meta property=\"og:site_name\" content=\"Teka Vietnam\" \/>\n<meta name=\"twitter:card\" content=\"summary_large_image\" \/>\n<script type=\"application\/ld+json\" class=\"yoast-schema-graph\">{\"@context\":\"https:\/\/schema.org\",\"@graph\":[{\"@type\":\"WebPage\",\"@id\":\"https:\/\/www.teka.com\/vi-vn\/san-pham\/dg3-980-isla_40485140\/\",\"url\":\"https:\/\/www.teka.com\/vi-vn\/san-pham\/dg3-980-isla_40485140\/\",\"name\":\"H\u00fat m\u00f9i \u0111\u1ea3o DG3 ISLA 980 | Teka Vietnam\",\"isPartOf\":{\"@id\":\"https:\/\/www.teka.com\/vi-vn\/#website\"},\"datePublished\":\"2026-04-23T03:56:52+00:00\",\"inLanguage\":\"vi\",\"potentialAction\":[{\"@type\":\"ReadAction\",\"target\":[\"https:\/\/www.teka.com\/vi-vn\/san-pham\/dg3-980-isla_40485140\/\"]}]},{\"@type\":\"WebSite\",\"@id\":\"https:\/\/www.teka.com\/vi-vn\/#website\",\"url\":\"https:\/\/www.teka.com\/vi-vn\/\",\"name\":\"Teka Vietnam\",\"description\":\"\",\"potentialAction\":[{\"@type\":\"SearchAction\",\"target\":{\"@type\":\"EntryPoint\",\"urlTemplate\":\"https:\/\/www.teka.com\/vi-vn\/?s={search_term_string}\"},\"query-input\":{\"@type\":\"PropertyValueSpecification\",\"valueRequired\":true,\"valueName\":\"search_term_string\"}}],\"inLanguage\":\"vi\"}]}<\/script>\n<!-- \/ Yoast SEO plugin. -->","yoast_head_json":{"title":"H\u00fat m\u00f9i \u0111\u1ea3o DG3 ISLA 980 | Teka Vietnam","robots":{"index":"index","follow":"follow","max-snippet":"max-snippet:-1","max-image-preview":"max-image-preview:large","max-video-preview":"max-video-preview:-1"},"canonical":"https:\/\/www.teka.com\/vi-vn\/san-pham\/dg3-980-isla_40485140\/","og_locale":"vi_VN","og_type":"article","og_title":"H\u00fat m\u00f9i \u0111\u1ea3o DG3 ISLA 980 | Teka Vietnam","og_description":"B\u1ea3ng \u0111i\u1ec1u khi\u1ec3n \u0111i\u1ec7n t\u1eed c\u00f3 \u0111\u00e8n n\u1ec1n m\u00e0u tr\u1eafng 3 m\u1ee9c t\u1ed1c \u0111\u1ed9 + 1 m\u1ee9c t\u0103ng c\u01b0\u1eddng C\u00f4ng su\u1ea5t h\u00fat cao nh\u1ea5t 650 m\u00b3\/h \u0110\u1ed9 \u1ed3n 47.9\/66.2dB Gi\u00e1 ni\u00eam y\u1ebft (+VAT): 20,290,000 VND","og_url":"https:\/\/www.teka.com\/vi-vn\/san-pham\/dg3-980-isla_40485140\/","og_site_name":"Teka Vietnam","twitter_card":"summary_large_image","schema":{"@context":"https:\/\/schema.org","@graph":[{"@type":"WebPage","@id":"https:\/\/www.teka.com\/vi-vn\/san-pham\/dg3-980-isla_40485140\/","url":"https:\/\/www.teka.com\/vi-vn\/san-pham\/dg3-980-isla_40485140\/","name":"H\u00fat m\u00f9i \u0111\u1ea3o DG3 ISLA 980 | Teka Vietnam","isPartOf":{"@id":"https:\/\/www.teka.com\/vi-vn\/#website"},"datePublished":"2026-04-23T03:56:52+00:00","inLanguage":"vi","potentialAction":[{"@type":"ReadAction","target":["https:\/\/www.teka.com\/vi-vn\/san-pham\/dg3-980-isla_40485140\/"]}]},{"@type":"WebSite","@id":"https:\/\/www.teka.com\/vi-vn\/#website","url":"https:\/\/www.teka.com\/vi-vn\/","name":"Teka Vietnam","description":"","potentialAction":[{"@type":"SearchAction","target":{"@type":"EntryPoint","urlTemplate":"https:\/\/www.teka.com\/vi-vn\/?s={search_term_string}"},"query-input":{"@type":"PropertyValueSpecification","valueRequired":true,"valueName":"search_term_string"}}],"inLanguage":"vi"}]}},"_links":{"self":[{"href":"https:\/\/www.teka.com\/vi-vn\/wp-json\/wp\/v2\/product\/62563","targetHints":{"allow":["GET"]}}],"collection":[{"href":"https:\/\/www.teka.com\/vi-vn\/wp-json\/wp\/v2\/product"}],"about":[{"href":"https:\/\/www.teka.com\/vi-vn\/wp-json\/wp\/v2\/types\/product"}],"wp:attachment":[{"href":"https:\/\/www.teka.com\/vi-vn\/wp-json\/wp\/v2\/media?parent=62563"}],"wp:term":[{"taxonomy":"product_cat","embeddable":true,"href":"https:\/\/www.teka.com\/vi-vn\/wp-json\/wp\/v2\/product_cat?post=62563"},{"taxonomy":"product_cleaning_system","embeddable":true,"href":"https:\/\/www.teka.com\/vi-vn\/wp-json\/wp\/v2\/product_cleaning_system?post=62563"},{"taxonomy":"product_3rd_basket","embeddable":true,"href":"https:\/\/www.teka.com\/vi-vn\/wp-json\/wp\/v2\/product_3rd_basket?post=62563"},{"taxonomy":"product_drawers","embeddable":true,"href":"https:\/\/www.teka.com\/vi-vn\/wp-json\/wp\/v2\/product_drawers?post=62563"},{"taxonomy":"product_type_of_installation","embeddable":true,"href":"https:\/\/www.teka.com\/vi-vn\/wp-json\/wp\/v2\/product_type_of_installation?post=62563"},{"taxonomy":"product_edition","embeddable":true,"href":"https:\/\/www.teka.com\/vi-vn\/wp-json\/wp\/v2\/product_edition?post=62563"},{"taxonomy":"product_serie","embeddable":true,"href":"https:\/\/www.teka.com\/vi-vn\/wp-json\/wp\/v2\/product_serie?post=62563"},{"taxonomy":"product_features","embeddable":true,"href":"https:\/\/www.teka.com\/vi-vn\/wp-json\/wp\/v2\/product_features?post=62563"},{"taxonomy":"finishes","embeddable":true,"href":"https:\/\/www.teka.com\/vi-vn\/wp-json\/wp\/v2\/finishes?post=62563"},{"taxonomy":"product_bundles","embeddable":true,"href":"https:\/\/www.teka.com\/vi-vn\/wp-json\/wp\/v2\/product_bundles?post=62563"},{"taxonomy":"product_energy_efficiency","embeddable":true,"href":"https:\/\/www.teka.com\/vi-vn\/wp-json\/wp\/v2\/product_energy_efficiency?post=62563"},{"taxonomy":"product_video_training","embeddable":true,"href":"https:\/\/www.teka.com\/vi-vn\/wp-json\/wp\/v2\/product_video_training?post=62563"}],"curies":[{"name":"wp","href":"https:\/\/api.w.org\/{rel}","templated":true}]}}