{"id":62583,"date":"2026-04-23T16:17:18","date_gmt":"2026-04-23T16:17:18","guid":{"rendered":"https:\/\/teka.com\/th-th\/ex-601-3g-ai-al-dr-ci-but_40212021"},"modified":"2026-03-14T05:14:59","modified_gmt":"2026-03-14T06:14:59","slug":"ex-601-3g-ai-al-dr-ci-but_40212021","status":"publish","type":"product","link":"https:\/\/www.teka.com\/vi-vn\/san-pham\/ex-601-3g-ai-al-dr-ci-but_40212021\/","title":{"rendered":"EX 60.1 3G AI AL DR CI BUT"},"content":{"rendered":"<ul>\n<li>\u0110i\u1ec1u khi\u1ec3n b\u1eb1ng n\u00fam v\u1eb7n ph\u00eda tr\u01b0\u1edbc<\/li>\n<li>3 m\u1eb7t b\u1ebfp n\u1ea5u<\/li>\n<li>\u0110\u00e1nh l\u1eeda t\u1ef1 \u0111\u1ed9ng b\u1eb1ng \u0111i\u1ec7n<\/li>\n<li>T\u1ef1 \u0111\u1ed9ng ng\u1eaft gas an to\u00e0n<\/li>\n<li>Gi\u00e1 ni\u00eam y\u1ebft (+VAT): 10.590.000 VND<\/li>\n<\/ul>\n","protected":false},"featured_media":0,"parent":0,"template":"","product_cat":[12992],"product_cleaning_system":[],"product_3rd_basket":[],"product_drawers":[],"product_type_of_installation":[],"product_edition":[],"product_serie":[],"product_features":[],"finishes":[],"product_bundles":[],"product_energy_efficiency":[],"product_video_training":[],"class_list":["post-62583","product","type-product","status-publish","hentry","product_cat-bep","usp-gas-02","usp-gas-03","usp-gas-05","usp-gas-07","usp-cookinglovers-01","color-thep-khong-gi","product_type_of_appliance-bep-ga","product_icons-auto-ignition","product_icons-autolock"],"acf":[],"yoast_head":"<!-- This site is optimized with the Yoast SEO plugin v27.5 - https:\/\/yoast.com\/product\/yoast-seo-wordpress\/ -->\n<title>B\u1ebfp gas EX 60.1 3G | Teka Vietnam<\/title>\n<meta name=\"robots\" content=\"index, follow, max-snippet:-1, max-image-preview:large, max-video-preview:-1\" \/>\n<link rel=\"canonical\" href=\"https:\/\/www.teka.com\/vi-vn\/san-pham\/ex-601-3g-ai-al-dr-ci-but_40212021\/\" \/>\n<meta property=\"og:locale\" content=\"vi_VN\" \/>\n<meta property=\"og:type\" content=\"article\" \/>\n<meta property=\"og:title\" content=\"B\u1ebfp gas EX 60.1 3G | Teka Vietnam\" \/>\n<meta property=\"og:description\" content=\"\u0110i\u1ec1u khi\u1ec3n b\u1eb1ng n\u00fam v\u1eb7n ph\u00eda tr\u01b0\u1edbc 3 m\u1eb7t b\u1ebfp n\u1ea5u \u0110\u00e1nh l\u1eeda t\u1ef1 \u0111\u1ed9ng b\u1eb1ng \u0111i\u1ec7n T\u1ef1 \u0111\u1ed9ng ng\u1eaft gas an to\u00e0n Gi\u00e1 ni\u00eam y\u1ebft (+VAT): 10.590.000 VND\" \/>\n<meta property=\"og:url\" content=\"https:\/\/www.teka.com\/vi-vn\/san-pham\/ex-601-3g-ai-al-dr-ci-but_40212021\/\" \/>\n<meta property=\"og:site_name\" content=\"Teka Vietnam\" \/>\n<meta name=\"twitter:card\" content=\"summary_large_image\" \/>\n<script type=\"application\/ld+json\" class=\"yoast-schema-graph\">{\"@context\":\"https:\\\/\\\/schema.org\",\"@graph\":[{\"@type\":\"WebPage\",\"@id\":\"https:\\\/\\\/www.teka.com\\\/vi-vn\\\/san-pham\\\/ex-601-3g-ai-al-dr-ci-but_40212021\\\/\",\"url\":\"https:\\\/\\\/www.teka.com\\\/vi-vn\\\/san-pham\\\/ex-601-3g-ai-al-dr-ci-but_40212021\\\/\",\"name\":\"B\u1ebfp gas EX 60.1 3G | Teka Vietnam\",\"isPartOf\":{\"@id\":\"https:\\\/\\\/www.teka.com\\\/vi-vn\\\/#website\"},\"datePublished\":\"2026-04-23T16:17:18+00:00\",\"inLanguage\":\"vi\",\"potentialAction\":[{\"@type\":\"ReadAction\",\"target\":[\"https:\\\/\\\/www.teka.com\\\/vi-vn\\\/san-pham\\\/ex-601-3g-ai-al-dr-ci-but_40212021\\\/\"]}]},{\"@type\":\"WebSite\",\"@id\":\"https:\\\/\\\/www.teka.com\\\/vi-vn\\\/#website\",\"url\":\"https:\\\/\\\/www.teka.com\\\/vi-vn\\\/\",\"name\":\"Teka Vietnam\",\"description\":\"\",\"potentialAction\":[{\"@type\":\"SearchAction\",\"target\":{\"@type\":\"EntryPoint\",\"urlTemplate\":\"https:\\\/\\\/www.teka.com\\\/vi-vn\\\/?s={search_term_string}\"},\"query-input\":{\"@type\":\"PropertyValueSpecification\",\"valueRequired\":true,\"valueName\":\"search_term_string\"}}],\"inLanguage\":\"vi\"}]}<\/script>\n<!-- \/ Yoast SEO plugin. -->","yoast_head_json":{"title":"B\u1ebfp gas EX 60.1 3G | Teka Vietnam","robots":{"index":"index","follow":"follow","max-snippet":"max-snippet:-1","max-image-preview":"max-image-preview:large","max-video-preview":"max-video-preview:-1"},"canonical":"https:\/\/www.teka.com\/vi-vn\/san-pham\/ex-601-3g-ai-al-dr-ci-but_40212021\/","og_locale":"vi_VN","og_type":"article","og_title":"B\u1ebfp gas EX 60.1 3G | Teka Vietnam","og_description":"\u0110i\u1ec1u khi\u1ec3n b\u1eb1ng n\u00fam v\u1eb7n ph\u00eda tr\u01b0\u1edbc 3 m\u1eb7t b\u1ebfp n\u1ea5u \u0110\u00e1nh l\u1eeda t\u1ef1 \u0111\u1ed9ng b\u1eb1ng \u0111i\u1ec7n T\u1ef1 \u0111\u1ed9ng ng\u1eaft gas an to\u00e0n Gi\u00e1 ni\u00eam y\u1ebft (+VAT): 10.590.000 VND","og_url":"https:\/\/www.teka.com\/vi-vn\/san-pham\/ex-601-3g-ai-al-dr-ci-but_40212021\/","og_site_name":"Teka Vietnam","twitter_card":"summary_large_image","schema":{"@context":"https:\/\/schema.org","@graph":[{"@type":"WebPage","@id":"https:\/\/www.teka.com\/vi-vn\/san-pham\/ex-601-3g-ai-al-dr-ci-but_40212021\/","url":"https:\/\/www.teka.com\/vi-vn\/san-pham\/ex-601-3g-ai-al-dr-ci-but_40212021\/","name":"B\u1ebfp gas EX 60.1 3G | Teka Vietnam","isPartOf":{"@id":"https:\/\/www.teka.com\/vi-vn\/#website"},"datePublished":"2026-04-23T16:17:18+00:00","inLanguage":"vi","potentialAction":[{"@type":"ReadAction","target":["https:\/\/www.teka.com\/vi-vn\/san-pham\/ex-601-3g-ai-al-dr-ci-but_40212021\/"]}]},{"@type":"WebSite","@id":"https:\/\/www.teka.com\/vi-vn\/#website","url":"https:\/\/www.teka.com\/vi-vn\/","name":"Teka Vietnam","description":"","potentialAction":[{"@type":"SearchAction","target":{"@type":"EntryPoint","urlTemplate":"https:\/\/www.teka.com\/vi-vn\/?s={search_term_string}"},"query-input":{"@type":"PropertyValueSpecification","valueRequired":true,"valueName":"search_term_string"}}],"inLanguage":"vi"}]}},"_links":{"self":[{"href":"https:\/\/www.teka.com\/vi-vn\/wp-json\/wp\/v2\/product\/62583","targetHints":{"allow":["GET"]}}],"collection":[{"href":"https:\/\/www.teka.com\/vi-vn\/wp-json\/wp\/v2\/product"}],"about":[{"href":"https:\/\/www.teka.com\/vi-vn\/wp-json\/wp\/v2\/types\/product"}],"wp:attachment":[{"href":"https:\/\/www.teka.com\/vi-vn\/wp-json\/wp\/v2\/media?parent=62583"}],"wp:term":[{"taxonomy":"product_cat","embeddable":true,"href":"https:\/\/www.teka.com\/vi-vn\/wp-json\/wp\/v2\/product_cat?post=62583"},{"taxonomy":"product_cleaning_system","embeddable":true,"href":"https:\/\/www.teka.com\/vi-vn\/wp-json\/wp\/v2\/product_cleaning_system?post=62583"},{"taxonomy":"product_3rd_basket","embeddable":true,"href":"https:\/\/www.teka.com\/vi-vn\/wp-json\/wp\/v2\/product_3rd_basket?post=62583"},{"taxonomy":"product_drawers","embeddable":true,"href":"https:\/\/www.teka.com\/vi-vn\/wp-json\/wp\/v2\/product_drawers?post=62583"},{"taxonomy":"product_type_of_installation","embeddable":true,"href":"https:\/\/www.teka.com\/vi-vn\/wp-json\/wp\/v2\/product_type_of_installation?post=62583"},{"taxonomy":"product_edition","embeddable":true,"href":"https:\/\/www.teka.com\/vi-vn\/wp-json\/wp\/v2\/product_edition?post=62583"},{"taxonomy":"product_serie","embeddable":true,"href":"https:\/\/www.teka.com\/vi-vn\/wp-json\/wp\/v2\/product_serie?post=62583"},{"taxonomy":"product_features","embeddable":true,"href":"https:\/\/www.teka.com\/vi-vn\/wp-json\/wp\/v2\/product_features?post=62583"},{"taxonomy":"finishes","embeddable":true,"href":"https:\/\/www.teka.com\/vi-vn\/wp-json\/wp\/v2\/finishes?post=62583"},{"taxonomy":"product_bundles","embeddable":true,"href":"https:\/\/www.teka.com\/vi-vn\/wp-json\/wp\/v2\/product_bundles?post=62583"},{"taxonomy":"product_energy_efficiency","embeddable":true,"href":"https:\/\/www.teka.com\/vi-vn\/wp-json\/wp\/v2\/product_energy_efficiency?post=62583"},{"taxonomy":"product_video_training","embeddable":true,"href":"https:\/\/www.teka.com\/vi-vn\/wp-json\/wp\/v2\/product_video_training?post=62583"}],"curies":[{"name":"wp","href":"https:\/\/api.w.org\/{rel}","templated":true}]}}