{"id":64377,"date":"2026-04-26T23:13:56","date_gmt":"2026-04-26T23:13:56","guid":{"rendered":"https:\/\/teka.com\/en-int\/van-gogh-ibf-63-fst-vg_112510048"},"modified":"2026-04-21T01:37:28","modified_gmt":"2026-04-21T02:37:28","slug":"van-gogh-ibf-63-fst-vg_112510048","status":"publish","type":"product","link":"https:\/\/www.teka.com\/vi-vn\/san-pham\/van-gogh-ibf-63-fst-vg_112510048\/","title":{"rendered":"B\u1ebfp t\u1eeb Teka Van Gogh IBF 63 FST VG"},"content":{"rendered":"<ul>\n<li>Thi\u1ebft k\u1ebf l\u1ea5y c\u1ea3m h\u1ee9ng t\u1eeb b\u1ee9c tranh Hoa H\u01b0\u1edbng D\u01b0\u01a1ng n\u1ed5i ti\u1ebfng<\/li>\n<li>M\u1eb7t k\u00ednh m\u00e0u x\u00e1m \u0111\u1eadm v\u00e0 \u0111en, \u0111i\u1ec3m xuy\u1ebft chi ti\u1ebft \u00e1nh v\u00e0ng s\u00e2m panh sang tr\u1ecdng<\/li>\n<li>S\u1ef1 k\u1ebft h\u1ee3p ho\u00e0n h\u1ea3o gi\u1eefa phong c\u00e1ch ngh\u1ec7 thu\u1eadt, t\u00ednh n\u0103ng hi\u1ec7n \u0111\u1ea1i v\u00e0 \u0111\u1ed9 b\u1ec1n v\u01b0\u1ee3t th\u1eddi gian<\/li>\n<li>M\u1eb7t k\u00ednh Quartzium cao c\u1ea5p ch\u1ecbu nhi\u1ec7t<\/li>\n<li>B\u1ea3ng \u0111i\u1ec1u khi\u1ec3n c\u1ea3m \u1ee9ng d\u1ea1ng tr\u01b0\u1ee3t<\/li>\n<li>C\u00f4ng su\u1ea5t t\u1ed1i \u0111a: 7.200W<\/li>\n<li>Ch\u1ee9c n\u0103ng DirectFunctions v\u1edbi c\u1ea3m bi\u1ebfn nhi\u1ec7t \u0111\u1ed9 th\u00f4ng m\u00ecnh v\u1edbi 4 ch\u1ee9c n\u0103ng: chi\u00ean ng\u1eadp d\u1ea7u, \u0111un s\u00f4i nhanh, gi\u1eef \u1ea5m, v\u00e0 n\u01b0\u1edbng \u00e1p ch\u1ea3o<\/li>\n<li>Ph\u1ee5 ki\u1ec7n t\u00f9y ch\u1ecdn: khay n\u01b0\u1edbng v\u00e0 v\u1ec9 n\u01b0\u1edbng Teppanyaki<\/li>\n<li>Gi\u00e1 ni\u00eam y\u1ebft (+VAT): 19.190.000 VND<\/li>\n<\/ul>\n","protected":false},"featured_media":0,"parent":0,"template":"","product_cat":[12992],"product_cleaning_system":[],"product_3rd_basket":[],"product_drawers":[],"product_type_of_installation":[],"product_edition":[],"product_serie":[],"product_features":[43755,43756,43781,43792,43794],"finishes":[],"product_bundles":[],"product_energy_efficiency":[],"product_video_training":[44356,44361,44363,44366,44373],"class_list":["post-64377","product","type-product","status-publish","hentry","product_cat-bep","usp-induction-18","usp-infinityg1-14","usp-vg-01-vg-museum-edition","usp-vg-02-sophisticated-timeless-design","color-xam-dam-ket-hop-kinh-den","product_type_of_appliance-bep-tu","product_ambient-van-gogh-03","product_icons-flex","product_icons-power","product_icons-power-plus","product_icons-slider","product_icons-autolock","product_icons-easy-installation","product_features-nang-dun-soi","product_features-nang-giu-am","product_features-nangflex","product_features-nang-nuong","product_features-nang-deep-fry","product_video_training-traininghobs-01","product_video_training-traininghobs-02","product_video_training-traininghobs-04","product_video_training-traininghobs-05","product_video_training-traininghobs-10"],"acf":[],"yoast_head":"<!-- This site is optimized with the Yoast SEO plugin v27.2 - https:\/\/yoast.com\/product\/yoast-seo-wordpress\/ -->\n<title>B\u1ebfp t\u1eeb Teka Van Gogh IBF 63 FST VG | Teka Vietnam<\/title>\n<meta name=\"robots\" content=\"index, follow, max-snippet:-1, max-image-preview:large, max-video-preview:-1\" \/>\n<link rel=\"canonical\" href=\"https:\/\/www.teka.com\/vi-vn\/san-pham\/van-gogh-ibf-63-fst-vg_112510048\/\" \/>\n<meta property=\"og:locale\" content=\"vi_VN\" \/>\n<meta property=\"og:type\" content=\"article\" \/>\n<meta property=\"og:title\" content=\"B\u1ebfp t\u1eeb Teka Van Gogh IBF 63 FST VG | Teka Vietnam\" \/>\n<meta property=\"og:description\" content=\"Thi\u1ebft k\u1ebf l\u1ea5y c\u1ea3m h\u1ee9ng t\u1eeb b\u1ee9c tranh Hoa H\u01b0\u1edbng D\u01b0\u01a1ng n\u1ed5i ti\u1ebfng M\u1eb7t k\u00ednh m\u00e0u x\u00e1m \u0111\u1eadm v\u00e0 \u0111en, \u0111i\u1ec3m xuy\u1ebft chi ti\u1ebft \u00e1nh v\u00e0ng s\u00e2m panh sang tr\u1ecdng S\u1ef1 k\u1ebft h\u1ee3p ho\u00e0n h\u1ea3o gi\u1eefa phong c\u00e1ch ngh\u1ec7 thu\u1eadt, t\u00ednh n\u0103ng hi\u1ec7n \u0111\u1ea1i v\u00e0 \u0111\u1ed9 b\u1ec1n v\u01b0\u1ee3t th\u1eddi gian M\u1eb7t k\u00ednh Quartzium cao c\u1ea5p [&hellip;]\" \/>\n<meta property=\"og:url\" content=\"https:\/\/www.teka.com\/vi-vn\/san-pham\/van-gogh-ibf-63-fst-vg_112510048\/\" \/>\n<meta property=\"og:site_name\" content=\"Teka Vietnam\" \/>\n<meta name=\"twitter:card\" content=\"summary_large_image\" \/>\n<meta name=\"twitter:label1\" content=\"\u01af\u1edbc t\u00ednh th\u1eddi gian \u0111\u1ecdc\" \/>\n\t<meta name=\"twitter:data1\" content=\"1 ph\u00fat\" \/>\n<script type=\"application\/ld+json\" class=\"yoast-schema-graph\">{\"@context\":\"https:\/\/schema.org\",\"@graph\":[{\"@type\":\"WebPage\",\"@id\":\"https:\/\/www.teka.com\/vi-vn\/san-pham\/van-gogh-ibf-63-fst-vg_112510048\/\",\"url\":\"https:\/\/www.teka.com\/vi-vn\/san-pham\/van-gogh-ibf-63-fst-vg_112510048\/\",\"name\":\"B\u1ebfp t\u1eeb Teka Van Gogh IBF 63 FST VG | Teka Vietnam\",\"isPartOf\":{\"@id\":\"https:\/\/www.teka.com\/vi-vn\/#website\"},\"datePublished\":\"2026-04-26T23:13:56+00:00\",\"inLanguage\":\"vi\",\"potentialAction\":[{\"@type\":\"ReadAction\",\"target\":[\"https:\/\/www.teka.com\/vi-vn\/san-pham\/van-gogh-ibf-63-fst-vg_112510048\/\"]}]},{\"@type\":\"WebSite\",\"@id\":\"https:\/\/www.teka.com\/vi-vn\/#website\",\"url\":\"https:\/\/www.teka.com\/vi-vn\/\",\"name\":\"Teka Vietnam\",\"description\":\"\",\"potentialAction\":[{\"@type\":\"SearchAction\",\"target\":{\"@type\":\"EntryPoint\",\"urlTemplate\":\"https:\/\/www.teka.com\/vi-vn\/?s={search_term_string}\"},\"query-input\":{\"@type\":\"PropertyValueSpecification\",\"valueRequired\":true,\"valueName\":\"search_term_string\"}}],\"inLanguage\":\"vi\"}]}<\/script>\n<!-- \/ Yoast SEO plugin. -->","yoast_head_json":{"title":"B\u1ebfp t\u1eeb Teka Van Gogh IBF 63 FST VG | Teka Vietnam","robots":{"index":"index","follow":"follow","max-snippet":"max-snippet:-1","max-image-preview":"max-image-preview:large","max-video-preview":"max-video-preview:-1"},"canonical":"https:\/\/www.teka.com\/vi-vn\/san-pham\/van-gogh-ibf-63-fst-vg_112510048\/","og_locale":"vi_VN","og_type":"article","og_title":"B\u1ebfp t\u1eeb Teka Van Gogh IBF 63 FST VG | Teka Vietnam","og_description":"Thi\u1ebft k\u1ebf l\u1ea5y c\u1ea3m h\u1ee9ng t\u1eeb b\u1ee9c tranh Hoa H\u01b0\u1edbng D\u01b0\u01a1ng n\u1ed5i ti\u1ebfng M\u1eb7t k\u00ednh m\u00e0u x\u00e1m \u0111\u1eadm v\u00e0 \u0111en, \u0111i\u1ec3m xuy\u1ebft chi ti\u1ebft \u00e1nh v\u00e0ng s\u00e2m panh sang tr\u1ecdng S\u1ef1 k\u1ebft h\u1ee3p ho\u00e0n h\u1ea3o gi\u1eefa phong c\u00e1ch ngh\u1ec7 thu\u1eadt, t\u00ednh n\u0103ng hi\u1ec7n \u0111\u1ea1i v\u00e0 \u0111\u1ed9 b\u1ec1n v\u01b0\u1ee3t th\u1eddi gian M\u1eb7t k\u00ednh Quartzium cao c\u1ea5p [&hellip;]","og_url":"https:\/\/www.teka.com\/vi-vn\/san-pham\/van-gogh-ibf-63-fst-vg_112510048\/","og_site_name":"Teka Vietnam","twitter_card":"summary_large_image","twitter_misc":{"\u01af\u1edbc t\u00ednh th\u1eddi gian \u0111\u1ecdc":"1 ph\u00fat"},"schema":{"@context":"https:\/\/schema.org","@graph":[{"@type":"WebPage","@id":"https:\/\/www.teka.com\/vi-vn\/san-pham\/van-gogh-ibf-63-fst-vg_112510048\/","url":"https:\/\/www.teka.com\/vi-vn\/san-pham\/van-gogh-ibf-63-fst-vg_112510048\/","name":"B\u1ebfp t\u1eeb Teka Van Gogh IBF 63 FST VG | Teka Vietnam","isPartOf":{"@id":"https:\/\/www.teka.com\/vi-vn\/#website"},"datePublished":"2026-04-26T23:13:56+00:00","inLanguage":"vi","potentialAction":[{"@type":"ReadAction","target":["https:\/\/www.teka.com\/vi-vn\/san-pham\/van-gogh-ibf-63-fst-vg_112510048\/"]}]},{"@type":"WebSite","@id":"https:\/\/www.teka.com\/vi-vn\/#website","url":"https:\/\/www.teka.com\/vi-vn\/","name":"Teka Vietnam","description":"","potentialAction":[{"@type":"SearchAction","target":{"@type":"EntryPoint","urlTemplate":"https:\/\/www.teka.com\/vi-vn\/?s={search_term_string}"},"query-input":{"@type":"PropertyValueSpecification","valueRequired":true,"valueName":"search_term_string"}}],"inLanguage":"vi"}]}},"_links":{"self":[{"href":"https:\/\/www.teka.com\/vi-vn\/wp-json\/wp\/v2\/product\/64377","targetHints":{"allow":["GET"]}}],"collection":[{"href":"https:\/\/www.teka.com\/vi-vn\/wp-json\/wp\/v2\/product"}],"about":[{"href":"https:\/\/www.teka.com\/vi-vn\/wp-json\/wp\/v2\/types\/product"}],"wp:attachment":[{"href":"https:\/\/www.teka.com\/vi-vn\/wp-json\/wp\/v2\/media?parent=64377"}],"wp:term":[{"taxonomy":"product_cat","embeddable":true,"href":"https:\/\/www.teka.com\/vi-vn\/wp-json\/wp\/v2\/product_cat?post=64377"},{"taxonomy":"product_cleaning_system","embeddable":true,"href":"https:\/\/www.teka.com\/vi-vn\/wp-json\/wp\/v2\/product_cleaning_system?post=64377"},{"taxonomy":"product_3rd_basket","embeddable":true,"href":"https:\/\/www.teka.com\/vi-vn\/wp-json\/wp\/v2\/product_3rd_basket?post=64377"},{"taxonomy":"product_drawers","embeddable":true,"href":"https:\/\/www.teka.com\/vi-vn\/wp-json\/wp\/v2\/product_drawers?post=64377"},{"taxonomy":"product_type_of_installation","embeddable":true,"href":"https:\/\/www.teka.com\/vi-vn\/wp-json\/wp\/v2\/product_type_of_installation?post=64377"},{"taxonomy":"product_edition","embeddable":true,"href":"https:\/\/www.teka.com\/vi-vn\/wp-json\/wp\/v2\/product_edition?post=64377"},{"taxonomy":"product_serie","embeddable":true,"href":"https:\/\/www.teka.com\/vi-vn\/wp-json\/wp\/v2\/product_serie?post=64377"},{"taxonomy":"product_features","embeddable":true,"href":"https:\/\/www.teka.com\/vi-vn\/wp-json\/wp\/v2\/product_features?post=64377"},{"taxonomy":"finishes","embeddable":true,"href":"https:\/\/www.teka.com\/vi-vn\/wp-json\/wp\/v2\/finishes?post=64377"},{"taxonomy":"product_bundles","embeddable":true,"href":"https:\/\/www.teka.com\/vi-vn\/wp-json\/wp\/v2\/product_bundles?post=64377"},{"taxonomy":"product_energy_efficiency","embeddable":true,"href":"https:\/\/www.teka.com\/vi-vn\/wp-json\/wp\/v2\/product_energy_efficiency?post=64377"},{"taxonomy":"product_video_training","embeddable":true,"href":"https:\/\/www.teka.com\/vi-vn\/wp-json\/wp\/v2\/product_video_training?post=64377"}],"curies":[{"name":"wp","href":"https:\/\/api.w.org\/{rel}","templated":true}]}}