{"id":64381,"date":"2026-05-14T18:33:52","date_gmt":"2026-05-14T18:33:52","guid":{"rendered":"https:\/\/teka.com\/en-int\/van-gogh-dvt-68660-tos-vg_112930073"},"modified":"2026-05-07T06:58:34","modified_gmt":"2026-05-07T07:58:34","slug":"van-gogh-dvt-68660-tos-vg_112930073","status":"publish","type":"product","link":"https:\/\/www.teka.com\/vi-vn\/san-pham\/van-gogh-dvt-68660-tos-vg_112930073\/","title":{"rendered":"M\u00e1y h\u00fat m\u00f9i Teka Van Gogh DVT 68660 TOS VG"},"content":{"rendered":"<ul>\n<li>Thi\u1ebft k\u1ebf l\u1ea5y c\u1ea3m h\u1ee9ng t\u1eeb b\u1ee9c tranh Hoa H\u01b0\u1edbng D\u01b0\u01a1ng n\u1ed5i ti\u1ebfng<\/li>\n<li>M\u1eb7t k\u00ednh m\u00e0u x\u00e1m \u0111\u1eadm v\u00e0 \u0111en, \u0111i\u1ec3m xuy\u1ebft chi ti\u1ebft \u00e1nh v\u00e0ng s\u00e2m panh sang tr\u1ecdng<\/li>\n<li>S\u1ef1 k\u1ebft h\u1ee3p ho\u00e0n h\u1ea3o gi\u1eefa phong c\u00e1ch ngh\u1ec7 thu\u1eadt, t\u00ednh n\u0103ng hi\u1ec7n \u0111\u1ea1i v\u00e0 \u0111\u1ed9 b\u1ec1n v\u01b0\u1ee3t th\u1eddi gian<\/li>\n<li>H\u1ec7 th\u1ed1ng h\u00fat theo chu vi \u0111\u01b0\u1eddng vi\u1ec1n<\/li>\n<li>B\u1ea3ng \u0111i\u1ec1u khi\u1ec3n c\u1ea3m \u1ee9ng<\/li>\n<li>04 m\u1ee9c c\u00f4ng su\u1ea5t<\/li>\n<li>C\u00f4ng su\u1ea5t h\u00fat t\u1ed1i \u0111a (m3\/h): 698<\/li>\n<li>\u0110\u1ed9 \u1ed3n (dB): 61<\/li>\n<li>C\u00f4ng ngh\u1ec7 kh\u1eed m\u00f9i b\u1eb1ng gi\u00f3 t\u01b0\u01a1i \u0111\u1ed1i l\u01b0u FreshAir<\/li>\n<li>Ph\u1ee5 ki\u1ec7n t\u00f9y ch\u1ecdn:<\/li>\n<li>B\u1ed9 l\u1ecdc than ho\u1ea1t t\u00ednh: D4C\/R1RTK<\/li>\n<li>B\u1ed9 kit tu\u1ea7n ho\u00e0n: C\u00f3 \u1ed1ng\/kh\u00f4ng \u1ed1ng<\/li>\n<li>Gi\u00e1 ni\u00eam y\u1ebft (+VAT): 17.590.000 VND<\/li>\n<\/ul>\n","protected":false},"featured_media":0,"parent":0,"template":"","product_cat":[12997],"product_cleaning_system":[],"product_3rd_basket":[],"product_drawers":[],"product_type_of_installation":[],"product_edition":[],"product_serie":[],"product_features":[],"finishes":[],"product_bundles":[],"product_energy_efficiency":[44293],"product_video_training":[],"class_list":["post-64381","product","type-product","status-publish","hentry","product_cat-hut-mui","usp-tekahome-08","usp-infinityg1-12","usp-vg-01-vg-museum-edition","usp-vg-02-sophisticated-timeless-design","color-xam-dam-ket-hop-kinh-den","product_type_of_appliance-hut-mui-trang-tri","product_ambient-van-gogh-03","product_icons-freshair","product_icons-perimeter-extraction","product_icons-stop-delay-timer","product_icons-led","product_energy_efficiency-a-plus-icon"],"acf":[],"yoast_head":"<!-- This site is optimized with the Yoast SEO plugin v27.5 - https:\/\/yoast.com\/product\/yoast-seo-wordpress\/ -->\n<title>M\u00e1y h\u00fat m\u00f9i Teka Van Gogh DVT 68660 TOS VG | Teka Vietnam<\/title>\n<meta name=\"robots\" content=\"index, follow, max-snippet:-1, max-image-preview:large, max-video-preview:-1\" \/>\n<link rel=\"canonical\" href=\"https:\/\/www.teka.com\/vi-vn\/san-pham\/van-gogh-dvt-68660-tos-vg_112930073\/\" \/>\n<meta property=\"og:locale\" content=\"vi_VN\" \/>\n<meta property=\"og:type\" content=\"article\" \/>\n<meta property=\"og:title\" content=\"M\u00e1y h\u00fat m\u00f9i Teka Van Gogh DVT 68660 TOS VG | Teka Vietnam\" \/>\n<meta property=\"og:description\" content=\"Thi\u1ebft k\u1ebf l\u1ea5y c\u1ea3m h\u1ee9ng t\u1eeb b\u1ee9c tranh Hoa H\u01b0\u1edbng D\u01b0\u01a1ng n\u1ed5i ti\u1ebfng M\u1eb7t k\u00ednh m\u00e0u x\u00e1m \u0111\u1eadm v\u00e0 \u0111en, \u0111i\u1ec3m xuy\u1ebft chi ti\u1ebft \u00e1nh v\u00e0ng s\u00e2m panh sang tr\u1ecdng S\u1ef1 k\u1ebft h\u1ee3p ho\u00e0n h\u1ea3o gi\u1eefa phong c\u00e1ch ngh\u1ec7 thu\u1eadt, t\u00ednh n\u0103ng hi\u1ec7n \u0111\u1ea1i v\u00e0 \u0111\u1ed9 b\u1ec1n v\u01b0\u1ee3t th\u1eddi gian H\u1ec7 th\u1ed1ng h\u00fat theo chu [&hellip;]\" \/>\n<meta property=\"og:url\" content=\"https:\/\/www.teka.com\/vi-vn\/san-pham\/van-gogh-dvt-68660-tos-vg_112930073\/\" \/>\n<meta property=\"og:site_name\" content=\"Teka Vietnam\" \/>\n<meta name=\"twitter:card\" content=\"summary_large_image\" \/>\n<meta name=\"twitter:label1\" content=\"\u01af\u1edbc t\u00ednh th\u1eddi gian \u0111\u1ecdc\" \/>\n\t<meta name=\"twitter:data1\" content=\"1 ph\u00fat\" \/>\n<script type=\"application\/ld+json\" class=\"yoast-schema-graph\">{\"@context\":\"https:\\\/\\\/schema.org\",\"@graph\":[{\"@type\":\"WebPage\",\"@id\":\"https:\\\/\\\/www.teka.com\\\/vi-vn\\\/san-pham\\\/van-gogh-dvt-68660-tos-vg_112930073\\\/\",\"url\":\"https:\\\/\\\/www.teka.com\\\/vi-vn\\\/san-pham\\\/van-gogh-dvt-68660-tos-vg_112930073\\\/\",\"name\":\"M\u00e1y h\u00fat m\u00f9i Teka Van Gogh DVT 68660 TOS VG | Teka Vietnam\",\"isPartOf\":{\"@id\":\"https:\\\/\\\/www.teka.com\\\/vi-vn\\\/#website\"},\"datePublished\":\"2026-05-14T18:33:52+00:00\",\"inLanguage\":\"vi\",\"potentialAction\":[{\"@type\":\"ReadAction\",\"target\":[\"https:\\\/\\\/www.teka.com\\\/vi-vn\\\/san-pham\\\/van-gogh-dvt-68660-tos-vg_112930073\\\/\"]}]},{\"@type\":\"WebSite\",\"@id\":\"https:\\\/\\\/www.teka.com\\\/vi-vn\\\/#website\",\"url\":\"https:\\\/\\\/www.teka.com\\\/vi-vn\\\/\",\"name\":\"Teka Vietnam\",\"description\":\"\",\"potentialAction\":[{\"@type\":\"SearchAction\",\"target\":{\"@type\":\"EntryPoint\",\"urlTemplate\":\"https:\\\/\\\/www.teka.com\\\/vi-vn\\\/?s={search_term_string}\"},\"query-input\":{\"@type\":\"PropertyValueSpecification\",\"valueRequired\":true,\"valueName\":\"search_term_string\"}}],\"inLanguage\":\"vi\"}]}<\/script>\n<!-- \/ Yoast SEO plugin. -->","yoast_head_json":{"title":"M\u00e1y h\u00fat m\u00f9i Teka Van Gogh DVT 68660 TOS VG | Teka Vietnam","robots":{"index":"index","follow":"follow","max-snippet":"max-snippet:-1","max-image-preview":"max-image-preview:large","max-video-preview":"max-video-preview:-1"},"canonical":"https:\/\/www.teka.com\/vi-vn\/san-pham\/van-gogh-dvt-68660-tos-vg_112930073\/","og_locale":"vi_VN","og_type":"article","og_title":"M\u00e1y h\u00fat m\u00f9i Teka Van Gogh DVT 68660 TOS VG | Teka Vietnam","og_description":"Thi\u1ebft k\u1ebf l\u1ea5y c\u1ea3m h\u1ee9ng t\u1eeb b\u1ee9c tranh Hoa H\u01b0\u1edbng D\u01b0\u01a1ng n\u1ed5i ti\u1ebfng M\u1eb7t k\u00ednh m\u00e0u x\u00e1m \u0111\u1eadm v\u00e0 \u0111en, \u0111i\u1ec3m xuy\u1ebft chi ti\u1ebft \u00e1nh v\u00e0ng s\u00e2m panh sang tr\u1ecdng S\u1ef1 k\u1ebft h\u1ee3p ho\u00e0n h\u1ea3o gi\u1eefa phong c\u00e1ch ngh\u1ec7 thu\u1eadt, t\u00ednh n\u0103ng hi\u1ec7n \u0111\u1ea1i v\u00e0 \u0111\u1ed9 b\u1ec1n v\u01b0\u1ee3t th\u1eddi gian H\u1ec7 th\u1ed1ng h\u00fat theo chu [&hellip;]","og_url":"https:\/\/www.teka.com\/vi-vn\/san-pham\/van-gogh-dvt-68660-tos-vg_112930073\/","og_site_name":"Teka Vietnam","twitter_card":"summary_large_image","twitter_misc":{"\u01af\u1edbc t\u00ednh th\u1eddi gian \u0111\u1ecdc":"1 ph\u00fat"},"schema":{"@context":"https:\/\/schema.org","@graph":[{"@type":"WebPage","@id":"https:\/\/www.teka.com\/vi-vn\/san-pham\/van-gogh-dvt-68660-tos-vg_112930073\/","url":"https:\/\/www.teka.com\/vi-vn\/san-pham\/van-gogh-dvt-68660-tos-vg_112930073\/","name":"M\u00e1y h\u00fat m\u00f9i Teka Van Gogh DVT 68660 TOS VG | Teka Vietnam","isPartOf":{"@id":"https:\/\/www.teka.com\/vi-vn\/#website"},"datePublished":"2026-05-14T18:33:52+00:00","inLanguage":"vi","potentialAction":[{"@type":"ReadAction","target":["https:\/\/www.teka.com\/vi-vn\/san-pham\/van-gogh-dvt-68660-tos-vg_112930073\/"]}]},{"@type":"WebSite","@id":"https:\/\/www.teka.com\/vi-vn\/#website","url":"https:\/\/www.teka.com\/vi-vn\/","name":"Teka Vietnam","description":"","potentialAction":[{"@type":"SearchAction","target":{"@type":"EntryPoint","urlTemplate":"https:\/\/www.teka.com\/vi-vn\/?s={search_term_string}"},"query-input":{"@type":"PropertyValueSpecification","valueRequired":true,"valueName":"search_term_string"}}],"inLanguage":"vi"}]}},"_links":{"self":[{"href":"https:\/\/www.teka.com\/vi-vn\/wp-json\/wp\/v2\/product\/64381","targetHints":{"allow":["GET"]}}],"collection":[{"href":"https:\/\/www.teka.com\/vi-vn\/wp-json\/wp\/v2\/product"}],"about":[{"href":"https:\/\/www.teka.com\/vi-vn\/wp-json\/wp\/v2\/types\/product"}],"wp:attachment":[{"href":"https:\/\/www.teka.com\/vi-vn\/wp-json\/wp\/v2\/media?parent=64381"}],"wp:term":[{"taxonomy":"product_cat","embeddable":true,"href":"https:\/\/www.teka.com\/vi-vn\/wp-json\/wp\/v2\/product_cat?post=64381"},{"taxonomy":"product_cleaning_system","embeddable":true,"href":"https:\/\/www.teka.com\/vi-vn\/wp-json\/wp\/v2\/product_cleaning_system?post=64381"},{"taxonomy":"product_3rd_basket","embeddable":true,"href":"https:\/\/www.teka.com\/vi-vn\/wp-json\/wp\/v2\/product_3rd_basket?post=64381"},{"taxonomy":"product_drawers","embeddable":true,"href":"https:\/\/www.teka.com\/vi-vn\/wp-json\/wp\/v2\/product_drawers?post=64381"},{"taxonomy":"product_type_of_installation","embeddable":true,"href":"https:\/\/www.teka.com\/vi-vn\/wp-json\/wp\/v2\/product_type_of_installation?post=64381"},{"taxonomy":"product_edition","embeddable":true,"href":"https:\/\/www.teka.com\/vi-vn\/wp-json\/wp\/v2\/product_edition?post=64381"},{"taxonomy":"product_serie","embeddable":true,"href":"https:\/\/www.teka.com\/vi-vn\/wp-json\/wp\/v2\/product_serie?post=64381"},{"taxonomy":"product_features","embeddable":true,"href":"https:\/\/www.teka.com\/vi-vn\/wp-json\/wp\/v2\/product_features?post=64381"},{"taxonomy":"finishes","embeddable":true,"href":"https:\/\/www.teka.com\/vi-vn\/wp-json\/wp\/v2\/finishes?post=64381"},{"taxonomy":"product_bundles","embeddable":true,"href":"https:\/\/www.teka.com\/vi-vn\/wp-json\/wp\/v2\/product_bundles?post=64381"},{"taxonomy":"product_energy_efficiency","embeddable":true,"href":"https:\/\/www.teka.com\/vi-vn\/wp-json\/wp\/v2\/product_energy_efficiency?post=64381"},{"taxonomy":"product_video_training","embeddable":true,"href":"https:\/\/www.teka.com\/vi-vn\/wp-json\/wp\/v2\/product_video_training?post=64381"}],"curies":[{"name":"wp","href":"https:\/\/api.w.org\/{rel}","templated":true}]}}