{"id":64410,"date":"2026-04-08T05:19:36","date_gmt":"2026-04-08T05:19:36","guid":{"rendered":"https:\/\/teka.com\/en-int\/dfi-46760_114270038"},"modified":"2026-04-08T02:29:36","modified_gmt":"2026-04-08T03:29:36","slug":"dfi-46760_114270038","status":"publish","type":"product","link":"https:\/\/www.teka.com\/vi-vn\/san-pham\/dfi-46760_114270038\/","title":{"rendered":"DFI 46760"},"content":{"rendered":"<ul>\n<li>M\u00e1y r\u1eeda ch\u00e9n l\u1eafp \u00e2m to\u00e0n ph\u1ea7n<\/li>\n<li>Thi\u1ebft k\u1ebf c\u1eeda tr\u01b0\u1ee3t ti\u1ec7n l\u1ee3i<\/li>\n<li>R\u1ed5 \u0111\u1ef1ng ch\u00e9n b\u00e1t c\u00f3 th\u1ec3 n\u00e2ng h\u1ea1 d\u1ec5 d\u00e0ng<\/li>\n<li>Khay \u0111\u1ef1ng dao mu\u1ed7ng<\/li>\n<li>Dung t\u00edch: 14 b\u1ed9 ch\u00e9n \u0111\u0129a<\/li>\n<li>6 ch\u01b0\u01a1ng tr\u00ecnh r\u1eeda<\/li>\n<li>Gi\u00e1 ni\u00eam y\u1ebft (+VAT): 25.790.000 VND<\/li>\n<li>B\u1ea2O H\u00c0NH 3 N\u0102M, 1 \u0110\u1ed4I 1 TRONG 365 NG\u00c0Y<\/li>\n<\/ul>\n","protected":false},"featured_media":0,"parent":0,"template":"","product_cat":[13004],"product_cleaning_system":[],"product_3rd_basket":[43773],"product_drawers":[],"product_type_of_installation":[43759],"product_edition":[],"product_serie":[],"product_features":[],"finishes":[],"product_bundles":[],"product_energy_efficiency":[43813],"product_video_training":[44359],"class_list":["post-64410","product","type-product","status-publish","hentry","product_cat-may-rua-chen","usp-dishwashers-04","usp-dishwashers-09","usp-dishwashers-10","usp-dishwashers-11","usp-dishwashers-05","product_type_of_appliance-lap-am","product_icons-eco-function","product_icons-third-cutlery-tray","product_icons-extra-dry-function","product_icons-premium-dry","product_icons-sliding-door","product_3rd_basket-gio-hang-thu-3","product_type_of_installation-lap-am","product_energy_efficiency-d-ue-icon-new","product_video_training-trainingdishwasers-01"],"acf":[],"yoast_head":"<!-- This site is optimized with the Yoast SEO plugin v27.2 - https:\/\/yoast.com\/product\/yoast-seo-wordpress\/ -->\n<title>DFI 46760 | Teka Vietnam<\/title>\n<meta name=\"robots\" content=\"index, follow, max-snippet:-1, max-image-preview:large, max-video-preview:-1\" \/>\n<link rel=\"canonical\" href=\"https:\/\/www.teka.com\/vi-vn\/san-pham\/dfi-46760_114270038\/\" \/>\n<meta property=\"og:locale\" content=\"vi_VN\" \/>\n<meta property=\"og:type\" content=\"article\" \/>\n<meta property=\"og:title\" content=\"DFI 46760 | Teka Vietnam\" \/>\n<meta property=\"og:description\" content=\"M\u00e1y r\u1eeda ch\u00e9n l\u1eafp \u00e2m to\u00e0n ph\u1ea7n Thi\u1ebft k\u1ebf c\u1eeda tr\u01b0\u1ee3t ti\u1ec7n l\u1ee3i R\u1ed5 \u0111\u1ef1ng ch\u00e9n b\u00e1t c\u00f3 th\u1ec3 n\u00e2ng h\u1ea1 d\u1ec5 d\u00e0ng Khay \u0111\u1ef1ng dao mu\u1ed7ng Dung t\u00edch: 14 b\u1ed9 ch\u00e9n \u0111\u0129a 6 ch\u01b0\u01a1ng tr\u00ecnh r\u1eeda Gi\u00e1 ni\u00eam y\u1ebft (+VAT): 25.790.000 VND B\u1ea2O H\u00c0NH 3 N\u0102M, 1 \u0110\u1ed4I 1 TRONG 365 NG\u00c0Y\" \/>\n<meta property=\"og:url\" content=\"https:\/\/www.teka.com\/vi-vn\/san-pham\/dfi-46760_114270038\/\" \/>\n<meta property=\"og:site_name\" content=\"Teka Vietnam\" \/>\n<meta name=\"twitter:card\" content=\"summary_large_image\" \/>\n<script type=\"application\/ld+json\" class=\"yoast-schema-graph\">{\"@context\":\"https:\/\/schema.org\",\"@graph\":[{\"@type\":\"WebPage\",\"@id\":\"https:\/\/www.teka.com\/vi-vn\/san-pham\/dfi-46760_114270038\/\",\"url\":\"https:\/\/www.teka.com\/vi-vn\/san-pham\/dfi-46760_114270038\/\",\"name\":\"DFI 46760 | Teka Vietnam\",\"isPartOf\":{\"@id\":\"https:\/\/www.teka.com\/vi-vn\/#website\"},\"datePublished\":\"2026-04-08T05:19:36+00:00\",\"inLanguage\":\"vi\",\"potentialAction\":[{\"@type\":\"ReadAction\",\"target\":[\"https:\/\/www.teka.com\/vi-vn\/san-pham\/dfi-46760_114270038\/\"]}]},{\"@type\":\"WebSite\",\"@id\":\"https:\/\/www.teka.com\/vi-vn\/#website\",\"url\":\"https:\/\/www.teka.com\/vi-vn\/\",\"name\":\"Teka Vietnam\",\"description\":\"\",\"potentialAction\":[{\"@type\":\"SearchAction\",\"target\":{\"@type\":\"EntryPoint\",\"urlTemplate\":\"https:\/\/www.teka.com\/vi-vn\/?s={search_term_string}\"},\"query-input\":{\"@type\":\"PropertyValueSpecification\",\"valueRequired\":true,\"valueName\":\"search_term_string\"}}],\"inLanguage\":\"vi\"}]}<\/script>\n<!-- \/ Yoast SEO plugin. -->","yoast_head_json":{"title":"DFI 46760 | Teka Vietnam","robots":{"index":"index","follow":"follow","max-snippet":"max-snippet:-1","max-image-preview":"max-image-preview:large","max-video-preview":"max-video-preview:-1"},"canonical":"https:\/\/www.teka.com\/vi-vn\/san-pham\/dfi-46760_114270038\/","og_locale":"vi_VN","og_type":"article","og_title":"DFI 46760 | Teka Vietnam","og_description":"M\u00e1y r\u1eeda ch\u00e9n l\u1eafp \u00e2m to\u00e0n ph\u1ea7n Thi\u1ebft k\u1ebf c\u1eeda tr\u01b0\u1ee3t ti\u1ec7n l\u1ee3i R\u1ed5 \u0111\u1ef1ng ch\u00e9n b\u00e1t c\u00f3 th\u1ec3 n\u00e2ng h\u1ea1 d\u1ec5 d\u00e0ng Khay \u0111\u1ef1ng dao mu\u1ed7ng Dung t\u00edch: 14 b\u1ed9 ch\u00e9n \u0111\u0129a 6 ch\u01b0\u01a1ng tr\u00ecnh r\u1eeda Gi\u00e1 ni\u00eam y\u1ebft (+VAT): 25.790.000 VND B\u1ea2O H\u00c0NH 3 N\u0102M, 1 \u0110\u1ed4I 1 TRONG 365 NG\u00c0Y","og_url":"https:\/\/www.teka.com\/vi-vn\/san-pham\/dfi-46760_114270038\/","og_site_name":"Teka Vietnam","twitter_card":"summary_large_image","schema":{"@context":"https:\/\/schema.org","@graph":[{"@type":"WebPage","@id":"https:\/\/www.teka.com\/vi-vn\/san-pham\/dfi-46760_114270038\/","url":"https:\/\/www.teka.com\/vi-vn\/san-pham\/dfi-46760_114270038\/","name":"DFI 46760 | Teka Vietnam","isPartOf":{"@id":"https:\/\/www.teka.com\/vi-vn\/#website"},"datePublished":"2026-04-08T05:19:36+00:00","inLanguage":"vi","potentialAction":[{"@type":"ReadAction","target":["https:\/\/www.teka.com\/vi-vn\/san-pham\/dfi-46760_114270038\/"]}]},{"@type":"WebSite","@id":"https:\/\/www.teka.com\/vi-vn\/#website","url":"https:\/\/www.teka.com\/vi-vn\/","name":"Teka Vietnam","description":"","potentialAction":[{"@type":"SearchAction","target":{"@type":"EntryPoint","urlTemplate":"https:\/\/www.teka.com\/vi-vn\/?s={search_term_string}"},"query-input":{"@type":"PropertyValueSpecification","valueRequired":true,"valueName":"search_term_string"}}],"inLanguage":"vi"}]}},"_links":{"self":[{"href":"https:\/\/www.teka.com\/vi-vn\/wp-json\/wp\/v2\/product\/64410","targetHints":{"allow":["GET"]}}],"collection":[{"href":"https:\/\/www.teka.com\/vi-vn\/wp-json\/wp\/v2\/product"}],"about":[{"href":"https:\/\/www.teka.com\/vi-vn\/wp-json\/wp\/v2\/types\/product"}],"wp:attachment":[{"href":"https:\/\/www.teka.com\/vi-vn\/wp-json\/wp\/v2\/media?parent=64410"}],"wp:term":[{"taxonomy":"product_cat","embeddable":true,"href":"https:\/\/www.teka.com\/vi-vn\/wp-json\/wp\/v2\/product_cat?post=64410"},{"taxonomy":"product_cleaning_system","embeddable":true,"href":"https:\/\/www.teka.com\/vi-vn\/wp-json\/wp\/v2\/product_cleaning_system?post=64410"},{"taxonomy":"product_3rd_basket","embeddable":true,"href":"https:\/\/www.teka.com\/vi-vn\/wp-json\/wp\/v2\/product_3rd_basket?post=64410"},{"taxonomy":"product_drawers","embeddable":true,"href":"https:\/\/www.teka.com\/vi-vn\/wp-json\/wp\/v2\/product_drawers?post=64410"},{"taxonomy":"product_type_of_installation","embeddable":true,"href":"https:\/\/www.teka.com\/vi-vn\/wp-json\/wp\/v2\/product_type_of_installation?post=64410"},{"taxonomy":"product_edition","embeddable":true,"href":"https:\/\/www.teka.com\/vi-vn\/wp-json\/wp\/v2\/product_edition?post=64410"},{"taxonomy":"product_serie","embeddable":true,"href":"https:\/\/www.teka.com\/vi-vn\/wp-json\/wp\/v2\/product_serie?post=64410"},{"taxonomy":"product_features","embeddable":true,"href":"https:\/\/www.teka.com\/vi-vn\/wp-json\/wp\/v2\/product_features?post=64410"},{"taxonomy":"finishes","embeddable":true,"href":"https:\/\/www.teka.com\/vi-vn\/wp-json\/wp\/v2\/finishes?post=64410"},{"taxonomy":"product_bundles","embeddable":true,"href":"https:\/\/www.teka.com\/vi-vn\/wp-json\/wp\/v2\/product_bundles?post=64410"},{"taxonomy":"product_energy_efficiency","embeddable":true,"href":"https:\/\/www.teka.com\/vi-vn\/wp-json\/wp\/v2\/product_energy_efficiency?post=64410"},{"taxonomy":"product_video_training","embeddable":true,"href":"https:\/\/www.teka.com\/vi-vn\/wp-json\/wp\/v2\/product_video_training?post=64410"}],"curies":[{"name":"wp","href":"https:\/\/api.w.org\/{rel}","templated":true}]}}