{"id":64413,"date":"2026-04-07T21:20:22","date_gmt":"2026-04-07T21:20:22","guid":{"rendered":"https:\/\/teka.com\/vi-vn\/dfs-650zb-tsea_114210013"},"modified":"2026-04-03T02:31:34","modified_gmt":"2026-04-03T03:31:34","slug":"dfs-650zb-tsea_114210013","status":"publish","type":"product","link":"https:\/\/www.teka.com\/vi-vn\/san-pham\/dfs-650zb-tsea_114210013\/","title":{"rendered":"DFS 650ZB-TSEA"},"content":{"rendered":"<ul>\n<li>M\u00e1y r\u1eeda ch\u00e9n \u0111\u1ed9c l\u1eadp<\/li>\n<li>B\u1ea3ng \u0111i\u1ec1u khi\u1ec3n \u0111i\u1ec7n t\u1eed v\u1edbi n\u00fat nh\u1ea5n<\/li>\n<li>Dung t\u00edch 15 b\u1ed9 ch\u00e9n d\u0129a<\/li>\n<li>8 ch\u01b0\u01a1ng tr\u00ecnh r\u1eeda v\u1edbi 7 m\u1ee9c nhi\u1ec7t \u0111\u1ed9 kh\u00e1c nhau<\/li>\n<li>Tia UV \u0111\u01b0\u1ee3c t\u00edch h\u1ee3p b\u00ean trong m\u00e1y gi\u00fap di\u1ec7t s\u1ea1ch vi khu\u1ea9n<\/li>\n<li>\u0110\u1ed9ng c\u01a1 Inverter ti\u1ebft ki\u1ec7m n\u0103ng l\u01b0\u1ee3ng, v\u1eadn h\u00e0nh \u00eam \u00e1i<\/li>\n<li>Gi\u00e1 ni\u00eam y\u1ebft (+VAT): 24.890.000 VN\u0110<\/li>\n<li>B\u1ea2O H\u00c0NH 3 N\u0102M, 1 \u0110\u1ed4I 1 TRONG 365 NG\u00c0Y<\/li>\n<\/ul>\n","protected":false},"featured_media":0,"parent":0,"template":"","product_cat":[13004],"product_cleaning_system":[],"product_3rd_basket":[43773],"product_drawers":[],"product_type_of_installation":[43752],"product_edition":[],"product_serie":[],"product_features":[],"finishes":[],"product_bundles":[],"product_energy_efficiency":[],"product_video_training":[],"class_list":["post-64413","product","type-product","status-publish","hentry","product_cat-may-rua-chen","color-thep-den-khong-gi","product_type_of_appliance-doc-lap","product_icons-eco-function","product_icons-third-cutlery-tray","product_icons-extra-dry-function","product_icons-smart-sensor","product_3rd_basket-gio-hang-thu-3","product_type_of_installation-doc-lap"],"acf":[],"yoast_head":"<!-- This site is optimized with the Yoast SEO plugin v27.2 - https:\/\/yoast.com\/product\/yoast-seo-wordpress\/ -->\n<title>DFS 650ZB-TSEA | Teka Vietnam<\/title>\n<meta name=\"robots\" content=\"index, follow, max-snippet:-1, max-image-preview:large, max-video-preview:-1\" \/>\n<link rel=\"canonical\" href=\"https:\/\/www.teka.com\/vi-vn\/san-pham\/dfs-650zb-tsea_114210013\/\" \/>\n<meta property=\"og:locale\" content=\"vi_VN\" \/>\n<meta property=\"og:type\" content=\"article\" \/>\n<meta property=\"og:title\" content=\"DFS 650ZB-TSEA | Teka Vietnam\" \/>\n<meta property=\"og:description\" content=\"M\u00e1y r\u1eeda ch\u00e9n \u0111\u1ed9c l\u1eadp B\u1ea3ng \u0111i\u1ec1u khi\u1ec3n \u0111i\u1ec7n t\u1eed v\u1edbi n\u00fat nh\u1ea5n Dung t\u00edch 15 b\u1ed9 ch\u00e9n d\u0129a 8 ch\u01b0\u01a1ng tr\u00ecnh r\u1eeda v\u1edbi 7 m\u1ee9c nhi\u1ec7t \u0111\u1ed9 kh\u00e1c nhau Tia UV \u0111\u01b0\u1ee3c t\u00edch h\u1ee3p b\u00ean trong m\u00e1y gi\u00fap di\u1ec7t s\u1ea1ch vi khu\u1ea9n \u0110\u1ed9ng c\u01a1 Inverter ti\u1ebft ki\u1ec7m n\u0103ng l\u01b0\u1ee3ng, v\u1eadn h\u00e0nh \u00eam \u00e1i Gi\u00e1 [&hellip;]\" \/>\n<meta property=\"og:url\" content=\"https:\/\/www.teka.com\/vi-vn\/san-pham\/dfs-650zb-tsea_114210013\/\" \/>\n<meta property=\"og:site_name\" content=\"Teka Vietnam\" \/>\n<meta name=\"twitter:card\" content=\"summary_large_image\" \/>\n<script type=\"application\/ld+json\" class=\"yoast-schema-graph\">{\"@context\":\"https:\/\/schema.org\",\"@graph\":[{\"@type\":\"WebPage\",\"@id\":\"https:\/\/www.teka.com\/vi-vn\/san-pham\/dfs-650zb-tsea_114210013\/\",\"url\":\"https:\/\/www.teka.com\/vi-vn\/san-pham\/dfs-650zb-tsea_114210013\/\",\"name\":\"DFS 650ZB-TSEA | Teka Vietnam\",\"isPartOf\":{\"@id\":\"https:\/\/www.teka.com\/vi-vn\/#website\"},\"datePublished\":\"2026-04-07T21:20:22+00:00\",\"inLanguage\":\"vi\",\"potentialAction\":[{\"@type\":\"ReadAction\",\"target\":[\"https:\/\/www.teka.com\/vi-vn\/san-pham\/dfs-650zb-tsea_114210013\/\"]}]},{\"@type\":\"WebSite\",\"@id\":\"https:\/\/www.teka.com\/vi-vn\/#website\",\"url\":\"https:\/\/www.teka.com\/vi-vn\/\",\"name\":\"Teka Vietnam\",\"description\":\"\",\"potentialAction\":[{\"@type\":\"SearchAction\",\"target\":{\"@type\":\"EntryPoint\",\"urlTemplate\":\"https:\/\/www.teka.com\/vi-vn\/?s={search_term_string}\"},\"query-input\":{\"@type\":\"PropertyValueSpecification\",\"valueRequired\":true,\"valueName\":\"search_term_string\"}}],\"inLanguage\":\"vi\"}]}<\/script>\n<!-- \/ Yoast SEO plugin. -->","yoast_head_json":{"title":"DFS 650ZB-TSEA | Teka Vietnam","robots":{"index":"index","follow":"follow","max-snippet":"max-snippet:-1","max-image-preview":"max-image-preview:large","max-video-preview":"max-video-preview:-1"},"canonical":"https:\/\/www.teka.com\/vi-vn\/san-pham\/dfs-650zb-tsea_114210013\/","og_locale":"vi_VN","og_type":"article","og_title":"DFS 650ZB-TSEA | Teka Vietnam","og_description":"M\u00e1y r\u1eeda ch\u00e9n \u0111\u1ed9c l\u1eadp B\u1ea3ng \u0111i\u1ec1u khi\u1ec3n \u0111i\u1ec7n t\u1eed v\u1edbi n\u00fat nh\u1ea5n Dung t\u00edch 15 b\u1ed9 ch\u00e9n d\u0129a 8 ch\u01b0\u01a1ng tr\u00ecnh r\u1eeda v\u1edbi 7 m\u1ee9c nhi\u1ec7t \u0111\u1ed9 kh\u00e1c nhau Tia UV \u0111\u01b0\u1ee3c t\u00edch h\u1ee3p b\u00ean trong m\u00e1y gi\u00fap di\u1ec7t s\u1ea1ch vi khu\u1ea9n \u0110\u1ed9ng c\u01a1 Inverter ti\u1ebft ki\u1ec7m n\u0103ng l\u01b0\u1ee3ng, v\u1eadn h\u00e0nh \u00eam \u00e1i Gi\u00e1 [&hellip;]","og_url":"https:\/\/www.teka.com\/vi-vn\/san-pham\/dfs-650zb-tsea_114210013\/","og_site_name":"Teka Vietnam","twitter_card":"summary_large_image","schema":{"@context":"https:\/\/schema.org","@graph":[{"@type":"WebPage","@id":"https:\/\/www.teka.com\/vi-vn\/san-pham\/dfs-650zb-tsea_114210013\/","url":"https:\/\/www.teka.com\/vi-vn\/san-pham\/dfs-650zb-tsea_114210013\/","name":"DFS 650ZB-TSEA | Teka Vietnam","isPartOf":{"@id":"https:\/\/www.teka.com\/vi-vn\/#website"},"datePublished":"2026-04-07T21:20:22+00:00","inLanguage":"vi","potentialAction":[{"@type":"ReadAction","target":["https:\/\/www.teka.com\/vi-vn\/san-pham\/dfs-650zb-tsea_114210013\/"]}]},{"@type":"WebSite","@id":"https:\/\/www.teka.com\/vi-vn\/#website","url":"https:\/\/www.teka.com\/vi-vn\/","name":"Teka Vietnam","description":"","potentialAction":[{"@type":"SearchAction","target":{"@type":"EntryPoint","urlTemplate":"https:\/\/www.teka.com\/vi-vn\/?s={search_term_string}"},"query-input":{"@type":"PropertyValueSpecification","valueRequired":true,"valueName":"search_term_string"}}],"inLanguage":"vi"}]}},"_links":{"self":[{"href":"https:\/\/www.teka.com\/vi-vn\/wp-json\/wp\/v2\/product\/64413","targetHints":{"allow":["GET"]}}],"collection":[{"href":"https:\/\/www.teka.com\/vi-vn\/wp-json\/wp\/v2\/product"}],"about":[{"href":"https:\/\/www.teka.com\/vi-vn\/wp-json\/wp\/v2\/types\/product"}],"wp:attachment":[{"href":"https:\/\/www.teka.com\/vi-vn\/wp-json\/wp\/v2\/media?parent=64413"}],"wp:term":[{"taxonomy":"product_cat","embeddable":true,"href":"https:\/\/www.teka.com\/vi-vn\/wp-json\/wp\/v2\/product_cat?post=64413"},{"taxonomy":"product_cleaning_system","embeddable":true,"href":"https:\/\/www.teka.com\/vi-vn\/wp-json\/wp\/v2\/product_cleaning_system?post=64413"},{"taxonomy":"product_3rd_basket","embeddable":true,"href":"https:\/\/www.teka.com\/vi-vn\/wp-json\/wp\/v2\/product_3rd_basket?post=64413"},{"taxonomy":"product_drawers","embeddable":true,"href":"https:\/\/www.teka.com\/vi-vn\/wp-json\/wp\/v2\/product_drawers?post=64413"},{"taxonomy":"product_type_of_installation","embeddable":true,"href":"https:\/\/www.teka.com\/vi-vn\/wp-json\/wp\/v2\/product_type_of_installation?post=64413"},{"taxonomy":"product_edition","embeddable":true,"href":"https:\/\/www.teka.com\/vi-vn\/wp-json\/wp\/v2\/product_edition?post=64413"},{"taxonomy":"product_serie","embeddable":true,"href":"https:\/\/www.teka.com\/vi-vn\/wp-json\/wp\/v2\/product_serie?post=64413"},{"taxonomy":"product_features","embeddable":true,"href":"https:\/\/www.teka.com\/vi-vn\/wp-json\/wp\/v2\/product_features?post=64413"},{"taxonomy":"finishes","embeddable":true,"href":"https:\/\/www.teka.com\/vi-vn\/wp-json\/wp\/v2\/finishes?post=64413"},{"taxonomy":"product_bundles","embeddable":true,"href":"https:\/\/www.teka.com\/vi-vn\/wp-json\/wp\/v2\/product_bundles?post=64413"},{"taxonomy":"product_energy_efficiency","embeddable":true,"href":"https:\/\/www.teka.com\/vi-vn\/wp-json\/wp\/v2\/product_energy_efficiency?post=64413"},{"taxonomy":"product_video_training","embeddable":true,"href":"https:\/\/www.teka.com\/vi-vn\/wp-json\/wp\/v2\/product_video_training?post=64413"}],"curies":[{"name":"wp","href":"https:\/\/api.w.org\/{rel}","templated":true}]}}