{"id":64417,"date":"2026-04-29T06:42:18","date_gmt":"2026-04-29T06:42:18","guid":{"rendered":"https:\/\/teka.com\/en-int\/hmwe-fs23-gc-bk-airfry_112240003"},"modified":"2026-04-29T04:34:34","modified_gmt":"2026-04-29T05:34:34","slug":"hmwe-fs23-gc-bk-airfry_112240003","status":"publish","type":"product","link":"https:\/\/www.teka.com\/vi-vn\/san-pham\/hmwe-fs23-gc-bk-airfry_112240003\/","title":{"rendered":"HMWE FS23 GC BK AirFry"},"content":{"rendered":"<ul>\n<li>L\u00f2 vi s\u00f3ng k\u1ebft h\u1ee3p n\u01b0\u1edbng v\u00e0 chi\u00ean kh\u00f4ng d\u1ea7u AirFry<\/li>\n<li>Dung t\u00edch: 23 l\u00edt<\/li>\n<li>M\u00e0n h\u00ecnh \u0111i\u1ec1u khi\u1ec3n \u0111i\u1ec7n t\u1eed v\u1edbi n\u00fat v\u1eb7n<\/li>\n<li>Ch\u1ee9c n\u0103ng: vi s\u00f3ng, n\u01b0\u1edbng, chi\u00ean kh\u00f4ng d\u1ea7u v\u00e0 r\u00e3 \u0111\u00f4ng<\/li>\n<li>5 m\u1ee9c c\u00f4ng su\u1ea5t vi s\u00f3ng, cao nh\u1ea5t 900W<\/li>\n<li>C\u00f4ng su\u1ea5t n\u01b0\u1edbng 1000W<\/li>\n<li>Gi\u00e1 ni\u00eam y\u1ebft (+VAT): 5.690.000 VND<\/li>\n<\/ul>\n","protected":false},"featured_media":0,"parent":0,"template":"","product_cat":[12998],"product_cleaning_system":[],"product_3rd_basket":[],"product_drawers":[],"product_type_of_installation":[43752,43774],"product_edition":[],"product_serie":[],"product_features":[],"finishes":[],"product_bundles":[],"product_energy_efficiency":[],"product_video_training":[44357,44358],"class_list":["post-64417","product","type-product","status-publish","hentry","product_cat-lo-vi-song","color-den","product_type_of_appliance-doc-lap","product_type_of_appliance-table-top","product_icons-defrost-by-time","product_icons-defrost-by-weight","product_type_of_installation-doc-lap","product_type_of_installation-table-top","product_video_training-traininghoods-07","product_video_training-traininghoods-08"],"acf":[],"yoast_head":"<!-- This site is optimized with the Yoast SEO plugin v27.5 - https:\/\/yoast.com\/product\/yoast-seo-wordpress\/ -->\n<title>HMWE FS23 GC BK AirFry | Teka Vietnam<\/title>\n<meta name=\"robots\" content=\"index, follow, max-snippet:-1, max-image-preview:large, max-video-preview:-1\" \/>\n<link rel=\"canonical\" href=\"https:\/\/www.teka.com\/vi-vn\/san-pham\/hmwe-fs23-gc-bk-airfry_112240003\/\" \/>\n<meta property=\"og:locale\" content=\"vi_VN\" \/>\n<meta property=\"og:type\" content=\"article\" \/>\n<meta property=\"og:title\" content=\"HMWE FS23 GC BK AirFry | Teka Vietnam\" \/>\n<meta property=\"og:description\" content=\"L\u00f2 vi s\u00f3ng k\u1ebft h\u1ee3p n\u01b0\u1edbng v\u00e0 chi\u00ean kh\u00f4ng d\u1ea7u AirFry Dung t\u00edch: 23 l\u00edt M\u00e0n h\u00ecnh \u0111i\u1ec1u khi\u1ec3n \u0111i\u1ec7n t\u1eed v\u1edbi n\u00fat v\u1eb7n Ch\u1ee9c n\u0103ng: vi s\u00f3ng, n\u01b0\u1edbng, chi\u00ean kh\u00f4ng d\u1ea7u v\u00e0 r\u00e3 \u0111\u00f4ng 5 m\u1ee9c c\u00f4ng su\u1ea5t vi s\u00f3ng, cao nh\u1ea5t 900W C\u00f4ng su\u1ea5t n\u01b0\u1edbng 1000W Gi\u00e1 ni\u00eam y\u1ebft (+VAT): 5.690.000 VND\" \/>\n<meta property=\"og:url\" content=\"https:\/\/www.teka.com\/vi-vn\/san-pham\/hmwe-fs23-gc-bk-airfry_112240003\/\" \/>\n<meta property=\"og:site_name\" content=\"Teka Vietnam\" \/>\n<meta name=\"twitter:card\" content=\"summary_large_image\" \/>\n<script type=\"application\/ld+json\" class=\"yoast-schema-graph\">{\"@context\":\"https:\\\/\\\/schema.org\",\"@graph\":[{\"@type\":\"WebPage\",\"@id\":\"https:\\\/\\\/www.teka.com\\\/vi-vn\\\/san-pham\\\/hmwe-fs23-gc-bk-airfry_112240003\\\/\",\"url\":\"https:\\\/\\\/www.teka.com\\\/vi-vn\\\/san-pham\\\/hmwe-fs23-gc-bk-airfry_112240003\\\/\",\"name\":\"HMWE FS23 GC BK AirFry | Teka Vietnam\",\"isPartOf\":{\"@id\":\"https:\\\/\\\/www.teka.com\\\/vi-vn\\\/#website\"},\"datePublished\":\"2026-04-29T06:42:18+00:00\",\"inLanguage\":\"vi\",\"potentialAction\":[{\"@type\":\"ReadAction\",\"target\":[\"https:\\\/\\\/www.teka.com\\\/vi-vn\\\/san-pham\\\/hmwe-fs23-gc-bk-airfry_112240003\\\/\"]}]},{\"@type\":\"WebSite\",\"@id\":\"https:\\\/\\\/www.teka.com\\\/vi-vn\\\/#website\",\"url\":\"https:\\\/\\\/www.teka.com\\\/vi-vn\\\/\",\"name\":\"Teka Vietnam\",\"description\":\"\",\"potentialAction\":[{\"@type\":\"SearchAction\",\"target\":{\"@type\":\"EntryPoint\",\"urlTemplate\":\"https:\\\/\\\/www.teka.com\\\/vi-vn\\\/?s={search_term_string}\"},\"query-input\":{\"@type\":\"PropertyValueSpecification\",\"valueRequired\":true,\"valueName\":\"search_term_string\"}}],\"inLanguage\":\"vi\"}]}<\/script>\n<!-- \/ Yoast SEO plugin. -->","yoast_head_json":{"title":"HMWE FS23 GC BK AirFry | Teka Vietnam","robots":{"index":"index","follow":"follow","max-snippet":"max-snippet:-1","max-image-preview":"max-image-preview:large","max-video-preview":"max-video-preview:-1"},"canonical":"https:\/\/www.teka.com\/vi-vn\/san-pham\/hmwe-fs23-gc-bk-airfry_112240003\/","og_locale":"vi_VN","og_type":"article","og_title":"HMWE FS23 GC BK AirFry | Teka Vietnam","og_description":"L\u00f2 vi s\u00f3ng k\u1ebft h\u1ee3p n\u01b0\u1edbng v\u00e0 chi\u00ean kh\u00f4ng d\u1ea7u AirFry Dung t\u00edch: 23 l\u00edt M\u00e0n h\u00ecnh \u0111i\u1ec1u khi\u1ec3n \u0111i\u1ec7n t\u1eed v\u1edbi n\u00fat v\u1eb7n Ch\u1ee9c n\u0103ng: vi s\u00f3ng, n\u01b0\u1edbng, chi\u00ean kh\u00f4ng d\u1ea7u v\u00e0 r\u00e3 \u0111\u00f4ng 5 m\u1ee9c c\u00f4ng su\u1ea5t vi s\u00f3ng, cao nh\u1ea5t 900W C\u00f4ng su\u1ea5t n\u01b0\u1edbng 1000W Gi\u00e1 ni\u00eam y\u1ebft (+VAT): 5.690.000 VND","og_url":"https:\/\/www.teka.com\/vi-vn\/san-pham\/hmwe-fs23-gc-bk-airfry_112240003\/","og_site_name":"Teka Vietnam","twitter_card":"summary_large_image","schema":{"@context":"https:\/\/schema.org","@graph":[{"@type":"WebPage","@id":"https:\/\/www.teka.com\/vi-vn\/san-pham\/hmwe-fs23-gc-bk-airfry_112240003\/","url":"https:\/\/www.teka.com\/vi-vn\/san-pham\/hmwe-fs23-gc-bk-airfry_112240003\/","name":"HMWE FS23 GC BK AirFry | Teka Vietnam","isPartOf":{"@id":"https:\/\/www.teka.com\/vi-vn\/#website"},"datePublished":"2026-04-29T06:42:18+00:00","inLanguage":"vi","potentialAction":[{"@type":"ReadAction","target":["https:\/\/www.teka.com\/vi-vn\/san-pham\/hmwe-fs23-gc-bk-airfry_112240003\/"]}]},{"@type":"WebSite","@id":"https:\/\/www.teka.com\/vi-vn\/#website","url":"https:\/\/www.teka.com\/vi-vn\/","name":"Teka Vietnam","description":"","potentialAction":[{"@type":"SearchAction","target":{"@type":"EntryPoint","urlTemplate":"https:\/\/www.teka.com\/vi-vn\/?s={search_term_string}"},"query-input":{"@type":"PropertyValueSpecification","valueRequired":true,"valueName":"search_term_string"}}],"inLanguage":"vi"}]}},"_links":{"self":[{"href":"https:\/\/www.teka.com\/vi-vn\/wp-json\/wp\/v2\/product\/64417","targetHints":{"allow":["GET"]}}],"collection":[{"href":"https:\/\/www.teka.com\/vi-vn\/wp-json\/wp\/v2\/product"}],"about":[{"href":"https:\/\/www.teka.com\/vi-vn\/wp-json\/wp\/v2\/types\/product"}],"wp:attachment":[{"href":"https:\/\/www.teka.com\/vi-vn\/wp-json\/wp\/v2\/media?parent=64417"}],"wp:term":[{"taxonomy":"product_cat","embeddable":true,"href":"https:\/\/www.teka.com\/vi-vn\/wp-json\/wp\/v2\/product_cat?post=64417"},{"taxonomy":"product_cleaning_system","embeddable":true,"href":"https:\/\/www.teka.com\/vi-vn\/wp-json\/wp\/v2\/product_cleaning_system?post=64417"},{"taxonomy":"product_3rd_basket","embeddable":true,"href":"https:\/\/www.teka.com\/vi-vn\/wp-json\/wp\/v2\/product_3rd_basket?post=64417"},{"taxonomy":"product_drawers","embeddable":true,"href":"https:\/\/www.teka.com\/vi-vn\/wp-json\/wp\/v2\/product_drawers?post=64417"},{"taxonomy":"product_type_of_installation","embeddable":true,"href":"https:\/\/www.teka.com\/vi-vn\/wp-json\/wp\/v2\/product_type_of_installation?post=64417"},{"taxonomy":"product_edition","embeddable":true,"href":"https:\/\/www.teka.com\/vi-vn\/wp-json\/wp\/v2\/product_edition?post=64417"},{"taxonomy":"product_serie","embeddable":true,"href":"https:\/\/www.teka.com\/vi-vn\/wp-json\/wp\/v2\/product_serie?post=64417"},{"taxonomy":"product_features","embeddable":true,"href":"https:\/\/www.teka.com\/vi-vn\/wp-json\/wp\/v2\/product_features?post=64417"},{"taxonomy":"finishes","embeddable":true,"href":"https:\/\/www.teka.com\/vi-vn\/wp-json\/wp\/v2\/finishes?post=64417"},{"taxonomy":"product_bundles","embeddable":true,"href":"https:\/\/www.teka.com\/vi-vn\/wp-json\/wp\/v2\/product_bundles?post=64417"},{"taxonomy":"product_energy_efficiency","embeddable":true,"href":"https:\/\/www.teka.com\/vi-vn\/wp-json\/wp\/v2\/product_energy_efficiency?post=64417"},{"taxonomy":"product_video_training","embeddable":true,"href":"https:\/\/www.teka.com\/vi-vn\/wp-json\/wp\/v2\/product_video_training?post=64417"}],"curies":[{"name":"wp","href":"https:\/\/api.w.org\/{rel}","templated":true}]}}