{"id":64418,"date":"2026-04-29T06:42:21","date_gmt":"2026-04-29T06:42:21","guid":{"rendered":"https:\/\/teka.com\/es-es\/ml-820-fi-bk_112070004"},"modified":"2026-04-29T04:34:38","modified_gmt":"2026-04-29T05:34:38","slug":"ml-820-fi-bk_112070004","status":"publish","type":"product","link":"https:\/\/www.teka.com\/vi-vn\/san-pham\/ml-820-fi-bk_112070004\/","title":{"rendered":"ML 820 FI BK"},"content":{"rendered":"<ul>\n<li>L\u00f2 vi s\u00f3ng l\u1eafp \u00e2m<\/li>\n<li>5 m\u1ee9c c\u00f4ng su\u1ea5t, c\u00f4ng su\u1ea5t t\u1ed1i \u0111a 1270W<\/li>\n<li>R\u00e3 \u0111\u00f4ng theo th\u1eddi gian<\/li>\n<li>Gi\u00e1 ni\u00eam y\u1ebft (+VAT): 9.890.000 VND<\/li>\n<\/ul>\n","protected":false},"featured_media":0,"parent":0,"template":"","product_cat":[12998],"product_cleaning_system":[],"product_3rd_basket":[],"product_drawers":[],"product_type_of_installation":[43759],"product_edition":[],"product_serie":[],"product_features":[],"finishes":[],"product_bundles":[],"product_energy_efficiency":[],"product_video_training":[44357],"class_list":["post-64418","product","type-product","status-publish","hentry","product_cat-lo-vi-song","usp-microwaves-04","usp-microwaves-07","color-den","product_type_of_appliance-lap-am","product_icons-20l","product_icons-defrost-by-time","product_type_of_installation-lap-am","product_video_training-traininghoods-07"],"acf":[],"yoast_head":"<!-- This site is optimized with the Yoast SEO plugin v27.2 - https:\/\/yoast.com\/product\/yoast-seo-wordpress\/ -->\n<title>ML 820 FI BK | Teka Vietnam<\/title>\n<meta name=\"robots\" content=\"index, follow, max-snippet:-1, max-image-preview:large, max-video-preview:-1\" \/>\n<link rel=\"canonical\" href=\"https:\/\/www.teka.com\/vi-vn\/san-pham\/ml-820-fi-bk_112070004\/\" \/>\n<meta property=\"og:locale\" content=\"vi_VN\" \/>\n<meta property=\"og:type\" content=\"article\" \/>\n<meta property=\"og:title\" content=\"ML 820 FI BK | Teka Vietnam\" \/>\n<meta property=\"og:description\" content=\"L\u00f2 vi s\u00f3ng l\u1eafp \u00e2m 5 m\u1ee9c c\u00f4ng su\u1ea5t, c\u00f4ng su\u1ea5t t\u1ed1i \u0111a 1270W R\u00e3 \u0111\u00f4ng theo th\u1eddi gian Gi\u00e1 ni\u00eam y\u1ebft (+VAT): 9.890.000 VND\" \/>\n<meta property=\"og:url\" content=\"https:\/\/www.teka.com\/vi-vn\/san-pham\/ml-820-fi-bk_112070004\/\" \/>\n<meta property=\"og:site_name\" content=\"Teka Vietnam\" \/>\n<meta name=\"twitter:card\" content=\"summary_large_image\" \/>\n<script type=\"application\/ld+json\" class=\"yoast-schema-graph\">{\"@context\":\"https:\/\/schema.org\",\"@graph\":[{\"@type\":\"WebPage\",\"@id\":\"https:\/\/www.teka.com\/vi-vn\/san-pham\/ml-820-fi-bk_112070004\/\",\"url\":\"https:\/\/www.teka.com\/vi-vn\/san-pham\/ml-820-fi-bk_112070004\/\",\"name\":\"ML 820 FI BK | Teka Vietnam\",\"isPartOf\":{\"@id\":\"https:\/\/www.teka.com\/vi-vn\/#website\"},\"datePublished\":\"2026-04-29T06:42:21+00:00\",\"inLanguage\":\"vi\",\"potentialAction\":[{\"@type\":\"ReadAction\",\"target\":[\"https:\/\/www.teka.com\/vi-vn\/san-pham\/ml-820-fi-bk_112070004\/\"]}]},{\"@type\":\"WebSite\",\"@id\":\"https:\/\/www.teka.com\/vi-vn\/#website\",\"url\":\"https:\/\/www.teka.com\/vi-vn\/\",\"name\":\"Teka Vietnam\",\"description\":\"\",\"potentialAction\":[{\"@type\":\"SearchAction\",\"target\":{\"@type\":\"EntryPoint\",\"urlTemplate\":\"https:\/\/www.teka.com\/vi-vn\/?s={search_term_string}\"},\"query-input\":{\"@type\":\"PropertyValueSpecification\",\"valueRequired\":true,\"valueName\":\"search_term_string\"}}],\"inLanguage\":\"vi\"}]}<\/script>\n<!-- \/ Yoast SEO plugin. -->","yoast_head_json":{"title":"ML 820 FI BK | Teka Vietnam","robots":{"index":"index","follow":"follow","max-snippet":"max-snippet:-1","max-image-preview":"max-image-preview:large","max-video-preview":"max-video-preview:-1"},"canonical":"https:\/\/www.teka.com\/vi-vn\/san-pham\/ml-820-fi-bk_112070004\/","og_locale":"vi_VN","og_type":"article","og_title":"ML 820 FI BK | Teka Vietnam","og_description":"L\u00f2 vi s\u00f3ng l\u1eafp \u00e2m 5 m\u1ee9c c\u00f4ng su\u1ea5t, c\u00f4ng su\u1ea5t t\u1ed1i \u0111a 1270W R\u00e3 \u0111\u00f4ng theo th\u1eddi gian Gi\u00e1 ni\u00eam y\u1ebft (+VAT): 9.890.000 VND","og_url":"https:\/\/www.teka.com\/vi-vn\/san-pham\/ml-820-fi-bk_112070004\/","og_site_name":"Teka Vietnam","twitter_card":"summary_large_image","schema":{"@context":"https:\/\/schema.org","@graph":[{"@type":"WebPage","@id":"https:\/\/www.teka.com\/vi-vn\/san-pham\/ml-820-fi-bk_112070004\/","url":"https:\/\/www.teka.com\/vi-vn\/san-pham\/ml-820-fi-bk_112070004\/","name":"ML 820 FI BK | Teka Vietnam","isPartOf":{"@id":"https:\/\/www.teka.com\/vi-vn\/#website"},"datePublished":"2026-04-29T06:42:21+00:00","inLanguage":"vi","potentialAction":[{"@type":"ReadAction","target":["https:\/\/www.teka.com\/vi-vn\/san-pham\/ml-820-fi-bk_112070004\/"]}]},{"@type":"WebSite","@id":"https:\/\/www.teka.com\/vi-vn\/#website","url":"https:\/\/www.teka.com\/vi-vn\/","name":"Teka Vietnam","description":"","potentialAction":[{"@type":"SearchAction","target":{"@type":"EntryPoint","urlTemplate":"https:\/\/www.teka.com\/vi-vn\/?s={search_term_string}"},"query-input":{"@type":"PropertyValueSpecification","valueRequired":true,"valueName":"search_term_string"}}],"inLanguage":"vi"}]}},"_links":{"self":[{"href":"https:\/\/www.teka.com\/vi-vn\/wp-json\/wp\/v2\/product\/64418","targetHints":{"allow":["GET"]}}],"collection":[{"href":"https:\/\/www.teka.com\/vi-vn\/wp-json\/wp\/v2\/product"}],"about":[{"href":"https:\/\/www.teka.com\/vi-vn\/wp-json\/wp\/v2\/types\/product"}],"wp:attachment":[{"href":"https:\/\/www.teka.com\/vi-vn\/wp-json\/wp\/v2\/media?parent=64418"}],"wp:term":[{"taxonomy":"product_cat","embeddable":true,"href":"https:\/\/www.teka.com\/vi-vn\/wp-json\/wp\/v2\/product_cat?post=64418"},{"taxonomy":"product_cleaning_system","embeddable":true,"href":"https:\/\/www.teka.com\/vi-vn\/wp-json\/wp\/v2\/product_cleaning_system?post=64418"},{"taxonomy":"product_3rd_basket","embeddable":true,"href":"https:\/\/www.teka.com\/vi-vn\/wp-json\/wp\/v2\/product_3rd_basket?post=64418"},{"taxonomy":"product_drawers","embeddable":true,"href":"https:\/\/www.teka.com\/vi-vn\/wp-json\/wp\/v2\/product_drawers?post=64418"},{"taxonomy":"product_type_of_installation","embeddable":true,"href":"https:\/\/www.teka.com\/vi-vn\/wp-json\/wp\/v2\/product_type_of_installation?post=64418"},{"taxonomy":"product_edition","embeddable":true,"href":"https:\/\/www.teka.com\/vi-vn\/wp-json\/wp\/v2\/product_edition?post=64418"},{"taxonomy":"product_serie","embeddable":true,"href":"https:\/\/www.teka.com\/vi-vn\/wp-json\/wp\/v2\/product_serie?post=64418"},{"taxonomy":"product_features","embeddable":true,"href":"https:\/\/www.teka.com\/vi-vn\/wp-json\/wp\/v2\/product_features?post=64418"},{"taxonomy":"finishes","embeddable":true,"href":"https:\/\/www.teka.com\/vi-vn\/wp-json\/wp\/v2\/finishes?post=64418"},{"taxonomy":"product_bundles","embeddable":true,"href":"https:\/\/www.teka.com\/vi-vn\/wp-json\/wp\/v2\/product_bundles?post=64418"},{"taxonomy":"product_energy_efficiency","embeddable":true,"href":"https:\/\/www.teka.com\/vi-vn\/wp-json\/wp\/v2\/product_energy_efficiency?post=64418"},{"taxonomy":"product_video_training","embeddable":true,"href":"https:\/\/www.teka.com\/vi-vn\/wp-json\/wp\/v2\/product_video_training?post=64418"}],"curies":[{"name":"wp","href":"https:\/\/api.w.org\/{rel}","templated":true}]}}