{"id":64424,"date":"2026-04-26T12:50:34","date_gmt":"2026-04-26T12:50:34","guid":{"rendered":"https:\/\/teka.com\/vi-vn\/airfry-hlc-8406-bk_111130011"},"modified":"2026-04-03T02:58:32","modified_gmt":"2026-04-03T03:58:32","slug":"airfry-hlc-8406-bk_111130011","status":"publish","type":"product","link":"https:\/\/www.teka.com\/vi-vn\/san-pham\/airfry-hlc-8406-bk_111130011\/","title":{"rendered":"AirFry HLC 8406 BK"},"content":{"rendered":"<ul>\n<li>L\u00f2 n\u01b0\u1edbng \u0111\u1ed1i l\u01b0u &#8211; l\u1eafp \u00e2m<\/li>\n<li>9 ch\u1ee9c n\u0103ng n\u01b0\u1edbng \u0111a d\u1ea1ng<\/li>\n<li>C\u00f4ng ngh\u1ec7 SurroundTemp ph\u00e2n b\u1ed5 nhi\u1ec7t \u0111\u1ec1u b\u00ean trong l\u00f2<\/li>\n<li>C\u00f4ng ngh\u1ec7 FryMaster Box \u2013 chi\u00ean gi\u00f2n ngon l\u00e0nh v\u1edbi \u00edt d\u1ea7u h\u01a1n<\/li>\n<li>C\u00f4ng ngh\u1ec7 l\u00e0m s\u1ea1ch l\u00f2 HydroClean<\/li>\n<li>Dung t\u00edch th\u1ef1c 44 l\u00edt<\/li>\n<li>Gi\u00e1 ni\u00eam y\u1ebft ( +VAT): 26.690.000 VND<\/li>\n<\/ul>\n","protected":false},"featured_media":0,"parent":0,"template":"","product_cat":[12999],"product_cleaning_system":[3092],"product_3rd_basket":[],"product_drawers":[],"product_type_of_installation":[],"product_edition":[],"product_serie":[],"product_features":[],"finishes":[],"product_bundles":[],"product_energy_efficiency":[44293],"product_video_training":[44360,44364,44370,44382],"class_list":["post-64424","product","type-product","status-publish","hentry","product_cat-lo-nuong","usp-airfry-05","usp-ovens-04","usp-ovens-12","usp-airfry-03","usp-airfry-02","usp-compacts-08","color-kinh-den","product_type_of_appliance-da-chuc-nang","product_icons-hydroclean","product_icons-44l","product_icons-surroundtemp","product_cleaning_system-hydroclean","product_energy_efficiency-a-plus-icon","product_video_training-trainingovens-01","product_video_training-trainingovens-02","product_video_training-trainingovens-05","product_video_training-trainingovens-12"],"acf":[],"yoast_head":"<!-- This site is optimized with the Yoast SEO plugin v27.5 - https:\/\/yoast.com\/product\/yoast-seo-wordpress\/ -->\n<title>AirFry HLC 8406 BK | Teka Vietnam<\/title>\n<meta name=\"robots\" content=\"index, follow, max-snippet:-1, max-image-preview:large, max-video-preview:-1\" \/>\n<link rel=\"canonical\" href=\"https:\/\/www.teka.com\/vi-vn\/san-pham\/airfry-hlc-8406-bk_111130011\/\" \/>\n<meta property=\"og:locale\" content=\"vi_VN\" \/>\n<meta property=\"og:type\" content=\"article\" \/>\n<meta property=\"og:title\" content=\"AirFry HLC 8406 BK | Teka Vietnam\" \/>\n<meta property=\"og:description\" content=\"L\u00f2 n\u01b0\u1edbng \u0111\u1ed1i l\u01b0u &#8211; l\u1eafp \u00e2m 9 ch\u1ee9c n\u0103ng n\u01b0\u1edbng \u0111a d\u1ea1ng C\u00f4ng ngh\u1ec7 SurroundTemp ph\u00e2n b\u1ed5 nhi\u1ec7t \u0111\u1ec1u b\u00ean trong l\u00f2 C\u00f4ng ngh\u1ec7 FryMaster Box \u2013 chi\u00ean gi\u00f2n ngon l\u00e0nh v\u1edbi \u00edt d\u1ea7u h\u01a1n C\u00f4ng ngh\u1ec7 l\u00e0m s\u1ea1ch l\u00f2 HydroClean Dung t\u00edch th\u1ef1c 44 l\u00edt Gi\u00e1 ni\u00eam y\u1ebft ( +VAT): 26.690.000 VND\" \/>\n<meta property=\"og:url\" content=\"https:\/\/www.teka.com\/vi-vn\/san-pham\/airfry-hlc-8406-bk_111130011\/\" \/>\n<meta property=\"og:site_name\" content=\"Teka Vietnam\" \/>\n<meta name=\"twitter:card\" content=\"summary_large_image\" \/>\n<script type=\"application\/ld+json\" class=\"yoast-schema-graph\">{\"@context\":\"https:\\\/\\\/schema.org\",\"@graph\":[{\"@type\":\"WebPage\",\"@id\":\"https:\\\/\\\/www.teka.com\\\/vi-vn\\\/san-pham\\\/airfry-hlc-8406-bk_111130011\\\/\",\"url\":\"https:\\\/\\\/www.teka.com\\\/vi-vn\\\/san-pham\\\/airfry-hlc-8406-bk_111130011\\\/\",\"name\":\"AirFry HLC 8406 BK | Teka Vietnam\",\"isPartOf\":{\"@id\":\"https:\\\/\\\/www.teka.com\\\/vi-vn\\\/#website\"},\"datePublished\":\"2026-04-26T12:50:34+00:00\",\"inLanguage\":\"vi\",\"potentialAction\":[{\"@type\":\"ReadAction\",\"target\":[\"https:\\\/\\\/www.teka.com\\\/vi-vn\\\/san-pham\\\/airfry-hlc-8406-bk_111130011\\\/\"]}]},{\"@type\":\"WebSite\",\"@id\":\"https:\\\/\\\/www.teka.com\\\/vi-vn\\\/#website\",\"url\":\"https:\\\/\\\/www.teka.com\\\/vi-vn\\\/\",\"name\":\"Teka Vietnam\",\"description\":\"\",\"potentialAction\":[{\"@type\":\"SearchAction\",\"target\":{\"@type\":\"EntryPoint\",\"urlTemplate\":\"https:\\\/\\\/www.teka.com\\\/vi-vn\\\/?s={search_term_string}\"},\"query-input\":{\"@type\":\"PropertyValueSpecification\",\"valueRequired\":true,\"valueName\":\"search_term_string\"}}],\"inLanguage\":\"vi\"}]}<\/script>\n<!-- \/ Yoast SEO plugin. -->","yoast_head_json":{"title":"AirFry HLC 8406 BK | Teka Vietnam","robots":{"index":"index","follow":"follow","max-snippet":"max-snippet:-1","max-image-preview":"max-image-preview:large","max-video-preview":"max-video-preview:-1"},"canonical":"https:\/\/www.teka.com\/vi-vn\/san-pham\/airfry-hlc-8406-bk_111130011\/","og_locale":"vi_VN","og_type":"article","og_title":"AirFry HLC 8406 BK | Teka Vietnam","og_description":"L\u00f2 n\u01b0\u1edbng \u0111\u1ed1i l\u01b0u &#8211; l\u1eafp \u00e2m 9 ch\u1ee9c n\u0103ng n\u01b0\u1edbng \u0111a d\u1ea1ng C\u00f4ng ngh\u1ec7 SurroundTemp ph\u00e2n b\u1ed5 nhi\u1ec7t \u0111\u1ec1u b\u00ean trong l\u00f2 C\u00f4ng ngh\u1ec7 FryMaster Box \u2013 chi\u00ean gi\u00f2n ngon l\u00e0nh v\u1edbi \u00edt d\u1ea7u h\u01a1n C\u00f4ng ngh\u1ec7 l\u00e0m s\u1ea1ch l\u00f2 HydroClean Dung t\u00edch th\u1ef1c 44 l\u00edt Gi\u00e1 ni\u00eam y\u1ebft ( +VAT): 26.690.000 VND","og_url":"https:\/\/www.teka.com\/vi-vn\/san-pham\/airfry-hlc-8406-bk_111130011\/","og_site_name":"Teka Vietnam","twitter_card":"summary_large_image","schema":{"@context":"https:\/\/schema.org","@graph":[{"@type":"WebPage","@id":"https:\/\/www.teka.com\/vi-vn\/san-pham\/airfry-hlc-8406-bk_111130011\/","url":"https:\/\/www.teka.com\/vi-vn\/san-pham\/airfry-hlc-8406-bk_111130011\/","name":"AirFry HLC 8406 BK | Teka Vietnam","isPartOf":{"@id":"https:\/\/www.teka.com\/vi-vn\/#website"},"datePublished":"2026-04-26T12:50:34+00:00","inLanguage":"vi","potentialAction":[{"@type":"ReadAction","target":["https:\/\/www.teka.com\/vi-vn\/san-pham\/airfry-hlc-8406-bk_111130011\/"]}]},{"@type":"WebSite","@id":"https:\/\/www.teka.com\/vi-vn\/#website","url":"https:\/\/www.teka.com\/vi-vn\/","name":"Teka Vietnam","description":"","potentialAction":[{"@type":"SearchAction","target":{"@type":"EntryPoint","urlTemplate":"https:\/\/www.teka.com\/vi-vn\/?s={search_term_string}"},"query-input":{"@type":"PropertyValueSpecification","valueRequired":true,"valueName":"search_term_string"}}],"inLanguage":"vi"}]}},"_links":{"self":[{"href":"https:\/\/www.teka.com\/vi-vn\/wp-json\/wp\/v2\/product\/64424","targetHints":{"allow":["GET"]}}],"collection":[{"href":"https:\/\/www.teka.com\/vi-vn\/wp-json\/wp\/v2\/product"}],"about":[{"href":"https:\/\/www.teka.com\/vi-vn\/wp-json\/wp\/v2\/types\/product"}],"wp:attachment":[{"href":"https:\/\/www.teka.com\/vi-vn\/wp-json\/wp\/v2\/media?parent=64424"}],"wp:term":[{"taxonomy":"product_cat","embeddable":true,"href":"https:\/\/www.teka.com\/vi-vn\/wp-json\/wp\/v2\/product_cat?post=64424"},{"taxonomy":"product_cleaning_system","embeddable":true,"href":"https:\/\/www.teka.com\/vi-vn\/wp-json\/wp\/v2\/product_cleaning_system?post=64424"},{"taxonomy":"product_3rd_basket","embeddable":true,"href":"https:\/\/www.teka.com\/vi-vn\/wp-json\/wp\/v2\/product_3rd_basket?post=64424"},{"taxonomy":"product_drawers","embeddable":true,"href":"https:\/\/www.teka.com\/vi-vn\/wp-json\/wp\/v2\/product_drawers?post=64424"},{"taxonomy":"product_type_of_installation","embeddable":true,"href":"https:\/\/www.teka.com\/vi-vn\/wp-json\/wp\/v2\/product_type_of_installation?post=64424"},{"taxonomy":"product_edition","embeddable":true,"href":"https:\/\/www.teka.com\/vi-vn\/wp-json\/wp\/v2\/product_edition?post=64424"},{"taxonomy":"product_serie","embeddable":true,"href":"https:\/\/www.teka.com\/vi-vn\/wp-json\/wp\/v2\/product_serie?post=64424"},{"taxonomy":"product_features","embeddable":true,"href":"https:\/\/www.teka.com\/vi-vn\/wp-json\/wp\/v2\/product_features?post=64424"},{"taxonomy":"finishes","embeddable":true,"href":"https:\/\/www.teka.com\/vi-vn\/wp-json\/wp\/v2\/finishes?post=64424"},{"taxonomy":"product_bundles","embeddable":true,"href":"https:\/\/www.teka.com\/vi-vn\/wp-json\/wp\/v2\/product_bundles?post=64424"},{"taxonomy":"product_energy_efficiency","embeddable":true,"href":"https:\/\/www.teka.com\/vi-vn\/wp-json\/wp\/v2\/product_energy_efficiency?post=64424"},{"taxonomy":"product_video_training","embeddable":true,"href":"https:\/\/www.teka.com\/vi-vn\/wp-json\/wp\/v2\/product_video_training?post=64424"}],"curies":[{"name":"wp","href":"https:\/\/api.w.org\/{rel}","templated":true}]}}