{"id":64425,"date":"2026-04-29T06:42:13","date_gmt":"2026-04-29T06:42:13","guid":{"rendered":"https:\/\/teka.com\/en-int\/steak-master-bk-ss_111000036"},"modified":"2026-04-29T04:30:38","modified_gmt":"2026-04-29T05:30:38","slug":"steak-master-bk-ss_111000036","status":"publish","type":"product","link":"https:\/\/www.teka.com\/vi-vn\/san-pham\/steak-master-bk-ss_111000036\/","title":{"rendered":"STEAK MASTER BK \u00adSS"},"content":{"rendered":"<ul>\n<li>L\u00f2 n\u01b0\u1edbng Steakmaster v\u1edbi c\u00f4ng ngh\u1ec7 n\u01b0\u1edbng th\u1ecbt \u0111\u1ed9c quy\u1ec1n SteakGrill \u2013 Chu\u1ea9n BBQ t\u1ea1i gia, nhi\u1ec7t \u0111\u1ed9 l\u00ean \u0111\u1ebfn 700\u00baC<\/li>\n<li>N\u01b0\u1edbng ho\u00e0n h\u1ea3o c\u00e1c m\u00f3n Steak, Entrec\u00f4te, Rib Eye hay hamburger ch\u1ec9 trong v\u00e0i ph\u00fat<\/li>\n<li>V\u1ec9 gang \u0111\u1eb7c bi\u1ec7t gi\u00fap gi\u1eef nhi\u1ec7t t\u1ed1i \u01b0u, t\u1ea1o v\u1ebft n\u01b0\u1edbng chu\u1ea9n nh\u00e0 h\u00e0ng<\/li>\n<li>20 ch\u01b0\u01a1ng tr\u00ecnh n\u01b0\u1edbng th\u1ecbt t\u1ef1 \u0111\u1ed9ng \u2013 d\u1ec5 d\u00e0ng cho m\u1ecdi c\u1ea5p \u0111\u1ed9 \u0111\u1ea7u b\u1ebfp<\/li>\n<li>H\u1ec7 th\u1ed1ng v\u1ec7 sinh k\u00e9p DualClean: Pyrolysis + HydroClean\u00ae PRO \u2013 l\u00e0m s\u1ea1ch s\u00e2u, ti\u1ebft ki\u1ec7m th\u1eddi gian<\/li>\n<li>T\u1eb7ng k\u00e8m: Dao chuy\u00ean nghi\u1ec7p Arcos\u00ae\ufe0f 210mm v\u00e0 g\u0103ng tay n\u01b0\u1edbng cao c\u1ea5p v\u1edbi l\u1edbp silicone ch\u1ed1ng n\u00f3ng<\/li>\n<li>Gi\u00e1 ni\u00eam y\u1ebft ( +VAT): 60.090.000 VND<\/li>\n<\/ul>\n","protected":false},"featured_media":0,"parent":0,"template":"","product_cat":[12999],"product_cleaning_system":[3092,9259],"product_3rd_basket":[],"product_drawers":[],"product_type_of_installation":[43759],"product_edition":[],"product_serie":[],"product_features":[],"finishes":[],"product_bundles":[],"product_energy_efficiency":[44289],"product_video_training":[44360,44364,44370,44372,44377,44378,44379,44380,44382],"class_list":["post-64425","product","type-product","status-publish","hentry","product_cat-lo-nuong","usp-steakmaster-02","usp-steakmaster-03","usp-steakmaster-05","usp-steakmaster-06","usp-steakmaster-01","usp-steakmaster-08","usp-steakmaster-04","usp-compacts-08","color-kinh-den","product_type_of_appliance-da-chuc-nang","product_ambient-urban-colors-01","product_ambient-urban-colors-02","product_ambient-urban-colors-03","product_ambient-ambient-10","product_ambient-ambient-23","product_icons-hydroclean","product_icons-plus-extension-telescopic-guide","product_icons-pyrolysis","product_icons-softclose","product_icons-surroundtemp","product_cleaning_system-hydroclean","product_cleaning_system-ve-sinh-nhiet-phan","product_type_of_installation-lap-am","product_energy_efficiency-a-icon","product_video_training-trainingovens-01","product_video_training-trainingovens-02","product_video_training-trainingovens-05","product_video_training-trainingovens-06","product_video_training-trainingovens-07","product_video_training-trainingovens-08","product_video_training-trainingovens-09","product_video_training-trainingovens-10","product_video_training-trainingovens-12"],"acf":[],"yoast_head":"<!-- This site is optimized with the Yoast SEO plugin v27.5 - https:\/\/yoast.com\/product\/yoast-seo-wordpress\/ -->\n<title>STEAK MASTER BK \u00adSS | Teka Vietnam<\/title>\n<meta name=\"robots\" content=\"index, follow, max-snippet:-1, max-image-preview:large, max-video-preview:-1\" \/>\n<link rel=\"canonical\" href=\"https:\/\/www.teka.com\/vi-vn\/san-pham\/steak-master-bk-ss_111000036\/\" \/>\n<meta property=\"og:locale\" content=\"vi_VN\" \/>\n<meta property=\"og:type\" content=\"article\" \/>\n<meta property=\"og:title\" content=\"STEAK MASTER BK \u00adSS | Teka Vietnam\" \/>\n<meta property=\"og:description\" content=\"L\u00f2 n\u01b0\u1edbng Steakmaster v\u1edbi c\u00f4ng ngh\u1ec7 n\u01b0\u1edbng th\u1ecbt \u0111\u1ed9c quy\u1ec1n SteakGrill \u2013 Chu\u1ea9n BBQ t\u1ea1i gia, nhi\u1ec7t \u0111\u1ed9 l\u00ean \u0111\u1ebfn 700\u00baC N\u01b0\u1edbng ho\u00e0n h\u1ea3o c\u00e1c m\u00f3n Steak, Entrec\u00f4te, Rib Eye hay hamburger ch\u1ec9 trong v\u00e0i ph\u00fat V\u1ec9 gang \u0111\u1eb7c bi\u1ec7t gi\u00fap gi\u1eef nhi\u1ec7t t\u1ed1i \u01b0u, t\u1ea1o v\u1ebft n\u01b0\u1edbng chu\u1ea9n nh\u00e0 h\u00e0ng 20 ch\u01b0\u01a1ng tr\u00ecnh n\u01b0\u1edbng [&hellip;]\" \/>\n<meta property=\"og:url\" content=\"https:\/\/www.teka.com\/vi-vn\/san-pham\/steak-master-bk-ss_111000036\/\" \/>\n<meta property=\"og:site_name\" content=\"Teka Vietnam\" \/>\n<meta name=\"twitter:card\" content=\"summary_large_image\" \/>\n<meta name=\"twitter:label1\" content=\"\u01af\u1edbc t\u00ednh th\u1eddi gian \u0111\u1ecdc\" \/>\n\t<meta name=\"twitter:data1\" content=\"1 ph\u00fat\" \/>\n<script type=\"application\/ld+json\" class=\"yoast-schema-graph\">{\"@context\":\"https:\\\/\\\/schema.org\",\"@graph\":[{\"@type\":\"WebPage\",\"@id\":\"https:\\\/\\\/www.teka.com\\\/vi-vn\\\/san-pham\\\/steak-master-bk-ss_111000036\\\/\",\"url\":\"https:\\\/\\\/www.teka.com\\\/vi-vn\\\/san-pham\\\/steak-master-bk-ss_111000036\\\/\",\"name\":\"STEAK MASTER BK \u00adSS | Teka Vietnam\",\"isPartOf\":{\"@id\":\"https:\\\/\\\/www.teka.com\\\/vi-vn\\\/#website\"},\"datePublished\":\"2026-04-29T06:42:13+00:00\",\"inLanguage\":\"vi\",\"potentialAction\":[{\"@type\":\"ReadAction\",\"target\":[\"https:\\\/\\\/www.teka.com\\\/vi-vn\\\/san-pham\\\/steak-master-bk-ss_111000036\\\/\"]}]},{\"@type\":\"WebSite\",\"@id\":\"https:\\\/\\\/www.teka.com\\\/vi-vn\\\/#website\",\"url\":\"https:\\\/\\\/www.teka.com\\\/vi-vn\\\/\",\"name\":\"Teka Vietnam\",\"description\":\"\",\"potentialAction\":[{\"@type\":\"SearchAction\",\"target\":{\"@type\":\"EntryPoint\",\"urlTemplate\":\"https:\\\/\\\/www.teka.com\\\/vi-vn\\\/?s={search_term_string}\"},\"query-input\":{\"@type\":\"PropertyValueSpecification\",\"valueRequired\":true,\"valueName\":\"search_term_string\"}}],\"inLanguage\":\"vi\"}]}<\/script>\n<!-- \/ Yoast SEO plugin. -->","yoast_head_json":{"title":"STEAK MASTER BK \u00adSS | Teka Vietnam","robots":{"index":"index","follow":"follow","max-snippet":"max-snippet:-1","max-image-preview":"max-image-preview:large","max-video-preview":"max-video-preview:-1"},"canonical":"https:\/\/www.teka.com\/vi-vn\/san-pham\/steak-master-bk-ss_111000036\/","og_locale":"vi_VN","og_type":"article","og_title":"STEAK MASTER BK \u00adSS | Teka Vietnam","og_description":"L\u00f2 n\u01b0\u1edbng Steakmaster v\u1edbi c\u00f4ng ngh\u1ec7 n\u01b0\u1edbng th\u1ecbt \u0111\u1ed9c quy\u1ec1n SteakGrill \u2013 Chu\u1ea9n BBQ t\u1ea1i gia, nhi\u1ec7t \u0111\u1ed9 l\u00ean \u0111\u1ebfn 700\u00baC N\u01b0\u1edbng ho\u00e0n h\u1ea3o c\u00e1c m\u00f3n Steak, Entrec\u00f4te, Rib Eye hay hamburger ch\u1ec9 trong v\u00e0i ph\u00fat V\u1ec9 gang \u0111\u1eb7c bi\u1ec7t gi\u00fap gi\u1eef nhi\u1ec7t t\u1ed1i \u01b0u, t\u1ea1o v\u1ebft n\u01b0\u1edbng chu\u1ea9n nh\u00e0 h\u00e0ng 20 ch\u01b0\u01a1ng tr\u00ecnh n\u01b0\u1edbng [&hellip;]","og_url":"https:\/\/www.teka.com\/vi-vn\/san-pham\/steak-master-bk-ss_111000036\/","og_site_name":"Teka Vietnam","twitter_card":"summary_large_image","twitter_misc":{"\u01af\u1edbc t\u00ednh th\u1eddi gian \u0111\u1ecdc":"1 ph\u00fat"},"schema":{"@context":"https:\/\/schema.org","@graph":[{"@type":"WebPage","@id":"https:\/\/www.teka.com\/vi-vn\/san-pham\/steak-master-bk-ss_111000036\/","url":"https:\/\/www.teka.com\/vi-vn\/san-pham\/steak-master-bk-ss_111000036\/","name":"STEAK MASTER BK \u00adSS | Teka Vietnam","isPartOf":{"@id":"https:\/\/www.teka.com\/vi-vn\/#website"},"datePublished":"2026-04-29T06:42:13+00:00","inLanguage":"vi","potentialAction":[{"@type":"ReadAction","target":["https:\/\/www.teka.com\/vi-vn\/san-pham\/steak-master-bk-ss_111000036\/"]}]},{"@type":"WebSite","@id":"https:\/\/www.teka.com\/vi-vn\/#website","url":"https:\/\/www.teka.com\/vi-vn\/","name":"Teka Vietnam","description":"","potentialAction":[{"@type":"SearchAction","target":{"@type":"EntryPoint","urlTemplate":"https:\/\/www.teka.com\/vi-vn\/?s={search_term_string}"},"query-input":{"@type":"PropertyValueSpecification","valueRequired":true,"valueName":"search_term_string"}}],"inLanguage":"vi"}]}},"_links":{"self":[{"href":"https:\/\/www.teka.com\/vi-vn\/wp-json\/wp\/v2\/product\/64425","targetHints":{"allow":["GET"]}}],"collection":[{"href":"https:\/\/www.teka.com\/vi-vn\/wp-json\/wp\/v2\/product"}],"about":[{"href":"https:\/\/www.teka.com\/vi-vn\/wp-json\/wp\/v2\/types\/product"}],"wp:attachment":[{"href":"https:\/\/www.teka.com\/vi-vn\/wp-json\/wp\/v2\/media?parent=64425"}],"wp:term":[{"taxonomy":"product_cat","embeddable":true,"href":"https:\/\/www.teka.com\/vi-vn\/wp-json\/wp\/v2\/product_cat?post=64425"},{"taxonomy":"product_cleaning_system","embeddable":true,"href":"https:\/\/www.teka.com\/vi-vn\/wp-json\/wp\/v2\/product_cleaning_system?post=64425"},{"taxonomy":"product_3rd_basket","embeddable":true,"href":"https:\/\/www.teka.com\/vi-vn\/wp-json\/wp\/v2\/product_3rd_basket?post=64425"},{"taxonomy":"product_drawers","embeddable":true,"href":"https:\/\/www.teka.com\/vi-vn\/wp-json\/wp\/v2\/product_drawers?post=64425"},{"taxonomy":"product_type_of_installation","embeddable":true,"href":"https:\/\/www.teka.com\/vi-vn\/wp-json\/wp\/v2\/product_type_of_installation?post=64425"},{"taxonomy":"product_edition","embeddable":true,"href":"https:\/\/www.teka.com\/vi-vn\/wp-json\/wp\/v2\/product_edition?post=64425"},{"taxonomy":"product_serie","embeddable":true,"href":"https:\/\/www.teka.com\/vi-vn\/wp-json\/wp\/v2\/product_serie?post=64425"},{"taxonomy":"product_features","embeddable":true,"href":"https:\/\/www.teka.com\/vi-vn\/wp-json\/wp\/v2\/product_features?post=64425"},{"taxonomy":"finishes","embeddable":true,"href":"https:\/\/www.teka.com\/vi-vn\/wp-json\/wp\/v2\/finishes?post=64425"},{"taxonomy":"product_bundles","embeddable":true,"href":"https:\/\/www.teka.com\/vi-vn\/wp-json\/wp\/v2\/product_bundles?post=64425"},{"taxonomy":"product_energy_efficiency","embeddable":true,"href":"https:\/\/www.teka.com\/vi-vn\/wp-json\/wp\/v2\/product_energy_efficiency?post=64425"},{"taxonomy":"product_video_training","embeddable":true,"href":"https:\/\/www.teka.com\/vi-vn\/wp-json\/wp\/v2\/product_video_training?post=64425"}],"curies":[{"name":"wp","href":"https:\/\/api.w.org\/{rel}","templated":true}]}}