{"id":64442,"date":"2026-04-29T07:32:23","date_gmt":"2026-04-29T07:32:23","guid":{"rendered":"https:\/\/teka.com\/en-int\/oval-938_116020018"},"modified":"2026-04-29T05:15:40","modified_gmt":"2026-04-29T06:15:40","slug":"oval-938_116020018","status":"publish","type":"product","link":"https:\/\/www.teka.com\/vi-vn\/san-pham\/oval-938_116020018\/","title":{"rendered":"OVAL 938"},"content":{"rendered":"<ul>\n<li>V\u00f2i ch\u1eadu n\u00f3ng l\u1ea1nh<\/li>\n<li>Thi\u1ebft k\u1ebf thanh m\u1ea3nh, sang tr\u1ecdng: Mang l\u1ea1i v\u1ebb ngo\u00e0i tinh t\u1ebf, ph\u00f9 h\u1ee3p v\u1edbi nhi\u1ec1u kh\u00f4ng gian b\u1ebfp.<\/li>\n<li>V\u00f2i xoay linh ho\u1ea1t: D\u1ec5 d\u00e0ng \u0111i\u1ec1u ch\u1ec9nh h\u01b0\u1edbng d\u00f2ng n\u01b0\u1edbc, ti\u1ec7n l\u1ee3i khi s\u1eed d\u1ee5ng.<\/li>\n<li>\u0110\u1ea7u l\u1ecdc ch\u1ed1ng c\u1eb7n: Gi\u00fap l\u1ecdc n\u01b0\u1edbc v\u00e0 h\u1ea1n ch\u1ebf \u0111\u00f3ng c\u1eb7n, k\u00e9o d\u00e0i tu\u1ed5i th\u1ecd v\u00f2i.<\/li>\n<li>V\u00f2i k\u00e9o ti\u1ec7n l\u1ee3i: T\u00edch h\u1ee3p \u0111\u1ea7u v\u00f2i k\u00e9o ra \u0111\u01b0\u1ee3c, thu\u1eadn ti\u1ec7n khi r\u1eeda n\u1ed3i ch\u1ea3o l\u1edbn ho\u1eb7c v\u1ec7 sinh b\u1ed3n r\u1eeda.<\/li>\n<li>L\u00f5i v\u00f2i b\u1eb1ng \u0111\u0129a s\u1ee9 cao c\u1ea5p: Ch\u1ecbu l\u1ef1c v\u00e0 nhi\u1ec7t t\u1ed1t, b\u1ec1n b\u1ec9 theo th\u1eddi gian.<\/li>\n<li>H\u1ec7 th\u1ed1ng l\u1eafp \u0111\u1eb7t Easy-Quick: Gi\u00fap l\u1eafp \u0111\u1eb7t d\u1ec5 d\u00e0ng v\u00e0 nhanh ch\u00f3ng.<\/li>\n<li>\u1ed0ng c\u1ea5p n\u01b0\u1edbc m\u1ec1m 1\/2&quot;: Ph\u00f9 h\u1ee3p v\u1edbi h\u1ea7u h\u1ebft c\u00e1c h\u1ec7 th\u1ed1ng c\u1ea5p n\u01b0\u1edbc ti\u00eau chu\u1ea9n.<\/li>\n<li>Gi\u00e1 ni\u00eam y\u1ebft ( +VAT): 4.990.000 VND<\/li>\n<\/ul>\n","protected":false},"featured_media":0,"parent":0,"template":"","product_cat":[12994],"product_cleaning_system":[],"product_3rd_basket":[],"product_drawers":[],"product_type_of_installation":[43752],"product_edition":[],"product_serie":[],"product_features":[],"finishes":[],"product_bundles":[],"product_energy_efficiency":[],"product_video_training":[],"class_list":["post-64442","product","type-product","status-publish","hentry","product_cat-voi-rua","usp-oval-01","usp-oval-02","usp-oval-03","color-mau-chrome","product_type_of_appliance-voi-cao","product_ambient-neo-series-02","product_ambient-neo-series-04","product_ambient-island-shelf-hood-01","product_ambient-neo-series-05","product_icons-anti-scale_aerator","product_icons-pull_out_shower","product_icons-resistance","product_icons-swivel_spout","product_icons-easy_quick","product_type_of_installation-doc-lap"],"acf":[],"yoast_head":"<!-- This site is optimized with the Yoast SEO plugin v27.5 - https:\/\/yoast.com\/product\/yoast-seo-wordpress\/ -->\n<title>OVAL 938 | Teka Vietnam<\/title>\n<meta name=\"robots\" content=\"index, follow, max-snippet:-1, max-image-preview:large, max-video-preview:-1\" \/>\n<link rel=\"canonical\" href=\"https:\/\/www.teka.com\/vi-vn\/san-pham\/oval-938_116020018\/\" \/>\n<meta property=\"og:locale\" content=\"vi_VN\" \/>\n<meta property=\"og:type\" content=\"article\" \/>\n<meta property=\"og:title\" content=\"OVAL 938 | Teka Vietnam\" \/>\n<meta property=\"og:description\" content=\"V\u00f2i ch\u1eadu n\u00f3ng l\u1ea1nh Thi\u1ebft k\u1ebf thanh m\u1ea3nh, sang tr\u1ecdng: Mang l\u1ea1i v\u1ebb ngo\u00e0i tinh t\u1ebf, ph\u00f9 h\u1ee3p v\u1edbi nhi\u1ec1u kh\u00f4ng gian b\u1ebfp. V\u00f2i xoay linh ho\u1ea1t: D\u1ec5 d\u00e0ng \u0111i\u1ec1u ch\u1ec9nh h\u01b0\u1edbng d\u00f2ng n\u01b0\u1edbc, ti\u1ec7n l\u1ee3i khi s\u1eed d\u1ee5ng. \u0110\u1ea7u l\u1ecdc ch\u1ed1ng c\u1eb7n: Gi\u00fap l\u1ecdc n\u01b0\u1edbc v\u00e0 h\u1ea1n ch\u1ebf \u0111\u00f3ng c\u1eb7n, k\u00e9o d\u00e0i tu\u1ed5i th\u1ecd [&hellip;]\" \/>\n<meta property=\"og:url\" content=\"https:\/\/www.teka.com\/vi-vn\/san-pham\/oval-938_116020018\/\" \/>\n<meta property=\"og:site_name\" content=\"Teka Vietnam\" \/>\n<meta name=\"twitter:card\" content=\"summary_large_image\" \/>\n<meta name=\"twitter:label1\" content=\"\u01af\u1edbc t\u00ednh th\u1eddi gian \u0111\u1ecdc\" \/>\n\t<meta name=\"twitter:data1\" content=\"1 ph\u00fat\" \/>\n<script type=\"application\/ld+json\" class=\"yoast-schema-graph\">{\"@context\":\"https:\\\/\\\/schema.org\",\"@graph\":[{\"@type\":\"WebPage\",\"@id\":\"https:\\\/\\\/www.teka.com\\\/vi-vn\\\/san-pham\\\/oval-938_116020018\\\/\",\"url\":\"https:\\\/\\\/www.teka.com\\\/vi-vn\\\/san-pham\\\/oval-938_116020018\\\/\",\"name\":\"OVAL 938 | Teka Vietnam\",\"isPartOf\":{\"@id\":\"https:\\\/\\\/www.teka.com\\\/vi-vn\\\/#website\"},\"datePublished\":\"2026-04-29T07:32:23+00:00\",\"inLanguage\":\"vi\",\"potentialAction\":[{\"@type\":\"ReadAction\",\"target\":[\"https:\\\/\\\/www.teka.com\\\/vi-vn\\\/san-pham\\\/oval-938_116020018\\\/\"]}]},{\"@type\":\"WebSite\",\"@id\":\"https:\\\/\\\/www.teka.com\\\/vi-vn\\\/#website\",\"url\":\"https:\\\/\\\/www.teka.com\\\/vi-vn\\\/\",\"name\":\"Teka Vietnam\",\"description\":\"\",\"potentialAction\":[{\"@type\":\"SearchAction\",\"target\":{\"@type\":\"EntryPoint\",\"urlTemplate\":\"https:\\\/\\\/www.teka.com\\\/vi-vn\\\/?s={search_term_string}\"},\"query-input\":{\"@type\":\"PropertyValueSpecification\",\"valueRequired\":true,\"valueName\":\"search_term_string\"}}],\"inLanguage\":\"vi\"}]}<\/script>\n<!-- \/ Yoast SEO plugin. -->","yoast_head_json":{"title":"OVAL 938 | Teka Vietnam","robots":{"index":"index","follow":"follow","max-snippet":"max-snippet:-1","max-image-preview":"max-image-preview:large","max-video-preview":"max-video-preview:-1"},"canonical":"https:\/\/www.teka.com\/vi-vn\/san-pham\/oval-938_116020018\/","og_locale":"vi_VN","og_type":"article","og_title":"OVAL 938 | Teka Vietnam","og_description":"V\u00f2i ch\u1eadu n\u00f3ng l\u1ea1nh Thi\u1ebft k\u1ebf thanh m\u1ea3nh, sang tr\u1ecdng: Mang l\u1ea1i v\u1ebb ngo\u00e0i tinh t\u1ebf, ph\u00f9 h\u1ee3p v\u1edbi nhi\u1ec1u kh\u00f4ng gian b\u1ebfp. V\u00f2i xoay linh ho\u1ea1t: D\u1ec5 d\u00e0ng \u0111i\u1ec1u ch\u1ec9nh h\u01b0\u1edbng d\u00f2ng n\u01b0\u1edbc, ti\u1ec7n l\u1ee3i khi s\u1eed d\u1ee5ng. \u0110\u1ea7u l\u1ecdc ch\u1ed1ng c\u1eb7n: Gi\u00fap l\u1ecdc n\u01b0\u1edbc v\u00e0 h\u1ea1n ch\u1ebf \u0111\u00f3ng c\u1eb7n, k\u00e9o d\u00e0i tu\u1ed5i th\u1ecd [&hellip;]","og_url":"https:\/\/www.teka.com\/vi-vn\/san-pham\/oval-938_116020018\/","og_site_name":"Teka Vietnam","twitter_card":"summary_large_image","twitter_misc":{"\u01af\u1edbc t\u00ednh th\u1eddi gian \u0111\u1ecdc":"1 ph\u00fat"},"schema":{"@context":"https:\/\/schema.org","@graph":[{"@type":"WebPage","@id":"https:\/\/www.teka.com\/vi-vn\/san-pham\/oval-938_116020018\/","url":"https:\/\/www.teka.com\/vi-vn\/san-pham\/oval-938_116020018\/","name":"OVAL 938 | Teka Vietnam","isPartOf":{"@id":"https:\/\/www.teka.com\/vi-vn\/#website"},"datePublished":"2026-04-29T07:32:23+00:00","inLanguage":"vi","potentialAction":[{"@type":"ReadAction","target":["https:\/\/www.teka.com\/vi-vn\/san-pham\/oval-938_116020018\/"]}]},{"@type":"WebSite","@id":"https:\/\/www.teka.com\/vi-vn\/#website","url":"https:\/\/www.teka.com\/vi-vn\/","name":"Teka Vietnam","description":"","potentialAction":[{"@type":"SearchAction","target":{"@type":"EntryPoint","urlTemplate":"https:\/\/www.teka.com\/vi-vn\/?s={search_term_string}"},"query-input":{"@type":"PropertyValueSpecification","valueRequired":true,"valueName":"search_term_string"}}],"inLanguage":"vi"}]}},"_links":{"self":[{"href":"https:\/\/www.teka.com\/vi-vn\/wp-json\/wp\/v2\/product\/64442","targetHints":{"allow":["GET"]}}],"collection":[{"href":"https:\/\/www.teka.com\/vi-vn\/wp-json\/wp\/v2\/product"}],"about":[{"href":"https:\/\/www.teka.com\/vi-vn\/wp-json\/wp\/v2\/types\/product"}],"wp:attachment":[{"href":"https:\/\/www.teka.com\/vi-vn\/wp-json\/wp\/v2\/media?parent=64442"}],"wp:term":[{"taxonomy":"product_cat","embeddable":true,"href":"https:\/\/www.teka.com\/vi-vn\/wp-json\/wp\/v2\/product_cat?post=64442"},{"taxonomy":"product_cleaning_system","embeddable":true,"href":"https:\/\/www.teka.com\/vi-vn\/wp-json\/wp\/v2\/product_cleaning_system?post=64442"},{"taxonomy":"product_3rd_basket","embeddable":true,"href":"https:\/\/www.teka.com\/vi-vn\/wp-json\/wp\/v2\/product_3rd_basket?post=64442"},{"taxonomy":"product_drawers","embeddable":true,"href":"https:\/\/www.teka.com\/vi-vn\/wp-json\/wp\/v2\/product_drawers?post=64442"},{"taxonomy":"product_type_of_installation","embeddable":true,"href":"https:\/\/www.teka.com\/vi-vn\/wp-json\/wp\/v2\/product_type_of_installation?post=64442"},{"taxonomy":"product_edition","embeddable":true,"href":"https:\/\/www.teka.com\/vi-vn\/wp-json\/wp\/v2\/product_edition?post=64442"},{"taxonomy":"product_serie","embeddable":true,"href":"https:\/\/www.teka.com\/vi-vn\/wp-json\/wp\/v2\/product_serie?post=64442"},{"taxonomy":"product_features","embeddable":true,"href":"https:\/\/www.teka.com\/vi-vn\/wp-json\/wp\/v2\/product_features?post=64442"},{"taxonomy":"finishes","embeddable":true,"href":"https:\/\/www.teka.com\/vi-vn\/wp-json\/wp\/v2\/finishes?post=64442"},{"taxonomy":"product_bundles","embeddable":true,"href":"https:\/\/www.teka.com\/vi-vn\/wp-json\/wp\/v2\/product_bundles?post=64442"},{"taxonomy":"product_energy_efficiency","embeddable":true,"href":"https:\/\/www.teka.com\/vi-vn\/wp-json\/wp\/v2\/product_energy_efficiency?post=64442"},{"taxonomy":"product_video_training","embeddable":true,"href":"https:\/\/www.teka.com\/vi-vn\/wp-json\/wp\/v2\/product_video_training?post=64442"}],"curies":[{"name":"wp","href":"https:\/\/api.w.org\/{rel}","templated":true}]}}